{"id":913,"date":"2018-04-23T10:21:57","date_gmt":"2018-04-23T10:21:57","guid":{"rendered":"https:\/\/keox.fi\/?page_id=913"},"modified":"2026-02-20T09:45:06","modified_gmt":"2026-02-20T07:45:06","slug":"avfallssorteringen","status":"publish","type":"page","link":"https:\/\/keox.fi\/sv\/produkter\/avfallssorteringen\/","title":{"rendered":"Avfallssorteringen"},"content":{"rendered":"\t\t<div data-elementor-type=\"wp-page\" data-elementor-id=\"913\" class=\"elementor elementor-913\" data-elementor-post-type=\"page\">\n\t\t\t\t<div class=\"elementor-element elementor-element-57f1fac e-flex e-con-boxed e-con e-parent\" data-id=\"57f1fac\" data-element_type=\"container\" data-settings=\"{&quot;background_background&quot;:&quot;classic&quot;}\">\n\t\t\t\t\t<div class=\"e-con-inner\">\n\t\t\t\t<div class=\"elementor-element elementor-element-79bba0d elementor-widget elementor-widget-heading\" data-id=\"79bba0d\" data-element_type=\"widget\" data-widget_type=\"heading.default\">\n\t\t\t\t<div class=\"elementor-widget-container\">\n\t\t\t<h2 class=\"elementor-heading-title elementor-size-default\">Avfallssorteringen<\/h2>\t\t<\/div>\n\t\t\t\t<\/div>\n\t\t\t\t\t<\/div>\n\t\t\t\t<\/div>\n\t\t<div class=\"elementor-element elementor-element-9e070ab e-con-full e-flex e-con e-parent\" data-id=\"9e070ab\" data-element_type=\"container\" data-settings=\"{&quot;background_background&quot;:&quot;classic&quot;}\">\n\t\t<div class=\"elementor-element elementor-element-bf190e7 e-con-full e-flex e-con e-child\" data-id=\"bf190e7\" data-element_type=\"container\">\n\t\t\t\t<div class=\"elementor-element elementor-element-44db994 elementor-widget elementor-widget-heading\" data-id=\"44db994\" data-element_type=\"widget\" data-widget_type=\"heading.default\">\n\t\t\t\t<div class=\"elementor-widget-container\">\n\t\t\t<h2 class=\"elementor-heading-title elementor-size-default\">Keox RLH<\/h2>\t\t<\/div>\n\t\t\t\t<\/div>\n\t\t\t\t<\/div>\n\t\t<div class=\"elementor-element elementor-element-bae2d3f e-con-full e-flex e-con e-child\" data-id=\"bae2d3f\" data-element_type=\"container\">\n\t\t\t\t<div class=\"elementor-element elementor-element-55ebb0c elementor-widget elementor-widget-text-editor\" data-id=\"55ebb0c\" data-element_type=\"widget\" data-widget_type=\"text-editor.default\">\n\t\t\t\t<div class=\"elementor-widget-container\">\n\t\t\t\t\t\t\t<p>Keox RLH \u00e4r kostnadseffektiv avfalls-sortering med ett enda fordon.<\/p>\t\t\t\t\t\t<\/div>\n\t\t\t\t<\/div>\n\t\t\t\t<div class=\"elementor-element elementor-element-91009ec elementor-widget elementor-widget-text-editor\" data-id=\"91009ec\" data-element_type=\"widget\" data-widget_type=\"text-editor.default\">\n\t\t\t\t<div class=\"elementor-widget-container\">\n\t\t\t\t\t\t\t<p>Keox RLH kan installeras n\u00e4stan varje chassi och det \u00e4r mycket anpassningsbart. Enheten kan splittras till exempel fyra olika fack, glas, papper, metall och bio. Keox RHL utrustad med fyra olika fack \u00e4r mycket kostnadseffektivt. Sidof\u00f6rflyttningshiss kan sprida eller separera avfall i sina egna fack.<\/p>\t\t\t\t\t\t<\/div>\n\t\t\t\t<\/div>\n\t\t\t\t<\/div>\n\t\t\t\t<\/div>\n\t\t<div class=\"elementor-element elementor-element-2e3ab05 e-con-full e-flex e-con e-parent\" data-id=\"2e3ab05\" data-element_type=\"container\" data-settings=\"{&quot;background_background&quot;:&quot;classic&quot;}\">\n\t\t<div class=\"elementor-element elementor-element-45d5374 e-con-full e-flex e-con e-child\" data-id=\"45d5374\" data-element_type=\"container\">\n\t\t\t\t<div class=\"elementor-element elementor-element-ec473c4 elementor-widget elementor-widget-heading\" data-id=\"ec473c4\" data-element_type=\"widget\" data-widget_type=\"heading.default\">\n\t\t\t\t<div class=\"elementor-widget-container\">\n\t\t\t<h2 class=\"elementor-heading-title elementor-size-default\">tekniska specifikationer<\/h2>\t\t<\/div>\n\t\t\t\t<\/div>\n\t\t\t\t<div class=\"elementor-element elementor-element-4ebc7e2 elementor-widget elementor-widget-text-editor\" data-id=\"4ebc7e2\" data-element_type=\"widget\" data-widget_type=\"text-editor.default\">\n\t\t\t\t<div class=\"elementor-widget-container\">\n\t\t\t\t\t\t\t<ul><li>L\u00e4mpar sig f\u00f6r insamling av organiskt avfall, metall, glas och papper<\/li><li>F\u00f6r organiskt avfall, returglas, returmetall och returpapper<\/li><li>P\u00e5litlig och helt mekanisk hiss<\/li><li>Kan monteras som v\u00e4xelflak<\/li><li>smidig och enkel att anv\u00e4nda<\/li><li>CAN-styrsystem med display i f\u00f6rarhytten<\/li><li>Flera enheter kan monteras i f\u00f6ljd p\u00e5 samma unit<\/li><li>L\u00e4mpliga avfallsk\u00e4rl 60\u2013660 l enligt standarderna EN 840-1 och EN 840-2<\/li><li>R\u00e4knare f\u00f6r avfallsk\u00e4rl<\/li><li>Fe or RFS struktur<\/li><\/ul><p>\u00a0<\/p><p><strong>LADDA NER PDF-BROSCHYREN: <\/strong><a href=\"https:\/\/keox.fi\/wp-content\/uploads\/2018\/04\/Keox-RLH-English.pdf\">Keox RLH English<\/a><\/p>\t\t\t\t\t\t<\/div>\n\t\t\t\t<\/div>\n\t\t\t\t<\/div>\n\t\t<div class=\"elementor-element elementor-element-444dca0 e-con-full e-flex e-con e-child\" data-id=\"444dca0\" data-element_type=\"container\">\n\t\t\t\t<div class=\"elementor-element elementor-element-e9aef42 elementor-widget elementor-widget-image\" data-id=\"e9aef42\" data-element_type=\"widget\" data-widget_type=\"image.default\">\n\t\t\t\t<div class=\"elementor-widget-container\">\n\t\t\t\t\t\t\t\t\t\t\t\t\t<img fetchpriority=\"high\" decoding=\"async\" width=\"1021\" height=\"759\" src=\"https:\/\/keox.fi\/wp-content\/uploads\/2017\/11\/V\u00e4liosastot2.png\" class=\"attachment-full size-full wp-image-492\" alt=\"\" srcset=\"https:\/\/keox.fi\/wp-content\/uploads\/2017\/11\/V\u00e4liosastot2.png 1021w, https:\/\/keox.fi\/wp-content\/uploads\/2017\/11\/V\u00e4liosastot2-640x476.png 640w, https:\/\/keox.fi\/wp-content\/uploads\/2017\/11\/V\u00e4liosastot2-768x571.png 768w, https:\/\/keox.fi\/wp-content\/uploads\/2017\/11\/V\u00e4liosastot2-820x610.png 820w\" sizes=\"(max-width: 1021px) 100vw, 1021px\" \/>\t\t\t\t\t\t\t\t\t\t\t\t\t<\/div>\n\t\t\t\t<\/div>\n\t\t\t\t<div class=\"elementor-element elementor-element-abd6ee9 elementor-widget elementor-widget-image\" data-id=\"abd6ee9\" data-element_type=\"widget\" data-widget_type=\"image.default\">\n\t\t\t\t<div class=\"elementor-widget-container\">\n\t\t\t\t\t\t\t\t\t\t\t\t\t<img decoding=\"async\" width=\"800\" height=\"905\" src=\"https:\/\/keox.fi\/wp-content\/uploads\/2017\/11\/Piirustus-parisiin-vehkeest\u00e42.jpg\" class=\"attachment-full size-full wp-image-409\" alt=\"\" srcset=\"https:\/\/keox.fi\/wp-content\/uploads\/2017\/11\/Piirustus-parisiin-vehkeest\u00e42.jpg 800w, https:\/\/keox.fi\/wp-content\/uploads\/2017\/11\/Piirustus-parisiin-vehkeest\u00e42-566x640.jpg 566w, https:\/\/keox.fi\/wp-content\/uploads\/2017\/11\/Piirustus-parisiin-vehkeest\u00e42-768x869.jpg 768w, https:\/\/keox.fi\/wp-content\/uploads\/2017\/11\/Piirustus-parisiin-vehkeest\u00e42-725x820.jpg 725w\" sizes=\"(max-width: 800px) 100vw, 800px\" \/>\t\t\t\t\t\t\t\t\t\t\t\t\t<\/div>\n\t\t\t\t<\/div>\n\t\t\t\t<\/div>\n\t\t\t\t<\/div>\n\t\t\t\t<\/div>\n\t\t","protected":false},"excerpt":{"rendered":"<p>Keox RLH \u00e4r kostnadseffektiv avfalls-sortering med ett enda fordon.<\/p>\n","protected":false},"author":1,"featured_media":491,"parent":819,"menu_order":4,"comment_status":"closed","ping_status":"closed","template":"elementor_header_footer","meta":{"ngg_post_thumbnail":0,"footnotes":""},"class_list":["post-913","page","type-page","status-publish","has-post-thumbnail","hentry"],"yoast_head":"<!-- This site is optimized with the Yoast SEO plugin v24.3 - https:\/\/yoast.com\/wordpress\/plugins\/seo\/ -->\n<title>Avfallssorteringen - KEOX<\/title>\n<meta name=\"robots\" content=\"index, follow, max-snippet:-1, max-image-preview:large, max-video-preview:-1\" \/>\n<link rel=\"canonical\" href=\"https:\/\/keox.fi\/sv\/produkter\/avfallssorteringen\/\" \/>\n<meta property=\"og:locale\" content=\"sv_SE\" \/>\n<meta property=\"og:type\" content=\"article\" \/>\n<meta property=\"og:title\" content=\"Avfallssorteringen - KEOX\" \/>\n<meta property=\"og:description\" content=\"Keox RLH \u00e4r kostnadseffektiv avfalls-sortering med ett enda fordon.\" \/>\n<meta property=\"og:url\" content=\"https:\/\/keox.fi\/sv\/produkter\/avfallssorteringen\/\" \/>\n<meta property=\"og:site_name\" content=\"KEOX\" \/>\n<meta property=\"article:publisher\" content=\"https:\/\/www.facebook.com\/KeoxOy\/\" \/>\n<meta property=\"article:modified_time\" content=\"2026-02-20T07:45:06+00:00\" \/>\n<meta property=\"og:image\" content=\"https:\/\/keox.fi\/wp-content\/uploads\/2017\/11\/Keox-RHL-e1524561741434.png\" \/>\n\t<meta property=\"og:image:width\" content=\"1345\" \/>\n\t<meta property=\"og:image:height\" content=\"363\" \/>\n\t<meta property=\"og:image:type\" content=\"image\/png\" \/>\n<meta name=\"twitter:card\" content=\"summary_large_image\" \/>\n<meta name=\"twitter:label1\" content=\"Ber\u00e4knad l\u00e4stid\" \/>\n\t<meta name=\"twitter:data1\" content=\"2 minuter\" \/>\n<script type=\"application\/ld+json\" class=\"yoast-schema-graph\">{\"@context\":\"https:\/\/schema.org\",\"@graph\":[{\"@type\":\"WebPage\",\"@id\":\"https:\/\/keox.fi\/sv\/produkter\/avfallssorteringen\/\",\"url\":\"https:\/\/keox.fi\/sv\/produkter\/avfallssorteringen\/\",\"name\":\"Avfallssorteringen - KEOX\",\"isPartOf\":{\"@id\":\"https:\/\/keox.fi\/no\/#website\"},\"primaryImageOfPage\":{\"@id\":\"https:\/\/keox.fi\/sv\/produkter\/avfallssorteringen\/#primaryimage\"},\"image\":{\"@id\":\"https:\/\/keox.fi\/sv\/produkter\/avfallssorteringen\/#primaryimage\"},\"thumbnailUrl\":\"https:\/\/keox.fi\/wp-content\/uploads\/2017\/11\/Keox-RHL-e1524561741434.png\",\"datePublished\":\"2018-04-23T10:21:57+00:00\",\"dateModified\":\"2026-02-20T07:45:06+00:00\",\"breadcrumb\":{\"@id\":\"https:\/\/keox.fi\/sv\/produkter\/avfallssorteringen\/#breadcrumb\"},\"inLanguage\":\"sv-SE\",\"potentialAction\":[{\"@type\":\"ReadAction\",\"target\":[\"https:\/\/keox.fi\/sv\/produkter\/avfallssorteringen\/\"]}]},{\"@type\":\"ImageObject\",\"inLanguage\":\"sv-SE\",\"@id\":\"https:\/\/keox.fi\/sv\/produkter\/avfallssorteringen\/#primaryimage\",\"url\":\"https:\/\/keox.fi\/wp-content\/uploads\/2017\/11\/Keox-RHL-e1524561741434.png\",\"contentUrl\":\"https:\/\/keox.fi\/wp-content\/uploads\/2017\/11\/Keox-RHL-e1524561741434.png\",\"width\":1345,\"height\":363},{\"@type\":\"BreadcrumbList\",\"@id\":\"https:\/\/keox.fi\/sv\/produkter\/avfallssorteringen\/#breadcrumb\",\"itemListElement\":[{\"@type\":\"ListItem\",\"position\":1,\"name\":\"Etusivu\",\"item\":\"https:\/\/keox.fi\/sv\/framsida\/\"},{\"@type\":\"ListItem\",\"position\":2,\"name\":\"Produkter\",\"item\":\"https:\/\/keox.fi\/sv\/produkter\/\"},{\"@type\":\"ListItem\",\"position\":3,\"name\":\"Avfallssorteringen\"}]},{\"@type\":\"WebSite\",\"@id\":\"https:\/\/keox.fi\/no\/#website\",\"url\":\"https:\/\/keox.fi\/no\/\",\"name\":\"KEOX\",\"description\":\"Palvelemme monipuolisesti\",\"publisher\":{\"@id\":\"https:\/\/keox.fi\/no\/#organization\"},\"potentialAction\":[{\"@type\":\"SearchAction\",\"target\":{\"@type\":\"EntryPoint\",\"urlTemplate\":\"https:\/\/keox.fi\/no\/?s={search_term_string}\"},\"query-input\":{\"@type\":\"PropertyValueSpecification\",\"valueRequired\":true,\"valueName\":\"search_term_string\"}}],\"inLanguage\":\"sv-SE\"},{\"@type\":\"Organization\",\"@id\":\"https:\/\/keox.fi\/no\/#organization\",\"name\":\"Keox Oy\",\"url\":\"https:\/\/keox.fi\/no\/\",\"logo\":{\"@type\":\"ImageObject\",\"inLanguage\":\"sv-SE\",\"@id\":\"https:\/\/keox.fi\/no\/#\/schema\/logo\/image\/\",\"url\":\"https:\/\/keox.fi\/wp-content\/uploads\/2019\/12\/logo-pos.png\",\"contentUrl\":\"https:\/\/keox.fi\/wp-content\/uploads\/2019\/12\/logo-pos.png\",\"width\":3479,\"height\":3479,\"caption\":\"Keox Oy\"},\"image\":{\"@id\":\"https:\/\/keox.fi\/no\/#\/schema\/logo\/image\/\"},\"sameAs\":[\"https:\/\/www.facebook.com\/KeoxOy\/\",\"https:\/\/www.linkedin.com\/company\/25030509\",\"https:\/\/www.youtube.com\/channel\/UCU54gMqjcR5mvbKJz4gAoAg\"]}]}<\/script>\n<!-- \/ Yoast SEO plugin. -->","yoast_head_json":{"title":"Avfallssorteringen - KEOX","robots":{"index":"index","follow":"follow","max-snippet":"max-snippet:-1","max-image-preview":"max-image-preview:large","max-video-preview":"max-video-preview:-1"},"canonical":"https:\/\/keox.fi\/sv\/produkter\/avfallssorteringen\/","og_locale":"sv_SE","og_type":"article","og_title":"Avfallssorteringen - KEOX","og_description":"Keox RLH \u00e4r kostnadseffektiv avfalls-sortering med ett enda fordon.","og_url":"https:\/\/keox.fi\/sv\/produkter\/avfallssorteringen\/","og_site_name":"KEOX","article_publisher":"https:\/\/www.facebook.com\/KeoxOy\/","article_modified_time":"2026-02-20T07:45:06+00:00","og_image":[{"width":1345,"height":363,"url":"https:\/\/keox.fi\/wp-content\/uploads\/2017\/11\/Keox-RHL-e1524561741434.png","type":"image\/png"}],"twitter_card":"summary_large_image","twitter_misc":{"Ber\u00e4knad l\u00e4stid":"2 minuter"},"schema":{"@context":"https:\/\/schema.org","@graph":[{"@type":"WebPage","@id":"https:\/\/keox.fi\/sv\/produkter\/avfallssorteringen\/","url":"https:\/\/keox.fi\/sv\/produkter\/avfallssorteringen\/","name":"Avfallssorteringen - KEOX","isPartOf":{"@id":"https:\/\/keox.fi\/no\/#website"},"primaryImageOfPage":{"@id":"https:\/\/keox.fi\/sv\/produkter\/avfallssorteringen\/#primaryimage"},"image":{"@id":"https:\/\/keox.fi\/sv\/produkter\/avfallssorteringen\/#primaryimage"},"thumbnailUrl":"https:\/\/keox.fi\/wp-content\/uploads\/2017\/11\/Keox-RHL-e1524561741434.png","datePublished":"2018-04-23T10:21:57+00:00","dateModified":"2026-02-20T07:45:06+00:00","breadcrumb":{"@id":"https:\/\/keox.fi\/sv\/produkter\/avfallssorteringen\/#breadcrumb"},"inLanguage":"sv-SE","potentialAction":[{"@type":"ReadAction","target":["https:\/\/keox.fi\/sv\/produkter\/avfallssorteringen\/"]}]},{"@type":"ImageObject","inLanguage":"sv-SE","@id":"https:\/\/keox.fi\/sv\/produkter\/avfallssorteringen\/#primaryimage","url":"https:\/\/keox.fi\/wp-content\/uploads\/2017\/11\/Keox-RHL-e1524561741434.png","contentUrl":"https:\/\/keox.fi\/wp-content\/uploads\/2017\/11\/Keox-RHL-e1524561741434.png","width":1345,"height":363},{"@type":"BreadcrumbList","@id":"https:\/\/keox.fi\/sv\/produkter\/avfallssorteringen\/#breadcrumb","itemListElement":[{"@type":"ListItem","position":1,"name":"Etusivu","item":"https:\/\/keox.fi\/sv\/framsida\/"},{"@type":"ListItem","position":2,"name":"Produkter","item":"https:\/\/keox.fi\/sv\/produkter\/"},{"@type":"ListItem","position":3,"name":"Avfallssorteringen"}]},{"@type":"WebSite","@id":"https:\/\/keox.fi\/no\/#website","url":"https:\/\/keox.fi\/no\/","name":"KEOX","description":"Palvelemme monipuolisesti","publisher":{"@id":"https:\/\/keox.fi\/no\/#organization"},"potentialAction":[{"@type":"SearchAction","target":{"@type":"EntryPoint","urlTemplate":"https:\/\/keox.fi\/no\/?s={search_term_string}"},"query-input":{"@type":"PropertyValueSpecification","valueRequired":true,"valueName":"search_term_string"}}],"inLanguage":"sv-SE"},{"@type":"Organization","@id":"https:\/\/keox.fi\/no\/#organization","name":"Keox Oy","url":"https:\/\/keox.fi\/no\/","logo":{"@type":"ImageObject","inLanguage":"sv-SE","@id":"https:\/\/keox.fi\/no\/#\/schema\/logo\/image\/","url":"https:\/\/keox.fi\/wp-content\/uploads\/2019\/12\/logo-pos.png","contentUrl":"https:\/\/keox.fi\/wp-content\/uploads\/2019\/12\/logo-pos.png","width":3479,"height":3479,"caption":"Keox Oy"},"image":{"@id":"https:\/\/keox.fi\/no\/#\/schema\/logo\/image\/"},"sameAs":["https:\/\/www.facebook.com\/KeoxOy\/","https:\/\/www.linkedin.com\/company\/25030509","https:\/\/www.youtube.com\/channel\/UCU54gMqjcR5mvbKJz4gAoAg"]}]}},"_links":{"self":[{"href":"https:\/\/keox.fi\/sv\/wp-json\/wp\/v2\/pages\/913"}],"collection":[{"href":"https:\/\/keox.fi\/sv\/wp-json\/wp\/v2\/pages"}],"about":[{"href":"https:\/\/keox.fi\/sv\/wp-json\/wp\/v2\/types\/page"}],"author":[{"embeddable":true,"href":"https:\/\/keox.fi\/sv\/wp-json\/wp\/v2\/users\/1"}],"replies":[{"embeddable":true,"href":"https:\/\/keox.fi\/sv\/wp-json\/wp\/v2\/comments?post=913"}],"version-history":[{"count":13,"href":"https:\/\/keox.fi\/sv\/wp-json\/wp\/v2\/pages\/913\/revisions"}],"predecessor-version":[{"id":3550,"href":"https:\/\/keox.fi\/sv\/wp-json\/wp\/v2\/pages\/913\/revisions\/3550"}],"up":[{"embeddable":true,"href":"https:\/\/keox.fi\/sv\/wp-json\/wp\/v2\/pages\/819"}],"wp:featuredmedia":[{"embeddable":true,"href":"https:\/\/keox.fi\/sv\/wp-json\/wp\/v2\/media\/491"}],"wp:attachment":[{"href":"https:\/\/keox.fi\/sv\/wp-json\/wp\/v2\/media?parent=913"}],"curies":[{"name":"wp","href":"https:\/\/api.w.org\/{rel}","templated":true}]}}