{"id":899,"date":"2018-04-04T05:48:11","date_gmt":"2018-04-04T05:48:11","guid":{"rendered":"https:\/\/keox.fi\/?page_id=899"},"modified":"2024-10-22T12:52:13","modified_gmt":"2024-10-22T10:52:13","slug":"kundberattelser","status":"publish","type":"page","link":"https:\/\/keox.fi\/sv\/om-keox\/kundberattelser\/","title":{"rendered":"Kundber\u00e4ttelser"},"content":{"rendered":"\t\t<div data-elementor-type=\"wp-page\" data-elementor-id=\"899\" class=\"elementor elementor-899\" data-elementor-post-type=\"page\">\n\t\t\t\t<div class=\"elementor-element elementor-element-1f528a2 e-flex e-con-boxed e-con e-parent\" data-id=\"1f528a2\" data-element_type=\"container\">\n\t\t\t\t\t<div class=\"e-con-inner\">\n\t\t\t\t<div class=\"elementor-element elementor-element-7fe1323a elementor-widget elementor-widget-text-editor\" data-id=\"7fe1323a\" data-element_type=\"widget\" data-widget_type=\"text-editor.default\">\n\t\t\t\t<div class=\"elementor-widget-container\">\n\t\t\t\t\t\t\t<!-- wp:latest-posts \/-->\t\t\t\t\t\t<\/div>\n\t\t\t\t<\/div>\n\t\t\t\t\t<\/div>\n\t\t\t\t<\/div>\n\t\t<div class=\"elementor-element elementor-element-fcd6d8a e-flex e-con-boxed e-con e-parent\" data-id=\"fcd6d8a\" data-element_type=\"container\" data-settings=\"{&quot;background_background&quot;:&quot;classic&quot;}\">\n\t\t\t\t\t<div class=\"e-con-inner\">\n\t\t\t\t<div class=\"elementor-element elementor-element-044b3d8 elementor-widget elementor-widget-heading\" data-id=\"044b3d8\" data-element_type=\"widget\" data-widget_type=\"heading.default\">\n\t\t\t\t<div class=\"elementor-widget-container\">\n\t\t\t<h2 class=\"elementor-heading-title elementor-size-default\">Kundenber\u00e4ttelser<\/h2>\t\t<\/div>\n\t\t\t\t<\/div>\n\t\t\t\t\t<\/div>\n\t\t\t\t<\/div>\n\t\t<div class=\"elementor-element elementor-element-8485208 e-con-full e-flex e-con e-parent\" data-id=\"8485208\" data-element_type=\"container\" data-settings=\"{&quot;background_background&quot;:&quot;classic&quot;}\">\n\t\t<div class=\"elementor-element elementor-element-45787a7 e-con-full e-flex e-con e-child\" data-id=\"45787a7\" data-element_type=\"container\">\n\t\t\t\t<div class=\"elementor-element elementor-element-03fff11 elementor-grid-3 elementor-grid-tablet-2 elementor-grid-mobile-1 elementor-posts--thumbnail-top elementor-card-shadow-yes elementor-posts__hover-gradient elementor-widget elementor-widget-posts\" data-id=\"03fff11\" data-element_type=\"widget\" data-settings=\"{&quot;pagination_type&quot;:&quot;numbers_and_prev_next&quot;,&quot;cards_columns&quot;:&quot;3&quot;,&quot;cards_columns_tablet&quot;:&quot;2&quot;,&quot;cards_columns_mobile&quot;:&quot;1&quot;,&quot;cards_row_gap&quot;:{&quot;unit&quot;:&quot;px&quot;,&quot;size&quot;:35,&quot;sizes&quot;:[]},&quot;cards_row_gap_tablet&quot;:{&quot;unit&quot;:&quot;px&quot;,&quot;size&quot;:&quot;&quot;,&quot;sizes&quot;:[]},&quot;cards_row_gap_mobile&quot;:{&quot;unit&quot;:&quot;px&quot;,&quot;size&quot;:&quot;&quot;,&quot;sizes&quot;:[]}}\" data-widget_type=\"posts.cards\">\n\t\t\t\t<div class=\"elementor-widget-container\">\n\t\t\t\t\t<div class=\"elementor-posts-container elementor-posts elementor-posts--skin-cards elementor-grid\">\n\t\t\t\t<article class=\"elementor-post elementor-grid-item post-861 post type-post status-publish format-standard has-post-thumbnail hentry category-kundberattelser\">\n\t\t\t<div class=\"elementor-post__card\">\n\t\t\t\t<a class=\"elementor-post__thumbnail__link\" href=\"https:\/\/keox.fi\/sv\/kundberattelser\/geesinknorba\/\" tabindex=\"-1\" ><div class=\"elementor-post__thumbnail\"><img fetchpriority=\"high\" decoding=\"async\" width=\"800\" height=\"194\" src=\"https:\/\/keox.fi\/wp-content\/uploads\/2017\/01\/Geesinknorba-820x199.jpg\" class=\"attachment-large size-large wp-image-263\" alt=\"\" srcset=\"https:\/\/keox.fi\/wp-content\/uploads\/2017\/01\/Geesinknorba-820x199.jpg 820w, https:\/\/keox.fi\/wp-content\/uploads\/2017\/01\/Geesinknorba-640x156.jpg 640w, https:\/\/keox.fi\/wp-content\/uploads\/2017\/01\/Geesinknorba-768x187.jpg 768w, https:\/\/keox.fi\/wp-content\/uploads\/2017\/01\/Geesinknorba.jpg 1600w\" sizes=\"(max-width: 800px) 100vw, 800px\" \/><\/div><\/a>\n\t\t\t\t<div class=\"elementor-post__text\">\n\t\t\t\t<h3 class=\"elementor-post__title\">\n\t\t\t<a href=\"https:\/\/keox.fi\/sv\/kundberattelser\/geesinknorba\/\" >\n\t\t\t\tGeesinknorba\t\t\t<\/a>\n\t\t<\/h3>\n\t\t\t\t<div class=\"elementor-post__excerpt\">\n\t\t\t<p>Euro-milj\u00f6klasserna f\u00f6r lastbilar stramades \u00e5t h\u00f6sten 2014. \u00c5tg\u00e4rder f\u00f6r att minska partikel-, kv\u00e4veoxid- och kolv\u00e4teutsl\u00e4ppen p\u00e5verkade konstruktionen av fordonens avgasr\u00f6r. F\u00f6r renh\u00e5llningsfordonens del innebar f\u00f6r\u00e4ndringen<\/p>\n\t\t<\/div>\n\t\t\n\t\t<a class=\"elementor-post__read-more\" href=\"https:\/\/keox.fi\/sv\/kundberattelser\/geesinknorba\/\" aria-label=\"L\u00e4s mer om Geesinknorba\" tabindex=\"-1\" >\n\t\t\tL\u00e4s mer \u00bb\t\t<\/a>\n\n\t\t\t\t<\/div>\n\t\t\t\t\t<\/div>\n\t\t<\/article>\n\t\t\t\t<article class=\"elementor-post elementor-grid-item post-859 post type-post status-publish format-standard has-post-thumbnail hentry category-kundberattelser\">\n\t\t\t<div class=\"elementor-post__card\">\n\t\t\t\t<a class=\"elementor-post__thumbnail__link\" href=\"https:\/\/keox.fi\/sv\/kundberattelser\/sihvari-oy\/\" tabindex=\"-1\" ><div class=\"elementor-post__thumbnail\"><img decoding=\"async\" width=\"800\" height=\"251\" src=\"https:\/\/keox.fi\/wp-content\/uploads\/2017\/01\/Sihvari-820x257.jpg\" class=\"attachment-large size-large wp-image-259\" alt=\"\" srcset=\"https:\/\/keox.fi\/wp-content\/uploads\/2017\/01\/Sihvari-820x257.jpg 820w, https:\/\/keox.fi\/wp-content\/uploads\/2017\/01\/Sihvari-640x200.jpg 640w, https:\/\/keox.fi\/wp-content\/uploads\/2017\/01\/Sihvari-768x241.jpg 768w, https:\/\/keox.fi\/wp-content\/uploads\/2017\/01\/Sihvari.jpg 942w\" sizes=\"(max-width: 800px) 100vw, 800px\" \/><\/div><\/a>\n\t\t\t\t<div class=\"elementor-post__text\">\n\t\t\t\t<h3 class=\"elementor-post__title\">\n\t\t\t<a href=\"https:\/\/keox.fi\/sv\/kundberattelser\/sihvari-oy\/\" >\n\t\t\t\tSihvari Oy\t\t\t<\/a>\n\t\t<\/h3>\n\t\t\t\t<div class=\"elementor-post__excerpt\">\n\t\t\t<p>Sihvaris 45 sopbilar och f\u00f6rare arbetar i tv\u00e5 skift, fr\u00e5n sex p\u00e5 morgonen till tio p\u00e5 kv\u00e4llen. Renh\u00e5llningsservicen produceras i dagsl\u00e4get individuellt och kundorienterat. Allt<\/p>\n\t\t<\/div>\n\t\t\n\t\t<a class=\"elementor-post__read-more\" href=\"https:\/\/keox.fi\/sv\/kundberattelser\/sihvari-oy\/\" aria-label=\"L\u00e4s mer om Sihvari Oy\" tabindex=\"-1\" >\n\t\t\tL\u00e4s mer \u00bb\t\t<\/a>\n\n\t\t\t\t<\/div>\n\t\t\t\t\t<\/div>\n\t\t<\/article>\n\t\t\t\t<article class=\"elementor-post elementor-grid-item post-857 post type-post status-publish format-standard has-post-thumbnail hentry category-kundberattelser\">\n\t\t\t<div class=\"elementor-post__card\">\n\t\t\t\t<a class=\"elementor-post__thumbnail__link\" href=\"https:\/\/keox.fi\/sv\/kundberattelser\/joen-loka\/\" tabindex=\"-1\" ><div class=\"elementor-post__thumbnail\"><img decoding=\"async\" width=\"800\" height=\"275\" src=\"https:\/\/keox.fi\/wp-content\/uploads\/2017\/01\/joenloka_ymparistovastuu-820x282.jpg\" class=\"attachment-large size-large wp-image-247\" alt=\"\" srcset=\"https:\/\/keox.fi\/wp-content\/uploads\/2017\/01\/joenloka_ymparistovastuu-820x282.jpg 820w, https:\/\/keox.fi\/wp-content\/uploads\/2017\/01\/joenloka_ymparistovastuu-640x220.jpg 640w, https:\/\/keox.fi\/wp-content\/uploads\/2017\/01\/joenloka_ymparistovastuu-768x264.jpg 768w, https:\/\/keox.fi\/wp-content\/uploads\/2017\/01\/joenloka_ymparistovastuu.jpg 1200w\" sizes=\"(max-width: 800px) 100vw, 800px\" \/><\/div><\/a>\n\t\t\t\t<div class=\"elementor-post__text\">\n\t\t\t\t<h3 class=\"elementor-post__title\">\n\t\t\t<a href=\"https:\/\/keox.fi\/sv\/kundberattelser\/joen-loka\/\" >\n\t\t\t\tJoen Loka\t\t\t<\/a>\n\t\t<\/h3>\n\t\t\t\t<div class=\"elementor-post__excerpt\">\n\t\t\t<p>Joen Loka \u00e4r redan ett begrepp inom renh\u00e5llningsbranschen \u2013 ett personligt varum\u00e4rke som byggts upp och v\u00e4rnats sedan 1964. Privatkunder, kommuner och industrianl\u00e4ggningar i \u00f6stra<\/p>\n\t\t<\/div>\n\t\t\n\t\t<a class=\"elementor-post__read-more\" href=\"https:\/\/keox.fi\/sv\/kundberattelser\/joen-loka\/\" aria-label=\"L\u00e4s mer om Joen Loka\" tabindex=\"-1\" >\n\t\t\tL\u00e4s mer \u00bb\t\t<\/a>\n\n\t\t\t\t<\/div>\n\t\t\t\t\t<\/div>\n\t\t<\/article>\n\t\t\t\t<\/div>\n\t\t\n\t\t\t\t<\/div>\n\t\t\t\t<\/div>\n\t\t\t\t<\/div>\n\t\t\t\t<\/div>\n\t\t\t\t<\/div>\n\t\t","protected":false},"excerpt":{"rendered":"<p>Kundenber\u00e4ttelser<\/p>\n","protected":false},"author":1,"featured_media":0,"parent":855,"menu_order":0,"comment_status":"closed","ping_status":"closed","template":"elementor_header_footer","meta":{"ngg_post_thumbnail":0,"footnotes":""},"class_list":["post-899","page","type-page","status-publish","hentry"],"yoast_head":"<!-- This site is optimized with the Yoast SEO plugin v24.3 - https:\/\/yoast.com\/wordpress\/plugins\/seo\/ -->\n<title>Kundber\u00e4ttelser - KEOX<\/title>\n<meta name=\"robots\" content=\"index, follow, max-snippet:-1, max-image-preview:large, max-video-preview:-1\" \/>\n<link rel=\"canonical\" href=\"https:\/\/keox.fi\/yritysesittely\/asiakastarinat\/\" \/>\n<meta property=\"og:locale\" content=\"sv_SE\" \/>\n<meta property=\"og:type\" content=\"article\" \/>\n<meta property=\"og:title\" content=\"Kundber\u00e4ttelser - KEOX\" \/>\n<meta property=\"og:description\" content=\"Kundenber\u00e4ttelser\" \/>\n<meta property=\"og:url\" content=\"https:\/\/keox.fi\/yritysesittely\/asiakastarinat\/\" \/>\n<meta property=\"og:site_name\" content=\"KEOX\" \/>\n<meta property=\"article:publisher\" content=\"https:\/\/www.facebook.com\/KeoxOy\/\" \/>\n<meta property=\"article:modified_time\" content=\"2024-10-22T10:52:13+00:00\" \/>\n<meta name=\"twitter:card\" content=\"summary_large_image\" \/>\n<script type=\"application\/ld+json\" class=\"yoast-schema-graph\">{\"@context\":\"https:\/\/schema.org\",\"@graph\":[{\"@type\":\"WebPage\",\"@id\":\"https:\/\/keox.fi\/yritysesittely\/asiakastarinat\/\",\"url\":\"https:\/\/keox.fi\/yritysesittely\/asiakastarinat\/\",\"name\":\"Kundber\u00e4ttelser - KEOX\",\"isPartOf\":{\"@id\":\"https:\/\/keox.fi\/no\/#website\"},\"datePublished\":\"2018-04-04T05:48:11+00:00\",\"dateModified\":\"2024-10-22T10:52:13+00:00\",\"breadcrumb\":{\"@id\":\"https:\/\/keox.fi\/yritysesittely\/asiakastarinat\/#breadcrumb\"},\"inLanguage\":\"sv-SE\",\"potentialAction\":[{\"@type\":\"ReadAction\",\"target\":[\"https:\/\/keox.fi\/yritysesittely\/asiakastarinat\/\"]}]},{\"@type\":\"BreadcrumbList\",\"@id\":\"https:\/\/keox.fi\/yritysesittely\/asiakastarinat\/#breadcrumb\",\"itemListElement\":[{\"@type\":\"ListItem\",\"position\":1,\"name\":\"Etusivu\",\"item\":\"https:\/\/keox.fi\/sv\/framsida\/\"},{\"@type\":\"ListItem\",\"position\":2,\"name\":\"Om Keox\",\"item\":\"https:\/\/keox.fi\/yritysesittely\/\"},{\"@type\":\"ListItem\",\"position\":3,\"name\":\"Kundber\u00e4ttelser\"}]},{\"@type\":\"WebSite\",\"@id\":\"https:\/\/keox.fi\/no\/#website\",\"url\":\"https:\/\/keox.fi\/no\/\",\"name\":\"KEOX\",\"description\":\"Palvelemme monipuolisesti\",\"publisher\":{\"@id\":\"https:\/\/keox.fi\/no\/#organization\"},\"potentialAction\":[{\"@type\":\"SearchAction\",\"target\":{\"@type\":\"EntryPoint\",\"urlTemplate\":\"https:\/\/keox.fi\/no\/?s={search_term_string}\"},\"query-input\":{\"@type\":\"PropertyValueSpecification\",\"valueRequired\":true,\"valueName\":\"search_term_string\"}}],\"inLanguage\":\"sv-SE\"},{\"@type\":\"Organization\",\"@id\":\"https:\/\/keox.fi\/no\/#organization\",\"name\":\"Keox Oy\",\"url\":\"https:\/\/keox.fi\/no\/\",\"logo\":{\"@type\":\"ImageObject\",\"inLanguage\":\"sv-SE\",\"@id\":\"https:\/\/keox.fi\/no\/#\/schema\/logo\/image\/\",\"url\":\"https:\/\/keox.fi\/wp-content\/uploads\/2019\/12\/logo-pos.png\",\"contentUrl\":\"https:\/\/keox.fi\/wp-content\/uploads\/2019\/12\/logo-pos.png\",\"width\":3479,\"height\":3479,\"caption\":\"Keox Oy\"},\"image\":{\"@id\":\"https:\/\/keox.fi\/no\/#\/schema\/logo\/image\/\"},\"sameAs\":[\"https:\/\/www.facebook.com\/KeoxOy\/\",\"https:\/\/www.linkedin.com\/company\/25030509\",\"https:\/\/www.youtube.com\/channel\/UCU54gMqjcR5mvbKJz4gAoAg\"]}]}<\/script>\n<!-- \/ Yoast SEO plugin. -->","yoast_head_json":{"title":"Kundber\u00e4ttelser - KEOX","robots":{"index":"index","follow":"follow","max-snippet":"max-snippet:-1","max-image-preview":"max-image-preview:large","max-video-preview":"max-video-preview:-1"},"canonical":"https:\/\/keox.fi\/yritysesittely\/asiakastarinat\/","og_locale":"sv_SE","og_type":"article","og_title":"Kundber\u00e4ttelser - KEOX","og_description":"Kundenber\u00e4ttelser","og_url":"https:\/\/keox.fi\/yritysesittely\/asiakastarinat\/","og_site_name":"KEOX","article_publisher":"https:\/\/www.facebook.com\/KeoxOy\/","article_modified_time":"2024-10-22T10:52:13+00:00","twitter_card":"summary_large_image","schema":{"@context":"https:\/\/schema.org","@graph":[{"@type":"WebPage","@id":"https:\/\/keox.fi\/yritysesittely\/asiakastarinat\/","url":"https:\/\/keox.fi\/yritysesittely\/asiakastarinat\/","name":"Kundber\u00e4ttelser - KEOX","isPartOf":{"@id":"https:\/\/keox.fi\/no\/#website"},"datePublished":"2018-04-04T05:48:11+00:00","dateModified":"2024-10-22T10:52:13+00:00","breadcrumb":{"@id":"https:\/\/keox.fi\/yritysesittely\/asiakastarinat\/#breadcrumb"},"inLanguage":"sv-SE","potentialAction":[{"@type":"ReadAction","target":["https:\/\/keox.fi\/yritysesittely\/asiakastarinat\/"]}]},{"@type":"BreadcrumbList","@id":"https:\/\/keox.fi\/yritysesittely\/asiakastarinat\/#breadcrumb","itemListElement":[{"@type":"ListItem","position":1,"name":"Etusivu","item":"https:\/\/keox.fi\/sv\/framsida\/"},{"@type":"ListItem","position":2,"name":"Om Keox","item":"https:\/\/keox.fi\/yritysesittely\/"},{"@type":"ListItem","position":3,"name":"Kundber\u00e4ttelser"}]},{"@type":"WebSite","@id":"https:\/\/keox.fi\/no\/#website","url":"https:\/\/keox.fi\/no\/","name":"KEOX","description":"Palvelemme monipuolisesti","publisher":{"@id":"https:\/\/keox.fi\/no\/#organization"},"potentialAction":[{"@type":"SearchAction","target":{"@type":"EntryPoint","urlTemplate":"https:\/\/keox.fi\/no\/?s={search_term_string}"},"query-input":{"@type":"PropertyValueSpecification","valueRequired":true,"valueName":"search_term_string"}}],"inLanguage":"sv-SE"},{"@type":"Organization","@id":"https:\/\/keox.fi\/no\/#organization","name":"Keox Oy","url":"https:\/\/keox.fi\/no\/","logo":{"@type":"ImageObject","inLanguage":"sv-SE","@id":"https:\/\/keox.fi\/no\/#\/schema\/logo\/image\/","url":"https:\/\/keox.fi\/wp-content\/uploads\/2019\/12\/logo-pos.png","contentUrl":"https:\/\/keox.fi\/wp-content\/uploads\/2019\/12\/logo-pos.png","width":3479,"height":3479,"caption":"Keox Oy"},"image":{"@id":"https:\/\/keox.fi\/no\/#\/schema\/logo\/image\/"},"sameAs":["https:\/\/www.facebook.com\/KeoxOy\/","https:\/\/www.linkedin.com\/company\/25030509","https:\/\/www.youtube.com\/channel\/UCU54gMqjcR5mvbKJz4gAoAg"]}]}},"_links":{"self":[{"href":"https:\/\/keox.fi\/sv\/wp-json\/wp\/v2\/pages\/899"}],"collection":[{"href":"https:\/\/keox.fi\/sv\/wp-json\/wp\/v2\/pages"}],"about":[{"href":"https:\/\/keox.fi\/sv\/wp-json\/wp\/v2\/types\/page"}],"author":[{"embeddable":true,"href":"https:\/\/keox.fi\/sv\/wp-json\/wp\/v2\/users\/1"}],"replies":[{"embeddable":true,"href":"https:\/\/keox.fi\/sv\/wp-json\/wp\/v2\/comments?post=899"}],"version-history":[{"count":5,"href":"https:\/\/keox.fi\/sv\/wp-json\/wp\/v2\/pages\/899\/revisions"}],"predecessor-version":[{"id":2894,"href":"https:\/\/keox.fi\/sv\/wp-json\/wp\/v2\/pages\/899\/revisions\/2894"}],"up":[{"embeddable":true,"href":"https:\/\/keox.fi\/sv\/wp-json\/wp\/v2\/pages\/855"}],"wp:attachment":[{"href":"https:\/\/keox.fi\/sv\/wp-json\/wp\/v2\/media?parent=899"}],"curies":[{"name":"wp","href":"https:\/\/api.w.org\/{rel}","templated":true}]}}