{"id":846,"date":"2018-04-03T12:32:20","date_gmt":"2018-04-03T12:32:20","guid":{"rendered":"https:\/\/keox.fi\/?page_id=846"},"modified":"2026-02-20T09:44:37","modified_gmt":"2026-02-20T07:44:37","slug":"keoxer-lite","status":"publish","type":"page","link":"https:\/\/keox.fi\/sv\/produkter\/sopkarlstvattar\/keoxer-lite\/","title":{"rendered":"KEOXER"},"content":{"rendered":"\t\t<div data-elementor-type=\"wp-page\" data-elementor-id=\"846\" class=\"elementor elementor-846\" data-elementor-post-type=\"page\">\n\t\t\t\t<div class=\"elementor-element elementor-element-7684518 e-flex e-con-boxed e-con e-parent\" data-id=\"7684518\" data-element_type=\"container\" data-settings=\"{&quot;background_background&quot;:&quot;classic&quot;}\">\n\t\t\t\t\t<div class=\"e-con-inner\">\n\t\t\t\t<div class=\"elementor-element elementor-element-d37c31b elementor-widget elementor-widget-heading\" data-id=\"d37c31b\" data-element_type=\"widget\" data-widget_type=\"heading.default\">\n\t\t\t\t<div class=\"elementor-widget-container\">\n\t\t\t<h2 class=\"elementor-heading-title elementor-size-default\">KEOXER<\/h2>\t\t<\/div>\n\t\t\t\t<\/div>\n\t\t\t\t\t<\/div>\n\t\t\t\t<\/div>\n\t\t<div class=\"elementor-element elementor-element-7f950ec e-con-full e-flex e-con e-parent\" data-id=\"7f950ec\" data-element_type=\"container\" data-settings=\"{&quot;background_background&quot;:&quot;classic&quot;}\">\n\t\t<div class=\"elementor-element elementor-element-e68fdeb e-con-full e-flex e-con e-child\" data-id=\"e68fdeb\" data-element_type=\"container\">\n\t\t\t\t<div class=\"elementor-element elementor-element-e32b110 elementor-widget elementor-widget-heading\" data-id=\"e32b110\" data-element_type=\"widget\" data-widget_type=\"heading.default\">\n\t\t\t\t<div class=\"elementor-widget-container\">\n\t\t\t<h2 class=\"elementor-heading-title elementor-size-default\">TEKNISET TIEDOT<\/h2>\t\t<\/div>\n\t\t\t\t<\/div>\n\t\t\t\t<div class=\"elementor-element elementor-element-2204034 elementor-widget elementor-widget-text-editor\" data-id=\"2204034\" data-element_type=\"widget\" data-widget_type=\"text-editor.default\">\n\t\t\t\t<div class=\"elementor-widget-container\">\n\t\t\t\t\t\t\t<p>Keoxer kopplas bak p\u00e5 avfallspressen s\u00e5 att k\u00e4rlen kan t\u00f6mmas och tv\u00e4ttas med samma fordon p\u00e5 en g\u00e5ng. Keox k\u00e4rltv\u00e4tt \u00e4r ett f\u00f6rm\u00e5nligt s\u00e4tt att effektivera tids\u00e5tg\u00e5ngen vid avfallstransporter. Tv\u00e4tten kan monteras p\u00e5 s\u00e5v\u00e4l nya som gamla sopbilar oberoende av modell.<\/p>\t\t\t\t\t\t<\/div>\n\t\t\t\t<\/div>\n\t\t\t\t<\/div>\n\t\t<div class=\"elementor-element elementor-element-1640775 e-con-full e-flex e-con e-child\" data-id=\"1640775\" data-element_type=\"container\">\n\t\t\t\t<div class=\"elementor-element elementor-element-9baf822 elementor-widget elementor-widget-image\" data-id=\"9baf822\" data-element_type=\"widget\" data-widget_type=\"image.default\">\n\t\t\t\t<div class=\"elementor-widget-container\">\n\t\t\t\t\t\t\t\t\t\t\t\t\t<img fetchpriority=\"high\" decoding=\"async\" width=\"800\" height=\"534\" src=\"https:\/\/keox.fi\/wp-content\/uploads\/2016\/10\/GA1A0980-820x547.jpg\" class=\"attachment-large size-large wp-image-472\" alt=\"\" srcset=\"https:\/\/keox.fi\/wp-content\/uploads\/2016\/10\/GA1A0980-820x547.jpg 820w, https:\/\/keox.fi\/wp-content\/uploads\/2016\/10\/GA1A0980-640x427.jpg 640w, https:\/\/keox.fi\/wp-content\/uploads\/2016\/10\/GA1A0980-768x512.jpg 768w, https:\/\/keox.fi\/wp-content\/uploads\/2016\/10\/GA1A0980.jpg 1600w\" sizes=\"(max-width: 800px) 100vw, 800px\" \/>\t\t\t\t\t\t\t\t\t\t\t\t\t<\/div>\n\t\t\t\t<\/div>\n\t\t\t\t<div class=\"elementor-element elementor-element-bbef941 elementor-widget elementor-widget-facebook-embed\" data-id=\"bbef941\" data-element_type=\"widget\" data-widget_type=\"facebook-embed.default\">\n\t\t\t\t<div class=\"elementor-widget-container\">\n\t\t\t<div style=\"min-height: 1px\" class=\"elementor-facebook-widget fb-video\" data-href=\"https:\/\/www.facebook.com\/KeoxOy\/videos\/vb.545532635607632\/887789204916829\/?type=2&#038;theater\" data-show-text=\"false\" data-allowfullscreen=\"true\" data-autoplay=\"false\" data-show-captions=\"false\"><\/div>\t\t<\/div>\n\t\t\t\t<\/div>\n\t\t\t\t<\/div>\n\t\t\t\t<\/div>\n\t\t\t\t<\/div>\n\t\t","protected":false},"excerpt":{"rendered":"<p>Keoxer kopplas bak p\u00e5 avfallspressen s\u00e5 att k\u00e4rlen kan t\u00f6mmas och tv\u00e4ttas med samma fordon p\u00e5 en g\u00e5ng.<\/p>\n","protected":false},"author":1,"featured_media":0,"parent":843,"menu_order":0,"comment_status":"closed","ping_status":"closed","template":"elementor_header_footer","meta":{"ngg_post_thumbnail":0,"footnotes":""},"class_list":["post-846","page","type-page","status-publish","hentry"],"yoast_head":"<!-- This site is optimized with the Yoast SEO plugin v24.3 - https:\/\/yoast.com\/wordpress\/plugins\/seo\/ -->\n<title>KEOXER - KEOX<\/title>\n<meta name=\"robots\" content=\"index, follow, max-snippet:-1, max-image-preview:large, max-video-preview:-1\" \/>\n<link rel=\"canonical\" href=\"https:\/\/keox.fi\/sv\/produkter\/sopkarlstvattar\/keoxer-lite\/\" \/>\n<meta property=\"og:locale\" content=\"sv_SE\" \/>\n<meta property=\"og:type\" content=\"article\" \/>\n<meta property=\"og:title\" content=\"KEOXER - KEOX\" \/>\n<meta property=\"og:description\" content=\"Keoxer kopplas bak p\u00e5 avfallspressen s\u00e5 att k\u00e4rlen kan t\u00f6mmas och tv\u00e4ttas med samma fordon p\u00e5 en g\u00e5ng.\" \/>\n<meta property=\"og:url\" content=\"https:\/\/keox.fi\/sv\/produkter\/sopkarlstvattar\/keoxer-lite\/\" \/>\n<meta property=\"og:site_name\" content=\"KEOX\" \/>\n<meta property=\"article:publisher\" content=\"https:\/\/www.facebook.com\/KeoxOy\/\" \/>\n<meta property=\"article:modified_time\" content=\"2026-02-20T07:44:37+00:00\" \/>\n<meta property=\"og:image\" content=\"https:\/\/keox.fi\/wp-content\/uploads\/2016\/10\/GA1A0980.jpg\" \/>\n\t<meta property=\"og:image:width\" content=\"1600\" \/>\n\t<meta property=\"og:image:height\" content=\"1067\" \/>\n\t<meta property=\"og:image:type\" content=\"image\/jpeg\" \/>\n<meta name=\"twitter:card\" content=\"summary_large_image\" \/>\n<meta name=\"twitter:label1\" content=\"Ber\u00e4knad l\u00e4stid\" \/>\n\t<meta name=\"twitter:data1\" content=\"1 minut\" \/>\n<script type=\"application\/ld+json\" class=\"yoast-schema-graph\">{\"@context\":\"https:\/\/schema.org\",\"@graph\":[{\"@type\":\"WebPage\",\"@id\":\"https:\/\/keox.fi\/sv\/produkter\/sopkarlstvattar\/keoxer-lite\/\",\"url\":\"https:\/\/keox.fi\/sv\/produkter\/sopkarlstvattar\/keoxer-lite\/\",\"name\":\"KEOXER - KEOX\",\"isPartOf\":{\"@id\":\"https:\/\/keox.fi\/no\/#website\"},\"primaryImageOfPage\":{\"@id\":\"https:\/\/keox.fi\/sv\/produkter\/sopkarlstvattar\/keoxer-lite\/#primaryimage\"},\"image\":{\"@id\":\"https:\/\/keox.fi\/sv\/produkter\/sopkarlstvattar\/keoxer-lite\/#primaryimage\"},\"thumbnailUrl\":\"https:\/\/keox.fi\/wp-content\/uploads\/2016\/10\/GA1A0980-820x547.jpg\",\"datePublished\":\"2018-04-03T12:32:20+00:00\",\"dateModified\":\"2026-02-20T07:44:37+00:00\",\"breadcrumb\":{\"@id\":\"https:\/\/keox.fi\/sv\/produkter\/sopkarlstvattar\/keoxer-lite\/#breadcrumb\"},\"inLanguage\":\"sv-SE\",\"potentialAction\":[{\"@type\":\"ReadAction\",\"target\":[\"https:\/\/keox.fi\/sv\/produkter\/sopkarlstvattar\/keoxer-lite\/\"]}]},{\"@type\":\"ImageObject\",\"inLanguage\":\"sv-SE\",\"@id\":\"https:\/\/keox.fi\/sv\/produkter\/sopkarlstvattar\/keoxer-lite\/#primaryimage\",\"url\":\"https:\/\/keox.fi\/wp-content\/uploads\/2016\/10\/GA1A0980-820x547.jpg\",\"contentUrl\":\"https:\/\/keox.fi\/wp-content\/uploads\/2016\/10\/GA1A0980-820x547.jpg\"},{\"@type\":\"BreadcrumbList\",\"@id\":\"https:\/\/keox.fi\/sv\/produkter\/sopkarlstvattar\/keoxer-lite\/#breadcrumb\",\"itemListElement\":[{\"@type\":\"ListItem\",\"position\":1,\"name\":\"Etusivu\",\"item\":\"https:\/\/keox.fi\/sv\/framsida\/\"},{\"@type\":\"ListItem\",\"position\":2,\"name\":\"Produkter\",\"item\":\"https:\/\/keox.fi\/sv\/produkter\/\"},{\"@type\":\"ListItem\",\"position\":3,\"name\":\"Sopk\u00e4rlstv\u00e4ttar\",\"item\":\"https:\/\/keox.fi\/tuotteet\/jateastiapesurit\/\"},{\"@type\":\"ListItem\",\"position\":4,\"name\":\"KEOXER\"}]},{\"@type\":\"WebSite\",\"@id\":\"https:\/\/keox.fi\/no\/#website\",\"url\":\"https:\/\/keox.fi\/no\/\",\"name\":\"KEOX\",\"description\":\"Palvelemme monipuolisesti\",\"publisher\":{\"@id\":\"https:\/\/keox.fi\/no\/#organization\"},\"potentialAction\":[{\"@type\":\"SearchAction\",\"target\":{\"@type\":\"EntryPoint\",\"urlTemplate\":\"https:\/\/keox.fi\/no\/?s={search_term_string}\"},\"query-input\":{\"@type\":\"PropertyValueSpecification\",\"valueRequired\":true,\"valueName\":\"search_term_string\"}}],\"inLanguage\":\"sv-SE\"},{\"@type\":\"Organization\",\"@id\":\"https:\/\/keox.fi\/no\/#organization\",\"name\":\"Keox Oy\",\"url\":\"https:\/\/keox.fi\/no\/\",\"logo\":{\"@type\":\"ImageObject\",\"inLanguage\":\"sv-SE\",\"@id\":\"https:\/\/keox.fi\/no\/#\/schema\/logo\/image\/\",\"url\":\"https:\/\/keox.fi\/wp-content\/uploads\/2019\/12\/logo-pos.png\",\"contentUrl\":\"https:\/\/keox.fi\/wp-content\/uploads\/2019\/12\/logo-pos.png\",\"width\":3479,\"height\":3479,\"caption\":\"Keox Oy\"},\"image\":{\"@id\":\"https:\/\/keox.fi\/no\/#\/schema\/logo\/image\/\"},\"sameAs\":[\"https:\/\/www.facebook.com\/KeoxOy\/\",\"https:\/\/www.linkedin.com\/company\/25030509\",\"https:\/\/www.youtube.com\/channel\/UCU54gMqjcR5mvbKJz4gAoAg\"]}]}<\/script>\n<!-- \/ Yoast SEO plugin. -->","yoast_head_json":{"title":"KEOXER - KEOX","robots":{"index":"index","follow":"follow","max-snippet":"max-snippet:-1","max-image-preview":"max-image-preview:large","max-video-preview":"max-video-preview:-1"},"canonical":"https:\/\/keox.fi\/sv\/produkter\/sopkarlstvattar\/keoxer-lite\/","og_locale":"sv_SE","og_type":"article","og_title":"KEOXER - KEOX","og_description":"Keoxer kopplas bak p\u00e5 avfallspressen s\u00e5 att k\u00e4rlen kan t\u00f6mmas och tv\u00e4ttas med samma fordon p\u00e5 en g\u00e5ng.","og_url":"https:\/\/keox.fi\/sv\/produkter\/sopkarlstvattar\/keoxer-lite\/","og_site_name":"KEOX","article_publisher":"https:\/\/www.facebook.com\/KeoxOy\/","article_modified_time":"2026-02-20T07:44:37+00:00","og_image":[{"width":1600,"height":1067,"url":"https:\/\/keox.fi\/wp-content\/uploads\/2016\/10\/GA1A0980.jpg","type":"image\/jpeg"}],"twitter_card":"summary_large_image","twitter_misc":{"Ber\u00e4knad l\u00e4stid":"1 minut"},"schema":{"@context":"https:\/\/schema.org","@graph":[{"@type":"WebPage","@id":"https:\/\/keox.fi\/sv\/produkter\/sopkarlstvattar\/keoxer-lite\/","url":"https:\/\/keox.fi\/sv\/produkter\/sopkarlstvattar\/keoxer-lite\/","name":"KEOXER - KEOX","isPartOf":{"@id":"https:\/\/keox.fi\/no\/#website"},"primaryImageOfPage":{"@id":"https:\/\/keox.fi\/sv\/produkter\/sopkarlstvattar\/keoxer-lite\/#primaryimage"},"image":{"@id":"https:\/\/keox.fi\/sv\/produkter\/sopkarlstvattar\/keoxer-lite\/#primaryimage"},"thumbnailUrl":"https:\/\/keox.fi\/wp-content\/uploads\/2016\/10\/GA1A0980-820x547.jpg","datePublished":"2018-04-03T12:32:20+00:00","dateModified":"2026-02-20T07:44:37+00:00","breadcrumb":{"@id":"https:\/\/keox.fi\/sv\/produkter\/sopkarlstvattar\/keoxer-lite\/#breadcrumb"},"inLanguage":"sv-SE","potentialAction":[{"@type":"ReadAction","target":["https:\/\/keox.fi\/sv\/produkter\/sopkarlstvattar\/keoxer-lite\/"]}]},{"@type":"ImageObject","inLanguage":"sv-SE","@id":"https:\/\/keox.fi\/sv\/produkter\/sopkarlstvattar\/keoxer-lite\/#primaryimage","url":"https:\/\/keox.fi\/wp-content\/uploads\/2016\/10\/GA1A0980-820x547.jpg","contentUrl":"https:\/\/keox.fi\/wp-content\/uploads\/2016\/10\/GA1A0980-820x547.jpg"},{"@type":"BreadcrumbList","@id":"https:\/\/keox.fi\/sv\/produkter\/sopkarlstvattar\/keoxer-lite\/#breadcrumb","itemListElement":[{"@type":"ListItem","position":1,"name":"Etusivu","item":"https:\/\/keox.fi\/sv\/framsida\/"},{"@type":"ListItem","position":2,"name":"Produkter","item":"https:\/\/keox.fi\/sv\/produkter\/"},{"@type":"ListItem","position":3,"name":"Sopk\u00e4rlstv\u00e4ttar","item":"https:\/\/keox.fi\/tuotteet\/jateastiapesurit\/"},{"@type":"ListItem","position":4,"name":"KEOXER"}]},{"@type":"WebSite","@id":"https:\/\/keox.fi\/no\/#website","url":"https:\/\/keox.fi\/no\/","name":"KEOX","description":"Palvelemme monipuolisesti","publisher":{"@id":"https:\/\/keox.fi\/no\/#organization"},"potentialAction":[{"@type":"SearchAction","target":{"@type":"EntryPoint","urlTemplate":"https:\/\/keox.fi\/no\/?s={search_term_string}"},"query-input":{"@type":"PropertyValueSpecification","valueRequired":true,"valueName":"search_term_string"}}],"inLanguage":"sv-SE"},{"@type":"Organization","@id":"https:\/\/keox.fi\/no\/#organization","name":"Keox Oy","url":"https:\/\/keox.fi\/no\/","logo":{"@type":"ImageObject","inLanguage":"sv-SE","@id":"https:\/\/keox.fi\/no\/#\/schema\/logo\/image\/","url":"https:\/\/keox.fi\/wp-content\/uploads\/2019\/12\/logo-pos.png","contentUrl":"https:\/\/keox.fi\/wp-content\/uploads\/2019\/12\/logo-pos.png","width":3479,"height":3479,"caption":"Keox Oy"},"image":{"@id":"https:\/\/keox.fi\/no\/#\/schema\/logo\/image\/"},"sameAs":["https:\/\/www.facebook.com\/KeoxOy\/","https:\/\/www.linkedin.com\/company\/25030509","https:\/\/www.youtube.com\/channel\/UCU54gMqjcR5mvbKJz4gAoAg"]}]}},"_links":{"self":[{"href":"https:\/\/keox.fi\/sv\/wp-json\/wp\/v2\/pages\/846"}],"collection":[{"href":"https:\/\/keox.fi\/sv\/wp-json\/wp\/v2\/pages"}],"about":[{"href":"https:\/\/keox.fi\/sv\/wp-json\/wp\/v2\/types\/page"}],"author":[{"embeddable":true,"href":"https:\/\/keox.fi\/sv\/wp-json\/wp\/v2\/users\/1"}],"replies":[{"embeddable":true,"href":"https:\/\/keox.fi\/sv\/wp-json\/wp\/v2\/comments?post=846"}],"version-history":[{"count":6,"href":"https:\/\/keox.fi\/sv\/wp-json\/wp\/v2\/pages\/846\/revisions"}],"predecessor-version":[{"id":3547,"href":"https:\/\/keox.fi\/sv\/wp-json\/wp\/v2\/pages\/846\/revisions\/3547"}],"up":[{"embeddable":true,"href":"https:\/\/keox.fi\/sv\/wp-json\/wp\/v2\/pages\/843"}],"wp:attachment":[{"href":"https:\/\/keox.fi\/sv\/wp-json\/wp\/v2\/media?parent=846"}],"curies":[{"name":"wp","href":"https:\/\/api.w.org\/{rel}","templated":true}]}}