{"id":845,"date":"2018-04-03T12:31:04","date_gmt":"2018-04-03T12:31:04","guid":{"rendered":"https:\/\/keox.fi\/?page_id=845"},"modified":"2019-09-18T09:03:39","modified_gmt":"2019-09-18T07:03:39","slug":"keoxer","status":"publish","type":"page","link":"https:\/\/keox.fi\/sv\/produkter\/sopkarlstvattar\/keoxer\/","title":{"rendered":"KEOXER L"},"content":{"rendered":"<h2>KEOXER L<\/h2>\n<p>Keoxer L \u00e4r en anordning som kopplas till sopbilen och tv\u00e4ttar ett avfallsk\u00e4rl medan f\u00f6raren t\u00f6mmar n\u00e4sta. S\u00e5 kan samma fordon kostnadseffektiv sk\u00f6ta b\u00e5de t\u00f6mning och tv\u00e4tt vid samma runda och inget ytterligare fordon beh\u00f6vs. Anordningen fungerar med fullst\u00e4ndig vatten\u00e5teranv\u00e4ndning, vilket g\u00f6r det m\u00f6jligt att anv\u00e4nda en stor m\u00e4ngd vatten f\u00f6r tv\u00e4tten och s\u00e5v\u00e4l resultatet som kapaciteten optimeras. Med Keoxer L kan du tv\u00e4tta hundratals k\u00e4rl om dagen.<\/p>\n<p><img fetchpriority=\"high\" decoding=\"async\" class=\"alignnone size-large wp-image-218\" src=\"https:\/\/keox.fi\/wp-content\/uploads\/2016\/10\/Keoxer-kuva-820x547.jpg\" alt=\"\" width=\"820\" height=\"547\"><\/p>\n<ul>\n<li>Vattnet \u00e5teranv\u00e4nds genom att det filtreras och v\u00e4rms upp till 60 \u00b0C<\/li>\n<li>K\u00e4rlt\u00f6mning och tv\u00e4tt med samma k\u00f6rning<\/li>\n<li>Kapaciteten \u00e4r cirka 300 tv\u00e4ttar med samma vatten<\/li>\n<li>K\u00e4rlet tv\u00e4ttas utv\u00e4ndigt och inv\u00e4ndigt<\/li>\n<li>K\u00e4rlet tv\u00e4ttas inne i anordningen s\u00e5 ingen negativ milj\u00f6p\u00e5verkan uppst\u00e5r<\/li>\n<li>Tv\u00e4tt kan utf\u00f6ras ocks\u00e5 i kalla f\u00f6rh\u00e5llanden<\/li>\n<li>Monteras p\u00e5 sopbilen, \u00e4r oberoende av modellen och kan monteras ocks\u00e5 p\u00e5 gamla sopbilar<\/li>\n<li>Kan anv\u00e4ndas med naturligt vatten, vid behov \u00e4ven havsvatten<\/li>\n<li>Material RFS<\/li>\n<li>Enkla underh\u00e5lls\u00e5tg\u00e4rder<\/li>\n<li>Desinficeringsmedelstank med pistol<\/li>\n<\/ul>\n<p><strong>TILLVAL AV TILL\u00c4GGSUTRUSTNING<\/strong><\/p>\n<ul>\n<li>\u00d6verf\u00f6ringspump och filter f\u00f6r vattenintag<\/li>\n<li>Tv\u00e4ttpistol med slang f\u00f6r att snygga upp omr\u00e5det runt omkring<\/li>\n<\/ul>\n<p><strong>LADDA NER PDF-BROSCHYREN:<\/strong> <a href=\"https:\/\/keox.fi\/wp-content\/uploads\/2018\/04\/Keoxer-English.pdf\">Keoxer English<\/a><\/p>\n","protected":false},"excerpt":{"rendered":"<p>Keoxer L monteras mellan avfallspressen och f\u00f6rarhytten p\u00e5 sopbilen. Tv\u00e4tten reng\u00f6r ett avfallsk\u00e4rl me-dan f\u00f6raren t\u00f6mmer n\u00e4sta. S\u00e5 kan samma fordon sk\u00f6ta b\u00e5de t\u00f6mning och tv\u00e4tt vid samma runda och inget ytterligare fordon beh\u00f6vs.<\/p>\n","protected":false},"author":1,"featured_media":0,"parent":843,"menu_order":1,"comment_status":"closed","ping_status":"closed","template":"elementor_header_footer","meta":{"ngg_post_thumbnail":0,"footnotes":""},"class_list":["post-845","page","type-page","status-publish","hentry"],"yoast_head":"<!-- This site is optimized with the Yoast SEO plugin v24.3 - https:\/\/yoast.com\/wordpress\/plugins\/seo\/ -->\n<title>KEOXER L - KEOX<\/title>\n<meta name=\"robots\" content=\"index, follow, max-snippet:-1, max-image-preview:large, max-video-preview:-1\" \/>\n<link rel=\"canonical\" href=\"https:\/\/keox.fi\/tuotteet\/jateastiapesurit\/keoxer\/\" \/>\n<meta property=\"og:locale\" content=\"sv_SE\" \/>\n<meta property=\"og:type\" content=\"article\" \/>\n<meta property=\"og:title\" content=\"KEOXER L - KEOX\" \/>\n<meta property=\"og:description\" content=\"Keoxer L monteras mellan avfallspressen och f\u00f6rarhytten p\u00e5 sopbilen. Tv\u00e4tten reng\u00f6r ett avfallsk\u00e4rl me-dan f\u00f6raren t\u00f6mmer n\u00e4sta. S\u00e5 kan samma fordon sk\u00f6ta b\u00e5de t\u00f6mning och tv\u00e4tt vid samma runda och inget ytterligare fordon beh\u00f6vs.\" \/>\n<meta property=\"og:url\" content=\"https:\/\/keox.fi\/tuotteet\/jateastiapesurit\/keoxer\/\" \/>\n<meta property=\"og:site_name\" content=\"KEOX\" \/>\n<meta property=\"article:publisher\" content=\"https:\/\/www.facebook.com\/KeoxOy\/\" \/>\n<meta property=\"article:modified_time\" content=\"2019-09-18T07:03:39+00:00\" \/>\n<meta property=\"og:image\" content=\"https:\/\/keox.fi\/wp-content\/uploads\/2016\/10\/Keoxer-kuva-e1728987808845.jpg\" \/>\n\t<meta property=\"og:image:width\" content=\"1560\" \/>\n\t<meta property=\"og:image:height\" content=\"1018\" \/>\n\t<meta property=\"og:image:type\" content=\"image\/jpeg\" \/>\n<meta name=\"twitter:card\" content=\"summary_large_image\" \/>\n<meta name=\"twitter:label1\" content=\"Ber\u00e4knad l\u00e4stid\" \/>\n\t<meta name=\"twitter:data1\" content=\"1 minut\" \/>\n<script type=\"application\/ld+json\" class=\"yoast-schema-graph\">{\"@context\":\"https:\/\/schema.org\",\"@graph\":[{\"@type\":\"WebPage\",\"@id\":\"https:\/\/keox.fi\/tuotteet\/jateastiapesurit\/keoxer\/\",\"url\":\"https:\/\/keox.fi\/tuotteet\/jateastiapesurit\/keoxer\/\",\"name\":\"KEOXER L - KEOX\",\"isPartOf\":{\"@id\":\"https:\/\/keox.fi\/no\/#website\"},\"primaryImageOfPage\":{\"@id\":\"https:\/\/keox.fi\/tuotteet\/jateastiapesurit\/keoxer\/#primaryimage\"},\"image\":{\"@id\":\"https:\/\/keox.fi\/tuotteet\/jateastiapesurit\/keoxer\/#primaryimage\"},\"thumbnailUrl\":\"https:\/\/keox.fi\/wp-content\/uploads\/2016\/10\/Keoxer-kuva-820x547.jpg\",\"datePublished\":\"2018-04-03T12:31:04+00:00\",\"dateModified\":\"2019-09-18T07:03:39+00:00\",\"breadcrumb\":{\"@id\":\"https:\/\/keox.fi\/tuotteet\/jateastiapesurit\/keoxer\/#breadcrumb\"},\"inLanguage\":\"sv-SE\",\"potentialAction\":[{\"@type\":\"ReadAction\",\"target\":[\"https:\/\/keox.fi\/tuotteet\/jateastiapesurit\/keoxer\/\"]}]},{\"@type\":\"ImageObject\",\"inLanguage\":\"sv-SE\",\"@id\":\"https:\/\/keox.fi\/tuotteet\/jateastiapesurit\/keoxer\/#primaryimage\",\"url\":\"https:\/\/keox.fi\/wp-content\/uploads\/2016\/10\/Keoxer-kuva-820x547.jpg\",\"contentUrl\":\"https:\/\/keox.fi\/wp-content\/uploads\/2016\/10\/Keoxer-kuva-820x547.jpg\"},{\"@type\":\"BreadcrumbList\",\"@id\":\"https:\/\/keox.fi\/tuotteet\/jateastiapesurit\/keoxer\/#breadcrumb\",\"itemListElement\":[{\"@type\":\"ListItem\",\"position\":1,\"name\":\"Etusivu\",\"item\":\"https:\/\/keox.fi\/sv\/framsida\/\"},{\"@type\":\"ListItem\",\"position\":2,\"name\":\"Produkter\",\"item\":\"https:\/\/keox.fi\/sv\/produkter\/\"},{\"@type\":\"ListItem\",\"position\":3,\"name\":\"Sopk\u00e4rlstv\u00e4ttar\",\"item\":\"https:\/\/keox.fi\/tuotteet\/jateastiapesurit\/\"},{\"@type\":\"ListItem\",\"position\":4,\"name\":\"KEOXER L\"}]},{\"@type\":\"WebSite\",\"@id\":\"https:\/\/keox.fi\/no\/#website\",\"url\":\"https:\/\/keox.fi\/no\/\",\"name\":\"KEOX\",\"description\":\"Palvelemme monipuolisesti\",\"publisher\":{\"@id\":\"https:\/\/keox.fi\/no\/#organization\"},\"potentialAction\":[{\"@type\":\"SearchAction\",\"target\":{\"@type\":\"EntryPoint\",\"urlTemplate\":\"https:\/\/keox.fi\/no\/?s={search_term_string}\"},\"query-input\":{\"@type\":\"PropertyValueSpecification\",\"valueRequired\":true,\"valueName\":\"search_term_string\"}}],\"inLanguage\":\"sv-SE\"},{\"@type\":\"Organization\",\"@id\":\"https:\/\/keox.fi\/no\/#organization\",\"name\":\"Keox Oy\",\"url\":\"https:\/\/keox.fi\/no\/\",\"logo\":{\"@type\":\"ImageObject\",\"inLanguage\":\"sv-SE\",\"@id\":\"https:\/\/keox.fi\/no\/#\/schema\/logo\/image\/\",\"url\":\"https:\/\/keox.fi\/wp-content\/uploads\/2019\/12\/logo-pos.png\",\"contentUrl\":\"https:\/\/keox.fi\/wp-content\/uploads\/2019\/12\/logo-pos.png\",\"width\":3479,\"height\":3479,\"caption\":\"Keox Oy\"},\"image\":{\"@id\":\"https:\/\/keox.fi\/no\/#\/schema\/logo\/image\/\"},\"sameAs\":[\"https:\/\/www.facebook.com\/KeoxOy\/\",\"https:\/\/www.linkedin.com\/company\/25030509\",\"https:\/\/www.youtube.com\/channel\/UCU54gMqjcR5mvbKJz4gAoAg\"]}]}<\/script>\n<!-- \/ Yoast SEO plugin. -->","yoast_head_json":{"title":"KEOXER L - KEOX","robots":{"index":"index","follow":"follow","max-snippet":"max-snippet:-1","max-image-preview":"max-image-preview:large","max-video-preview":"max-video-preview:-1"},"canonical":"https:\/\/keox.fi\/tuotteet\/jateastiapesurit\/keoxer\/","og_locale":"sv_SE","og_type":"article","og_title":"KEOXER L - KEOX","og_description":"Keoxer L monteras mellan avfallspressen och f\u00f6rarhytten p\u00e5 sopbilen. Tv\u00e4tten reng\u00f6r ett avfallsk\u00e4rl me-dan f\u00f6raren t\u00f6mmer n\u00e4sta. S\u00e5 kan samma fordon sk\u00f6ta b\u00e5de t\u00f6mning och tv\u00e4tt vid samma runda och inget ytterligare fordon beh\u00f6vs.","og_url":"https:\/\/keox.fi\/tuotteet\/jateastiapesurit\/keoxer\/","og_site_name":"KEOX","article_publisher":"https:\/\/www.facebook.com\/KeoxOy\/","article_modified_time":"2019-09-18T07:03:39+00:00","og_image":[{"width":1560,"height":1018,"url":"https:\/\/keox.fi\/wp-content\/uploads\/2016\/10\/Keoxer-kuva-e1728987808845.jpg","type":"image\/jpeg"}],"twitter_card":"summary_large_image","twitter_misc":{"Ber\u00e4knad l\u00e4stid":"1 minut"},"schema":{"@context":"https:\/\/schema.org","@graph":[{"@type":"WebPage","@id":"https:\/\/keox.fi\/tuotteet\/jateastiapesurit\/keoxer\/","url":"https:\/\/keox.fi\/tuotteet\/jateastiapesurit\/keoxer\/","name":"KEOXER L - KEOX","isPartOf":{"@id":"https:\/\/keox.fi\/no\/#website"},"primaryImageOfPage":{"@id":"https:\/\/keox.fi\/tuotteet\/jateastiapesurit\/keoxer\/#primaryimage"},"image":{"@id":"https:\/\/keox.fi\/tuotteet\/jateastiapesurit\/keoxer\/#primaryimage"},"thumbnailUrl":"https:\/\/keox.fi\/wp-content\/uploads\/2016\/10\/Keoxer-kuva-820x547.jpg","datePublished":"2018-04-03T12:31:04+00:00","dateModified":"2019-09-18T07:03:39+00:00","breadcrumb":{"@id":"https:\/\/keox.fi\/tuotteet\/jateastiapesurit\/keoxer\/#breadcrumb"},"inLanguage":"sv-SE","potentialAction":[{"@type":"ReadAction","target":["https:\/\/keox.fi\/tuotteet\/jateastiapesurit\/keoxer\/"]}]},{"@type":"ImageObject","inLanguage":"sv-SE","@id":"https:\/\/keox.fi\/tuotteet\/jateastiapesurit\/keoxer\/#primaryimage","url":"https:\/\/keox.fi\/wp-content\/uploads\/2016\/10\/Keoxer-kuva-820x547.jpg","contentUrl":"https:\/\/keox.fi\/wp-content\/uploads\/2016\/10\/Keoxer-kuva-820x547.jpg"},{"@type":"BreadcrumbList","@id":"https:\/\/keox.fi\/tuotteet\/jateastiapesurit\/keoxer\/#breadcrumb","itemListElement":[{"@type":"ListItem","position":1,"name":"Etusivu","item":"https:\/\/keox.fi\/sv\/framsida\/"},{"@type":"ListItem","position":2,"name":"Produkter","item":"https:\/\/keox.fi\/sv\/produkter\/"},{"@type":"ListItem","position":3,"name":"Sopk\u00e4rlstv\u00e4ttar","item":"https:\/\/keox.fi\/tuotteet\/jateastiapesurit\/"},{"@type":"ListItem","position":4,"name":"KEOXER L"}]},{"@type":"WebSite","@id":"https:\/\/keox.fi\/no\/#website","url":"https:\/\/keox.fi\/no\/","name":"KEOX","description":"Palvelemme monipuolisesti","publisher":{"@id":"https:\/\/keox.fi\/no\/#organization"},"potentialAction":[{"@type":"SearchAction","target":{"@type":"EntryPoint","urlTemplate":"https:\/\/keox.fi\/no\/?s={search_term_string}"},"query-input":{"@type":"PropertyValueSpecification","valueRequired":true,"valueName":"search_term_string"}}],"inLanguage":"sv-SE"},{"@type":"Organization","@id":"https:\/\/keox.fi\/no\/#organization","name":"Keox Oy","url":"https:\/\/keox.fi\/no\/","logo":{"@type":"ImageObject","inLanguage":"sv-SE","@id":"https:\/\/keox.fi\/no\/#\/schema\/logo\/image\/","url":"https:\/\/keox.fi\/wp-content\/uploads\/2019\/12\/logo-pos.png","contentUrl":"https:\/\/keox.fi\/wp-content\/uploads\/2019\/12\/logo-pos.png","width":3479,"height":3479,"caption":"Keox Oy"},"image":{"@id":"https:\/\/keox.fi\/no\/#\/schema\/logo\/image\/"},"sameAs":["https:\/\/www.facebook.com\/KeoxOy\/","https:\/\/www.linkedin.com\/company\/25030509","https:\/\/www.youtube.com\/channel\/UCU54gMqjcR5mvbKJz4gAoAg"]}]}},"_links":{"self":[{"href":"https:\/\/keox.fi\/sv\/wp-json\/wp\/v2\/pages\/845"}],"collection":[{"href":"https:\/\/keox.fi\/sv\/wp-json\/wp\/v2\/pages"}],"about":[{"href":"https:\/\/keox.fi\/sv\/wp-json\/wp\/v2\/types\/page"}],"author":[{"embeddable":true,"href":"https:\/\/keox.fi\/sv\/wp-json\/wp\/v2\/users\/1"}],"replies":[{"embeddable":true,"href":"https:\/\/keox.fi\/sv\/wp-json\/wp\/v2\/comments?post=845"}],"version-history":[{"count":4,"href":"https:\/\/keox.fi\/sv\/wp-json\/wp\/v2\/pages\/845\/revisions"}],"predecessor-version":[{"id":1050,"href":"https:\/\/keox.fi\/sv\/wp-json\/wp\/v2\/pages\/845\/revisions\/1050"}],"up":[{"embeddable":true,"href":"https:\/\/keox.fi\/sv\/wp-json\/wp\/v2\/pages\/843"}],"wp:attachment":[{"href":"https:\/\/keox.fi\/sv\/wp-json\/wp\/v2\/media?parent=845"}],"curies":[{"name":"wp","href":"https:\/\/api.w.org\/{rel}","templated":true}]}}