{"id":836,"date":"2018-04-03T12:14:36","date_gmt":"2018-04-03T12:14:36","guid":{"rendered":"https:\/\/keox.fi\/?page_id=836"},"modified":"2018-04-25T07:08:18","modified_gmt":"2018-04-25T05:08:18","slug":"keox-asbest-13","status":"publish","type":"page","link":"https:\/\/keox.fi\/sv\/produkter\/torrsug\/keox-asbest-13\/","title":{"rendered":"Keox Asbest 13"},"content":{"rendered":"<h2>Sugtank f\u00f6r asbest<\/h2>\n<p>Keox patenterade sugtank f\u00f6r asbest \u00e4r en nyhet p\u00e5 marknaden. Tanken har en specialtapp f\u00f6r t\u00f6mning s\u00e5 att tankens inneh\u00e5ll rinner r\u00e4tt ner i plaststrumpan. Genom att anv\u00e4nda asbestsugtanken sparar du rej\u00e4lt med tid p\u00e5 rivningsplatsen och materialet kan tippas dammfritt p\u00e5 avstj\u00e4lpningsplatsen.<\/p>\n<p>Anordningen har ett HEPA-filter som f\u00f6rhindrar asbestpartiklar fr\u00e5n att ta sig in i torrsugen. Framf\u00f6r HEPA-filtret finns 15 p\u00e5sfilter som minskar belastningen p\u00e5 partikelfiltret.<\/p>\n<p>Tanken har en specialtapp f\u00f6r t\u00f6mning s\u00e5 att tankens inneh\u00e5ll rinner r\u00e4tt ner i plaststrumpan.<\/p>\n<p><img fetchpriority=\"high\" decoding=\"async\" class=\"alignnone size-large wp-image-206\" src=\"https:\/\/keox.fi\/wp-content\/uploads\/2016\/10\/Asbesti2-820x461.jpg\" alt=\"\" width=\"820\" height=\"461\" srcset=\"https:\/\/keox.fi\/wp-content\/uploads\/2016\/10\/Asbesti2-820x461.jpg 820w, https:\/\/keox.fi\/wp-content\/uploads\/2016\/10\/Asbesti2-640x360.jpg 640w, https:\/\/keox.fi\/wp-content\/uploads\/2016\/10\/Asbesti2-768x432.jpg 768w, https:\/\/keox.fi\/wp-content\/uploads\/2016\/10\/Asbesti2.jpg 1200w\" sizes=\"(max-width: 820px) 100vw, 820px\" \/><\/p>\n<h2>Keox Asbest<\/h2>\n<ul>\n<li>I framdelen av tanken finns en f\u00f6rfiltreringskammare med 15 p\u00e5sfilter.<\/li>\n<li>Har en 6&#8243; sugtapp med HEPA-filtreringskammare i nedre kanten.<\/li>\n<li>Inuti tanken finns en lucka som \u00f6ppnas genom egen tyngd och skyddar filterp\u00e5sarna fr\u00e5n st\u00f6tar av betongblock.<\/li>\n<li>Innan sugarbetet p\u00e5b\u00f6rjas ska plaststrumpan rullas \u00f6ver r\u00f6ret och knytas ihop i \u00e4ndan<\/li>\n<li>Vid t\u00f6mning \u00f6ppnas luckan och tankens inneh\u00e5ll f\u00e5r rinna ut<\/li>\n<li>N\u00e4r tanken t\u00f6mts knyts strumpan ihop med buntband och avfallet \u00e4r f\u00e4rdigt inpackat<\/li>\n<li>V\u00e4xelflak<\/li>\n<li>Kunden kan v\u00e4lja tankstorlek<\/li>\n<li>Material: J\u00e4rn 5 mm.<\/li>\n<li>T\u00f6mningslucka: Hydraulisk, \u00f6ppnar hela baksidan, t\u00f6mningsr\u00f6r 800mm med lucka<\/li>\n<\/ul>\n<h3>Tillbeh\u00f6r<\/h3>\n<ul>\n<li>Insugningsfilter, 14 korgar med tyngdkraftsstyrd lucka framtill p\u00e5 tanken<\/li>\n<li>Asbestfilter i en separat kammare p\u00e5 sidan av tanken<\/li>\n<li>Backventil f\u00f6r reng\u00f6ring av filtren<\/li>\n<li>Hydrauliska snabbkopplingar<\/li>\n<li>Vibrator<\/li>\n<\/ul>\n<p><strong>LADDA NER PDF-BROSCHYREN:&nbsp;<\/strong><a href=\"https:\/\/keox.fi\/wp-content\/uploads\/2018\/04\/Keox-Asbest-SWE-1.pdf\">Keox Asbest SWE<\/a><\/p>\n","protected":false},"excerpt":{"rendered":"<p>Keox patenterade sugtank f\u00f6r asbest \u00e4r en nyhet p\u00e5 marknaden. Tanken har en specialtapp f\u00f6r t\u00f6mning s\u00e5 att tankens inneh\u00e5ll rinner r\u00e4tt ner i plaststrumpan. Genom att anv\u00e4nda asbestsugtanken sparar du rej\u00e4lt med tid p\u00e5 rivningsplatsen och materialet kan tippas dammfritt p\u00e5 avstj\u00e4lpningsplatsen.<\/p>\n","protected":false},"author":1,"featured_media":0,"parent":832,"menu_order":0,"comment_status":"closed","ping_status":"closed","template":"elementor_header_footer","meta":{"ngg_post_thumbnail":0,"footnotes":""},"class_list":["post-836","page","type-page","status-publish","hentry"],"yoast_head":"<!-- This site is optimized with the Yoast SEO plugin v24.3 - https:\/\/yoast.com\/wordpress\/plugins\/seo\/ -->\n<title>Keox Asbest 13 - KEOX<\/title>\n<meta name=\"robots\" content=\"index, follow, max-snippet:-1, max-image-preview:large, max-video-preview:-1\" \/>\n<link rel=\"canonical\" href=\"https:\/\/keox.fi\/tuotteet\/kuivaimurit\/keox-asbest-13\/\" \/>\n<meta property=\"og:locale\" content=\"sv_SE\" \/>\n<meta property=\"og:type\" content=\"article\" \/>\n<meta property=\"og:title\" content=\"Keox Asbest 13 - KEOX\" \/>\n<meta property=\"og:description\" content=\"Keox patenterade sugtank f\u00f6r asbest \u00e4r en nyhet p\u00e5 marknaden. Tanken har en specialtapp f\u00f6r t\u00f6mning s\u00e5 att tankens inneh\u00e5ll rinner r\u00e4tt ner i plaststrumpan. Genom att anv\u00e4nda asbestsugtanken sparar du rej\u00e4lt med tid p\u00e5 rivningsplatsen och materialet kan tippas dammfritt p\u00e5 avstj\u00e4lpningsplatsen.\" \/>\n<meta property=\"og:url\" content=\"https:\/\/keox.fi\/tuotteet\/kuivaimurit\/keox-asbest-13\/\" \/>\n<meta property=\"og:site_name\" content=\"KEOX\" \/>\n<meta property=\"article:publisher\" content=\"https:\/\/www.facebook.com\/KeoxOy\/\" \/>\n<meta property=\"article:modified_time\" content=\"2018-04-25T05:08:18+00:00\" \/>\n<meta property=\"og:image\" content=\"https:\/\/keox.fi\/wp-content\/uploads\/2016\/10\/Asbesti2.jpg\" \/>\n\t<meta property=\"og:image:width\" content=\"1200\" \/>\n\t<meta property=\"og:image:height\" content=\"675\" \/>\n\t<meta property=\"og:image:type\" content=\"image\/jpeg\" \/>\n<meta name=\"twitter:card\" content=\"summary_large_image\" \/>\n<meta name=\"twitter:label1\" content=\"Ber\u00e4knad l\u00e4stid\" \/>\n\t<meta name=\"twitter:data1\" content=\"1 minut\" \/>\n<script type=\"application\/ld+json\" class=\"yoast-schema-graph\">{\"@context\":\"https:\/\/schema.org\",\"@graph\":[{\"@type\":\"WebPage\",\"@id\":\"https:\/\/keox.fi\/tuotteet\/kuivaimurit\/keox-asbest-13\/\",\"url\":\"https:\/\/keox.fi\/tuotteet\/kuivaimurit\/keox-asbest-13\/\",\"name\":\"Keox Asbest 13 - KEOX\",\"isPartOf\":{\"@id\":\"https:\/\/keox.fi\/no\/#website\"},\"primaryImageOfPage\":{\"@id\":\"https:\/\/keox.fi\/tuotteet\/kuivaimurit\/keox-asbest-13\/#primaryimage\"},\"image\":{\"@id\":\"https:\/\/keox.fi\/tuotteet\/kuivaimurit\/keox-asbest-13\/#primaryimage\"},\"thumbnailUrl\":\"https:\/\/keox.fi\/wp-content\/uploads\/2016\/10\/Asbesti2-820x461.jpg\",\"datePublished\":\"2018-04-03T12:14:36+00:00\",\"dateModified\":\"2018-04-25T05:08:18+00:00\",\"breadcrumb\":{\"@id\":\"https:\/\/keox.fi\/tuotteet\/kuivaimurit\/keox-asbest-13\/#breadcrumb\"},\"inLanguage\":\"sv-SE\",\"potentialAction\":[{\"@type\":\"ReadAction\",\"target\":[\"https:\/\/keox.fi\/tuotteet\/kuivaimurit\/keox-asbest-13\/\"]}]},{\"@type\":\"ImageObject\",\"inLanguage\":\"sv-SE\",\"@id\":\"https:\/\/keox.fi\/tuotteet\/kuivaimurit\/keox-asbest-13\/#primaryimage\",\"url\":\"https:\/\/keox.fi\/wp-content\/uploads\/2016\/10\/Asbesti2-820x461.jpg\",\"contentUrl\":\"https:\/\/keox.fi\/wp-content\/uploads\/2016\/10\/Asbesti2-820x461.jpg\"},{\"@type\":\"BreadcrumbList\",\"@id\":\"https:\/\/keox.fi\/tuotteet\/kuivaimurit\/keox-asbest-13\/#breadcrumb\",\"itemListElement\":[{\"@type\":\"ListItem\",\"position\":1,\"name\":\"Etusivu\",\"item\":\"https:\/\/keox.fi\/sv\/framsida\/\"},{\"@type\":\"ListItem\",\"position\":2,\"name\":\"Produkter\",\"item\":\"https:\/\/keox.fi\/sv\/produkter\/\"},{\"@type\":\"ListItem\",\"position\":3,\"name\":\"Yksityinen: Torrsug\",\"item\":\"https:\/\/keox.fi\/?page_id=36\"},{\"@type\":\"ListItem\",\"position\":4,\"name\":\"Keox Asbest 13\"}]},{\"@type\":\"WebSite\",\"@id\":\"https:\/\/keox.fi\/no\/#website\",\"url\":\"https:\/\/keox.fi\/no\/\",\"name\":\"KEOX\",\"description\":\"Palvelemme monipuolisesti\",\"publisher\":{\"@id\":\"https:\/\/keox.fi\/no\/#organization\"},\"potentialAction\":[{\"@type\":\"SearchAction\",\"target\":{\"@type\":\"EntryPoint\",\"urlTemplate\":\"https:\/\/keox.fi\/no\/?s={search_term_string}\"},\"query-input\":{\"@type\":\"PropertyValueSpecification\",\"valueRequired\":true,\"valueName\":\"search_term_string\"}}],\"inLanguage\":\"sv-SE\"},{\"@type\":\"Organization\",\"@id\":\"https:\/\/keox.fi\/no\/#organization\",\"name\":\"Keox Oy\",\"url\":\"https:\/\/keox.fi\/no\/\",\"logo\":{\"@type\":\"ImageObject\",\"inLanguage\":\"sv-SE\",\"@id\":\"https:\/\/keox.fi\/no\/#\/schema\/logo\/image\/\",\"url\":\"https:\/\/keox.fi\/wp-content\/uploads\/2019\/12\/logo-pos.png\",\"contentUrl\":\"https:\/\/keox.fi\/wp-content\/uploads\/2019\/12\/logo-pos.png\",\"width\":3479,\"height\":3479,\"caption\":\"Keox Oy\"},\"image\":{\"@id\":\"https:\/\/keox.fi\/no\/#\/schema\/logo\/image\/\"},\"sameAs\":[\"https:\/\/www.facebook.com\/KeoxOy\/\",\"https:\/\/www.linkedin.com\/company\/25030509\",\"https:\/\/www.youtube.com\/channel\/UCU54gMqjcR5mvbKJz4gAoAg\"]}]}<\/script>\n<!-- \/ Yoast SEO plugin. -->","yoast_head_json":{"title":"Keox Asbest 13 - KEOX","robots":{"index":"index","follow":"follow","max-snippet":"max-snippet:-1","max-image-preview":"max-image-preview:large","max-video-preview":"max-video-preview:-1"},"canonical":"https:\/\/keox.fi\/tuotteet\/kuivaimurit\/keox-asbest-13\/","og_locale":"sv_SE","og_type":"article","og_title":"Keox Asbest 13 - KEOX","og_description":"Keox patenterade sugtank f\u00f6r asbest \u00e4r en nyhet p\u00e5 marknaden. Tanken har en specialtapp f\u00f6r t\u00f6mning s\u00e5 att tankens inneh\u00e5ll rinner r\u00e4tt ner i plaststrumpan. Genom att anv\u00e4nda asbestsugtanken sparar du rej\u00e4lt med tid p\u00e5 rivningsplatsen och materialet kan tippas dammfritt p\u00e5 avstj\u00e4lpningsplatsen.","og_url":"https:\/\/keox.fi\/tuotteet\/kuivaimurit\/keox-asbest-13\/","og_site_name":"KEOX","article_publisher":"https:\/\/www.facebook.com\/KeoxOy\/","article_modified_time":"2018-04-25T05:08:18+00:00","og_image":[{"width":1200,"height":675,"url":"https:\/\/keox.fi\/wp-content\/uploads\/2016\/10\/Asbesti2.jpg","type":"image\/jpeg"}],"twitter_card":"summary_large_image","twitter_misc":{"Ber\u00e4knad l\u00e4stid":"1 minut"},"schema":{"@context":"https:\/\/schema.org","@graph":[{"@type":"WebPage","@id":"https:\/\/keox.fi\/tuotteet\/kuivaimurit\/keox-asbest-13\/","url":"https:\/\/keox.fi\/tuotteet\/kuivaimurit\/keox-asbest-13\/","name":"Keox Asbest 13 - KEOX","isPartOf":{"@id":"https:\/\/keox.fi\/no\/#website"},"primaryImageOfPage":{"@id":"https:\/\/keox.fi\/tuotteet\/kuivaimurit\/keox-asbest-13\/#primaryimage"},"image":{"@id":"https:\/\/keox.fi\/tuotteet\/kuivaimurit\/keox-asbest-13\/#primaryimage"},"thumbnailUrl":"https:\/\/keox.fi\/wp-content\/uploads\/2016\/10\/Asbesti2-820x461.jpg","datePublished":"2018-04-03T12:14:36+00:00","dateModified":"2018-04-25T05:08:18+00:00","breadcrumb":{"@id":"https:\/\/keox.fi\/tuotteet\/kuivaimurit\/keox-asbest-13\/#breadcrumb"},"inLanguage":"sv-SE","potentialAction":[{"@type":"ReadAction","target":["https:\/\/keox.fi\/tuotteet\/kuivaimurit\/keox-asbest-13\/"]}]},{"@type":"ImageObject","inLanguage":"sv-SE","@id":"https:\/\/keox.fi\/tuotteet\/kuivaimurit\/keox-asbest-13\/#primaryimage","url":"https:\/\/keox.fi\/wp-content\/uploads\/2016\/10\/Asbesti2-820x461.jpg","contentUrl":"https:\/\/keox.fi\/wp-content\/uploads\/2016\/10\/Asbesti2-820x461.jpg"},{"@type":"BreadcrumbList","@id":"https:\/\/keox.fi\/tuotteet\/kuivaimurit\/keox-asbest-13\/#breadcrumb","itemListElement":[{"@type":"ListItem","position":1,"name":"Etusivu","item":"https:\/\/keox.fi\/sv\/framsida\/"},{"@type":"ListItem","position":2,"name":"Produkter","item":"https:\/\/keox.fi\/sv\/produkter\/"},{"@type":"ListItem","position":3,"name":"Yksityinen: Torrsug","item":"https:\/\/keox.fi\/?page_id=36"},{"@type":"ListItem","position":4,"name":"Keox Asbest 13"}]},{"@type":"WebSite","@id":"https:\/\/keox.fi\/no\/#website","url":"https:\/\/keox.fi\/no\/","name":"KEOX","description":"Palvelemme monipuolisesti","publisher":{"@id":"https:\/\/keox.fi\/no\/#organization"},"potentialAction":[{"@type":"SearchAction","target":{"@type":"EntryPoint","urlTemplate":"https:\/\/keox.fi\/no\/?s={search_term_string}"},"query-input":{"@type":"PropertyValueSpecification","valueRequired":true,"valueName":"search_term_string"}}],"inLanguage":"sv-SE"},{"@type":"Organization","@id":"https:\/\/keox.fi\/no\/#organization","name":"Keox Oy","url":"https:\/\/keox.fi\/no\/","logo":{"@type":"ImageObject","inLanguage":"sv-SE","@id":"https:\/\/keox.fi\/no\/#\/schema\/logo\/image\/","url":"https:\/\/keox.fi\/wp-content\/uploads\/2019\/12\/logo-pos.png","contentUrl":"https:\/\/keox.fi\/wp-content\/uploads\/2019\/12\/logo-pos.png","width":3479,"height":3479,"caption":"Keox Oy"},"image":{"@id":"https:\/\/keox.fi\/no\/#\/schema\/logo\/image\/"},"sameAs":["https:\/\/www.facebook.com\/KeoxOy\/","https:\/\/www.linkedin.com\/company\/25030509","https:\/\/www.youtube.com\/channel\/UCU54gMqjcR5mvbKJz4gAoAg"]}]}},"_links":{"self":[{"href":"https:\/\/keox.fi\/sv\/wp-json\/wp\/v2\/pages\/836"}],"collection":[{"href":"https:\/\/keox.fi\/sv\/wp-json\/wp\/v2\/pages"}],"about":[{"href":"https:\/\/keox.fi\/sv\/wp-json\/wp\/v2\/types\/page"}],"author":[{"embeddable":true,"href":"https:\/\/keox.fi\/sv\/wp-json\/wp\/v2\/users\/1"}],"replies":[{"embeddable":true,"href":"https:\/\/keox.fi\/sv\/wp-json\/wp\/v2\/comments?post=836"}],"version-history":[{"count":6,"href":"https:\/\/keox.fi\/sv\/wp-json\/wp\/v2\/pages\/836\/revisions"}],"predecessor-version":[{"id":984,"href":"https:\/\/keox.fi\/sv\/wp-json\/wp\/v2\/pages\/836\/revisions\/984"}],"up":[{"embeddable":true,"href":"https:\/\/keox.fi\/sv\/wp-json\/wp\/v2\/pages\/832"}],"wp:attachment":[{"href":"https:\/\/keox.fi\/sv\/wp-json\/wp\/v2\/media?parent=836"}],"curies":[{"name":"wp","href":"https:\/\/api.w.org\/{rel}","templated":true}]}}