{"id":835,"date":"2018-04-03T12:22:31","date_gmt":"2018-04-03T12:22:31","guid":{"rendered":"https:\/\/keox.fi\/?page_id=835"},"modified":"2018-04-03T12:22:31","modified_gmt":"2018-04-03T12:22:31","slug":"keox-9000-14-rfs","status":"publish","type":"page","link":"https:\/\/keox.fi\/sv\/produkter\/torrsug\/keox-9000-14-rfs\/","title":{"rendered":"Keox 9000 14 RFS"},"content":{"rendered":"<h2>KEOX 9000 RFS vakuumsug<\/h2>\n<h4>F\u00f6r torr- och v\u00e5tsugning och bl\u00e5sning av torra, korniga material. Keox 9000 \u00e4r avsedd f\u00f6r industriell anv\u00e4ndning och kan suga och hantera s\u00e5v\u00e4l stora m\u00e4ngder som finmalda \u00e4mnen och slam.<\/h4>\n<p>Keox 9000 finns i tre olika modeller; fast monterad, som p\u00e5h\u00e4ngsvagn eller som v\u00e4xelflak. Enkelt hante-ringssystem, l\u00e4tt att anv\u00e4nda och underh\u00e5lla. Filtren \u00e4r placerade s\u00e5 att man varken beh\u00f6ver krypa eller kl\u00e4ttra f\u00f6r att reng\u00f6ra dem. Slanghyllor l\u00e4ngs hela tanken p\u00e5 b\u00e4gge sidorna. Finns att f\u00e5 med ett flertal standardanordningar och till\u00e4gg enligt kundens \u00f6nskem\u00e5l. Tryckt\u00e4tt filterutrymme f\u00f6r optimal spolning. Filtren \u00e4r placerade s\u00e5 att de tar h\u00f6gst 1 m3 lastutrymme.<\/p>\n<p><img fetchpriority=\"high\" decoding=\"async\" class=\"size-large wp-image-311 aligncenter\" src=\"https:\/\/keox.fi\/wp-content\/uploads\/2016\/10\/IMG_0800_Nettisivuille-820x461.jpg\" alt=\"\" width=\"820\" height=\"461\" srcset=\"https:\/\/keox.fi\/wp-content\/uploads\/2016\/10\/IMG_0800_Nettisivuille-820x461.jpg 820w, https:\/\/keox.fi\/wp-content\/uploads\/2016\/10\/IMG_0800_Nettisivuille-640x360.jpg 640w, https:\/\/keox.fi\/wp-content\/uploads\/2016\/10\/IMG_0800_Nettisivuille-768x432.jpg 768w, https:\/\/keox.fi\/wp-content\/uploads\/2016\/10\/IMG_0800_Nettisivuille.jpg 1200w\" sizes=\"(max-width: 820px) 100vw, 820px\" \/><\/p>\n<h2>KEOX 9000<\/h2>\n<ul>\n<li>Hibos luftkylda rotationskolvpump SIAV 8702 9000 m\u00b3\/h, 224 kW<\/li>\n<li>L\u00e4ttanv\u00e4nt system<\/li>\n<li>Tanken dimensionerad enligt kundens \u00f6nskem\u00e5l<\/li>\n<li>Hydraulisk tippanordning f\u00f6r t\u00f6mning<\/li>\n<li>Tankkonstruktion i RFS<\/li>\n<li>Rymliga f\u00f6rvaringsutrymmen f\u00f6r slangar p\u00e5 b\u00e4gge sidorna<\/li>\n<li>Sm\u00e5 effektf\u00f6rluster<\/li>\n<li>L\u00e5ga varvtal<\/li>\n<li>Minimerade utsl\u00e4pp<\/li>\n<li>Kan skr\u00e4ddarsys enligt kundens behov<\/li>\n<li>F\u00e5s ocks\u00e5 som ADR-godk\u00e4nd<\/li>\n<li>Enkel reng\u00f6ring av filtren<\/li>\n<li>Vattensprayfunktion f\u00f6r att f\u00f6rebygga damm vid bl\u00e5sning<\/li>\n<li>Automatisk reng\u00f6ring under sj\u00e4lva arbetet genom ett knapptryck<\/li>\n<\/ul>\n<h3>Filtersystem<\/h3>\n<ul>\n<li>Vakuumfilter 12 p\u00e5sar x 2 p\u00e5 sidan av tanken<\/li>\n<li>P\u00e5 b\u00e4gge sidor, t\u00f6mningsluckor inne i tanken, service\/reng\u00f6ringsluckor p\u00e5 sidan (g\u00f6r det m\u00f6jligt att enkelt reng\u00f6ra filtren utan att ta loss dem)<\/li>\n<li>S\u00e4kerhetsfilterpaket med 3 filter<\/li>\n<\/ul>\n<h3>Tillval av till\u00e4ggsutrustning<\/h3>\n<ul>\n<li>Radioapparat; funktioner enligt kundens behov<\/li>\n<li>Varvtalsreglage<\/li>\n<li>Varvtals- och drifttidsm\u00e4tare f\u00f6r pumparna<\/li>\n<li>Varningsljus LED, placering enligt kundens \u00f6nskem\u00e5l<\/li>\n<li>Sugarm med 6 tums slang<\/li>\n<li>RFS-man\u00f6vercentral<\/li>\n<li>Separat elsystem f\u00f6r p\u00e5byggnaden<\/li>\n<li>Slangkrokar RFS<\/li>\n<li>Handman\u00f6vrerad isbrytare invid bl\u00e5stappen<\/li>\n<li>Tryckluftsvinda<\/li>\n<li>Jordkabelrulle<\/li>\n<li>Vibrator<\/li>\n<li>St\u00e4llningar f\u00f6r spade, j\u00e4rnspett och stege<\/li>\n<li>Brandsl\u00e4ckare<\/li>\n<\/ul>\n<p><strong>LADDA NER PDF-BROSCHYREN: <\/strong> <a href=\"https:\/\/keox.fi\/wp-content\/uploads\/2017\/12\/Keox-Suurtehoimuri.pdf\">Keox Suurtehoimuri<\/a><\/p>\n<p><img decoding=\"async\" class=\"size-large wp-image-343 aligncenter\" src=\"https:\/\/keox.fi\/wp-content\/uploads\/2016\/10\/15-12111-Layout-820x441.jpg\" alt=\"\" width=\"820\" height=\"441\" srcset=\"https:\/\/keox.fi\/wp-content\/uploads\/2016\/10\/15-12111-Layout-820x441.jpg 820w, https:\/\/keox.fi\/wp-content\/uploads\/2016\/10\/15-12111-Layout-640x344.jpg 640w, https:\/\/keox.fi\/wp-content\/uploads\/2016\/10\/15-12111-Layout-768x413.jpg 768w, https:\/\/keox.fi\/wp-content\/uploads\/2016\/10\/15-12111-Layout.jpg 1450w\" sizes=\"(max-width: 820px) 100vw, 820px\" \/><\/p>\n","protected":false},"excerpt":{"rendered":"<p>F\u00f6r torr- och v\u00e5tsugning och bl\u00e5sning av torra, korniga material. Keox 9000 \u00e4r avsedd f\u00f6r industriell an-v\u00e4ndning och kan suga och hantera stora m\u00e4ngder, finmalda \u00e4mnen, slam och v\u00e4tskor.<\/p>\n","protected":false},"author":1,"featured_media":0,"parent":832,"menu_order":0,"comment_status":"closed","ping_status":"closed","template":"elementor_header_footer","meta":{"ngg_post_thumbnail":0,"footnotes":""},"class_list":["post-835","page","type-page","status-publish","hentry"],"yoast_head":"<!-- This site is optimized with the Yoast SEO plugin v24.3 - https:\/\/yoast.com\/wordpress\/plugins\/seo\/ -->\n<title>Keox 9000 14 RFS - KEOX<\/title>\n<meta name=\"robots\" content=\"index, follow, max-snippet:-1, max-image-preview:large, max-video-preview:-1\" \/>\n<link rel=\"canonical\" href=\"https:\/\/keox.fi\/tuotteet\/kuivaimurit\/keox-9000\/\" \/>\n<meta property=\"og:locale\" content=\"sv_SE\" \/>\n<meta property=\"og:type\" content=\"article\" \/>\n<meta property=\"og:title\" content=\"Keox 9000 14 RFS - KEOX\" \/>\n<meta property=\"og:description\" content=\"F\u00f6r torr- och v\u00e5tsugning och bl\u00e5sning av torra, korniga material. Keox 9000 \u00e4r avsedd f\u00f6r industriell an-v\u00e4ndning och kan suga och hantera stora m\u00e4ngder, finmalda \u00e4mnen, slam och v\u00e4tskor.\" \/>\n<meta property=\"og:url\" content=\"https:\/\/keox.fi\/tuotteet\/kuivaimurit\/keox-9000\/\" \/>\n<meta property=\"og:site_name\" content=\"KEOX\" \/>\n<meta property=\"article:publisher\" content=\"https:\/\/www.facebook.com\/KeoxOy\/\" \/>\n<meta property=\"og:image\" content=\"https:\/\/keox.fi\/wp-content\/uploads\/2016\/10\/IMG_0800_Nettisivuille.jpg\" \/>\n\t<meta property=\"og:image:width\" content=\"1200\" \/>\n\t<meta property=\"og:image:height\" content=\"675\" \/>\n\t<meta property=\"og:image:type\" content=\"image\/jpeg\" \/>\n<meta name=\"twitter:card\" content=\"summary_large_image\" \/>\n<meta name=\"twitter:label1\" content=\"Ber\u00e4knad l\u00e4stid\" \/>\n\t<meta name=\"twitter:data1\" content=\"2 minuter\" \/>\n<script type=\"application\/ld+json\" class=\"yoast-schema-graph\">{\"@context\":\"https:\/\/schema.org\",\"@graph\":[{\"@type\":\"WebPage\",\"@id\":\"https:\/\/keox.fi\/tuotteet\/kuivaimurit\/keox-9000\/\",\"url\":\"https:\/\/keox.fi\/tuotteet\/kuivaimurit\/keox-9000\/\",\"name\":\"Keox 9000 14 RFS - KEOX\",\"isPartOf\":{\"@id\":\"https:\/\/keox.fi\/no\/#website\"},\"primaryImageOfPage\":{\"@id\":\"https:\/\/keox.fi\/tuotteet\/kuivaimurit\/keox-9000\/#primaryimage\"},\"image\":{\"@id\":\"https:\/\/keox.fi\/tuotteet\/kuivaimurit\/keox-9000\/#primaryimage\"},\"thumbnailUrl\":\"https:\/\/keox.fi\/wp-content\/uploads\/2016\/10\/IMG_0800_Nettisivuille-820x461.jpg\",\"datePublished\":\"2018-04-03T12:22:31+00:00\",\"dateModified\":\"2018-04-03T12:22:31+00:00\",\"breadcrumb\":{\"@id\":\"https:\/\/keox.fi\/tuotteet\/kuivaimurit\/keox-9000\/#breadcrumb\"},\"inLanguage\":\"sv-SE\",\"potentialAction\":[{\"@type\":\"ReadAction\",\"target\":[\"https:\/\/keox.fi\/tuotteet\/kuivaimurit\/keox-9000\/\"]}]},{\"@type\":\"ImageObject\",\"inLanguage\":\"sv-SE\",\"@id\":\"https:\/\/keox.fi\/tuotteet\/kuivaimurit\/keox-9000\/#primaryimage\",\"url\":\"https:\/\/keox.fi\/wp-content\/uploads\/2016\/10\/IMG_0800_Nettisivuille-820x461.jpg\",\"contentUrl\":\"https:\/\/keox.fi\/wp-content\/uploads\/2016\/10\/IMG_0800_Nettisivuille-820x461.jpg\"},{\"@type\":\"BreadcrumbList\",\"@id\":\"https:\/\/keox.fi\/tuotteet\/kuivaimurit\/keox-9000\/#breadcrumb\",\"itemListElement\":[{\"@type\":\"ListItem\",\"position\":1,\"name\":\"Etusivu\",\"item\":\"https:\/\/keox.fi\/sv\/framsida\/\"},{\"@type\":\"ListItem\",\"position\":2,\"name\":\"Produkter\",\"item\":\"https:\/\/keox.fi\/sv\/produkter\/\"},{\"@type\":\"ListItem\",\"position\":3,\"name\":\"Yksityinen: Torrsug\",\"item\":\"https:\/\/keox.fi\/?page_id=36\"},{\"@type\":\"ListItem\",\"position\":4,\"name\":\"Keox 9000 14 RFS\"}]},{\"@type\":\"WebSite\",\"@id\":\"https:\/\/keox.fi\/no\/#website\",\"url\":\"https:\/\/keox.fi\/no\/\",\"name\":\"KEOX\",\"description\":\"Palvelemme monipuolisesti\",\"publisher\":{\"@id\":\"https:\/\/keox.fi\/no\/#organization\"},\"potentialAction\":[{\"@type\":\"SearchAction\",\"target\":{\"@type\":\"EntryPoint\",\"urlTemplate\":\"https:\/\/keox.fi\/no\/?s={search_term_string}\"},\"query-input\":{\"@type\":\"PropertyValueSpecification\",\"valueRequired\":true,\"valueName\":\"search_term_string\"}}],\"inLanguage\":\"sv-SE\"},{\"@type\":\"Organization\",\"@id\":\"https:\/\/keox.fi\/no\/#organization\",\"name\":\"Keox Oy\",\"url\":\"https:\/\/keox.fi\/no\/\",\"logo\":{\"@type\":\"ImageObject\",\"inLanguage\":\"sv-SE\",\"@id\":\"https:\/\/keox.fi\/no\/#\/schema\/logo\/image\/\",\"url\":\"https:\/\/keox.fi\/wp-content\/uploads\/2019\/12\/logo-pos.png\",\"contentUrl\":\"https:\/\/keox.fi\/wp-content\/uploads\/2019\/12\/logo-pos.png\",\"width\":3479,\"height\":3479,\"caption\":\"Keox Oy\"},\"image\":{\"@id\":\"https:\/\/keox.fi\/no\/#\/schema\/logo\/image\/\"},\"sameAs\":[\"https:\/\/www.facebook.com\/KeoxOy\/\",\"https:\/\/www.linkedin.com\/company\/25030509\",\"https:\/\/www.youtube.com\/channel\/UCU54gMqjcR5mvbKJz4gAoAg\"]}]}<\/script>\n<!-- \/ Yoast SEO plugin. -->","yoast_head_json":{"title":"Keox 9000 14 RFS - KEOX","robots":{"index":"index","follow":"follow","max-snippet":"max-snippet:-1","max-image-preview":"max-image-preview:large","max-video-preview":"max-video-preview:-1"},"canonical":"https:\/\/keox.fi\/tuotteet\/kuivaimurit\/keox-9000\/","og_locale":"sv_SE","og_type":"article","og_title":"Keox 9000 14 RFS - KEOX","og_description":"F\u00f6r torr- och v\u00e5tsugning och bl\u00e5sning av torra, korniga material. Keox 9000 \u00e4r avsedd f\u00f6r industriell an-v\u00e4ndning och kan suga och hantera stora m\u00e4ngder, finmalda \u00e4mnen, slam och v\u00e4tskor.","og_url":"https:\/\/keox.fi\/tuotteet\/kuivaimurit\/keox-9000\/","og_site_name":"KEOX","article_publisher":"https:\/\/www.facebook.com\/KeoxOy\/","og_image":[{"width":1200,"height":675,"url":"https:\/\/keox.fi\/wp-content\/uploads\/2016\/10\/IMG_0800_Nettisivuille.jpg","type":"image\/jpeg"}],"twitter_card":"summary_large_image","twitter_misc":{"Ber\u00e4knad l\u00e4stid":"2 minuter"},"schema":{"@context":"https:\/\/schema.org","@graph":[{"@type":"WebPage","@id":"https:\/\/keox.fi\/tuotteet\/kuivaimurit\/keox-9000\/","url":"https:\/\/keox.fi\/tuotteet\/kuivaimurit\/keox-9000\/","name":"Keox 9000 14 RFS - KEOX","isPartOf":{"@id":"https:\/\/keox.fi\/no\/#website"},"primaryImageOfPage":{"@id":"https:\/\/keox.fi\/tuotteet\/kuivaimurit\/keox-9000\/#primaryimage"},"image":{"@id":"https:\/\/keox.fi\/tuotteet\/kuivaimurit\/keox-9000\/#primaryimage"},"thumbnailUrl":"https:\/\/keox.fi\/wp-content\/uploads\/2016\/10\/IMG_0800_Nettisivuille-820x461.jpg","datePublished":"2018-04-03T12:22:31+00:00","dateModified":"2018-04-03T12:22:31+00:00","breadcrumb":{"@id":"https:\/\/keox.fi\/tuotteet\/kuivaimurit\/keox-9000\/#breadcrumb"},"inLanguage":"sv-SE","potentialAction":[{"@type":"ReadAction","target":["https:\/\/keox.fi\/tuotteet\/kuivaimurit\/keox-9000\/"]}]},{"@type":"ImageObject","inLanguage":"sv-SE","@id":"https:\/\/keox.fi\/tuotteet\/kuivaimurit\/keox-9000\/#primaryimage","url":"https:\/\/keox.fi\/wp-content\/uploads\/2016\/10\/IMG_0800_Nettisivuille-820x461.jpg","contentUrl":"https:\/\/keox.fi\/wp-content\/uploads\/2016\/10\/IMG_0800_Nettisivuille-820x461.jpg"},{"@type":"BreadcrumbList","@id":"https:\/\/keox.fi\/tuotteet\/kuivaimurit\/keox-9000\/#breadcrumb","itemListElement":[{"@type":"ListItem","position":1,"name":"Etusivu","item":"https:\/\/keox.fi\/sv\/framsida\/"},{"@type":"ListItem","position":2,"name":"Produkter","item":"https:\/\/keox.fi\/sv\/produkter\/"},{"@type":"ListItem","position":3,"name":"Yksityinen: Torrsug","item":"https:\/\/keox.fi\/?page_id=36"},{"@type":"ListItem","position":4,"name":"Keox 9000 14 RFS"}]},{"@type":"WebSite","@id":"https:\/\/keox.fi\/no\/#website","url":"https:\/\/keox.fi\/no\/","name":"KEOX","description":"Palvelemme monipuolisesti","publisher":{"@id":"https:\/\/keox.fi\/no\/#organization"},"potentialAction":[{"@type":"SearchAction","target":{"@type":"EntryPoint","urlTemplate":"https:\/\/keox.fi\/no\/?s={search_term_string}"},"query-input":{"@type":"PropertyValueSpecification","valueRequired":true,"valueName":"search_term_string"}}],"inLanguage":"sv-SE"},{"@type":"Organization","@id":"https:\/\/keox.fi\/no\/#organization","name":"Keox Oy","url":"https:\/\/keox.fi\/no\/","logo":{"@type":"ImageObject","inLanguage":"sv-SE","@id":"https:\/\/keox.fi\/no\/#\/schema\/logo\/image\/","url":"https:\/\/keox.fi\/wp-content\/uploads\/2019\/12\/logo-pos.png","contentUrl":"https:\/\/keox.fi\/wp-content\/uploads\/2019\/12\/logo-pos.png","width":3479,"height":3479,"caption":"Keox Oy"},"image":{"@id":"https:\/\/keox.fi\/no\/#\/schema\/logo\/image\/"},"sameAs":["https:\/\/www.facebook.com\/KeoxOy\/","https:\/\/www.linkedin.com\/company\/25030509","https:\/\/www.youtube.com\/channel\/UCU54gMqjcR5mvbKJz4gAoAg"]}]}},"_links":{"self":[{"href":"https:\/\/keox.fi\/sv\/wp-json\/wp\/v2\/pages\/835"}],"collection":[{"href":"https:\/\/keox.fi\/sv\/wp-json\/wp\/v2\/pages"}],"about":[{"href":"https:\/\/keox.fi\/sv\/wp-json\/wp\/v2\/types\/page"}],"author":[{"embeddable":true,"href":"https:\/\/keox.fi\/sv\/wp-json\/wp\/v2\/users\/1"}],"replies":[{"embeddable":true,"href":"https:\/\/keox.fi\/sv\/wp-json\/wp\/v2\/comments?post=835"}],"version-history":[{"count":1,"href":"https:\/\/keox.fi\/sv\/wp-json\/wp\/v2\/pages\/835\/revisions"}],"predecessor-version":[{"id":840,"href":"https:\/\/keox.fi\/sv\/wp-json\/wp\/v2\/pages\/835\/revisions\/840"}],"up":[{"embeddable":true,"href":"https:\/\/keox.fi\/sv\/wp-json\/wp\/v2\/pages\/832"}],"wp:attachment":[{"href":"https:\/\/keox.fi\/sv\/wp-json\/wp\/v2\/media?parent=835"}],"curies":[{"name":"wp","href":"https:\/\/api.w.org\/{rel}","templated":true}]}}