{"id":834,"date":"2018-04-03T12:17:51","date_gmt":"2018-04-03T12:17:51","guid":{"rendered":"https:\/\/keox.fi\/?page_id=834"},"modified":"2018-04-03T12:17:51","modified_gmt":"2018-04-03T12:17:51","slug":"keox-7500","status":"publish","type":"page","link":"https:\/\/keox.fi\/sv\/produkter\/torrsug\/keox-7500\/","title":{"rendered":"Keox 7500"},"content":{"rendered":"<h2>Keox 7500<\/h2>\n<p>Keox 7500 \u00e4r ett kombinationsfordon i full storlek, som ocks\u00e5 l\u00e4mpar sig f\u00f6r de vanligaste torrsugnings-arbetena. F\u00f6r sugning och bl\u00e5sning av flytande och torra \u00e4mnen. Maximal kapacitet, nyttolast, hanter-barhet och l\u00e4gre br\u00e4nslef\u00f6rbrukning.<\/p>\n<p><img fetchpriority=\"high\" decoding=\"async\" class=\"size-large wp-image-52 aligncenter\" src=\"https:\/\/keox.fi\/wp-content\/uploads\/2016\/10\/listakuva_imuautot-820x460.jpg\" alt=\"\" width=\"820\" height=\"460\" srcset=\"https:\/\/keox.fi\/wp-content\/uploads\/2016\/10\/listakuva_imuautot.jpg 820w, https:\/\/keox.fi\/wp-content\/uploads\/2016\/10\/listakuva_imuautot-640x359.jpg 640w, https:\/\/keox.fi\/wp-content\/uploads\/2016\/10\/listakuva_imuautot-768x431.jpg 768w\" sizes=\"(max-width: 820px) 100vw, 820px\" \/><\/p>\n<h2>Keox 7500<\/h2>\n<ul>\n<li>Tanken dimensionerad enligt kundens \u00f6nskem\u00e5l<\/li>\n<li>Hydraulisk tippanordning f\u00f6r t\u00f6mning<\/li>\n<li>Tankkonstruktion i RFS<\/li>\n<li>Rymliga f\u00f6rvaringsutrymmen f\u00f6r slangar p\u00e5 b\u00e4gge sidorna<\/li>\n<li>Sm\u00e5 effektf\u00f6rluster<\/li>\n<li>L\u00e5ga varvtal<\/li>\n<li>Minimerade utsl\u00e4pp<\/li>\n<li>Kan skr\u00e4ddarsys enligt kundens behov<\/li>\n<li>F\u00e5s ocks\u00e5 som ADR-godk\u00e4nd<\/li>\n<li>Enkel reng\u00f6ring av filtren<\/li>\n<li>Radioapparat<\/li>\n<\/ul>\n<h3>Tillval av till\u00e4ggsutrustning<\/h3>\n<ul>\n<li>Arbetslampor placerade enligt \u00f6nskem\u00e5l<\/li>\n<li>Kabelvinda med lampa<\/li>\n<li>Jordkabelrulle<\/li>\n<li>Tryckluftsvinda<\/li>\n<li>Varningsljus i bakre delen av tanken<\/li>\n<li>Slanghyllor p\u00e5 b\u00e4gge sidorna<\/li>\n<li>F\u00f6rvaringsvinda f\u00f6r 6 tums slangar baktill p\u00e5 tanken<\/li>\n<li>Hydraulisk tank f\u00e4rdigt monterad p\u00e5 underredet<\/li>\n<li>Hydraulsystemets APU-pump Hydro Leduc Xpi50<\/li>\n<\/ul>\n<p><strong>LADDA NER PDF-BROSCHYREN: <\/strong><a href=\"https:\/\/keox.fi\/wp-content\/uploads\/2017\/12\/Keox-Hybrid-Suomi.pdf\">Keox 7500<\/a><\/p>\n","protected":false},"excerpt":{"rendered":"<p>Keox Hybrid \u00e4r ett kombinationsfordon i full storlek. Det fungerar ocks\u00e5 f\u00f6r de vanligaste torrsugnings-arbetena. F\u00f6r sugning och bl\u00e5sning av flytande och torra \u00e4mnen. Maximal kapacitet, nyttolast, hanter-barhet och l\u00e4gre br\u00e4nsle\u00e5tg\u00e5ng.<\/p>\n","protected":false},"author":1,"featured_media":0,"parent":832,"menu_order":0,"comment_status":"closed","ping_status":"closed","template":"elementor_header_footer","meta":{"ngg_post_thumbnail":0,"footnotes":""},"class_list":["post-834","page","type-page","status-publish","hentry"],"yoast_head":"<!-- This site is optimized with the Yoast SEO plugin v24.3 - https:\/\/yoast.com\/wordpress\/plugins\/seo\/ -->\n<title>Keox 7500 - KEOX<\/title>\n<meta name=\"robots\" content=\"index, follow, max-snippet:-1, max-image-preview:large, max-video-preview:-1\" \/>\n<link rel=\"canonical\" href=\"https:\/\/keox.fi\/tuotteet\/kuivaimurit\/keox-7500-hybrid\/\" \/>\n<meta property=\"og:locale\" content=\"sv_SE\" \/>\n<meta property=\"og:type\" content=\"article\" \/>\n<meta property=\"og:title\" content=\"Keox 7500 - KEOX\" \/>\n<meta property=\"og:description\" content=\"Keox Hybrid \u00e4r ett kombinationsfordon i full storlek. Det fungerar ocks\u00e5 f\u00f6r de vanligaste torrsugnings-arbetena. F\u00f6r sugning och bl\u00e5sning av flytande och torra \u00e4mnen. Maximal kapacitet, nyttolast, hanter-barhet och l\u00e4gre br\u00e4nsle\u00e5tg\u00e5ng.\" \/>\n<meta property=\"og:url\" content=\"https:\/\/keox.fi\/tuotteet\/kuivaimurit\/keox-7500-hybrid\/\" \/>\n<meta property=\"og:site_name\" content=\"KEOX\" \/>\n<meta property=\"article:publisher\" content=\"https:\/\/www.facebook.com\/KeoxOy\/\" \/>\n<meta property=\"og:image\" content=\"https:\/\/keox.fi\/wp-content\/uploads\/2016\/10\/listakuva_imuautot.jpg\" \/>\n\t<meta property=\"og:image:width\" content=\"820\" \/>\n\t<meta property=\"og:image:height\" content=\"460\" \/>\n\t<meta property=\"og:image:type\" content=\"image\/jpeg\" \/>\n<meta name=\"twitter:card\" content=\"summary_large_image\" \/>\n<meta name=\"twitter:label1\" content=\"Ber\u00e4knad l\u00e4stid\" \/>\n\t<meta name=\"twitter:data1\" content=\"1 minut\" \/>\n<script type=\"application\/ld+json\" class=\"yoast-schema-graph\">{\"@context\":\"https:\/\/schema.org\",\"@graph\":[{\"@type\":\"WebPage\",\"@id\":\"https:\/\/keox.fi\/tuotteet\/kuivaimurit\/keox-7500-hybrid\/\",\"url\":\"https:\/\/keox.fi\/tuotteet\/kuivaimurit\/keox-7500-hybrid\/\",\"name\":\"Keox 7500 - KEOX\",\"isPartOf\":{\"@id\":\"https:\/\/keox.fi\/no\/#website\"},\"primaryImageOfPage\":{\"@id\":\"https:\/\/keox.fi\/tuotteet\/kuivaimurit\/keox-7500-hybrid\/#primaryimage\"},\"image\":{\"@id\":\"https:\/\/keox.fi\/tuotteet\/kuivaimurit\/keox-7500-hybrid\/#primaryimage\"},\"thumbnailUrl\":\"https:\/\/keox.fi\/wp-content\/uploads\/2016\/10\/listakuva_imuautot-820x460.jpg\",\"datePublished\":\"2018-04-03T12:17:51+00:00\",\"dateModified\":\"2018-04-03T12:17:51+00:00\",\"breadcrumb\":{\"@id\":\"https:\/\/keox.fi\/tuotteet\/kuivaimurit\/keox-7500-hybrid\/#breadcrumb\"},\"inLanguage\":\"sv-SE\",\"potentialAction\":[{\"@type\":\"ReadAction\",\"target\":[\"https:\/\/keox.fi\/tuotteet\/kuivaimurit\/keox-7500-hybrid\/\"]}]},{\"@type\":\"ImageObject\",\"inLanguage\":\"sv-SE\",\"@id\":\"https:\/\/keox.fi\/tuotteet\/kuivaimurit\/keox-7500-hybrid\/#primaryimage\",\"url\":\"https:\/\/keox.fi\/wp-content\/uploads\/2016\/10\/listakuva_imuautot-820x460.jpg\",\"contentUrl\":\"https:\/\/keox.fi\/wp-content\/uploads\/2016\/10\/listakuva_imuautot-820x460.jpg\"},{\"@type\":\"BreadcrumbList\",\"@id\":\"https:\/\/keox.fi\/tuotteet\/kuivaimurit\/keox-7500-hybrid\/#breadcrumb\",\"itemListElement\":[{\"@type\":\"ListItem\",\"position\":1,\"name\":\"Etusivu\",\"item\":\"https:\/\/keox.fi\/sv\/framsida\/\"},{\"@type\":\"ListItem\",\"position\":2,\"name\":\"Produkter\",\"item\":\"https:\/\/keox.fi\/sv\/produkter\/\"},{\"@type\":\"ListItem\",\"position\":3,\"name\":\"Yksityinen: Torrsug\",\"item\":\"https:\/\/keox.fi\/?page_id=36\"},{\"@type\":\"ListItem\",\"position\":4,\"name\":\"Keox 7500\"}]},{\"@type\":\"WebSite\",\"@id\":\"https:\/\/keox.fi\/no\/#website\",\"url\":\"https:\/\/keox.fi\/no\/\",\"name\":\"KEOX\",\"description\":\"Palvelemme monipuolisesti\",\"publisher\":{\"@id\":\"https:\/\/keox.fi\/no\/#organization\"},\"potentialAction\":[{\"@type\":\"SearchAction\",\"target\":{\"@type\":\"EntryPoint\",\"urlTemplate\":\"https:\/\/keox.fi\/no\/?s={search_term_string}\"},\"query-input\":{\"@type\":\"PropertyValueSpecification\",\"valueRequired\":true,\"valueName\":\"search_term_string\"}}],\"inLanguage\":\"sv-SE\"},{\"@type\":\"Organization\",\"@id\":\"https:\/\/keox.fi\/no\/#organization\",\"name\":\"Keox Oy\",\"url\":\"https:\/\/keox.fi\/no\/\",\"logo\":{\"@type\":\"ImageObject\",\"inLanguage\":\"sv-SE\",\"@id\":\"https:\/\/keox.fi\/no\/#\/schema\/logo\/image\/\",\"url\":\"https:\/\/keox.fi\/wp-content\/uploads\/2019\/12\/logo-pos.png\",\"contentUrl\":\"https:\/\/keox.fi\/wp-content\/uploads\/2019\/12\/logo-pos.png\",\"width\":3479,\"height\":3479,\"caption\":\"Keox Oy\"},\"image\":{\"@id\":\"https:\/\/keox.fi\/no\/#\/schema\/logo\/image\/\"},\"sameAs\":[\"https:\/\/www.facebook.com\/KeoxOy\/\",\"https:\/\/www.linkedin.com\/company\/25030509\",\"https:\/\/www.youtube.com\/channel\/UCU54gMqjcR5mvbKJz4gAoAg\"]}]}<\/script>\n<!-- \/ Yoast SEO plugin. -->","yoast_head_json":{"title":"Keox 7500 - KEOX","robots":{"index":"index","follow":"follow","max-snippet":"max-snippet:-1","max-image-preview":"max-image-preview:large","max-video-preview":"max-video-preview:-1"},"canonical":"https:\/\/keox.fi\/tuotteet\/kuivaimurit\/keox-7500-hybrid\/","og_locale":"sv_SE","og_type":"article","og_title":"Keox 7500 - KEOX","og_description":"Keox Hybrid \u00e4r ett kombinationsfordon i full storlek. Det fungerar ocks\u00e5 f\u00f6r de vanligaste torrsugnings-arbetena. F\u00f6r sugning och bl\u00e5sning av flytande och torra \u00e4mnen. Maximal kapacitet, nyttolast, hanter-barhet och l\u00e4gre br\u00e4nsle\u00e5tg\u00e5ng.","og_url":"https:\/\/keox.fi\/tuotteet\/kuivaimurit\/keox-7500-hybrid\/","og_site_name":"KEOX","article_publisher":"https:\/\/www.facebook.com\/KeoxOy\/","og_image":[{"width":820,"height":460,"url":"https:\/\/keox.fi\/wp-content\/uploads\/2016\/10\/listakuva_imuautot.jpg","type":"image\/jpeg"}],"twitter_card":"summary_large_image","twitter_misc":{"Ber\u00e4knad l\u00e4stid":"1 minut"},"schema":{"@context":"https:\/\/schema.org","@graph":[{"@type":"WebPage","@id":"https:\/\/keox.fi\/tuotteet\/kuivaimurit\/keox-7500-hybrid\/","url":"https:\/\/keox.fi\/tuotteet\/kuivaimurit\/keox-7500-hybrid\/","name":"Keox 7500 - KEOX","isPartOf":{"@id":"https:\/\/keox.fi\/no\/#website"},"primaryImageOfPage":{"@id":"https:\/\/keox.fi\/tuotteet\/kuivaimurit\/keox-7500-hybrid\/#primaryimage"},"image":{"@id":"https:\/\/keox.fi\/tuotteet\/kuivaimurit\/keox-7500-hybrid\/#primaryimage"},"thumbnailUrl":"https:\/\/keox.fi\/wp-content\/uploads\/2016\/10\/listakuva_imuautot-820x460.jpg","datePublished":"2018-04-03T12:17:51+00:00","dateModified":"2018-04-03T12:17:51+00:00","breadcrumb":{"@id":"https:\/\/keox.fi\/tuotteet\/kuivaimurit\/keox-7500-hybrid\/#breadcrumb"},"inLanguage":"sv-SE","potentialAction":[{"@type":"ReadAction","target":["https:\/\/keox.fi\/tuotteet\/kuivaimurit\/keox-7500-hybrid\/"]}]},{"@type":"ImageObject","inLanguage":"sv-SE","@id":"https:\/\/keox.fi\/tuotteet\/kuivaimurit\/keox-7500-hybrid\/#primaryimage","url":"https:\/\/keox.fi\/wp-content\/uploads\/2016\/10\/listakuva_imuautot-820x460.jpg","contentUrl":"https:\/\/keox.fi\/wp-content\/uploads\/2016\/10\/listakuva_imuautot-820x460.jpg"},{"@type":"BreadcrumbList","@id":"https:\/\/keox.fi\/tuotteet\/kuivaimurit\/keox-7500-hybrid\/#breadcrumb","itemListElement":[{"@type":"ListItem","position":1,"name":"Etusivu","item":"https:\/\/keox.fi\/sv\/framsida\/"},{"@type":"ListItem","position":2,"name":"Produkter","item":"https:\/\/keox.fi\/sv\/produkter\/"},{"@type":"ListItem","position":3,"name":"Yksityinen: Torrsug","item":"https:\/\/keox.fi\/?page_id=36"},{"@type":"ListItem","position":4,"name":"Keox 7500"}]},{"@type":"WebSite","@id":"https:\/\/keox.fi\/no\/#website","url":"https:\/\/keox.fi\/no\/","name":"KEOX","description":"Palvelemme monipuolisesti","publisher":{"@id":"https:\/\/keox.fi\/no\/#organization"},"potentialAction":[{"@type":"SearchAction","target":{"@type":"EntryPoint","urlTemplate":"https:\/\/keox.fi\/no\/?s={search_term_string}"},"query-input":{"@type":"PropertyValueSpecification","valueRequired":true,"valueName":"search_term_string"}}],"inLanguage":"sv-SE"},{"@type":"Organization","@id":"https:\/\/keox.fi\/no\/#organization","name":"Keox Oy","url":"https:\/\/keox.fi\/no\/","logo":{"@type":"ImageObject","inLanguage":"sv-SE","@id":"https:\/\/keox.fi\/no\/#\/schema\/logo\/image\/","url":"https:\/\/keox.fi\/wp-content\/uploads\/2019\/12\/logo-pos.png","contentUrl":"https:\/\/keox.fi\/wp-content\/uploads\/2019\/12\/logo-pos.png","width":3479,"height":3479,"caption":"Keox Oy"},"image":{"@id":"https:\/\/keox.fi\/no\/#\/schema\/logo\/image\/"},"sameAs":["https:\/\/www.facebook.com\/KeoxOy\/","https:\/\/www.linkedin.com\/company\/25030509","https:\/\/www.youtube.com\/channel\/UCU54gMqjcR5mvbKJz4gAoAg"]}]}},"_links":{"self":[{"href":"https:\/\/keox.fi\/sv\/wp-json\/wp\/v2\/pages\/834"}],"collection":[{"href":"https:\/\/keox.fi\/sv\/wp-json\/wp\/v2\/pages"}],"about":[{"href":"https:\/\/keox.fi\/sv\/wp-json\/wp\/v2\/types\/page"}],"author":[{"embeddable":true,"href":"https:\/\/keox.fi\/sv\/wp-json\/wp\/v2\/users\/1"}],"replies":[{"embeddable":true,"href":"https:\/\/keox.fi\/sv\/wp-json\/wp\/v2\/comments?post=834"}],"version-history":[{"count":1,"href":"https:\/\/keox.fi\/sv\/wp-json\/wp\/v2\/pages\/834\/revisions"}],"predecessor-version":[{"id":839,"href":"https:\/\/keox.fi\/sv\/wp-json\/wp\/v2\/pages\/834\/revisions\/839"}],"up":[{"embeddable":true,"href":"https:\/\/keox.fi\/sv\/wp-json\/wp\/v2\/pages\/832"}],"wp:attachment":[{"href":"https:\/\/keox.fi\/sv\/wp-json\/wp\/v2\/media?parent=834"}],"curies":[{"name":"wp","href":"https:\/\/api.w.org\/{rel}","templated":true}]}}