{"id":830,"date":"2018-04-03T12:06:47","date_gmt":"2018-04-03T12:06:47","guid":{"rendered":"https:\/\/keox.fi\/?page_id=830"},"modified":"2026-02-20T09:35:16","modified_gmt":"2026-02-20T07:35:16","slug":"keox-il15vl","status":"publish","type":"page","link":"https:\/\/keox.fi\/sv\/produkter\/sugbilar\/keox-il15vl\/","title":{"rendered":"Sugbilar med v\u00e4xelkaross"},"content":{"rendered":"\t\t<div data-elementor-type=\"wp-page\" data-elementor-id=\"830\" class=\"elementor elementor-830\" data-elementor-post-type=\"page\">\n\t\t\t\t<div class=\"elementor-element elementor-element-97d5ca6 e-flex e-con-boxed e-con e-parent\" data-id=\"97d5ca6\" data-element_type=\"container\" data-settings=\"{&quot;background_background&quot;:&quot;classic&quot;}\">\n\t\t\t\t\t<div class=\"e-con-inner\">\n\t\t\t\t<div class=\"elementor-element elementor-element-284fa1d elementor-widget elementor-widget-heading\" data-id=\"284fa1d\" data-element_type=\"widget\" data-widget_type=\"heading.default\">\n\t\t\t\t<div class=\"elementor-widget-container\">\n\t\t\t<h2 class=\"elementor-heading-title elementor-size-default\">Sugbilar med v\u00e4xelkaross<\/h2>\t\t<\/div>\n\t\t\t\t<\/div>\n\t\t\t\t\t<\/div>\n\t\t\t\t<\/div>\n\t\t<div class=\"elementor-element elementor-element-3dabe16 e-con-full e-flex e-con e-parent\" data-id=\"3dabe16\" data-element_type=\"container\" data-settings=\"{&quot;background_background&quot;:&quot;classic&quot;}\">\n\t\t<div class=\"elementor-element elementor-element-1939d4e e-con-full e-flex e-con e-child\" data-id=\"1939d4e\" data-element_type=\"container\">\n\t\t\t\t<div class=\"elementor-element elementor-element-8f1a71b elementor-widget elementor-widget-heading\" data-id=\"8f1a71b\" data-element_type=\"widget\" data-widget_type=\"heading.default\">\n\t\t\t\t<div class=\"elementor-widget-container\">\n\t\t\t<h2 class=\"elementor-heading-title elementor-size-default\">IL VL<\/h2>\t\t<\/div>\n\t\t\t\t<\/div>\n\t\t\t\t<\/div>\n\t\t<div class=\"elementor-element elementor-element-fdfb3c9 e-con-full e-flex e-con e-child\" data-id=\"fdfb3c9\" data-element_type=\"container\">\n\t\t\t\t<div class=\"elementor-element elementor-element-978b1c3 elementor-widget elementor-widget-text-editor\" data-id=\"978b1c3\" data-element_type=\"widget\" data-widget_type=\"text-editor.default\">\n\t\t\t\t<div class=\"elementor-widget-container\">\n\t\t\t\t\t\t\t<p>Det \u00e4r inte alltid klokt att utrusta ett fordon f\u00f6r endast en anv\u00e4ndning, d\u00e5 \u00e4r valet en v\u00e4xelflakmonterad sugtank eller en kombination av sug\/tryck.<\/p>\t\t\t\t\t\t<\/div>\n\t\t\t\t<\/div>\n\t\t\t\t<div class=\"elementor-element elementor-element-1d66b9c elementor-widget elementor-widget-text-editor\" data-id=\"1d66b9c\" data-element_type=\"widget\" data-widget_type=\"text-editor.default\">\n\t\t\t\t<div class=\"elementor-widget-container\">\n\t\t\t\t\t\t\t<p>Vi vill s\u00e4kerst\u00e4lla att din utrustning anv\u00e4nds effektivt. Vi kan \u00e4ven erbjuda n\u00e4stan samma utrustning som en v\u00e4xelhusmonterad sug\/tryckkombination. Anv\u00e4ndbarhet och frostbest\u00e4ndighet \u00e4r ocks\u00e5 p\u00e5 topp. V\u00e5rt sortiment omfattar allt fr\u00e5n en prisv\u00e4rd sugtank till en fullt utrustad sug\/tryckkombination.<\/p>\t\t\t\t\t\t<\/div>\n\t\t\t\t<\/div>\n\t\t\t\t<\/div>\n\t\t\t\t<\/div>\n\t\t<div class=\"elementor-element elementor-element-34983dd e-con-full e-flex e-con e-parent\" data-id=\"34983dd\" data-element_type=\"container\" data-settings=\"{&quot;background_background&quot;:&quot;classic&quot;}\">\n\t\t<div class=\"elementor-element elementor-element-ea8dec9 e-con-full e-flex e-con e-child\" data-id=\"ea8dec9\" data-element_type=\"container\">\n\t\t\t\t<div class=\"elementor-element elementor-element-a8fd7bb elementor-widget elementor-widget-heading\" data-id=\"a8fd7bb\" data-element_type=\"widget\" data-widget_type=\"heading.default\">\n\t\t\t\t<div class=\"elementor-widget-container\">\n\t\t\t<h2 class=\"elementor-heading-title elementor-size-default\">Tekniska data (13 modeller)<\/h2>\t\t<\/div>\n\t\t\t\t<\/div>\n\t\t\t\t<div class=\"elementor-element elementor-element-c858545 elementor-widget elementor-widget-text-editor\" data-id=\"c858545\" data-element_type=\"widget\" data-widget_type=\"text-editor.default\">\n\t\t\t\t<div class=\"elementor-widget-container\">\n\t\t\t\t\t\t\t<ul><li>14m\u00b3 slamtank<\/li><li>Hydraulisk fullt \u00f6ppningsbar baklucka<\/li><li>Sugpump Jurop PR150<\/li><li>Radiostyrning<\/li><li>LED arbetsbelysning<\/li><li>LED beacons<\/li><li>Slangkrokar<\/li><\/ul><p><!-- \/wp:list --><!-- wp:paragraph --><\/p><p>Alla v\u00e5ra fordon \u00e4r anpassningsbara, <a href=\"https:\/\/keox.fi\/sv\/kontakta-oss\/\">fr\u00e5ga oss f\u00f6r mer information<\/a>.<\/p><p><a href=\"https:\/\/keox.fi\/sv\/produkter\/\">Tillbaka till produkter<\/a><\/p><p>\u00a0<\/p>\t\t\t\t\t\t<\/div>\n\t\t\t\t<\/div>\n\t\t\t\t<\/div>\n\t\t<div class=\"elementor-element elementor-element-78803da e-con-full e-flex e-con e-child\" data-id=\"78803da\" data-element_type=\"container\">\n\t\t\t\t<div class=\"elementor-element elementor-element-75d3d01 elementor-widget elementor-widget-image\" data-id=\"75d3d01\" data-element_type=\"widget\" data-widget_type=\"image.default\">\n\t\t\t\t<div class=\"elementor-widget-container\">\n\t\t\t\t\t\t\t\t\t\t\t\t\t<img decoding=\"async\" src=\"https:\/\/keox.fi\/wp-content\/uploads\/elementor\/thumbs\/demountable-vac-1-scaled-e1728892961767-qvjddpm9737h8jiete1lnlqdnu4lvcotto81rhr3is.jpg\" title=\"demountable-vac\" alt=\"Vaihtolavasovitteinen imu-\/paine-yhdistelm\u00e4, joka tarjoaa monik\u00e4ytt\u00f6isyytt\u00e4, tehokkuutta ja pakkasenkestoa teollisuuden ja ymp\u00e4rist\u00f6huollon tarpeisiin.\" loading=\"lazy\" \/>\t\t\t\t\t\t\t\t\t\t\t\t\t<\/div>\n\t\t\t\t<\/div>\n\t\t\t\t<\/div>\n\t\t\t\t<\/div>\n\t\t\t\t<\/div>\n\t\t","protected":false},"excerpt":{"rendered":"<p>Det \u00e4r inte alltid optimalt att utrusta ett fordon f\u00f6r ett enda anv\u00e4ndnings\u00e4ndam\u00e5l. D\u00e5 kan man v\u00e4lja en lastv\u00e4xlaranpassad sugtank eller en sug- och spolkombination.<\/p>\n","protected":false},"author":1,"featured_media":0,"parent":826,"menu_order":0,"comment_status":"closed","ping_status":"closed","template":"elementor_header_footer","meta":{"ngg_post_thumbnail":0,"footnotes":""},"class_list":["post-830","page","type-page","status-publish","hentry"],"yoast_head":"<!-- This site is optimized with the Yoast SEO plugin v24.3 - https:\/\/yoast.com\/wordpress\/plugins\/seo\/ -->\n<title>Sugbilar med v\u00e4xelkaross - KEOX<\/title>\n<meta name=\"robots\" content=\"index, follow, max-snippet:-1, max-image-preview:large, max-video-preview:-1\" \/>\n<link rel=\"canonical\" href=\"https:\/\/keox.fi\/sv\/produkter\/sugbilar\/keox-il15vl\/\" \/>\n<meta property=\"og:locale\" content=\"sv_SE\" \/>\n<meta property=\"og:type\" content=\"article\" \/>\n<meta property=\"og:title\" content=\"Sugbilar med v\u00e4xelkaross - KEOX\" \/>\n<meta property=\"og:description\" content=\"Det \u00e4r inte alltid optimalt att utrusta ett fordon f\u00f6r ett enda anv\u00e4ndnings\u00e4ndam\u00e5l. D\u00e5 kan man v\u00e4lja en lastv\u00e4xlaranpassad sugtank eller en sug- och spolkombination.\" \/>\n<meta property=\"og:url\" content=\"https:\/\/keox.fi\/sv\/produkter\/sugbilar\/keox-il15vl\/\" \/>\n<meta property=\"og:site_name\" content=\"KEOX\" \/>\n<meta property=\"article:publisher\" content=\"https:\/\/www.facebook.com\/KeoxOy\/\" \/>\n<meta property=\"article:modified_time\" content=\"2026-02-20T07:35:16+00:00\" \/>\n<meta property=\"og:image\" content=\"https:\/\/keox.fi\/wp-content\/uploads\/elementor\/thumbs\/demountable-vac-1-scaled-e1728892961767-qvjddpm9737h8jiete1lnlqdnu4lvcotto81rhr3is.jpg\" \/>\n<meta name=\"twitter:card\" content=\"summary_large_image\" \/>\n<meta name=\"twitter:label1\" content=\"Ber\u00e4knad l\u00e4stid\" \/>\n\t<meta name=\"twitter:data1\" content=\"1 minut\" \/>\n<script type=\"application\/ld+json\" class=\"yoast-schema-graph\">{\"@context\":\"https:\/\/schema.org\",\"@graph\":[{\"@type\":\"WebPage\",\"@id\":\"https:\/\/keox.fi\/sv\/produkter\/sugbilar\/keox-il15vl\/\",\"url\":\"https:\/\/keox.fi\/sv\/produkter\/sugbilar\/keox-il15vl\/\",\"name\":\"Sugbilar med v\u00e4xelkaross - KEOX\",\"isPartOf\":{\"@id\":\"https:\/\/keox.fi\/no\/#website\"},\"primaryImageOfPage\":{\"@id\":\"https:\/\/keox.fi\/sv\/produkter\/sugbilar\/keox-il15vl\/#primaryimage\"},\"image\":{\"@id\":\"https:\/\/keox.fi\/sv\/produkter\/sugbilar\/keox-il15vl\/#primaryimage\"},\"thumbnailUrl\":\"https:\/\/keox.fi\/wp-content\/uploads\/elementor\/thumbs\/demountable-vac-1-scaled-e1728892961767-qvjddpm9737h8jiete1lnlqdnu4lvcotto81rhr3is.jpg\",\"datePublished\":\"2018-04-03T12:06:47+00:00\",\"dateModified\":\"2026-02-20T07:35:16+00:00\",\"breadcrumb\":{\"@id\":\"https:\/\/keox.fi\/sv\/produkter\/sugbilar\/keox-il15vl\/#breadcrumb\"},\"inLanguage\":\"sv-SE\",\"potentialAction\":[{\"@type\":\"ReadAction\",\"target\":[\"https:\/\/keox.fi\/sv\/produkter\/sugbilar\/keox-il15vl\/\"]}]},{\"@type\":\"ImageObject\",\"inLanguage\":\"sv-SE\",\"@id\":\"https:\/\/keox.fi\/sv\/produkter\/sugbilar\/keox-il15vl\/#primaryimage\",\"url\":\"https:\/\/keox.fi\/wp-content\/uploads\/elementor\/thumbs\/demountable-vac-1-scaled-e1728892961767-qvjddpm9737h8jiete1lnlqdnu4lvcotto81rhr3is.jpg\",\"contentUrl\":\"https:\/\/keox.fi\/wp-content\/uploads\/elementor\/thumbs\/demountable-vac-1-scaled-e1728892961767-qvjddpm9737h8jiete1lnlqdnu4lvcotto81rhr3is.jpg\"},{\"@type\":\"BreadcrumbList\",\"@id\":\"https:\/\/keox.fi\/sv\/produkter\/sugbilar\/keox-il15vl\/#breadcrumb\",\"itemListElement\":[{\"@type\":\"ListItem\",\"position\":1,\"name\":\"Etusivu\",\"item\":\"https:\/\/keox.fi\/sv\/framsida\/\"},{\"@type\":\"ListItem\",\"position\":2,\"name\":\"Produkter\",\"item\":\"https:\/\/keox.fi\/sv\/produkter\/\"},{\"@type\":\"ListItem\",\"position\":3,\"name\":\"Sugbilar\",\"item\":\"https:\/\/keox.fi\/sv\/produkter\/sugbilar\/\"},{\"@type\":\"ListItem\",\"position\":4,\"name\":\"Sugbilar med v\u00e4xelkaross\"}]},{\"@type\":\"WebSite\",\"@id\":\"https:\/\/keox.fi\/no\/#website\",\"url\":\"https:\/\/keox.fi\/no\/\",\"name\":\"KEOX\",\"description\":\"Palvelemme monipuolisesti\",\"publisher\":{\"@id\":\"https:\/\/keox.fi\/no\/#organization\"},\"potentialAction\":[{\"@type\":\"SearchAction\",\"target\":{\"@type\":\"EntryPoint\",\"urlTemplate\":\"https:\/\/keox.fi\/no\/?s={search_term_string}\"},\"query-input\":{\"@type\":\"PropertyValueSpecification\",\"valueRequired\":true,\"valueName\":\"search_term_string\"}}],\"inLanguage\":\"sv-SE\"},{\"@type\":\"Organization\",\"@id\":\"https:\/\/keox.fi\/no\/#organization\",\"name\":\"Keox Oy\",\"url\":\"https:\/\/keox.fi\/no\/\",\"logo\":{\"@type\":\"ImageObject\",\"inLanguage\":\"sv-SE\",\"@id\":\"https:\/\/keox.fi\/no\/#\/schema\/logo\/image\/\",\"url\":\"https:\/\/keox.fi\/wp-content\/uploads\/2019\/12\/logo-pos.png\",\"contentUrl\":\"https:\/\/keox.fi\/wp-content\/uploads\/2019\/12\/logo-pos.png\",\"width\":3479,\"height\":3479,\"caption\":\"Keox Oy\"},\"image\":{\"@id\":\"https:\/\/keox.fi\/no\/#\/schema\/logo\/image\/\"},\"sameAs\":[\"https:\/\/www.facebook.com\/KeoxOy\/\",\"https:\/\/www.linkedin.com\/company\/25030509\",\"https:\/\/www.youtube.com\/channel\/UCU54gMqjcR5mvbKJz4gAoAg\"]}]}<\/script>\n<!-- \/ Yoast SEO plugin. -->","yoast_head_json":{"title":"Sugbilar med v\u00e4xelkaross - KEOX","robots":{"index":"index","follow":"follow","max-snippet":"max-snippet:-1","max-image-preview":"max-image-preview:large","max-video-preview":"max-video-preview:-1"},"canonical":"https:\/\/keox.fi\/sv\/produkter\/sugbilar\/keox-il15vl\/","og_locale":"sv_SE","og_type":"article","og_title":"Sugbilar med v\u00e4xelkaross - KEOX","og_description":"Det \u00e4r inte alltid optimalt att utrusta ett fordon f\u00f6r ett enda anv\u00e4ndnings\u00e4ndam\u00e5l. D\u00e5 kan man v\u00e4lja en lastv\u00e4xlaranpassad sugtank eller en sug- och spolkombination.","og_url":"https:\/\/keox.fi\/sv\/produkter\/sugbilar\/keox-il15vl\/","og_site_name":"KEOX","article_publisher":"https:\/\/www.facebook.com\/KeoxOy\/","article_modified_time":"2026-02-20T07:35:16+00:00","og_image":[{"url":"https:\/\/keox.fi\/wp-content\/uploads\/elementor\/thumbs\/demountable-vac-1-scaled-e1728892961767-qvjddpm9737h8jiete1lnlqdnu4lvcotto81rhr3is.jpg","type":"","width":"","height":""}],"twitter_card":"summary_large_image","twitter_misc":{"Ber\u00e4knad l\u00e4stid":"1 minut"},"schema":{"@context":"https:\/\/schema.org","@graph":[{"@type":"WebPage","@id":"https:\/\/keox.fi\/sv\/produkter\/sugbilar\/keox-il15vl\/","url":"https:\/\/keox.fi\/sv\/produkter\/sugbilar\/keox-il15vl\/","name":"Sugbilar med v\u00e4xelkaross - KEOX","isPartOf":{"@id":"https:\/\/keox.fi\/no\/#website"},"primaryImageOfPage":{"@id":"https:\/\/keox.fi\/sv\/produkter\/sugbilar\/keox-il15vl\/#primaryimage"},"image":{"@id":"https:\/\/keox.fi\/sv\/produkter\/sugbilar\/keox-il15vl\/#primaryimage"},"thumbnailUrl":"https:\/\/keox.fi\/wp-content\/uploads\/elementor\/thumbs\/demountable-vac-1-scaled-e1728892961767-qvjddpm9737h8jiete1lnlqdnu4lvcotto81rhr3is.jpg","datePublished":"2018-04-03T12:06:47+00:00","dateModified":"2026-02-20T07:35:16+00:00","breadcrumb":{"@id":"https:\/\/keox.fi\/sv\/produkter\/sugbilar\/keox-il15vl\/#breadcrumb"},"inLanguage":"sv-SE","potentialAction":[{"@type":"ReadAction","target":["https:\/\/keox.fi\/sv\/produkter\/sugbilar\/keox-il15vl\/"]}]},{"@type":"ImageObject","inLanguage":"sv-SE","@id":"https:\/\/keox.fi\/sv\/produkter\/sugbilar\/keox-il15vl\/#primaryimage","url":"https:\/\/keox.fi\/wp-content\/uploads\/elementor\/thumbs\/demountable-vac-1-scaled-e1728892961767-qvjddpm9737h8jiete1lnlqdnu4lvcotto81rhr3is.jpg","contentUrl":"https:\/\/keox.fi\/wp-content\/uploads\/elementor\/thumbs\/demountable-vac-1-scaled-e1728892961767-qvjddpm9737h8jiete1lnlqdnu4lvcotto81rhr3is.jpg"},{"@type":"BreadcrumbList","@id":"https:\/\/keox.fi\/sv\/produkter\/sugbilar\/keox-il15vl\/#breadcrumb","itemListElement":[{"@type":"ListItem","position":1,"name":"Etusivu","item":"https:\/\/keox.fi\/sv\/framsida\/"},{"@type":"ListItem","position":2,"name":"Produkter","item":"https:\/\/keox.fi\/sv\/produkter\/"},{"@type":"ListItem","position":3,"name":"Sugbilar","item":"https:\/\/keox.fi\/sv\/produkter\/sugbilar\/"},{"@type":"ListItem","position":4,"name":"Sugbilar med v\u00e4xelkaross"}]},{"@type":"WebSite","@id":"https:\/\/keox.fi\/no\/#website","url":"https:\/\/keox.fi\/no\/","name":"KEOX","description":"Palvelemme monipuolisesti","publisher":{"@id":"https:\/\/keox.fi\/no\/#organization"},"potentialAction":[{"@type":"SearchAction","target":{"@type":"EntryPoint","urlTemplate":"https:\/\/keox.fi\/no\/?s={search_term_string}"},"query-input":{"@type":"PropertyValueSpecification","valueRequired":true,"valueName":"search_term_string"}}],"inLanguage":"sv-SE"},{"@type":"Organization","@id":"https:\/\/keox.fi\/no\/#organization","name":"Keox Oy","url":"https:\/\/keox.fi\/no\/","logo":{"@type":"ImageObject","inLanguage":"sv-SE","@id":"https:\/\/keox.fi\/no\/#\/schema\/logo\/image\/","url":"https:\/\/keox.fi\/wp-content\/uploads\/2019\/12\/logo-pos.png","contentUrl":"https:\/\/keox.fi\/wp-content\/uploads\/2019\/12\/logo-pos.png","width":3479,"height":3479,"caption":"Keox Oy"},"image":{"@id":"https:\/\/keox.fi\/no\/#\/schema\/logo\/image\/"},"sameAs":["https:\/\/www.facebook.com\/KeoxOy\/","https:\/\/www.linkedin.com\/company\/25030509","https:\/\/www.youtube.com\/channel\/UCU54gMqjcR5mvbKJz4gAoAg"]}]}},"_links":{"self":[{"href":"https:\/\/keox.fi\/sv\/wp-json\/wp\/v2\/pages\/830"}],"collection":[{"href":"https:\/\/keox.fi\/sv\/wp-json\/wp\/v2\/pages"}],"about":[{"href":"https:\/\/keox.fi\/sv\/wp-json\/wp\/v2\/types\/page"}],"author":[{"embeddable":true,"href":"https:\/\/keox.fi\/sv\/wp-json\/wp\/v2\/users\/1"}],"replies":[{"embeddable":true,"href":"https:\/\/keox.fi\/sv\/wp-json\/wp\/v2\/comments?post=830"}],"version-history":[{"count":11,"href":"https:\/\/keox.fi\/sv\/wp-json\/wp\/v2\/pages\/830\/revisions"}],"predecessor-version":[{"id":3540,"href":"https:\/\/keox.fi\/sv\/wp-json\/wp\/v2\/pages\/830\/revisions\/3540"}],"up":[{"embeddable":true,"href":"https:\/\/keox.fi\/sv\/wp-json\/wp\/v2\/pages\/826"}],"wp:attachment":[{"href":"https:\/\/keox.fi\/sv\/wp-json\/wp\/v2\/media?parent=830"}],"curies":[{"name":"wp","href":"https:\/\/api.w.org\/{rel}","templated":true}]}}