{"id":828,"date":"2018-04-03T12:04:39","date_gmt":"2018-04-03T12:04:39","guid":{"rendered":"https:\/\/keox.fi\/?page_id=828"},"modified":"2025-01-31T11:18:26","modified_gmt":"2025-01-31T09:18:26","slug":"keox-il-16-rfs","status":"publish","type":"page","link":"https:\/\/keox.fi\/sv\/produkter\/sugbilar\/keox-il-16-rfs\/","title":{"rendered":"IL Sugbil"},"content":{"rendered":"\t\t<div data-elementor-type=\"wp-page\" data-elementor-id=\"828\" class=\"elementor elementor-828\" data-elementor-post-type=\"page\">\n\t\t\t\t<div class=\"elementor-element elementor-element-737de34 e-flex e-con-boxed e-con e-parent\" data-id=\"737de34\" data-element_type=\"container\" data-settings=\"{&quot;background_background&quot;:&quot;classic&quot;}\">\n\t\t\t\t\t<div class=\"e-con-inner\">\n\t\t\t\t<div class=\"elementor-element elementor-element-ceb4150 elementor-widget elementor-widget-heading\" data-id=\"ceb4150\" data-element_type=\"widget\" data-widget_type=\"heading.default\">\n\t\t\t\t<div class=\"elementor-widget-container\">\n\t\t\t<h1 class=\"elementor-heading-title elementor-size-default\">IL sugbil<\/h1>\t\t<\/div>\n\t\t\t\t<\/div>\n\t\t\t\t\t<\/div>\n\t\t\t\t<\/div>\n\t\t<div class=\"elementor-element elementor-element-8be9060 e-con-full e-flex e-con e-parent\" data-id=\"8be9060\" data-element_type=\"container\" data-settings=\"{&quot;background_background&quot;:&quot;classic&quot;}\">\n\t\t<div class=\"elementor-element elementor-element-7ae7e2c e-con-full e-flex e-con e-child\" data-id=\"7ae7e2c\" data-element_type=\"container\">\n\t\t\t\t<div class=\"elementor-element elementor-element-e3fa66c elementor-widget elementor-widget-heading\" data-id=\"e3fa66c\" data-element_type=\"widget\" data-widget_type=\"heading.default\">\n\t\t\t\t<div class=\"elementor-widget-container\">\n\t\t\t<h2 class=\"elementor-heading-title elementor-size-default\">V\u00e5r vakuumbil klarar tungt arbete oavsett f\u00f6rh\u00e5llanden<\/h2>\t\t<\/div>\n\t\t\t\t<\/div>\n\t\t\t\t<\/div>\n\t\t<div class=\"elementor-element elementor-element-eaaf8b0 e-con-full e-flex e-con e-child\" data-id=\"eaaf8b0\" data-element_type=\"container\">\n\t\t\t\t<div class=\"elementor-element elementor-element-64b1b7d elementor-widget elementor-widget-text-editor\" data-id=\"64b1b7d\" data-element_type=\"widget\" data-widget_type=\"text-editor.default\">\n\t\t\t\t<div class=\"elementor-widget-container\">\n\t\t\t\t\t\t\t<p>Vi tillverkar avloppsunderh\u00e5ll sugbilar p\u00e5 best\u00e4llning efter kundens \u00f6nskem\u00e5l. P\u00e5 s\u00e5 s\u00e4tt s\u00e4kerst\u00e4ller vi att v\u00e5rt fordon \u00e4r b\u00e4st l\u00e4mpat f\u00f6r den anv\u00e4ndning den \u00e4r avsedd f\u00f6r. Dammsugning med vakuumtruck \u00e4r l\u00e4mplig f\u00f6r \u00f6verf\u00f6ring eller borttagning av flytande material. V\u00e5ra vakuumbilar \u00e4r l\u00e4mpliga f\u00f6r industri, kraftverk, byggnader och kommunaltekniks behov.<\/p>\t\t\t\t\t\t<\/div>\n\t\t\t\t<\/div>\n\t\t\t\t<\/div>\n\t\t\t\t<\/div>\n\t\t<div class=\"elementor-element elementor-element-a51881d e-con-full e-flex e-con e-parent\" data-id=\"a51881d\" data-element_type=\"container\" data-settings=\"{&quot;background_background&quot;:&quot;classic&quot;}\">\n\t\t<div class=\"elementor-element elementor-element-9775594 e-con-full e-flex e-con e-child\" data-id=\"9775594\" data-element_type=\"container\">\n\t\t\t\t<div class=\"elementor-element elementor-element-e35d7c8 elementor-widget elementor-widget-heading\" data-id=\"e35d7c8\" data-element_type=\"widget\" data-widget_type=\"heading.default\">\n\t\t\t\t<div class=\"elementor-widget-container\">\n\t\t\t<h2 class=\"elementor-heading-title elementor-size-default\">Tekniska data (16 modeller)<\/h2>\t\t<\/div>\n\t\t\t\t<\/div>\n\t\t\t\t<div class=\"elementor-element elementor-element-eb2e88d elementor-widget elementor-widget-text-editor\" data-id=\"eb2e88d\" data-element_type=\"widget\" data-widget_type=\"text-editor.default\">\n\t\t\t\t<div class=\"elementor-widget-container\">\n\t\t\t\t\t\t\t<ul><li>16m\u00b3 slamtank<\/li><li>600mm manuell t\u00f6mningslucka<\/li><li>Sugpump Jurop DL250<\/li><li>Slangbryggor med LED-belysning och slangkrokar p\u00e5 baksidan av tanken<\/li><li>Radiostyrning<\/li><li>4 LED-arbetsljus bak p\u00e5 bilen<\/li><li>4st LED-niv\u00e5ljus<\/li><\/ul><p><!-- \/wp:list --><!-- wp:paragraph --><\/p><p><strong><a href=\"https:\/\/keox.fi\/wp-content\/uploads\/2020\/03\/IL-vac-fin-web.pdf\">Ladda ner en broschyr om denna modell<\/a><\/strong><\/p><p><!-- \/wp:paragraph --><!-- wp:paragraph --><\/p><p>Alla v\u00e5ra fordon \u00e4r anpassningsbara, <a href=\"https:\/\/keox.fi\/sv\/kontakta-oss\/\">fr\u00e5ga oss f\u00f6r mer information.<\/a><\/p><p><!-- \/wp:paragraph --><!-- wp:paragraph --><\/p><p><a href=\"https:\/\/keox.fi\/sv\/produkter\/\">Tillbaka till produkter<\/a><\/p>\t\t\t\t\t\t<\/div>\n\t\t\t\t<\/div>\n\t\t\t\t<\/div>\n\t\t<div class=\"elementor-element elementor-element-ddb116a e-con-full e-flex e-con e-child\" data-id=\"ddb116a\" data-element_type=\"container\">\n\t\t\t\t<div class=\"elementor-element elementor-element-3f5b51f elementor-widget elementor-widget-image\" data-id=\"3f5b51f\" data-element_type=\"widget\" data-widget_type=\"image.default\">\n\t\t\t\t<div class=\"elementor-widget-container\">\n\t\t\t\t\t\t\t\t\t\t\t\t\t<img decoding=\"async\" src=\"https:\/\/keox.fi\/wp-content\/uploads\/elementor\/thumbs\/il-vacuum-truck-on2ztqa6c3fut9z8moxjw881ot9i492v3ydy0q29p0.jpg\" title=\"il-vacuum-truck\" alt=\"il-vacuum-truck\" loading=\"lazy\" \/>\t\t\t\t\t\t\t\t\t\t\t\t\t<\/div>\n\t\t\t\t<\/div>\n\t\t\t\t<\/div>\n\t\t\t\t<\/div>\n\t\t\t\t<\/div>\n\t\t","protected":false},"excerpt":{"rendered":"<p>Sugbil med RFS-tank, kan anpassas enligt kundens behov.<\/p>\n","protected":false},"author":1,"featured_media":0,"parent":826,"menu_order":0,"comment_status":"closed","ping_status":"closed","template":"elementor_header_footer","meta":{"ngg_post_thumbnail":0,"footnotes":""},"class_list":["post-828","page","type-page","status-publish","hentry"],"yoast_head":"<!-- This site is optimized with the Yoast SEO plugin v24.3 - https:\/\/yoast.com\/wordpress\/plugins\/seo\/ -->\n<title>IL Sugbil - KEOX<\/title>\n<meta name=\"robots\" content=\"index, follow, max-snippet:-1, max-image-preview:large, max-video-preview:-1\" \/>\n<link rel=\"canonical\" href=\"https:\/\/keox.fi\/sv\/produkter\/sugbilar\/keox-il-16-rfs\/\" \/>\n<meta property=\"og:locale\" content=\"sv_SE\" \/>\n<meta property=\"og:type\" content=\"article\" \/>\n<meta property=\"og:title\" content=\"IL Sugbil - KEOX\" \/>\n<meta property=\"og:description\" content=\"Sugbil med RFS-tank, kan anpassas enligt kundens behov.\" \/>\n<meta property=\"og:url\" content=\"https:\/\/keox.fi\/sv\/produkter\/sugbilar\/keox-il-16-rfs\/\" \/>\n<meta property=\"og:site_name\" content=\"KEOX\" \/>\n<meta property=\"article:publisher\" content=\"https:\/\/www.facebook.com\/KeoxOy\/\" \/>\n<meta property=\"article:modified_time\" content=\"2025-01-31T09:18:26+00:00\" \/>\n<meta property=\"og:image\" content=\"https:\/\/keox.fi\/wp-content\/uploads\/elementor\/thumbs\/il-vacuum-truck-on2ztqa6c3fut9z8moxjw881ot9i492v3ydy0q29p0.jpg\" \/>\n<meta name=\"twitter:card\" content=\"summary_large_image\" \/>\n<meta name=\"twitter:label1\" content=\"Ber\u00e4knad l\u00e4stid\" \/>\n\t<meta name=\"twitter:data1\" content=\"1 minut\" \/>\n<script type=\"application\/ld+json\" class=\"yoast-schema-graph\">{\"@context\":\"https:\/\/schema.org\",\"@graph\":[{\"@type\":\"WebPage\",\"@id\":\"https:\/\/keox.fi\/sv\/produkter\/sugbilar\/keox-il-16-rfs\/\",\"url\":\"https:\/\/keox.fi\/sv\/produkter\/sugbilar\/keox-il-16-rfs\/\",\"name\":\"IL Sugbil - KEOX\",\"isPartOf\":{\"@id\":\"https:\/\/keox.fi\/no\/#website\"},\"primaryImageOfPage\":{\"@id\":\"https:\/\/keox.fi\/sv\/produkter\/sugbilar\/keox-il-16-rfs\/#primaryimage\"},\"image\":{\"@id\":\"https:\/\/keox.fi\/sv\/produkter\/sugbilar\/keox-il-16-rfs\/#primaryimage\"},\"thumbnailUrl\":\"https:\/\/keox.fi\/wp-content\/uploads\/elementor\/thumbs\/il-vacuum-truck-on2ztqa6c3fut9z8moxjw881ot9i492v3ydy0q29p0.jpg\",\"datePublished\":\"2018-04-03T12:04:39+00:00\",\"dateModified\":\"2025-01-31T09:18:26+00:00\",\"breadcrumb\":{\"@id\":\"https:\/\/keox.fi\/sv\/produkter\/sugbilar\/keox-il-16-rfs\/#breadcrumb\"},\"inLanguage\":\"sv-SE\",\"potentialAction\":[{\"@type\":\"ReadAction\",\"target\":[\"https:\/\/keox.fi\/sv\/produkter\/sugbilar\/keox-il-16-rfs\/\"]}]},{\"@type\":\"ImageObject\",\"inLanguage\":\"sv-SE\",\"@id\":\"https:\/\/keox.fi\/sv\/produkter\/sugbilar\/keox-il-16-rfs\/#primaryimage\",\"url\":\"https:\/\/keox.fi\/wp-content\/uploads\/elementor\/thumbs\/il-vacuum-truck-on2ztqa6c3fut9z8moxjw881ot9i492v3ydy0q29p0.jpg\",\"contentUrl\":\"https:\/\/keox.fi\/wp-content\/uploads\/elementor\/thumbs\/il-vacuum-truck-on2ztqa6c3fut9z8moxjw881ot9i492v3ydy0q29p0.jpg\"},{\"@type\":\"BreadcrumbList\",\"@id\":\"https:\/\/keox.fi\/sv\/produkter\/sugbilar\/keox-il-16-rfs\/#breadcrumb\",\"itemListElement\":[{\"@type\":\"ListItem\",\"position\":1,\"name\":\"Etusivu\",\"item\":\"https:\/\/keox.fi\/sv\/framsida\/\"},{\"@type\":\"ListItem\",\"position\":2,\"name\":\"Produkter\",\"item\":\"https:\/\/keox.fi\/sv\/produkter\/\"},{\"@type\":\"ListItem\",\"position\":3,\"name\":\"Sugbilar\",\"item\":\"https:\/\/keox.fi\/sv\/produkter\/sugbilar\/\"},{\"@type\":\"ListItem\",\"position\":4,\"name\":\"IL Sugbil\"}]},{\"@type\":\"WebSite\",\"@id\":\"https:\/\/keox.fi\/no\/#website\",\"url\":\"https:\/\/keox.fi\/no\/\",\"name\":\"KEOX\",\"description\":\"Palvelemme monipuolisesti\",\"publisher\":{\"@id\":\"https:\/\/keox.fi\/no\/#organization\"},\"potentialAction\":[{\"@type\":\"SearchAction\",\"target\":{\"@type\":\"EntryPoint\",\"urlTemplate\":\"https:\/\/keox.fi\/no\/?s={search_term_string}\"},\"query-input\":{\"@type\":\"PropertyValueSpecification\",\"valueRequired\":true,\"valueName\":\"search_term_string\"}}],\"inLanguage\":\"sv-SE\"},{\"@type\":\"Organization\",\"@id\":\"https:\/\/keox.fi\/no\/#organization\",\"name\":\"Keox Oy\",\"url\":\"https:\/\/keox.fi\/no\/\",\"logo\":{\"@type\":\"ImageObject\",\"inLanguage\":\"sv-SE\",\"@id\":\"https:\/\/keox.fi\/no\/#\/schema\/logo\/image\/\",\"url\":\"https:\/\/keox.fi\/wp-content\/uploads\/2019\/12\/logo-pos.png\",\"contentUrl\":\"https:\/\/keox.fi\/wp-content\/uploads\/2019\/12\/logo-pos.png\",\"width\":3479,\"height\":3479,\"caption\":\"Keox Oy\"},\"image\":{\"@id\":\"https:\/\/keox.fi\/no\/#\/schema\/logo\/image\/\"},\"sameAs\":[\"https:\/\/www.facebook.com\/KeoxOy\/\",\"https:\/\/www.linkedin.com\/company\/25030509\",\"https:\/\/www.youtube.com\/channel\/UCU54gMqjcR5mvbKJz4gAoAg\"]}]}<\/script>\n<!-- \/ Yoast SEO plugin. -->","yoast_head_json":{"title":"IL Sugbil - KEOX","robots":{"index":"index","follow":"follow","max-snippet":"max-snippet:-1","max-image-preview":"max-image-preview:large","max-video-preview":"max-video-preview:-1"},"canonical":"https:\/\/keox.fi\/sv\/produkter\/sugbilar\/keox-il-16-rfs\/","og_locale":"sv_SE","og_type":"article","og_title":"IL Sugbil - KEOX","og_description":"Sugbil med RFS-tank, kan anpassas enligt kundens behov.","og_url":"https:\/\/keox.fi\/sv\/produkter\/sugbilar\/keox-il-16-rfs\/","og_site_name":"KEOX","article_publisher":"https:\/\/www.facebook.com\/KeoxOy\/","article_modified_time":"2025-01-31T09:18:26+00:00","og_image":[{"url":"https:\/\/keox.fi\/wp-content\/uploads\/elementor\/thumbs\/il-vacuum-truck-on2ztqa6c3fut9z8moxjw881ot9i492v3ydy0q29p0.jpg","type":"","width":"","height":""}],"twitter_card":"summary_large_image","twitter_misc":{"Ber\u00e4knad l\u00e4stid":"1 minut"},"schema":{"@context":"https:\/\/schema.org","@graph":[{"@type":"WebPage","@id":"https:\/\/keox.fi\/sv\/produkter\/sugbilar\/keox-il-16-rfs\/","url":"https:\/\/keox.fi\/sv\/produkter\/sugbilar\/keox-il-16-rfs\/","name":"IL Sugbil - KEOX","isPartOf":{"@id":"https:\/\/keox.fi\/no\/#website"},"primaryImageOfPage":{"@id":"https:\/\/keox.fi\/sv\/produkter\/sugbilar\/keox-il-16-rfs\/#primaryimage"},"image":{"@id":"https:\/\/keox.fi\/sv\/produkter\/sugbilar\/keox-il-16-rfs\/#primaryimage"},"thumbnailUrl":"https:\/\/keox.fi\/wp-content\/uploads\/elementor\/thumbs\/il-vacuum-truck-on2ztqa6c3fut9z8moxjw881ot9i492v3ydy0q29p0.jpg","datePublished":"2018-04-03T12:04:39+00:00","dateModified":"2025-01-31T09:18:26+00:00","breadcrumb":{"@id":"https:\/\/keox.fi\/sv\/produkter\/sugbilar\/keox-il-16-rfs\/#breadcrumb"},"inLanguage":"sv-SE","potentialAction":[{"@type":"ReadAction","target":["https:\/\/keox.fi\/sv\/produkter\/sugbilar\/keox-il-16-rfs\/"]}]},{"@type":"ImageObject","inLanguage":"sv-SE","@id":"https:\/\/keox.fi\/sv\/produkter\/sugbilar\/keox-il-16-rfs\/#primaryimage","url":"https:\/\/keox.fi\/wp-content\/uploads\/elementor\/thumbs\/il-vacuum-truck-on2ztqa6c3fut9z8moxjw881ot9i492v3ydy0q29p0.jpg","contentUrl":"https:\/\/keox.fi\/wp-content\/uploads\/elementor\/thumbs\/il-vacuum-truck-on2ztqa6c3fut9z8moxjw881ot9i492v3ydy0q29p0.jpg"},{"@type":"BreadcrumbList","@id":"https:\/\/keox.fi\/sv\/produkter\/sugbilar\/keox-il-16-rfs\/#breadcrumb","itemListElement":[{"@type":"ListItem","position":1,"name":"Etusivu","item":"https:\/\/keox.fi\/sv\/framsida\/"},{"@type":"ListItem","position":2,"name":"Produkter","item":"https:\/\/keox.fi\/sv\/produkter\/"},{"@type":"ListItem","position":3,"name":"Sugbilar","item":"https:\/\/keox.fi\/sv\/produkter\/sugbilar\/"},{"@type":"ListItem","position":4,"name":"IL Sugbil"}]},{"@type":"WebSite","@id":"https:\/\/keox.fi\/no\/#website","url":"https:\/\/keox.fi\/no\/","name":"KEOX","description":"Palvelemme monipuolisesti","publisher":{"@id":"https:\/\/keox.fi\/no\/#organization"},"potentialAction":[{"@type":"SearchAction","target":{"@type":"EntryPoint","urlTemplate":"https:\/\/keox.fi\/no\/?s={search_term_string}"},"query-input":{"@type":"PropertyValueSpecification","valueRequired":true,"valueName":"search_term_string"}}],"inLanguage":"sv-SE"},{"@type":"Organization","@id":"https:\/\/keox.fi\/no\/#organization","name":"Keox Oy","url":"https:\/\/keox.fi\/no\/","logo":{"@type":"ImageObject","inLanguage":"sv-SE","@id":"https:\/\/keox.fi\/no\/#\/schema\/logo\/image\/","url":"https:\/\/keox.fi\/wp-content\/uploads\/2019\/12\/logo-pos.png","contentUrl":"https:\/\/keox.fi\/wp-content\/uploads\/2019\/12\/logo-pos.png","width":3479,"height":3479,"caption":"Keox Oy"},"image":{"@id":"https:\/\/keox.fi\/no\/#\/schema\/logo\/image\/"},"sameAs":["https:\/\/www.facebook.com\/KeoxOy\/","https:\/\/www.linkedin.com\/company\/25030509","https:\/\/www.youtube.com\/channel\/UCU54gMqjcR5mvbKJz4gAoAg"]}]}},"_links":{"self":[{"href":"https:\/\/keox.fi\/sv\/wp-json\/wp\/v2\/pages\/828"}],"collection":[{"href":"https:\/\/keox.fi\/sv\/wp-json\/wp\/v2\/pages"}],"about":[{"href":"https:\/\/keox.fi\/sv\/wp-json\/wp\/v2\/types\/page"}],"author":[{"embeddable":true,"href":"https:\/\/keox.fi\/sv\/wp-json\/wp\/v2\/users\/1"}],"replies":[{"embeddable":true,"href":"https:\/\/keox.fi\/sv\/wp-json\/wp\/v2\/comments?post=828"}],"version-history":[{"count":8,"href":"https:\/\/keox.fi\/sv\/wp-json\/wp\/v2\/pages\/828\/revisions"}],"predecessor-version":[{"id":3201,"href":"https:\/\/keox.fi\/sv\/wp-json\/wp\/v2\/pages\/828\/revisions\/3201"}],"up":[{"embeddable":true,"href":"https:\/\/keox.fi\/sv\/wp-json\/wp\/v2\/pages\/826"}],"wp:attachment":[{"href":"https:\/\/keox.fi\/sv\/wp-json\/wp\/v2\/media?parent=828"}],"curies":[{"name":"wp","href":"https:\/\/api.w.org\/{rel}","templated":true}]}}