{"id":826,"date":"2018-04-03T12:00:34","date_gmt":"2018-04-03T12:00:34","guid":{"rendered":"https:\/\/keox.fi\/?page_id=826"},"modified":"2024-10-22T13:05:11","modified_gmt":"2024-10-22T11:05:11","slug":"sugbilar","status":"publish","type":"page","link":"https:\/\/keox.fi\/sv\/produkter\/sugbilar\/","title":{"rendered":"Sugbilar"},"content":{"rendered":"\t\t<div data-elementor-type=\"wp-page\" data-elementor-id=\"826\" class=\"elementor elementor-826\" data-elementor-post-type=\"page\">\n\t\t\t\t<div class=\"elementor-element elementor-element-4c25ecb e-flex e-con-boxed e-con e-parent\" data-id=\"4c25ecb\" data-element_type=\"container\" data-settings=\"{&quot;background_background&quot;:&quot;classic&quot;}\">\n\t\t\t\t\t<div class=\"e-con-inner\">\n\t\t\t\t<div class=\"elementor-element elementor-element-117c71f elementor-widget elementor-widget-heading\" data-id=\"117c71f\" data-element_type=\"widget\" data-widget_type=\"heading.default\">\n\t\t\t\t<div class=\"elementor-widget-container\">\n\t\t\t<h2 class=\"elementor-heading-title elementor-size-default\">Sugbilar<\/h2>\t\t<\/div>\n\t\t\t\t<\/div>\n\t\t\t\t\t<\/div>\n\t\t\t\t<\/div>\n\t\t<div class=\"elementor-element elementor-element-0fe9ebf e-con-full e-flex e-con e-parent\" data-id=\"0fe9ebf\" data-element_type=\"container\" data-settings=\"{&quot;background_background&quot;:&quot;classic&quot;}\">\n\t\t<div class=\"elementor-element elementor-element-59379f0 e-con-full e-flex e-con e-child\" data-id=\"59379f0\" data-element_type=\"container\">\n\t\t\t\t<div class=\"elementor-element elementor-element-541e40b elementor-widget elementor-widget-heading\" data-id=\"541e40b\" data-element_type=\"widget\" data-widget_type=\"heading.default\">\n\t\t\t\t<div class=\"elementor-widget-container\">\n\t\t\t<h2 class=\"elementor-heading-title elementor-size-default\">V\u00e5r sugbil klarar tungt arbete oavsett f\u00f6rh\u00e5llanden<\/h2>\t\t<\/div>\n\t\t\t\t<\/div>\n\t\t\t\t<\/div>\n\t\t<div class=\"elementor-element elementor-element-7ce4e47 e-con-full e-flex e-con e-child\" data-id=\"7ce4e47\" data-element_type=\"container\">\n\t\t\t\t<div class=\"elementor-element elementor-element-c5da569 elementor-widget elementor-widget-text-editor\" data-id=\"c5da569\" data-element_type=\"widget\" data-widget_type=\"text-editor.default\">\n\t\t\t\t<div class=\"elementor-widget-container\">\n\t\t\t\t\t\t\t<p><strong>Verktyget ska vara effektivt f\u00f6r anv\u00e4ndnings\u00e4ndam\u00e5let. Alla v\u00e5ra sugbilar skr\u00e4ddarsys f\u00f6r kunden och utrustas enligt behov.<\/strong><\/p><p>Vi tillverkar sug- och spolbilar f\u00f6r avloppsunderh\u00e5ll p\u00e5 best\u00e4llning enligt kundens \u00f6nskem\u00e5l. S\u00e5 kan vi garantera att v\u00e5ra fordon p\u00e5 b\u00e4sta s\u00e4tt l\u00e4mpar sig f\u00f6r just det de \u00e4r avsedda f\u00f6r.<\/p><p>Sugning med sugbil l\u00e4mpar sig f\u00f6r flytt och avl\u00e4gsnande av s\u00e5v\u00e4l torra som flytande material. V\u00e5ra sugbi-lar l\u00e4mpar sig s\u00e5v\u00e4l f\u00f6r behoven hos industrin och kraftverk som f\u00f6r byggnader och kommunteknik.<\/p>\t\t\t\t\t\t<\/div>\n\t\t\t\t<\/div>\n\t\t\t\t<\/div>\n\t\t\t\t<\/div>\n\t\t<div class=\"elementor-element elementor-element-915d4d1 e-con-full e-flex e-con e-parent\" data-id=\"915d4d1\" data-element_type=\"container\" data-settings=\"{&quot;background_background&quot;:&quot;classic&quot;}\">\n\t\t<div class=\"elementor-element elementor-element-0e8e469 e-con-full e-flex e-con e-child\" data-id=\"0e8e469\" data-element_type=\"container\">\n\t\t<div class=\"elementor-element elementor-element-f323673 e-grid e-con-full e-con e-child\" data-id=\"f323673\" data-element_type=\"container\">\n\t\t<a class=\"elementor-element elementor-element-afc7059 e-con-full e-flex e-con e-child\" data-id=\"afc7059\" data-element_type=\"container\" href=\"https:\/\/keox.fi\/sv\/produkter\/sugbilar\/keox-il-16-rfs\/\">\n\t\t\t\t<div class=\"elementor-element elementor-element-1c6f354 elementor-widget__width-inherit elementor-widget elementor-widget-image\" data-id=\"1c6f354\" data-element_type=\"widget\" data-widget_type=\"image.default\">\n\t\t\t\t<div class=\"elementor-widget-container\">\n\t\t\t\t\t\t\t\t\t\t\t\t\t<img fetchpriority=\"high\" decoding=\"async\" width=\"650\" height=\"272\" src=\"https:\/\/keox.fi\/wp-content\/uploads\/2020\/03\/IL-vac.jpg\" class=\"attachment-full size-full wp-image-1740\" alt=\"\" srcset=\"https:\/\/keox.fi\/wp-content\/uploads\/2020\/03\/IL-vac.jpg 650w, https:\/\/keox.fi\/wp-content\/uploads\/2020\/03\/IL-vac-640x268.jpg 640w\" sizes=\"(max-width: 650px) 100vw, 650px\" \/>\t\t\t\t\t\t\t\t\t\t\t\t\t<\/div>\n\t\t\t\t<\/div>\n\t\t\t\t<div class=\"elementor-element elementor-element-3af2ce6 elementor-widget elementor-widget-heading\" data-id=\"3af2ce6\" data-element_type=\"widget\" data-widget_type=\"heading.default\">\n\t\t\t\t<div class=\"elementor-widget-container\">\n\t\t\t<h2 class=\"elementor-heading-title elementor-size-default\">IL<\/h2>\t\t<\/div>\n\t\t\t\t<\/div>\n\t\t\t\t<div class=\"elementor-element elementor-element-8415e04 elementor-widget__width-initial elementor-widget elementor-widget-text-editor\" data-id=\"8415e04\" data-element_type=\"widget\" data-widget_type=\"text-editor.default\">\n\t\t\t\t<div class=\"elementor-widget-container\">\n\t\t\t\t\t\t\t<p>En vakuumbil med rostfri tank som kan anpassas efter kundens behov.<\/p>\t\t\t\t\t\t<\/div>\n\t\t\t\t<\/div>\n\t\t\t\t<\/a>\n\t\t<a class=\"elementor-element elementor-element-1291481 e-con-full e-flex e-con e-child\" data-id=\"1291481\" data-element_type=\"container\" href=\"https:\/\/keox.fi\/sv\/produkter\/sugbilar\/keox-il15vl\/\">\n\t\t\t\t<div class=\"elementor-element elementor-element-49d814b elementor-widget__width-inherit elementor-widget elementor-widget-image\" data-id=\"49d814b\" data-element_type=\"widget\" data-widget_type=\"image.default\">\n\t\t\t\t<div class=\"elementor-widget-container\">\n\t\t\t\t\t\t\t\t\t\t\t\t\t<img decoding=\"async\" width=\"650\" height=\"272\" src=\"https:\/\/keox.fi\/wp-content\/uploads\/2020\/03\/demountable-vehicle.jpg\" class=\"attachment-full size-full wp-image-1741\" alt=\"\" srcset=\"https:\/\/keox.fi\/wp-content\/uploads\/2020\/03\/demountable-vehicle.jpg 650w, https:\/\/keox.fi\/wp-content\/uploads\/2020\/03\/demountable-vehicle-640x268.jpg 640w\" sizes=\"(max-width: 650px) 100vw, 650px\" \/>\t\t\t\t\t\t\t\t\t\t\t\t\t<\/div>\n\t\t\t\t<\/div>\n\t\t\t\t<div class=\"elementor-element elementor-element-2bc8f28 elementor-widget elementor-widget-heading\" data-id=\"2bc8f28\" data-element_type=\"widget\" data-widget_type=\"heading.default\">\n\t\t\t\t<div class=\"elementor-widget-container\">\n\t\t\t<h2 class=\"elementor-heading-title elementor-size-default\">IL BYTEPLATTFORM<\/h2>\t\t<\/div>\n\t\t\t\t<\/div>\n\t\t\t\t<div class=\"elementor-element elementor-element-3f48d17 elementor-widget__width-initial elementor-widget elementor-widget-text-editor\" data-id=\"3f48d17\" data-element_type=\"widget\" data-widget_type=\"text-editor.default\">\n\t\t\t\t<div class=\"elementor-widget-container\">\n\t\t\t\t\t\t\t<p>Det \u00e4r inte alltid vettigt att utrusta en bil f\u00f6r endast en anv\u00e4ndning, i s\u00e5 fall \u00e4r valet en sugtank med en utbytbar pall eller en kombination av sug\/tryck.<\/p>\t\t\t\t\t\t<\/div>\n\t\t\t\t<\/div>\n\t\t\t\t<\/a>\n\t\t\t\t<\/div>\n\t\t\t\t<\/div>\n\t\t\t\t<\/div>\n\t\t\t\t<\/div>\n\t\t","protected":false},"excerpt":{"rendered":"<p>Verktyget ska vara effektivt f\u00f6r anv\u00e4ndnings\u00e4ndam\u00e5let. Alla v\u00e5ra sugbilar skr\u00e4ddarsys f\u00f6r kunden och utrustas enligt behov.<\/p>\n","protected":false},"author":1,"featured_media":198,"parent":819,"menu_order":2,"comment_status":"closed","ping_status":"closed","template":"elementor_header_footer","meta":{"ngg_post_thumbnail":0,"footnotes":""},"class_list":["post-826","page","type-page","status-publish","has-post-thumbnail","hentry"],"yoast_head":"<!-- This site is optimized with the Yoast SEO plugin v24.3 - https:\/\/yoast.com\/wordpress\/plugins\/seo\/ -->\n<title>Sugbilar, Spolbil - KEOX<\/title>\n<meta name=\"description\" content=\"Vi tillverkar specialanpassade sug- och spolbilar f\u00f6r avloppsunderh\u00e5ll, s\u00e5 att du kan vara s\u00e4ker p\u00e5 att dina behov uppfylls. V\u00e5ra sugbilar passar perfekt f\u00f6r b\u00e5de byggnads- och kommunteknik.\" \/>\n<meta name=\"robots\" content=\"index, follow, max-snippet:-1, max-image-preview:large, max-video-preview:-1\" \/>\n<link rel=\"canonical\" href=\"https:\/\/keox.fi\/sv\/produkter\/sugbilar\/\" \/>\n<meta property=\"og:locale\" content=\"sv_SE\" \/>\n<meta property=\"og:type\" content=\"article\" \/>\n<meta property=\"og:title\" content=\"Sugbilar, Spolbil - KEOX\" \/>\n<meta property=\"og:description\" content=\"Vi tillverkar specialanpassade sug- och spolbilar f\u00f6r avloppsunderh\u00e5ll, s\u00e5 att du kan vara s\u00e4ker p\u00e5 att dina behov uppfylls. V\u00e5ra sugbilar passar perfekt f\u00f6r b\u00e5de byggnads- och kommunteknik.\" \/>\n<meta property=\"og:url\" content=\"https:\/\/keox.fi\/sv\/produkter\/sugbilar\/\" \/>\n<meta property=\"og:site_name\" content=\"KEOX\" \/>\n<meta property=\"article:publisher\" content=\"https:\/\/www.facebook.com\/KeoxOy\/\" \/>\n<meta property=\"article:modified_time\" content=\"2024-10-22T11:05:11+00:00\" \/>\n<meta property=\"og:image\" content=\"https:\/\/keox.fi\/wp-content\/uploads\/2016\/10\/Yla\u0308banneriin-imuautot.jpg\" \/>\n\t<meta property=\"og:image:width\" content=\"1920\" \/>\n\t<meta property=\"og:image:height\" content=\"430\" \/>\n\t<meta property=\"og:image:type\" content=\"image\/jpeg\" \/>\n<meta name=\"twitter:card\" content=\"summary_large_image\" \/>\n<meta name=\"twitter:label1\" content=\"Ber\u00e4knad l\u00e4stid\" \/>\n\t<meta name=\"twitter:data1\" content=\"1 minut\" \/>\n<script type=\"application\/ld+json\" class=\"yoast-schema-graph\">{\"@context\":\"https:\/\/schema.org\",\"@graph\":[{\"@type\":\"WebPage\",\"@id\":\"https:\/\/keox.fi\/sv\/produkter\/sugbilar\/\",\"url\":\"https:\/\/keox.fi\/sv\/produkter\/sugbilar\/\",\"name\":\"Sugbilar, Spolbil - KEOX\",\"isPartOf\":{\"@id\":\"https:\/\/keox.fi\/no\/#website\"},\"primaryImageOfPage\":{\"@id\":\"https:\/\/keox.fi\/sv\/produkter\/sugbilar\/#primaryimage\"},\"image\":{\"@id\":\"https:\/\/keox.fi\/sv\/produkter\/sugbilar\/#primaryimage\"},\"thumbnailUrl\":\"https:\/\/keox.fi\/wp-content\/uploads\/2016\/10\/Yla\u0308banneriin-imuautot.jpg\",\"datePublished\":\"2018-04-03T12:00:34+00:00\",\"dateModified\":\"2024-10-22T11:05:11+00:00\",\"description\":\"Vi tillverkar specialanpassade sug- och spolbilar f\u00f6r avloppsunderh\u00e5ll, s\u00e5 att du kan vara s\u00e4ker p\u00e5 att dina behov uppfylls. V\u00e5ra sugbilar passar perfekt f\u00f6r b\u00e5de byggnads- och kommunteknik.\",\"breadcrumb\":{\"@id\":\"https:\/\/keox.fi\/sv\/produkter\/sugbilar\/#breadcrumb\"},\"inLanguage\":\"sv-SE\",\"potentialAction\":[{\"@type\":\"ReadAction\",\"target\":[\"https:\/\/keox.fi\/sv\/produkter\/sugbilar\/\"]}]},{\"@type\":\"ImageObject\",\"inLanguage\":\"sv-SE\",\"@id\":\"https:\/\/keox.fi\/sv\/produkter\/sugbilar\/#primaryimage\",\"url\":\"https:\/\/keox.fi\/wp-content\/uploads\/2016\/10\/Yla\u0308banneriin-imuautot.jpg\",\"contentUrl\":\"https:\/\/keox.fi\/wp-content\/uploads\/2016\/10\/Yla\u0308banneriin-imuautot.jpg\",\"width\":1920,\"height\":430},{\"@type\":\"BreadcrumbList\",\"@id\":\"https:\/\/keox.fi\/sv\/produkter\/sugbilar\/#breadcrumb\",\"itemListElement\":[{\"@type\":\"ListItem\",\"position\":1,\"name\":\"Etusivu\",\"item\":\"https:\/\/keox.fi\/sv\/framsida\/\"},{\"@type\":\"ListItem\",\"position\":2,\"name\":\"Produkter\",\"item\":\"https:\/\/keox.fi\/sv\/produkter\/\"},{\"@type\":\"ListItem\",\"position\":3,\"name\":\"Sugbilar\"}]},{\"@type\":\"WebSite\",\"@id\":\"https:\/\/keox.fi\/no\/#website\",\"url\":\"https:\/\/keox.fi\/no\/\",\"name\":\"KEOX\",\"description\":\"Palvelemme monipuolisesti\",\"publisher\":{\"@id\":\"https:\/\/keox.fi\/no\/#organization\"},\"potentialAction\":[{\"@type\":\"SearchAction\",\"target\":{\"@type\":\"EntryPoint\",\"urlTemplate\":\"https:\/\/keox.fi\/no\/?s={search_term_string}\"},\"query-input\":{\"@type\":\"PropertyValueSpecification\",\"valueRequired\":true,\"valueName\":\"search_term_string\"}}],\"inLanguage\":\"sv-SE\"},{\"@type\":\"Organization\",\"@id\":\"https:\/\/keox.fi\/no\/#organization\",\"name\":\"Keox Oy\",\"url\":\"https:\/\/keox.fi\/no\/\",\"logo\":{\"@type\":\"ImageObject\",\"inLanguage\":\"sv-SE\",\"@id\":\"https:\/\/keox.fi\/no\/#\/schema\/logo\/image\/\",\"url\":\"https:\/\/keox.fi\/wp-content\/uploads\/2019\/12\/logo-pos.png\",\"contentUrl\":\"https:\/\/keox.fi\/wp-content\/uploads\/2019\/12\/logo-pos.png\",\"width\":3479,\"height\":3479,\"caption\":\"Keox Oy\"},\"image\":{\"@id\":\"https:\/\/keox.fi\/no\/#\/schema\/logo\/image\/\"},\"sameAs\":[\"https:\/\/www.facebook.com\/KeoxOy\/\",\"https:\/\/www.linkedin.com\/company\/25030509\",\"https:\/\/www.youtube.com\/channel\/UCU54gMqjcR5mvbKJz4gAoAg\"]}]}<\/script>\n<!-- \/ Yoast SEO plugin. -->","yoast_head_json":{"title":"Sugbilar, Spolbil - KEOX","description":"Vi tillverkar specialanpassade sug- och spolbilar f\u00f6r avloppsunderh\u00e5ll, s\u00e5 att du kan vara s\u00e4ker p\u00e5 att dina behov uppfylls. V\u00e5ra sugbilar passar perfekt f\u00f6r b\u00e5de byggnads- och kommunteknik.","robots":{"index":"index","follow":"follow","max-snippet":"max-snippet:-1","max-image-preview":"max-image-preview:large","max-video-preview":"max-video-preview:-1"},"canonical":"https:\/\/keox.fi\/sv\/produkter\/sugbilar\/","og_locale":"sv_SE","og_type":"article","og_title":"Sugbilar, Spolbil - KEOX","og_description":"Vi tillverkar specialanpassade sug- och spolbilar f\u00f6r avloppsunderh\u00e5ll, s\u00e5 att du kan vara s\u00e4ker p\u00e5 att dina behov uppfylls. V\u00e5ra sugbilar passar perfekt f\u00f6r b\u00e5de byggnads- och kommunteknik.","og_url":"https:\/\/keox.fi\/sv\/produkter\/sugbilar\/","og_site_name":"KEOX","article_publisher":"https:\/\/www.facebook.com\/KeoxOy\/","article_modified_time":"2024-10-22T11:05:11+00:00","og_image":[{"width":1920,"height":430,"url":"https:\/\/keox.fi\/wp-content\/uploads\/2016\/10\/Yla\u0308banneriin-imuautot.jpg","type":"image\/jpeg"}],"twitter_card":"summary_large_image","twitter_misc":{"Ber\u00e4knad l\u00e4stid":"1 minut"},"schema":{"@context":"https:\/\/schema.org","@graph":[{"@type":"WebPage","@id":"https:\/\/keox.fi\/sv\/produkter\/sugbilar\/","url":"https:\/\/keox.fi\/sv\/produkter\/sugbilar\/","name":"Sugbilar, Spolbil - KEOX","isPartOf":{"@id":"https:\/\/keox.fi\/no\/#website"},"primaryImageOfPage":{"@id":"https:\/\/keox.fi\/sv\/produkter\/sugbilar\/#primaryimage"},"image":{"@id":"https:\/\/keox.fi\/sv\/produkter\/sugbilar\/#primaryimage"},"thumbnailUrl":"https:\/\/keox.fi\/wp-content\/uploads\/2016\/10\/Yla\u0308banneriin-imuautot.jpg","datePublished":"2018-04-03T12:00:34+00:00","dateModified":"2024-10-22T11:05:11+00:00","description":"Vi tillverkar specialanpassade sug- och spolbilar f\u00f6r avloppsunderh\u00e5ll, s\u00e5 att du kan vara s\u00e4ker p\u00e5 att dina behov uppfylls. V\u00e5ra sugbilar passar perfekt f\u00f6r b\u00e5de byggnads- och kommunteknik.","breadcrumb":{"@id":"https:\/\/keox.fi\/sv\/produkter\/sugbilar\/#breadcrumb"},"inLanguage":"sv-SE","potentialAction":[{"@type":"ReadAction","target":["https:\/\/keox.fi\/sv\/produkter\/sugbilar\/"]}]},{"@type":"ImageObject","inLanguage":"sv-SE","@id":"https:\/\/keox.fi\/sv\/produkter\/sugbilar\/#primaryimage","url":"https:\/\/keox.fi\/wp-content\/uploads\/2016\/10\/Yla\u0308banneriin-imuautot.jpg","contentUrl":"https:\/\/keox.fi\/wp-content\/uploads\/2016\/10\/Yla\u0308banneriin-imuautot.jpg","width":1920,"height":430},{"@type":"BreadcrumbList","@id":"https:\/\/keox.fi\/sv\/produkter\/sugbilar\/#breadcrumb","itemListElement":[{"@type":"ListItem","position":1,"name":"Etusivu","item":"https:\/\/keox.fi\/sv\/framsida\/"},{"@type":"ListItem","position":2,"name":"Produkter","item":"https:\/\/keox.fi\/sv\/produkter\/"},{"@type":"ListItem","position":3,"name":"Sugbilar"}]},{"@type":"WebSite","@id":"https:\/\/keox.fi\/no\/#website","url":"https:\/\/keox.fi\/no\/","name":"KEOX","description":"Palvelemme monipuolisesti","publisher":{"@id":"https:\/\/keox.fi\/no\/#organization"},"potentialAction":[{"@type":"SearchAction","target":{"@type":"EntryPoint","urlTemplate":"https:\/\/keox.fi\/no\/?s={search_term_string}"},"query-input":{"@type":"PropertyValueSpecification","valueRequired":true,"valueName":"search_term_string"}}],"inLanguage":"sv-SE"},{"@type":"Organization","@id":"https:\/\/keox.fi\/no\/#organization","name":"Keox Oy","url":"https:\/\/keox.fi\/no\/","logo":{"@type":"ImageObject","inLanguage":"sv-SE","@id":"https:\/\/keox.fi\/no\/#\/schema\/logo\/image\/","url":"https:\/\/keox.fi\/wp-content\/uploads\/2019\/12\/logo-pos.png","contentUrl":"https:\/\/keox.fi\/wp-content\/uploads\/2019\/12\/logo-pos.png","width":3479,"height":3479,"caption":"Keox Oy"},"image":{"@id":"https:\/\/keox.fi\/no\/#\/schema\/logo\/image\/"},"sameAs":["https:\/\/www.facebook.com\/KeoxOy\/","https:\/\/www.linkedin.com\/company\/25030509","https:\/\/www.youtube.com\/channel\/UCU54gMqjcR5mvbKJz4gAoAg"]}]}},"_links":{"self":[{"href":"https:\/\/keox.fi\/sv\/wp-json\/wp\/v2\/pages\/826"}],"collection":[{"href":"https:\/\/keox.fi\/sv\/wp-json\/wp\/v2\/pages"}],"about":[{"href":"https:\/\/keox.fi\/sv\/wp-json\/wp\/v2\/types\/page"}],"author":[{"embeddable":true,"href":"https:\/\/keox.fi\/sv\/wp-json\/wp\/v2\/users\/1"}],"replies":[{"embeddable":true,"href":"https:\/\/keox.fi\/sv\/wp-json\/wp\/v2\/comments?post=826"}],"version-history":[{"count":4,"href":"https:\/\/keox.fi\/sv\/wp-json\/wp\/v2\/pages\/826\/revisions"}],"predecessor-version":[{"id":2903,"href":"https:\/\/keox.fi\/sv\/wp-json\/wp\/v2\/pages\/826\/revisions\/2903"}],"up":[{"embeddable":true,"href":"https:\/\/keox.fi\/sv\/wp-json\/wp\/v2\/pages\/819"}],"wp:featuredmedia":[{"embeddable":true,"href":"https:\/\/keox.fi\/sv\/wp-json\/wp\/v2\/media\/198"}],"wp:attachment":[{"href":"https:\/\/keox.fi\/sv\/wp-json\/wp\/v2\/media?parent=826"}],"curies":[{"name":"wp","href":"https:\/\/api.w.org\/{rel}","templated":true}]}}