{"id":824,"date":"2018-04-03T11:58:32","date_gmt":"2018-04-03T11:58:32","guid":{"rendered":"https:\/\/keox.fi\/?page_id=824"},"modified":"2026-02-20T10:34:51","modified_gmt":"2026-02-20T08:34:51","slug":"kombinationer-for-avloppsunderhall","status":"publish","type":"page","link":"https:\/\/keox.fi\/sv\/produkter\/kombinationer-for-avloppsunderhall\/","title":{"rendered":"Kombinationer f\u00f6r avloppsunderh\u00e5ll"},"content":{"rendered":"\t\t<div data-elementor-type=\"wp-page\" data-elementor-id=\"824\" class=\"elementor elementor-824\" data-elementor-post-type=\"page\">\n\t\t\t\t<div class=\"elementor-element elementor-element-f670209 e-flex e-con-boxed e-con e-parent\" data-id=\"f670209\" data-element_type=\"container\" data-settings=\"{&quot;background_background&quot;:&quot;classic&quot;}\">\n\t\t\t\t\t<div class=\"e-con-inner\">\n\t\t\t\t<div class=\"elementor-element elementor-element-23401ca elementor-widget elementor-widget-heading\" data-id=\"23401ca\" data-element_type=\"widget\" data-widget_type=\"heading.default\">\n\t\t\t\t<div class=\"elementor-widget-container\">\n\t\t\t<h2 class=\"elementor-heading-title elementor-size-default\">kombinationer f\u00f6r avloppsunderh\u00e5ll<\/h2>\t\t<\/div>\n\t\t\t\t<\/div>\n\t\t\t\t\t<\/div>\n\t\t\t\t<\/div>\n\t\t<div class=\"elementor-element elementor-element-0af54ba e-con-full e-flex e-con e-parent\" data-id=\"0af54ba\" data-element_type=\"container\" data-settings=\"{&quot;background_background&quot;:&quot;classic&quot;}\">\n\t\t<div class=\"elementor-element elementor-element-61f5af2 e-con-full e-flex e-con e-child\" data-id=\"61f5af2\" data-element_type=\"container\">\n\t\t\t\t<div class=\"elementor-element elementor-element-2853d6e elementor-widget elementor-widget-heading\" data-id=\"2853d6e\" data-element_type=\"widget\" data-widget_type=\"heading.default\">\n\t\t\t\t<div class=\"elementor-widget-container\">\n\t\t\t<h2 class=\"elementor-heading-title elementor-size-default\">Sug- och spolkombinationer f\u00f6r avloppsunderh\u00e5ll<\/h2>\t\t<\/div>\n\t\t\t\t<\/div>\n\t\t\t\t<\/div>\n\t\t<div class=\"elementor-element elementor-element-4f08d4a e-con-full e-flex e-con e-child\" data-id=\"4f08d4a\" data-element_type=\"container\">\n\t\t\t\t<div class=\"elementor-element elementor-element-ce6d910 elementor-widget elementor-widget-text-editor\" data-id=\"ce6d910\" data-element_type=\"widget\" data-widget_type=\"text-editor.default\">\n\t\t\t\t<div class=\"elementor-widget-container\">\n\t\t\t\t\t\t\t<p>Vi ser till att dina verktyg \u00e4r de b\u00e4sta. V\u00e5ra kombinationer \u00e4r i toppklass vad g\u00e4ller s\u00e5v\u00e4l anv\u00e4ndarv\u00e4nligheten som k\u00f6ldh\u00e4rdighet, och de utrustas alltid enligt kundens behov.<\/p>\t\t\t\t\t\t<\/div>\n\t\t\t\t<\/div>\n\t\t\t\t<div class=\"elementor-element elementor-element-caa0dfb elementor-widget elementor-widget-text-editor\" data-id=\"caa0dfb\" data-element_type=\"widget\" data-widget_type=\"text-editor.default\">\n\t\t\t\t<div class=\"elementor-widget-container\">\n\t\t\t\t\t\t\t<p>Kombinationsfordonen \u00e4r byggda f\u00f6r de kalla f\u00f6rh\u00e5llandena i norr och har effektivt k\u00f6ldskydd. Vi levere-rar ocks\u00e5 utrustning f\u00f6r avloppsunderh\u00e5ll som t\u00e5l h\u00e5rd anv\u00e4ndning. Vi planerar fordonen tillsammans med er och bygger dem \u00e5t er. Vi vet att arbetena d\u00e4r v\u00e5ra fordon anv\u00e4nds inte alltid \u00e4r de prydligaste eller mest behagliga. D\u00e4rf\u00f6r f\u00f6rs\u00f6ker vi genom kontinuerlig produktutveckling och utifr\u00e5n respons g\u00f6ra v\u00e5ra fordon b\u00e4ttre och underl\u00e4tta v\u00e5ra kunders dagliga arbete i f\u00e4lt.<\/p><p><!-- \/wp:paragraph --><!-- wp:paragraph --><\/p><p>Valmistamme my\u00f6s vaihtolavallisia versioita.<\/p>\t\t\t\t\t\t<\/div>\n\t\t\t\t<\/div>\n\t\t\t\t<\/div>\n\t\t\t\t<\/div>\n\t\t<div class=\"elementor-element elementor-element-d247583 e-con-full e-flex e-con e-parent\" data-id=\"d247583\" data-element_type=\"container\" data-settings=\"{&quot;background_background&quot;:&quot;classic&quot;}\">\n\t\t<div class=\"elementor-element elementor-element-8f98c42 e-con-full e-flex e-con e-child\" data-id=\"8f98c42\" data-element_type=\"container\">\n\t\t<div class=\"elementor-element elementor-element-e2f9eb8 e-grid e-con-full e-con e-child\" data-id=\"e2f9eb8\" data-element_type=\"container\">\n\t\t<a class=\"elementor-element elementor-element-3e87d66 e-con-full e-flex e-con e-child\" data-id=\"3e87d66\" data-element_type=\"container\" href=\"https:\/\/keox.fi\/sv\/produkter\/kombinationer-for-avloppsunderhall\/heavy-combi-sv\/\">\n\t\t\t\t<div class=\"elementor-element elementor-element-215b636 elementor-widget__width-inherit elementor-widget elementor-widget-image\" data-id=\"215b636\" data-element_type=\"widget\" data-widget_type=\"image.default\">\n\t\t\t\t<div class=\"elementor-widget-container\">\n\t\t\t\t\t\t\t\t\t\t\t\t\t<img fetchpriority=\"high\" decoding=\"async\" width=\"650\" height=\"272\" src=\"https:\/\/keox.fi\/wp-content\/uploads\/2020\/04\/heavy-combi1.jpg\" class=\"attachment-full size-full wp-image-1784\" alt=\"\" srcset=\"https:\/\/keox.fi\/wp-content\/uploads\/2020\/04\/heavy-combi1.jpg 650w, https:\/\/keox.fi\/wp-content\/uploads\/2020\/04\/heavy-combi1-640x268.jpg 640w\" sizes=\"(max-width: 650px) 100vw, 650px\" \/>\t\t\t\t\t\t\t\t\t\t\t\t\t<\/div>\n\t\t\t\t<\/div>\n\t\t\t\t<div class=\"elementor-element elementor-element-2d6a2d4 elementor-widget elementor-widget-heading\" data-id=\"2d6a2d4\" data-element_type=\"widget\" data-widget_type=\"heading.default\">\n\t\t\t\t<div class=\"elementor-widget-container\">\n\t\t\t<h2 class=\"elementor-heading-title elementor-size-default\">Heavy combi<\/h2>\t\t<\/div>\n\t\t\t\t<\/div>\n\t\t\t\t<\/a>\n\t\t<a class=\"elementor-element elementor-element-c05a497 e-con-full e-flex e-con e-child\" data-id=\"c05a497\" data-element_type=\"container\" href=\"https:\/\/keox.fi\/sv\/produkter\/kombinationer-for-avloppsunderhall\/large-combi-sv\/\">\n\t\t\t\t<div class=\"elementor-element elementor-element-6f24387 elementor-widget__width-inherit elementor-widget elementor-widget-image\" data-id=\"6f24387\" data-element_type=\"widget\" data-widget_type=\"image.default\">\n\t\t\t\t<div class=\"elementor-widget-container\">\n\t\t\t\t\t\t\t\t\t\t\t\t\t<img decoding=\"async\" width=\"650\" height=\"272\" src=\"https:\/\/keox.fi\/wp-content\/uploads\/2020\/03\/large-combi-1.jpg\" class=\"attachment-full size-full wp-image-1698\" alt=\"\" srcset=\"https:\/\/keox.fi\/wp-content\/uploads\/2020\/03\/large-combi-1.jpg 650w, https:\/\/keox.fi\/wp-content\/uploads\/2020\/03\/large-combi-1-640x268.jpg 640w\" sizes=\"(max-width: 650px) 100vw, 650px\" \/>\t\t\t\t\t\t\t\t\t\t\t\t\t<\/div>\n\t\t\t\t<\/div>\n\t\t\t\t<div class=\"elementor-element elementor-element-6feb08b elementor-widget elementor-widget-heading\" data-id=\"6feb08b\" data-element_type=\"widget\" data-widget_type=\"heading.default\">\n\t\t\t\t<div class=\"elementor-widget-container\">\n\t\t\t<h2 class=\"elementor-heading-title elementor-size-default\">Large combi<\/h2>\t\t<\/div>\n\t\t\t\t<\/div>\n\t\t\t\t<\/a>\n\t\t<a class=\"elementor-element elementor-element-2367e2e e-con-full e-flex e-con e-child\" data-id=\"2367e2e\" data-element_type=\"container\" href=\"https:\/\/keox.fi\/sv\/produkter\/kombinationer-for-avloppsunderhall\/eco-combi-sv\/\">\n\t\t\t\t<div class=\"elementor-element elementor-element-8c96915 elementor-widget__width-inherit elementor-widget elementor-widget-image\" data-id=\"8c96915\" data-element_type=\"widget\" data-widget_type=\"image.default\">\n\t\t\t\t<div class=\"elementor-widget-container\">\n\t\t\t\t\t\t\t\t\t\t\t\t\t<img decoding=\"async\" width=\"650\" height=\"272\" src=\"https:\/\/keox.fi\/wp-content\/uploads\/2020\/03\/eco-combi-1.jpg\" class=\"attachment-full size-full wp-image-1697\" alt=\"\" srcset=\"https:\/\/keox.fi\/wp-content\/uploads\/2020\/03\/eco-combi-1.jpg 650w, https:\/\/keox.fi\/wp-content\/uploads\/2020\/03\/eco-combi-1-640x268.jpg 640w\" sizes=\"(max-width: 650px) 100vw, 650px\" \/>\t\t\t\t\t\t\t\t\t\t\t\t\t<\/div>\n\t\t\t\t<\/div>\n\t\t\t\t<div class=\"elementor-element elementor-element-0d1121b elementor-widget elementor-widget-heading\" data-id=\"0d1121b\" data-element_type=\"widget\" data-widget_type=\"heading.default\">\n\t\t\t\t<div class=\"elementor-widget-container\">\n\t\t\t<h2 class=\"elementor-heading-title elementor-size-default\">Eco combi<\/h2>\t\t<\/div>\n\t\t\t\t<\/div>\n\t\t\t\t<\/a>\n\t\t<a class=\"elementor-element elementor-element-d74f9c3 e-con-full e-flex e-con e-child\" data-id=\"d74f9c3\" data-element_type=\"container\" href=\"https:\/\/keox.fi\/sv\/produkter\/kombinationer-for-avloppsunderhall\/mikroaggregat\/\">\n\t\t\t\t<div class=\"elementor-element elementor-element-bfb0a9a elementor-widget__width-inherit elementor-widget elementor-widget-image\" data-id=\"bfb0a9a\" data-element_type=\"widget\" data-widget_type=\"image.default\">\n\t\t\t\t<div class=\"elementor-widget-container\">\n\t\t\t\t\t\t\t\t\t\t\t\t\t<img loading=\"lazy\" decoding=\"async\" width=\"650\" height=\"272\" src=\"https:\/\/keox.fi\/wp-content\/uploads\/2020\/03\/micro-combi-1.jpg\" class=\"attachment-full size-full wp-image-1699\" alt=\"\" srcset=\"https:\/\/keox.fi\/wp-content\/uploads\/2020\/03\/micro-combi-1.jpg 650w, https:\/\/keox.fi\/wp-content\/uploads\/2020\/03\/micro-combi-1-640x268.jpg 640w\" sizes=\"(max-width: 650px) 100vw, 650px\" \/>\t\t\t\t\t\t\t\t\t\t\t\t\t<\/div>\n\t\t\t\t<\/div>\n\t\t\t\t<div class=\"elementor-element elementor-element-4d53890 elementor-widget elementor-widget-heading\" data-id=\"4d53890\" data-element_type=\"widget\" data-widget_type=\"heading.default\">\n\t\t\t\t<div class=\"elementor-widget-container\">\n\t\t\t<h2 class=\"elementor-heading-title elementor-size-default\">Micro combi<\/h2>\t\t<\/div>\n\t\t\t\t<\/div>\n\t\t\t\t<\/a>\n\t\t\t\t<\/div>\n\t\t\t\t<\/div>\n\t\t\t\t<\/div>\n\t\t\t\t<\/div>\n\t\t","protected":false},"excerpt":{"rendered":"<p>Vi ser till att dina verktyg \u00e4r de b\u00e4sta. V\u00e5ra kombinationer \u00e4r i toppklass vad g\u00e4ller s\u00e5v\u00e4l anv\u00e4ndarv\u00e4nligheten som k\u00f6ldh\u00e4rdighet, och de utrustas alltid enligt kundens behov.<\/p>\n","protected":false},"author":1,"featured_media":306,"parent":819,"menu_order":1,"comment_status":"closed","ping_status":"closed","template":"elementor_header_footer","meta":{"ngg_post_thumbnail":0,"footnotes":""},"class_list":["post-824","page","type-page","status-publish","has-post-thumbnail","hentry"],"yoast_head":"<!-- This site is optimized with the Yoast SEO plugin v24.3 - https:\/\/yoast.com\/wordpress\/plugins\/seo\/ -->\n<title>Kombibil - KEOX<\/title>\n<meta name=\"description\" content=\"KEOX spolbil och kombibil f\u00f6r optimal reng\u00f6ring. Robusta, p\u00e5litliga fordon designade f\u00f6r maximal effektivitet och resultat\" \/>\n<meta name=\"robots\" content=\"index, follow, max-snippet:-1, max-image-preview:large, max-video-preview:-1\" \/>\n<link rel=\"canonical\" href=\"https:\/\/keox.fi\/sv\/produkter\/kombinationer-for-avloppsunderhall\/\" \/>\n<meta property=\"og:locale\" content=\"sv_SE\" \/>\n<meta property=\"og:type\" content=\"article\" \/>\n<meta property=\"og:title\" content=\"Kombibil - KEOX\" \/>\n<meta property=\"og:description\" content=\"KEOX spolbil och kombibil f\u00f6r optimal reng\u00f6ring. Robusta, p\u00e5litliga fordon designade f\u00f6r maximal effektivitet och resultat\" \/>\n<meta property=\"og:url\" content=\"https:\/\/keox.fi\/sv\/produkter\/kombinationer-for-avloppsunderhall\/\" \/>\n<meta property=\"og:site_name\" content=\"KEOX\" \/>\n<meta property=\"article:publisher\" content=\"https:\/\/www.facebook.com\/KeoxOy\/\" \/>\n<meta property=\"article:modified_time\" content=\"2026-02-20T08:34:51+00:00\" \/>\n<meta property=\"og:image\" content=\"https:\/\/keox.fi\/wp-content\/uploads\/2016\/10\/Yl\u00e4banneri-IVL.jpg\" \/>\n\t<meta property=\"og:image:width\" content=\"1920\" \/>\n\t<meta property=\"og:image:height\" content=\"430\" \/>\n\t<meta property=\"og:image:type\" content=\"image\/jpeg\" \/>\n<meta name=\"twitter:card\" content=\"summary_large_image\" \/>\n<meta name=\"twitter:label1\" content=\"Ber\u00e4knad l\u00e4stid\" \/>\n\t<meta name=\"twitter:data1\" content=\"2 minuter\" \/>\n<script type=\"application\/ld+json\" class=\"yoast-schema-graph\">{\"@context\":\"https:\/\/schema.org\",\"@graph\":[{\"@type\":\"WebPage\",\"@id\":\"https:\/\/keox.fi\/sv\/produkter\/kombinationer-for-avloppsunderhall\/\",\"url\":\"https:\/\/keox.fi\/sv\/produkter\/kombinationer-for-avloppsunderhall\/\",\"name\":\"Kombibil - KEOX\",\"isPartOf\":{\"@id\":\"https:\/\/keox.fi\/no\/#website\"},\"primaryImageOfPage\":{\"@id\":\"https:\/\/keox.fi\/sv\/produkter\/kombinationer-for-avloppsunderhall\/#primaryimage\"},\"image\":{\"@id\":\"https:\/\/keox.fi\/sv\/produkter\/kombinationer-for-avloppsunderhall\/#primaryimage\"},\"thumbnailUrl\":\"https:\/\/keox.fi\/wp-content\/uploads\/2016\/10\/Yl\u00e4banneri-IVL.jpg\",\"datePublished\":\"2018-04-03T11:58:32+00:00\",\"dateModified\":\"2026-02-20T08:34:51+00:00\",\"description\":\"KEOX spolbil och kombibil f\u00f6r optimal reng\u00f6ring. Robusta, p\u00e5litliga fordon designade f\u00f6r maximal effektivitet och resultat\",\"breadcrumb\":{\"@id\":\"https:\/\/keox.fi\/sv\/produkter\/kombinationer-for-avloppsunderhall\/#breadcrumb\"},\"inLanguage\":\"sv-SE\",\"potentialAction\":[{\"@type\":\"ReadAction\",\"target\":[\"https:\/\/keox.fi\/sv\/produkter\/kombinationer-for-avloppsunderhall\/\"]}]},{\"@type\":\"ImageObject\",\"inLanguage\":\"sv-SE\",\"@id\":\"https:\/\/keox.fi\/sv\/produkter\/kombinationer-for-avloppsunderhall\/#primaryimage\",\"url\":\"https:\/\/keox.fi\/wp-content\/uploads\/2016\/10\/Yl\u00e4banneri-IVL.jpg\",\"contentUrl\":\"https:\/\/keox.fi\/wp-content\/uploads\/2016\/10\/Yl\u00e4banneri-IVL.jpg\",\"width\":1920,\"height\":430},{\"@type\":\"BreadcrumbList\",\"@id\":\"https:\/\/keox.fi\/sv\/produkter\/kombinationer-for-avloppsunderhall\/#breadcrumb\",\"itemListElement\":[{\"@type\":\"ListItem\",\"position\":1,\"name\":\"Etusivu\",\"item\":\"https:\/\/keox.fi\/sv\/framsida\/\"},{\"@type\":\"ListItem\",\"position\":2,\"name\":\"Produkter\",\"item\":\"https:\/\/keox.fi\/sv\/produkter\/\"},{\"@type\":\"ListItem\",\"position\":3,\"name\":\"Kombinationer f\u00f6r avloppsunderh\u00e5ll\"}]},{\"@type\":\"WebSite\",\"@id\":\"https:\/\/keox.fi\/no\/#website\",\"url\":\"https:\/\/keox.fi\/no\/\",\"name\":\"KEOX\",\"description\":\"Palvelemme monipuolisesti\",\"publisher\":{\"@id\":\"https:\/\/keox.fi\/no\/#organization\"},\"potentialAction\":[{\"@type\":\"SearchAction\",\"target\":{\"@type\":\"EntryPoint\",\"urlTemplate\":\"https:\/\/keox.fi\/no\/?s={search_term_string}\"},\"query-input\":{\"@type\":\"PropertyValueSpecification\",\"valueRequired\":true,\"valueName\":\"search_term_string\"}}],\"inLanguage\":\"sv-SE\"},{\"@type\":\"Organization\",\"@id\":\"https:\/\/keox.fi\/no\/#organization\",\"name\":\"Keox Oy\",\"url\":\"https:\/\/keox.fi\/no\/\",\"logo\":{\"@type\":\"ImageObject\",\"inLanguage\":\"sv-SE\",\"@id\":\"https:\/\/keox.fi\/no\/#\/schema\/logo\/image\/\",\"url\":\"https:\/\/keox.fi\/wp-content\/uploads\/2019\/12\/logo-pos.png\",\"contentUrl\":\"https:\/\/keox.fi\/wp-content\/uploads\/2019\/12\/logo-pos.png\",\"width\":3479,\"height\":3479,\"caption\":\"Keox Oy\"},\"image\":{\"@id\":\"https:\/\/keox.fi\/no\/#\/schema\/logo\/image\/\"},\"sameAs\":[\"https:\/\/www.facebook.com\/KeoxOy\/\",\"https:\/\/www.linkedin.com\/company\/25030509\",\"https:\/\/www.youtube.com\/channel\/UCU54gMqjcR5mvbKJz4gAoAg\"]}]}<\/script>\n<!-- \/ Yoast SEO plugin. -->","yoast_head_json":{"title":"Kombibil - KEOX","description":"KEOX spolbil och kombibil f\u00f6r optimal reng\u00f6ring. Robusta, p\u00e5litliga fordon designade f\u00f6r maximal effektivitet och resultat","robots":{"index":"index","follow":"follow","max-snippet":"max-snippet:-1","max-image-preview":"max-image-preview:large","max-video-preview":"max-video-preview:-1"},"canonical":"https:\/\/keox.fi\/sv\/produkter\/kombinationer-for-avloppsunderhall\/","og_locale":"sv_SE","og_type":"article","og_title":"Kombibil - KEOX","og_description":"KEOX spolbil och kombibil f\u00f6r optimal reng\u00f6ring. Robusta, p\u00e5litliga fordon designade f\u00f6r maximal effektivitet och resultat","og_url":"https:\/\/keox.fi\/sv\/produkter\/kombinationer-for-avloppsunderhall\/","og_site_name":"KEOX","article_publisher":"https:\/\/www.facebook.com\/KeoxOy\/","article_modified_time":"2026-02-20T08:34:51+00:00","og_image":[{"width":1920,"height":430,"url":"https:\/\/keox.fi\/wp-content\/uploads\/2016\/10\/Yl\u00e4banneri-IVL.jpg","type":"image\/jpeg"}],"twitter_card":"summary_large_image","twitter_misc":{"Ber\u00e4knad l\u00e4stid":"2 minuter"},"schema":{"@context":"https:\/\/schema.org","@graph":[{"@type":"WebPage","@id":"https:\/\/keox.fi\/sv\/produkter\/kombinationer-for-avloppsunderhall\/","url":"https:\/\/keox.fi\/sv\/produkter\/kombinationer-for-avloppsunderhall\/","name":"Kombibil - KEOX","isPartOf":{"@id":"https:\/\/keox.fi\/no\/#website"},"primaryImageOfPage":{"@id":"https:\/\/keox.fi\/sv\/produkter\/kombinationer-for-avloppsunderhall\/#primaryimage"},"image":{"@id":"https:\/\/keox.fi\/sv\/produkter\/kombinationer-for-avloppsunderhall\/#primaryimage"},"thumbnailUrl":"https:\/\/keox.fi\/wp-content\/uploads\/2016\/10\/Yl\u00e4banneri-IVL.jpg","datePublished":"2018-04-03T11:58:32+00:00","dateModified":"2026-02-20T08:34:51+00:00","description":"KEOX spolbil och kombibil f\u00f6r optimal reng\u00f6ring. Robusta, p\u00e5litliga fordon designade f\u00f6r maximal effektivitet och resultat","breadcrumb":{"@id":"https:\/\/keox.fi\/sv\/produkter\/kombinationer-for-avloppsunderhall\/#breadcrumb"},"inLanguage":"sv-SE","potentialAction":[{"@type":"ReadAction","target":["https:\/\/keox.fi\/sv\/produkter\/kombinationer-for-avloppsunderhall\/"]}]},{"@type":"ImageObject","inLanguage":"sv-SE","@id":"https:\/\/keox.fi\/sv\/produkter\/kombinationer-for-avloppsunderhall\/#primaryimage","url":"https:\/\/keox.fi\/wp-content\/uploads\/2016\/10\/Yl\u00e4banneri-IVL.jpg","contentUrl":"https:\/\/keox.fi\/wp-content\/uploads\/2016\/10\/Yl\u00e4banneri-IVL.jpg","width":1920,"height":430},{"@type":"BreadcrumbList","@id":"https:\/\/keox.fi\/sv\/produkter\/kombinationer-for-avloppsunderhall\/#breadcrumb","itemListElement":[{"@type":"ListItem","position":1,"name":"Etusivu","item":"https:\/\/keox.fi\/sv\/framsida\/"},{"@type":"ListItem","position":2,"name":"Produkter","item":"https:\/\/keox.fi\/sv\/produkter\/"},{"@type":"ListItem","position":3,"name":"Kombinationer f\u00f6r avloppsunderh\u00e5ll"}]},{"@type":"WebSite","@id":"https:\/\/keox.fi\/no\/#website","url":"https:\/\/keox.fi\/no\/","name":"KEOX","description":"Palvelemme monipuolisesti","publisher":{"@id":"https:\/\/keox.fi\/no\/#organization"},"potentialAction":[{"@type":"SearchAction","target":{"@type":"EntryPoint","urlTemplate":"https:\/\/keox.fi\/no\/?s={search_term_string}"},"query-input":{"@type":"PropertyValueSpecification","valueRequired":true,"valueName":"search_term_string"}}],"inLanguage":"sv-SE"},{"@type":"Organization","@id":"https:\/\/keox.fi\/no\/#organization","name":"Keox Oy","url":"https:\/\/keox.fi\/no\/","logo":{"@type":"ImageObject","inLanguage":"sv-SE","@id":"https:\/\/keox.fi\/no\/#\/schema\/logo\/image\/","url":"https:\/\/keox.fi\/wp-content\/uploads\/2019\/12\/logo-pos.png","contentUrl":"https:\/\/keox.fi\/wp-content\/uploads\/2019\/12\/logo-pos.png","width":3479,"height":3479,"caption":"Keox Oy"},"image":{"@id":"https:\/\/keox.fi\/no\/#\/schema\/logo\/image\/"},"sameAs":["https:\/\/www.facebook.com\/KeoxOy\/","https:\/\/www.linkedin.com\/company\/25030509","https:\/\/www.youtube.com\/channel\/UCU54gMqjcR5mvbKJz4gAoAg"]}]}},"_links":{"self":[{"href":"https:\/\/keox.fi\/sv\/wp-json\/wp\/v2\/pages\/824"}],"collection":[{"href":"https:\/\/keox.fi\/sv\/wp-json\/wp\/v2\/pages"}],"about":[{"href":"https:\/\/keox.fi\/sv\/wp-json\/wp\/v2\/types\/page"}],"author":[{"embeddable":true,"href":"https:\/\/keox.fi\/sv\/wp-json\/wp\/v2\/users\/1"}],"replies":[{"embeddable":true,"href":"https:\/\/keox.fi\/sv\/wp-json\/wp\/v2\/comments?post=824"}],"version-history":[{"count":13,"href":"https:\/\/keox.fi\/sv\/wp-json\/wp\/v2\/pages\/824\/revisions"}],"predecessor-version":[{"id":3602,"href":"https:\/\/keox.fi\/sv\/wp-json\/wp\/v2\/pages\/824\/revisions\/3602"}],"up":[{"embeddable":true,"href":"https:\/\/keox.fi\/sv\/wp-json\/wp\/v2\/pages\/819"}],"wp:featuredmedia":[{"embeddable":true,"href":"https:\/\/keox.fi\/sv\/wp-json\/wp\/v2\/media\/306"}],"wp:attachment":[{"href":"https:\/\/keox.fi\/sv\/wp-json\/wp\/v2\/media?parent=824"}],"curies":[{"name":"wp","href":"https:\/\/api.w.org\/{rel}","templated":true}]}}