{"id":821,"date":"2018-04-03T11:51:40","date_gmt":"2018-04-03T11:51:40","guid":{"rendered":"https:\/\/keox.fi\/?page_id=821"},"modified":"2018-04-25T07:23:42","modified_gmt":"2018-04-25T05:23:42","slug":"mikroaggregat","status":"publish","type":"page","link":"https:\/\/keox.fi\/sv\/produkter\/kombinationer-for-avloppsunderhall\/mikroaggregat\/","title":{"rendered":"Mikroaggregat"},"content":{"rendered":"<h2>Mikroaggregat<\/h2>\n<h4>Mikroaggregaten har suganordningar och extra utrustning som kr\u00e4vs \u2013 i litet format. D\u00e4rf\u00f6r \u00e4r de idealiska f\u00f6r servicearbeten p\u00e5 innerg\u00e5rdar och ovanp\u00e5 betongplattor d\u00e4r stora fordon inte l\u00e4mpar sig.<\/h4>\n<p>Det lilla formatet inneb\u00e4r emellertid att underredet kanske inte ger tillr\u00e4ckligt effekt \u00e5t pumparna. D\u00e4r-f\u00f6r levererar vi v\u00e5ra mikrokombinationer med separat dieselmotor. Tack vare att de har en egen motor kan de vid behov ocks\u00e5 monteras p\u00e5 sl\u00e4pvagn.<\/p>\n<p><img fetchpriority=\"high\" decoding=\"async\" class=\"size-large wp-image-202 aligncenter\" src=\"https:\/\/keox.fi\/wp-content\/uploads\/2016\/10\/KEOX-11.7.2016-016-820x461.jpg\" alt=\"\" width=\"820\" height=\"461\" srcset=\"https:\/\/keox.fi\/wp-content\/uploads\/2016\/10\/KEOX-11.7.2016-016-820x461.jpg 820w, https:\/\/keox.fi\/wp-content\/uploads\/2016\/10\/KEOX-11.7.2016-016-640x360.jpg 640w, https:\/\/keox.fi\/wp-content\/uploads\/2016\/10\/KEOX-11.7.2016-016-768x432.jpg 768w, https:\/\/keox.fi\/wp-content\/uploads\/2016\/10\/KEOX-11.7.2016-016.jpg 1200w\" sizes=\"(max-width: 820px) 100vw, 820px\" \/><\/p>\n<h2>KEOX IVL MICRO<\/h2>\n<ul>\n<li>Material: RST<\/li>\n<li>Utrustad med vattenanordningar f\u00f6r spolning och rensning av avlopp.<\/li>\n<li>Kundens \u00f6nskem\u00e5l beaktas f\u00f6r tankens dimensioner f\u00f6r vatten respektive slam<\/li>\n<li>Med hj\u00e4lp av en \u00f6verf\u00f6ringspump kan ocks\u00e5 st\u00f6rre m\u00e4ngder sugas upp<\/li>\n<li>L\u00e4mpad f\u00f6r sm\u00e5 utrymmen<\/li>\n<li>Smidig i centrummilj\u00f6er<\/li>\n<li>Effektiv i fr\u00e5ga om driftkostnaderna<\/li>\n<li>Varmvatten f\u00f6r upptining och reng\u00f6ring av r\u00f6r<\/li>\n<li>Hydraulisk f\u00f6rvaringsvinda<\/li>\n<\/ul>\n<h3>Tillval av till\u00e4ggsutrustning<\/h3>\n<ul>\n<li>Genomsugande hydraulisk vinda<\/li>\n<li>Dieseldriven br\u00e4nnare f\u00f6r uppv\u00e4rmning av vatten, 110 kW, 30 l<\/li>\n<li>Radioapparat f\u00f6r styrning som tillval<\/li>\n<\/ul>\n<p><strong>LADDA NER PDF-BROSCHYREN: <\/strong><a href=\"https:\/\/keox.fi\/wp-content\/uploads\/2018\/04\/IVL-Micro-English.pdf\">IVL Micro English<\/a><\/p>\n<p>&nbsp;<\/p>\n<p><img decoding=\"async\" class=\"size-large wp-image-321 aligncenter\" src=\"https:\/\/keox.fi\/wp-content\/uploads\/2016\/10\/GA1A2700Nettisivut-820x547.jpg\" alt=\"\" width=\"820\" height=\"547\" srcset=\"https:\/\/keox.fi\/wp-content\/uploads\/2016\/10\/GA1A2700Nettisivut-820x547.jpg 820w, https:\/\/keox.fi\/wp-content\/uploads\/2016\/10\/GA1A2700Nettisivut-640x427.jpg 640w, https:\/\/keox.fi\/wp-content\/uploads\/2016\/10\/GA1A2700Nettisivut-768x512.jpg 768w, https:\/\/keox.fi\/wp-content\/uploads\/2016\/10\/GA1A2700Nettisivut.jpg 1200w\" sizes=\"(max-width: 820px) 100vw, 820px\" \/><\/p>\n<p><img decoding=\"async\" class=\"size-large wp-image-326 aligncenter\" src=\"https:\/\/keox.fi\/wp-content\/uploads\/2016\/10\/Parikuva-820x547.jpg\" alt=\"\" width=\"820\" height=\"547\" srcset=\"https:\/\/keox.fi\/wp-content\/uploads\/2016\/10\/Parikuva-820x547.jpg 820w, https:\/\/keox.fi\/wp-content\/uploads\/2016\/10\/Parikuva-640x427.jpg 640w, https:\/\/keox.fi\/wp-content\/uploads\/2016\/10\/Parikuva-768x512.jpg 768w, https:\/\/keox.fi\/wp-content\/uploads\/2016\/10\/Parikuva.jpg 1200w\" sizes=\"(max-width: 820px) 100vw, 820px\" \/><\/p>\n<p><img loading=\"lazy\" decoding=\"async\" class=\"size-large wp-image-324 aligncenter\" src=\"https:\/\/keox.fi\/wp-content\/uploads\/2016\/10\/Sivusta_sisuksilla-820x434.jpg\" alt=\"\" width=\"820\" height=\"434\" srcset=\"https:\/\/keox.fi\/wp-content\/uploads\/2016\/10\/Sivusta_sisuksilla-820x434.jpg 820w, https:\/\/keox.fi\/wp-content\/uploads\/2016\/10\/Sivusta_sisuksilla-640x339.jpg 640w, https:\/\/keox.fi\/wp-content\/uploads\/2016\/10\/Sivusta_sisuksilla-768x406.jpg 768w, https:\/\/keox.fi\/wp-content\/uploads\/2016\/10\/Sivusta_sisuksilla.jpg 1200w\" sizes=\"(max-width: 820px) 100vw, 820px\" \/><\/p>\n<p>&nbsp;<\/p>\n","protected":false},"excerpt":{"rendered":"<p>Mikroaggregaten har suganordningar och extra utrustning som kr\u00e4vs \u2013 i litet format. D\u00e4rf\u00f6r \u00e4r de idealiska f\u00f6r servicearbeten p\u00e5 innerg\u00e5rdar och ovanp\u00e5 betongplattor d\u00e4r stora fordon inte l\u00e4mpar sig.<\/p>\n","protected":false},"author":1,"featured_media":0,"parent":824,"menu_order":5,"comment_status":"closed","ping_status":"closed","template":"","meta":{"ngg_post_thumbnail":0,"footnotes":""},"class_list":["post-821","page","type-page","status-publish","hentry"],"yoast_head":"<!-- This site is optimized with the Yoast SEO plugin v24.3 - https:\/\/yoast.com\/wordpress\/plugins\/seo\/ -->\n<title>Mikroaggregat - KEOX<\/title>\n<meta name=\"robots\" content=\"index, follow, max-snippet:-1, max-image-preview:large, max-video-preview:-1\" \/>\n<link rel=\"canonical\" href=\"https:\/\/keox.fi\/?page_id=32\" \/>\n<meta property=\"og:locale\" content=\"sv_SE\" \/>\n<meta property=\"og:type\" content=\"article\" \/>\n<meta property=\"og:title\" content=\"Mikroaggregat - KEOX\" \/>\n<meta property=\"og:description\" content=\"Mikroaggregaten har suganordningar och extra utrustning som kr\u00e4vs \u2013 i litet format. D\u00e4rf\u00f6r \u00e4r de idealiska f\u00f6r servicearbeten p\u00e5 innerg\u00e5rdar och ovanp\u00e5 betongplattor d\u00e4r stora fordon inte l\u00e4mpar sig.\" \/>\n<meta property=\"og:url\" content=\"https:\/\/keox.fi\/?page_id=32\" \/>\n<meta property=\"og:site_name\" content=\"KEOX\" \/>\n<meta property=\"article:publisher\" content=\"https:\/\/www.facebook.com\/KeoxOy\/\" \/>\n<meta property=\"article:modified_time\" content=\"2018-04-25T05:23:42+00:00\" \/>\n<meta property=\"og:image\" content=\"https:\/\/keox.fi\/wp-content\/uploads\/2016\/10\/KEOX-11.7.2016-016.jpg\" \/>\n\t<meta property=\"og:image:width\" content=\"1200\" \/>\n\t<meta property=\"og:image:height\" content=\"675\" \/>\n\t<meta property=\"og:image:type\" content=\"image\/jpeg\" \/>\n<meta name=\"twitter:card\" content=\"summary_large_image\" \/>\n<meta name=\"twitter:label1\" content=\"Ber\u00e4knad l\u00e4stid\" \/>\n\t<meta name=\"twitter:data1\" content=\"1 minut\" \/>\n<script type=\"application\/ld+json\" class=\"yoast-schema-graph\">{\"@context\":\"https:\/\/schema.org\",\"@graph\":[{\"@type\":\"WebPage\",\"@id\":\"https:\/\/keox.fi\/?page_id=32\",\"url\":\"https:\/\/keox.fi\/?page_id=32\",\"name\":\"Mikroaggregat - KEOX\",\"isPartOf\":{\"@id\":\"https:\/\/keox.fi\/no\/#website\"},\"primaryImageOfPage\":{\"@id\":\"https:\/\/keox.fi\/?page_id=32#primaryimage\"},\"image\":{\"@id\":\"https:\/\/keox.fi\/?page_id=32#primaryimage\"},\"thumbnailUrl\":\"https:\/\/keox.fi\/wp-content\/uploads\/2016\/10\/KEOX-11.7.2016-016-820x461.jpg\",\"datePublished\":\"2018-04-03T11:51:40+00:00\",\"dateModified\":\"2018-04-25T05:23:42+00:00\",\"breadcrumb\":{\"@id\":\"https:\/\/keox.fi\/?page_id=32#breadcrumb\"},\"inLanguage\":\"sv-SE\",\"potentialAction\":[{\"@type\":\"ReadAction\",\"target\":[\"https:\/\/keox.fi\/?page_id=32\"]}]},{\"@type\":\"ImageObject\",\"inLanguage\":\"sv-SE\",\"@id\":\"https:\/\/keox.fi\/?page_id=32#primaryimage\",\"url\":\"https:\/\/keox.fi\/wp-content\/uploads\/2016\/10\/KEOX-11.7.2016-016-820x461.jpg\",\"contentUrl\":\"https:\/\/keox.fi\/wp-content\/uploads\/2016\/10\/KEOX-11.7.2016-016-820x461.jpg\"},{\"@type\":\"BreadcrumbList\",\"@id\":\"https:\/\/keox.fi\/?page_id=32#breadcrumb\",\"itemListElement\":[{\"@type\":\"ListItem\",\"position\":1,\"name\":\"Etusivu\",\"item\":\"https:\/\/keox.fi\/sv\/framsida\/\"},{\"@type\":\"ListItem\",\"position\":2,\"name\":\"Produkter\",\"item\":\"https:\/\/keox.fi\/sv\/produkter\/\"},{\"@type\":\"ListItem\",\"position\":3,\"name\":\"Kombinationer f\u00f6r avloppsunderh\u00e5ll\",\"item\":\"https:\/\/keox.fi\/sv\/produkter\/kombinationer-for-avloppsunderhall\/\"},{\"@type\":\"ListItem\",\"position\":4,\"name\":\"Mikroaggregat\"}]},{\"@type\":\"WebSite\",\"@id\":\"https:\/\/keox.fi\/no\/#website\",\"url\":\"https:\/\/keox.fi\/no\/\",\"name\":\"KEOX\",\"description\":\"Palvelemme monipuolisesti\",\"publisher\":{\"@id\":\"https:\/\/keox.fi\/no\/#organization\"},\"potentialAction\":[{\"@type\":\"SearchAction\",\"target\":{\"@type\":\"EntryPoint\",\"urlTemplate\":\"https:\/\/keox.fi\/no\/?s={search_term_string}\"},\"query-input\":{\"@type\":\"PropertyValueSpecification\",\"valueRequired\":true,\"valueName\":\"search_term_string\"}}],\"inLanguage\":\"sv-SE\"},{\"@type\":\"Organization\",\"@id\":\"https:\/\/keox.fi\/no\/#organization\",\"name\":\"Keox Oy\",\"url\":\"https:\/\/keox.fi\/no\/\",\"logo\":{\"@type\":\"ImageObject\",\"inLanguage\":\"sv-SE\",\"@id\":\"https:\/\/keox.fi\/no\/#\/schema\/logo\/image\/\",\"url\":\"https:\/\/keox.fi\/wp-content\/uploads\/2019\/12\/logo-pos.png\",\"contentUrl\":\"https:\/\/keox.fi\/wp-content\/uploads\/2019\/12\/logo-pos.png\",\"width\":3479,\"height\":3479,\"caption\":\"Keox Oy\"},\"image\":{\"@id\":\"https:\/\/keox.fi\/no\/#\/schema\/logo\/image\/\"},\"sameAs\":[\"https:\/\/www.facebook.com\/KeoxOy\/\",\"https:\/\/www.linkedin.com\/company\/25030509\",\"https:\/\/www.youtube.com\/channel\/UCU54gMqjcR5mvbKJz4gAoAg\"]}]}<\/script>\n<!-- \/ Yoast SEO plugin. -->","yoast_head_json":{"title":"Mikroaggregat - KEOX","robots":{"index":"index","follow":"follow","max-snippet":"max-snippet:-1","max-image-preview":"max-image-preview:large","max-video-preview":"max-video-preview:-1"},"canonical":"https:\/\/keox.fi\/?page_id=32","og_locale":"sv_SE","og_type":"article","og_title":"Mikroaggregat - KEOX","og_description":"Mikroaggregaten har suganordningar och extra utrustning som kr\u00e4vs \u2013 i litet format. D\u00e4rf\u00f6r \u00e4r de idealiska f\u00f6r servicearbeten p\u00e5 innerg\u00e5rdar och ovanp\u00e5 betongplattor d\u00e4r stora fordon inte l\u00e4mpar sig.","og_url":"https:\/\/keox.fi\/?page_id=32","og_site_name":"KEOX","article_publisher":"https:\/\/www.facebook.com\/KeoxOy\/","article_modified_time":"2018-04-25T05:23:42+00:00","og_image":[{"width":1200,"height":675,"url":"https:\/\/keox.fi\/wp-content\/uploads\/2016\/10\/KEOX-11.7.2016-016.jpg","type":"image\/jpeg"}],"twitter_card":"summary_large_image","twitter_misc":{"Ber\u00e4knad l\u00e4stid":"1 minut"},"schema":{"@context":"https:\/\/schema.org","@graph":[{"@type":"WebPage","@id":"https:\/\/keox.fi\/?page_id=32","url":"https:\/\/keox.fi\/?page_id=32","name":"Mikroaggregat - KEOX","isPartOf":{"@id":"https:\/\/keox.fi\/no\/#website"},"primaryImageOfPage":{"@id":"https:\/\/keox.fi\/?page_id=32#primaryimage"},"image":{"@id":"https:\/\/keox.fi\/?page_id=32#primaryimage"},"thumbnailUrl":"https:\/\/keox.fi\/wp-content\/uploads\/2016\/10\/KEOX-11.7.2016-016-820x461.jpg","datePublished":"2018-04-03T11:51:40+00:00","dateModified":"2018-04-25T05:23:42+00:00","breadcrumb":{"@id":"https:\/\/keox.fi\/?page_id=32#breadcrumb"},"inLanguage":"sv-SE","potentialAction":[{"@type":"ReadAction","target":["https:\/\/keox.fi\/?page_id=32"]}]},{"@type":"ImageObject","inLanguage":"sv-SE","@id":"https:\/\/keox.fi\/?page_id=32#primaryimage","url":"https:\/\/keox.fi\/wp-content\/uploads\/2016\/10\/KEOX-11.7.2016-016-820x461.jpg","contentUrl":"https:\/\/keox.fi\/wp-content\/uploads\/2016\/10\/KEOX-11.7.2016-016-820x461.jpg"},{"@type":"BreadcrumbList","@id":"https:\/\/keox.fi\/?page_id=32#breadcrumb","itemListElement":[{"@type":"ListItem","position":1,"name":"Etusivu","item":"https:\/\/keox.fi\/sv\/framsida\/"},{"@type":"ListItem","position":2,"name":"Produkter","item":"https:\/\/keox.fi\/sv\/produkter\/"},{"@type":"ListItem","position":3,"name":"Kombinationer f\u00f6r avloppsunderh\u00e5ll","item":"https:\/\/keox.fi\/sv\/produkter\/kombinationer-for-avloppsunderhall\/"},{"@type":"ListItem","position":4,"name":"Mikroaggregat"}]},{"@type":"WebSite","@id":"https:\/\/keox.fi\/no\/#website","url":"https:\/\/keox.fi\/no\/","name":"KEOX","description":"Palvelemme monipuolisesti","publisher":{"@id":"https:\/\/keox.fi\/no\/#organization"},"potentialAction":[{"@type":"SearchAction","target":{"@type":"EntryPoint","urlTemplate":"https:\/\/keox.fi\/no\/?s={search_term_string}"},"query-input":{"@type":"PropertyValueSpecification","valueRequired":true,"valueName":"search_term_string"}}],"inLanguage":"sv-SE"},{"@type":"Organization","@id":"https:\/\/keox.fi\/no\/#organization","name":"Keox Oy","url":"https:\/\/keox.fi\/no\/","logo":{"@type":"ImageObject","inLanguage":"sv-SE","@id":"https:\/\/keox.fi\/no\/#\/schema\/logo\/image\/","url":"https:\/\/keox.fi\/wp-content\/uploads\/2019\/12\/logo-pos.png","contentUrl":"https:\/\/keox.fi\/wp-content\/uploads\/2019\/12\/logo-pos.png","width":3479,"height":3479,"caption":"Keox Oy"},"image":{"@id":"https:\/\/keox.fi\/no\/#\/schema\/logo\/image\/"},"sameAs":["https:\/\/www.facebook.com\/KeoxOy\/","https:\/\/www.linkedin.com\/company\/25030509","https:\/\/www.youtube.com\/channel\/UCU54gMqjcR5mvbKJz4gAoAg"]}]}},"_links":{"self":[{"href":"https:\/\/keox.fi\/sv\/wp-json\/wp\/v2\/pages\/821"}],"collection":[{"href":"https:\/\/keox.fi\/sv\/wp-json\/wp\/v2\/pages"}],"about":[{"href":"https:\/\/keox.fi\/sv\/wp-json\/wp\/v2\/types\/page"}],"author":[{"embeddable":true,"href":"https:\/\/keox.fi\/sv\/wp-json\/wp\/v2\/users\/1"}],"replies":[{"embeddable":true,"href":"https:\/\/keox.fi\/sv\/wp-json\/wp\/v2\/comments?post=821"}],"version-history":[{"count":6,"href":"https:\/\/keox.fi\/sv\/wp-json\/wp\/v2\/pages\/821\/revisions"}],"predecessor-version":[{"id":991,"href":"https:\/\/keox.fi\/sv\/wp-json\/wp\/v2\/pages\/821\/revisions\/991"}],"up":[{"embeddable":true,"href":"https:\/\/keox.fi\/sv\/wp-json\/wp\/v2\/pages\/824"}],"wp:attachment":[{"href":"https:\/\/keox.fi\/sv\/wp-json\/wp\/v2\/media?parent=821"}],"curies":[{"name":"wp","href":"https:\/\/api.w.org\/{rel}","templated":true}]}}