{"id":3583,"date":"2026-02-20T10:24:26","date_gmt":"2026-02-20T08:24:26","guid":{"rendered":"https:\/\/keox.fi\/?page_id=3583"},"modified":"2026-02-20T10:38:19","modified_gmt":"2026-02-20T08:38:19","slug":"large-combi-sv","status":"publish","type":"page","link":"https:\/\/keox.fi\/sv\/produkter\/kombinationer-for-avloppsunderhall\/large-combi-sv\/","title":{"rendered":"Large Combi"},"content":{"rendered":"\t\t<div data-elementor-type=\"wp-page\" data-elementor-id=\"3583\" class=\"elementor elementor-3583\" data-elementor-post-type=\"page\">\n\t\t\t\t<div class=\"elementor-element elementor-element-fdeb2a1 e-flex e-con-boxed e-con e-parent\" data-id=\"fdeb2a1\" data-element_type=\"container\" data-settings=\"{&quot;background_background&quot;:&quot;classic&quot;}\">\n\t\t\t\t\t<div class=\"e-con-inner\">\n\t\t\t\t<div class=\"elementor-element elementor-element-286250f elementor-widget elementor-widget-heading\" data-id=\"286250f\" data-element_type=\"widget\" data-widget_type=\"heading.default\">\n\t\t\t\t<div class=\"elementor-widget-container\">\n\t\t\t<h1 class=\"elementor-heading-title elementor-size-default\">Large Combi sugtrycksfordon<\/h1>\t\t<\/div>\n\t\t\t\t<\/div>\n\t\t\t\t<div class=\"elementor-element elementor-element-6e03b67 elementor-widget elementor-widget-text-editor\" data-id=\"6e03b67\" data-element_type=\"widget\" data-widget_type=\"text-editor.default\">\n\t\t\t\t<div class=\"elementor-widget-container\">\n\t\t\t\t\t\t\t<p>Sug-\/tryckkombinationsenheter i den st\u00f6rre klassen sk\u00f6ter jobbet effektivt<\/p>\t\t\t\t\t\t<\/div>\n\t\t\t\t<\/div>\n\t\t\t\t\t<\/div>\n\t\t\t\t<\/div>\n\t\t<div class=\"elementor-element elementor-element-adf80ea e-con-full e-flex e-con e-parent\" data-id=\"adf80ea\" data-element_type=\"container\" data-settings=\"{&quot;background_background&quot;:&quot;classic&quot;}\">\n\t\t<div class=\"elementor-element elementor-element-d069a0e e-con-full e-flex e-con e-child\" data-id=\"d069a0e\" data-element_type=\"container\">\n\t\t\t\t<div class=\"elementor-element elementor-element-c31d217 elementor-widget elementor-widget-heading\" data-id=\"c31d217\" data-element_type=\"widget\" data-widget_type=\"heading.default\">\n\t\t\t\t<div class=\"elementor-widget-container\">\n\t\t\t<h2 class=\"elementor-heading-title elementor-size-default\">TEKNISKA UPPGIFTER<\/h2>\t\t<\/div>\n\t\t\t\t<\/div>\n\t\t\t\t<div class=\"elementor-element elementor-element-0a8c4c3 elementor-widget elementor-widget-text-editor\" data-id=\"0a8c4c3\" data-element_type=\"widget\" data-widget_type=\"text-editor.default\">\n\t\t\t\t<div class=\"elementor-widget-container\">\n\t\t\t\t\t\t\t<ul><li>Chassi 26T<\/li><li>Slamtank 15 m\u00b3<\/li><li>Vattentank 2 m\u00b3 framf\u00f6r slamtanken<\/li><li>Sugpump Jurop PVT 200<\/li><li>Vattenpump Pratissoli KT 24<\/li><li>P\u00d6-uppv\u00e4rmning i utrustningsutrymmet<\/li><li>V\u00e4rmeisolerat utrustningsutrymme, fast monterat i tankens fram\u00e4nda<\/li><li>Slangvinda i utrustningsutrymmet, slangmatningsenhet + slangtunnel till bilens bak\u00e4nda<\/li><\/ul><p>15+2 \u00e4r bara ett exempel p\u00e5 m\u00f6jligheterna i denna storleksklass, eftersom vi planerar varje produkt enligt kundens \u00f6nskem\u00e5l.<\/p><p><!-- \/wp:paragraph --><!-- wp:paragraph --><\/p><p><!-- \/wp:paragraph --><!-- wp:paragraph --><\/p><p><a href=\"https:\/\/keox.fi\/sv\/kontakta-oss\/\">Kontakta oss<\/a><\/p>\t\t\t\t\t\t<\/div>\n\t\t\t\t<\/div>\n\t\t\t\t<\/div>\n\t\t<div class=\"elementor-element elementor-element-63ac983 e-con-full e-flex e-con e-child\" data-id=\"63ac983\" data-element_type=\"container\">\n\t\t\t\t<div class=\"elementor-element elementor-element-e248df5 elementor-widget elementor-widget-image\" data-id=\"e248df5\" data-element_type=\"widget\" data-widget_type=\"image.default\">\n\t\t\t\t<div class=\"elementor-widget-container\">\n\t\t\t\t\t\t\t\t\t\t\t\t\t<img decoding=\"async\" src=\"https:\/\/keox.fi\/wp-content\/uploads\/elementor\/thumbs\/Eerolat-oiau56gjbrpax17tku3huev0m4cc9qu7rk7g3172xg.jpg\" title=\"imupaineauto-15+2\" alt=\"imupaineauto-15+2\" loading=\"lazy\" \/>\t\t\t\t\t\t\t\t\t\t\t\t\t<\/div>\n\t\t\t\t<\/div>\n\t\t\t\t<\/div>\n\t\t\t\t<\/div>\n\t\t\t\t<\/div>\n\t\t","protected":false},"excerpt":{"rendered":"<p>Large Combi sugtrycksfordon Sug-\/tryckkombinationsenheter i den st\u00f6rre klassen sk\u00f6ter jobbet effektivt TEKNISKA UPPGIFTER Chassi 26T Slamtank 15 m\u00b3 Vattentank 2 m\u00b3 framf\u00f6r slamtanken Sugpump Jurop PVT 200 Vattenpump Pratissoli KT 24 P\u00d6-uppv\u00e4rmning i utrustningsutrymmet V\u00e4rmeisolerat utrustningsutrymme, fast monterat i tankens fram\u00e4nda Slangvinda i utrustningsutrymmet, slangmatningsenhet + slangtunnel till bilens bak\u00e4nda 15+2 \u00e4r bara ett exempel [&hellip;]<\/p>\n","protected":false},"author":1,"featured_media":0,"parent":824,"menu_order":1,"comment_status":"closed","ping_status":"closed","template":"elementor_header_footer","meta":{"ngg_post_thumbnail":0,"footnotes":""},"class_list":["post-3583","page","type-page","status-publish","hentry"],"yoast_head":"<!-- This site is optimized with the Yoast SEO plugin v24.3 - https:\/\/yoast.com\/wordpress\/plugins\/seo\/ -->\n<title>Large Combi - KEOX<\/title>\n<meta name=\"robots\" content=\"index, follow, max-snippet:-1, max-image-preview:large, max-video-preview:-1\" \/>\n<link rel=\"canonical\" href=\"https:\/\/keox.fi\/sv\/produkter\/kombinationer-for-avloppsunderhall\/large-combi-sv\/\" \/>\n<meta property=\"og:locale\" content=\"sv_SE\" \/>\n<meta property=\"og:type\" content=\"article\" \/>\n<meta property=\"og:title\" content=\"Large Combi - KEOX\" \/>\n<meta property=\"og:description\" content=\"Large Combi sugtrycksfordon Sug-\/tryckkombinationsenheter i den st\u00f6rre klassen sk\u00f6ter jobbet effektivt TEKNISKA UPPGIFTER Chassi 26T Slamtank 15 m\u00b3 Vattentank 2 m\u00b3 framf\u00f6r slamtanken Sugpump Jurop PVT 200 Vattenpump Pratissoli KT 24 P\u00d6-uppv\u00e4rmning i utrustningsutrymmet V\u00e4rmeisolerat utrustningsutrymme, fast monterat i tankens fram\u00e4nda Slangvinda i utrustningsutrymmet, slangmatningsenhet + slangtunnel till bilens bak\u00e4nda 15+2 \u00e4r bara ett exempel [&hellip;]\" \/>\n<meta property=\"og:url\" content=\"https:\/\/keox.fi\/sv\/produkter\/kombinationer-for-avloppsunderhall\/large-combi-sv\/\" \/>\n<meta property=\"og:site_name\" content=\"KEOX\" \/>\n<meta property=\"article:publisher\" content=\"https:\/\/www.facebook.com\/KeoxOy\/\" \/>\n<meta property=\"article:modified_time\" content=\"2026-02-20T08:38:19+00:00\" \/>\n<meta property=\"og:image\" content=\"https:\/\/keox.fi\/wp-content\/uploads\/elementor\/thumbs\/Eerolat-oiau56gjbrpax17tku3huev0m4cc9qu7rk7g3172xg.jpg\" \/>\n<meta name=\"twitter:card\" content=\"summary_large_image\" \/>\n<meta name=\"twitter:label1\" content=\"Ber\u00e4knad l\u00e4stid\" \/>\n\t<meta name=\"twitter:data1\" content=\"1 minut\" \/>\n<script type=\"application\/ld+json\" class=\"yoast-schema-graph\">{\"@context\":\"https:\/\/schema.org\",\"@graph\":[{\"@type\":\"WebPage\",\"@id\":\"https:\/\/keox.fi\/sv\/produkter\/kombinationer-for-avloppsunderhall\/large-combi-sv\/\",\"url\":\"https:\/\/keox.fi\/sv\/produkter\/kombinationer-for-avloppsunderhall\/large-combi-sv\/\",\"name\":\"Large Combi - KEOX\",\"isPartOf\":{\"@id\":\"https:\/\/keox.fi\/no\/#website\"},\"primaryImageOfPage\":{\"@id\":\"https:\/\/keox.fi\/sv\/produkter\/kombinationer-for-avloppsunderhall\/large-combi-sv\/#primaryimage\"},\"image\":{\"@id\":\"https:\/\/keox.fi\/sv\/produkter\/kombinationer-for-avloppsunderhall\/large-combi-sv\/#primaryimage\"},\"thumbnailUrl\":\"https:\/\/keox.fi\/wp-content\/uploads\/elementor\/thumbs\/Eerolat-oiau56gjbrpax17tku3huev0m4cc9qu7rk7g3172xg.jpg\",\"datePublished\":\"2026-02-20T08:24:26+00:00\",\"dateModified\":\"2026-02-20T08:38:19+00:00\",\"breadcrumb\":{\"@id\":\"https:\/\/keox.fi\/sv\/produkter\/kombinationer-for-avloppsunderhall\/large-combi-sv\/#breadcrumb\"},\"inLanguage\":\"sv-SE\",\"potentialAction\":[{\"@type\":\"ReadAction\",\"target\":[\"https:\/\/keox.fi\/sv\/produkter\/kombinationer-for-avloppsunderhall\/large-combi-sv\/\"]}]},{\"@type\":\"ImageObject\",\"inLanguage\":\"sv-SE\",\"@id\":\"https:\/\/keox.fi\/sv\/produkter\/kombinationer-for-avloppsunderhall\/large-combi-sv\/#primaryimage\",\"url\":\"https:\/\/keox.fi\/wp-content\/uploads\/elementor\/thumbs\/Eerolat-oiau56gjbrpax17tku3huev0m4cc9qu7rk7g3172xg.jpg\",\"contentUrl\":\"https:\/\/keox.fi\/wp-content\/uploads\/elementor\/thumbs\/Eerolat-oiau56gjbrpax17tku3huev0m4cc9qu7rk7g3172xg.jpg\"},{\"@type\":\"BreadcrumbList\",\"@id\":\"https:\/\/keox.fi\/sv\/produkter\/kombinationer-for-avloppsunderhall\/large-combi-sv\/#breadcrumb\",\"itemListElement\":[{\"@type\":\"ListItem\",\"position\":1,\"name\":\"Etusivu\",\"item\":\"https:\/\/keox.fi\/sv\/framsida\/\"},{\"@type\":\"ListItem\",\"position\":2,\"name\":\"Produkter\",\"item\":\"https:\/\/keox.fi\/sv\/produkter\/\"},{\"@type\":\"ListItem\",\"position\":3,\"name\":\"Kombinationer f\u00f6r avloppsunderh\u00e5ll\",\"item\":\"https:\/\/keox.fi\/sv\/produkter\/kombinationer-for-avloppsunderhall\/\"},{\"@type\":\"ListItem\",\"position\":4,\"name\":\"Large Combi\"}]},{\"@type\":\"WebSite\",\"@id\":\"https:\/\/keox.fi\/no\/#website\",\"url\":\"https:\/\/keox.fi\/no\/\",\"name\":\"KEOX\",\"description\":\"Palvelemme monipuolisesti\",\"publisher\":{\"@id\":\"https:\/\/keox.fi\/no\/#organization\"},\"potentialAction\":[{\"@type\":\"SearchAction\",\"target\":{\"@type\":\"EntryPoint\",\"urlTemplate\":\"https:\/\/keox.fi\/no\/?s={search_term_string}\"},\"query-input\":{\"@type\":\"PropertyValueSpecification\",\"valueRequired\":true,\"valueName\":\"search_term_string\"}}],\"inLanguage\":\"sv-SE\"},{\"@type\":\"Organization\",\"@id\":\"https:\/\/keox.fi\/no\/#organization\",\"name\":\"Keox Oy\",\"url\":\"https:\/\/keox.fi\/no\/\",\"logo\":{\"@type\":\"ImageObject\",\"inLanguage\":\"sv-SE\",\"@id\":\"https:\/\/keox.fi\/no\/#\/schema\/logo\/image\/\",\"url\":\"https:\/\/keox.fi\/wp-content\/uploads\/2019\/12\/logo-pos.png\",\"contentUrl\":\"https:\/\/keox.fi\/wp-content\/uploads\/2019\/12\/logo-pos.png\",\"width\":3479,\"height\":3479,\"caption\":\"Keox Oy\"},\"image\":{\"@id\":\"https:\/\/keox.fi\/no\/#\/schema\/logo\/image\/\"},\"sameAs\":[\"https:\/\/www.facebook.com\/KeoxOy\/\",\"https:\/\/www.linkedin.com\/company\/25030509\",\"https:\/\/www.youtube.com\/channel\/UCU54gMqjcR5mvbKJz4gAoAg\"]}]}<\/script>\n<!-- \/ Yoast SEO plugin. -->","yoast_head_json":{"title":"Large Combi - KEOX","robots":{"index":"index","follow":"follow","max-snippet":"max-snippet:-1","max-image-preview":"max-image-preview:large","max-video-preview":"max-video-preview:-1"},"canonical":"https:\/\/keox.fi\/sv\/produkter\/kombinationer-for-avloppsunderhall\/large-combi-sv\/","og_locale":"sv_SE","og_type":"article","og_title":"Large Combi - KEOX","og_description":"Large Combi sugtrycksfordon Sug-\/tryckkombinationsenheter i den st\u00f6rre klassen sk\u00f6ter jobbet effektivt TEKNISKA UPPGIFTER Chassi 26T Slamtank 15 m\u00b3 Vattentank 2 m\u00b3 framf\u00f6r slamtanken Sugpump Jurop PVT 200 Vattenpump Pratissoli KT 24 P\u00d6-uppv\u00e4rmning i utrustningsutrymmet V\u00e4rmeisolerat utrustningsutrymme, fast monterat i tankens fram\u00e4nda Slangvinda i utrustningsutrymmet, slangmatningsenhet + slangtunnel till bilens bak\u00e4nda 15+2 \u00e4r bara ett exempel [&hellip;]","og_url":"https:\/\/keox.fi\/sv\/produkter\/kombinationer-for-avloppsunderhall\/large-combi-sv\/","og_site_name":"KEOX","article_publisher":"https:\/\/www.facebook.com\/KeoxOy\/","article_modified_time":"2026-02-20T08:38:19+00:00","og_image":[{"url":"https:\/\/keox.fi\/wp-content\/uploads\/elementor\/thumbs\/Eerolat-oiau56gjbrpax17tku3huev0m4cc9qu7rk7g3172xg.jpg","type":"","width":"","height":""}],"twitter_card":"summary_large_image","twitter_misc":{"Ber\u00e4knad l\u00e4stid":"1 minut"},"schema":{"@context":"https:\/\/schema.org","@graph":[{"@type":"WebPage","@id":"https:\/\/keox.fi\/sv\/produkter\/kombinationer-for-avloppsunderhall\/large-combi-sv\/","url":"https:\/\/keox.fi\/sv\/produkter\/kombinationer-for-avloppsunderhall\/large-combi-sv\/","name":"Large Combi - KEOX","isPartOf":{"@id":"https:\/\/keox.fi\/no\/#website"},"primaryImageOfPage":{"@id":"https:\/\/keox.fi\/sv\/produkter\/kombinationer-for-avloppsunderhall\/large-combi-sv\/#primaryimage"},"image":{"@id":"https:\/\/keox.fi\/sv\/produkter\/kombinationer-for-avloppsunderhall\/large-combi-sv\/#primaryimage"},"thumbnailUrl":"https:\/\/keox.fi\/wp-content\/uploads\/elementor\/thumbs\/Eerolat-oiau56gjbrpax17tku3huev0m4cc9qu7rk7g3172xg.jpg","datePublished":"2026-02-20T08:24:26+00:00","dateModified":"2026-02-20T08:38:19+00:00","breadcrumb":{"@id":"https:\/\/keox.fi\/sv\/produkter\/kombinationer-for-avloppsunderhall\/large-combi-sv\/#breadcrumb"},"inLanguage":"sv-SE","potentialAction":[{"@type":"ReadAction","target":["https:\/\/keox.fi\/sv\/produkter\/kombinationer-for-avloppsunderhall\/large-combi-sv\/"]}]},{"@type":"ImageObject","inLanguage":"sv-SE","@id":"https:\/\/keox.fi\/sv\/produkter\/kombinationer-for-avloppsunderhall\/large-combi-sv\/#primaryimage","url":"https:\/\/keox.fi\/wp-content\/uploads\/elementor\/thumbs\/Eerolat-oiau56gjbrpax17tku3huev0m4cc9qu7rk7g3172xg.jpg","contentUrl":"https:\/\/keox.fi\/wp-content\/uploads\/elementor\/thumbs\/Eerolat-oiau56gjbrpax17tku3huev0m4cc9qu7rk7g3172xg.jpg"},{"@type":"BreadcrumbList","@id":"https:\/\/keox.fi\/sv\/produkter\/kombinationer-for-avloppsunderhall\/large-combi-sv\/#breadcrumb","itemListElement":[{"@type":"ListItem","position":1,"name":"Etusivu","item":"https:\/\/keox.fi\/sv\/framsida\/"},{"@type":"ListItem","position":2,"name":"Produkter","item":"https:\/\/keox.fi\/sv\/produkter\/"},{"@type":"ListItem","position":3,"name":"Kombinationer f\u00f6r avloppsunderh\u00e5ll","item":"https:\/\/keox.fi\/sv\/produkter\/kombinationer-for-avloppsunderhall\/"},{"@type":"ListItem","position":4,"name":"Large Combi"}]},{"@type":"WebSite","@id":"https:\/\/keox.fi\/no\/#website","url":"https:\/\/keox.fi\/no\/","name":"KEOX","description":"Palvelemme monipuolisesti","publisher":{"@id":"https:\/\/keox.fi\/no\/#organization"},"potentialAction":[{"@type":"SearchAction","target":{"@type":"EntryPoint","urlTemplate":"https:\/\/keox.fi\/no\/?s={search_term_string}"},"query-input":{"@type":"PropertyValueSpecification","valueRequired":true,"valueName":"search_term_string"}}],"inLanguage":"sv-SE"},{"@type":"Organization","@id":"https:\/\/keox.fi\/no\/#organization","name":"Keox Oy","url":"https:\/\/keox.fi\/no\/","logo":{"@type":"ImageObject","inLanguage":"sv-SE","@id":"https:\/\/keox.fi\/no\/#\/schema\/logo\/image\/","url":"https:\/\/keox.fi\/wp-content\/uploads\/2019\/12\/logo-pos.png","contentUrl":"https:\/\/keox.fi\/wp-content\/uploads\/2019\/12\/logo-pos.png","width":3479,"height":3479,"caption":"Keox Oy"},"image":{"@id":"https:\/\/keox.fi\/no\/#\/schema\/logo\/image\/"},"sameAs":["https:\/\/www.facebook.com\/KeoxOy\/","https:\/\/www.linkedin.com\/company\/25030509","https:\/\/www.youtube.com\/channel\/UCU54gMqjcR5mvbKJz4gAoAg"]}]}},"_links":{"self":[{"href":"https:\/\/keox.fi\/sv\/wp-json\/wp\/v2\/pages\/3583"}],"collection":[{"href":"https:\/\/keox.fi\/sv\/wp-json\/wp\/v2\/pages"}],"about":[{"href":"https:\/\/keox.fi\/sv\/wp-json\/wp\/v2\/types\/page"}],"author":[{"embeddable":true,"href":"https:\/\/keox.fi\/sv\/wp-json\/wp\/v2\/users\/1"}],"replies":[{"embeddable":true,"href":"https:\/\/keox.fi\/sv\/wp-json\/wp\/v2\/comments?post=3583"}],"version-history":[{"count":8,"href":"https:\/\/keox.fi\/sv\/wp-json\/wp\/v2\/pages\/3583\/revisions"}],"predecessor-version":[{"id":3611,"href":"https:\/\/keox.fi\/sv\/wp-json\/wp\/v2\/pages\/3583\/revisions\/3611"}],"up":[{"embeddable":true,"href":"https:\/\/keox.fi\/sv\/wp-json\/wp\/v2\/pages\/824"}],"wp:attachment":[{"href":"https:\/\/keox.fi\/sv\/wp-json\/wp\/v2\/media?parent=3583"}],"curies":[{"name":"wp","href":"https:\/\/api.w.org\/{rel}","templated":true}]}}