{"id":3573,"date":"2026-02-20T10:14:58","date_gmt":"2026-02-20T08:14:58","guid":{"rendered":"https:\/\/keox.fi\/?page_id=3573"},"modified":"2026-02-20T10:38:52","modified_gmt":"2026-02-20T08:38:52","slug":"heavy-combi-sv","status":"publish","type":"page","link":"https:\/\/keox.fi\/sv\/produkter\/kombinationer-for-avloppsunderhall\/heavy-combi-sv\/","title":{"rendered":"Heavy Combi"},"content":{"rendered":"\t\t<div data-elementor-type=\"wp-page\" data-elementor-id=\"3573\" class=\"elementor elementor-3573\" data-elementor-post-type=\"page\">\n\t\t\t\t<div class=\"elementor-element elementor-element-b82db02 e-flex e-con-boxed e-con e-parent\" data-id=\"b82db02\" data-element_type=\"container\" data-settings=\"{&quot;background_background&quot;:&quot;classic&quot;}\">\n\t\t\t\t\t<div class=\"e-con-inner\">\n\t\t\t\t<div class=\"elementor-element elementor-element-af70dea elementor-widget elementor-widget-heading\" data-id=\"af70dea\" data-element_type=\"widget\" data-widget_type=\"heading.default\">\n\t\t\t\t<div class=\"elementor-widget-container\">\n\t\t\t<h2 class=\"elementor-heading-title elementor-size-default\">Heavy Combi sugtrycksfordon<\/h2>\t\t<\/div>\n\t\t\t\t<\/div>\n\t\t\t\t<div class=\"elementor-element elementor-element-f260320 elementor-widget elementor-widget-text-editor\" data-id=\"f260320\" data-element_type=\"widget\" data-widget_type=\"text-editor.default\">\n\t\t\t\t<div class=\"elementor-widget-container\">\n\t\t\t\t\t\t\t<p>En kombinationsenhet i tungviktsklassen, precis som namnet antyder<\/p>\t\t\t\t\t\t<\/div>\n\t\t\t\t<\/div>\n\t\t\t\t\t<\/div>\n\t\t\t\t<\/div>\n\t\t<div class=\"elementor-element elementor-element-e8d0dce e-con-full e-flex e-con e-parent\" data-id=\"e8d0dce\" data-element_type=\"container\" data-settings=\"{&quot;background_background&quot;:&quot;classic&quot;}\">\n\t\t<div class=\"elementor-element elementor-element-f75c56d e-con-full e-flex e-con e-child\" data-id=\"f75c56d\" data-element_type=\"container\">\n\t\t<div class=\"elementor-element elementor-element-e59d525 e-grid e-con-full e-con e-child\" data-id=\"e59d525\" data-element_type=\"container\">\n\t\t<a class=\"elementor-element elementor-element-5e01ab2 e-con-full e-flex e-con e-child\" data-id=\"5e01ab2\" data-element_type=\"container\" href=\"https:\/\/keox.fi\/sv\/produkter\/sugbilar\/keox-il-16-rfs\/\">\n\t\t\t\t<div class=\"elementor-element elementor-element-dcc1b0c elementor-widget__width-inherit elementor-widget elementor-widget-image\" data-id=\"dcc1b0c\" data-element_type=\"widget\" data-widget_type=\"image.default\">\n\t\t\t\t<div class=\"elementor-widget-container\">\n\t\t\t\t\t\t\t\t\t\t\t\t\t<img fetchpriority=\"high\" decoding=\"async\" width=\"650\" height=\"272\" src=\"https:\/\/keox.fi\/wp-content\/uploads\/2020\/03\/IL-vac.jpg\" class=\"attachment-full size-full wp-image-1740\" alt=\"\" srcset=\"https:\/\/keox.fi\/wp-content\/uploads\/2020\/03\/IL-vac.jpg 650w, https:\/\/keox.fi\/wp-content\/uploads\/2020\/03\/IL-vac-640x268.jpg 640w\" sizes=\"(max-width: 650px) 100vw, 650px\" \/>\t\t\t\t\t\t\t\t\t\t\t\t\t<\/div>\n\t\t\t\t<\/div>\n\t\t\t\t<div class=\"elementor-element elementor-element-98d1aa3 elementor-widget elementor-widget-heading\" data-id=\"98d1aa3\" data-element_type=\"widget\" data-widget_type=\"heading.default\">\n\t\t\t\t<div class=\"elementor-widget-container\">\n\t\t\t<h2 class=\"elementor-heading-title elementor-size-default\">IL<\/h2>\t\t<\/div>\n\t\t\t\t<\/div>\n\t\t\t\t<div class=\"elementor-element elementor-element-c554521 elementor-widget__width-initial elementor-widget elementor-widget-text-editor\" data-id=\"c554521\" data-element_type=\"widget\" data-widget_type=\"text-editor.default\">\n\t\t\t\t<div class=\"elementor-widget-container\">\n\t\t\t\t\t\t\t<p>En vakuumbil med rostfri tank som kan anpassas efter kundens behov.<\/p>\t\t\t\t\t\t<\/div>\n\t\t\t\t<\/div>\n\t\t\t\t<\/a>\n\t\t<a class=\"elementor-element elementor-element-8cdc0c4 e-con-full e-flex e-con e-child\" data-id=\"8cdc0c4\" data-element_type=\"container\" href=\"https:\/\/keox.fi\/sv\/produkter\/sugbilar\/keox-il15vl\/\">\n\t\t\t\t<div class=\"elementor-element elementor-element-9d70720 elementor-widget__width-inherit elementor-widget elementor-widget-image\" data-id=\"9d70720\" data-element_type=\"widget\" data-widget_type=\"image.default\">\n\t\t\t\t<div class=\"elementor-widget-container\">\n\t\t\t\t\t\t\t\t\t\t\t\t\t<img decoding=\"async\" width=\"650\" height=\"272\" src=\"https:\/\/keox.fi\/wp-content\/uploads\/2020\/03\/demountable-vehicle.jpg\" class=\"attachment-full size-full wp-image-1741\" alt=\"\" srcset=\"https:\/\/keox.fi\/wp-content\/uploads\/2020\/03\/demountable-vehicle.jpg 650w, https:\/\/keox.fi\/wp-content\/uploads\/2020\/03\/demountable-vehicle-640x268.jpg 640w\" sizes=\"(max-width: 650px) 100vw, 650px\" \/>\t\t\t\t\t\t\t\t\t\t\t\t\t<\/div>\n\t\t\t\t<\/div>\n\t\t\t\t<div class=\"elementor-element elementor-element-05618d8 elementor-widget elementor-widget-heading\" data-id=\"05618d8\" data-element_type=\"widget\" data-widget_type=\"heading.default\">\n\t\t\t\t<div class=\"elementor-widget-container\">\n\t\t\t<h2 class=\"elementor-heading-title elementor-size-default\">IL BYTEPLATTFORM<\/h2>\t\t<\/div>\n\t\t\t\t<\/div>\n\t\t\t\t<div class=\"elementor-element elementor-element-1c9e126 elementor-widget__width-initial elementor-widget elementor-widget-text-editor\" data-id=\"1c9e126\" data-element_type=\"widget\" data-widget_type=\"text-editor.default\">\n\t\t\t\t<div class=\"elementor-widget-container\">\n\t\t\t\t\t\t\t<p>Det \u00e4r inte alltid vettigt att utrusta en bil f\u00f6r endast en anv\u00e4ndning, i s\u00e5 fall \u00e4r valet en sugtank med en utbytbar pall eller en kombination av sug\/tryck.<\/p>\t\t\t\t\t\t<\/div>\n\t\t\t\t<\/div>\n\t\t\t\t<\/a>\n\t\t\t\t<\/div>\n\t\t\t\t<\/div>\n\t\t\t\t<\/div>\n\t\t\t\t<\/div>\n\t\t","protected":false},"excerpt":{"rendered":"<p>Heavy Combi sugtrycksfordon En kombinationsenhet i tungviktsklassen, precis som namnet antyder IL En vakuumbil med rostfri tank som kan anpassas efter kundens behov. IL BYTEPLATTFORM Det \u00e4r inte alltid vettigt att utrusta en bil f\u00f6r endast en anv\u00e4ndning, i s\u00e5 fall \u00e4r valet en sugtank med en utbytbar pall eller en kombination av sug\/tryck.<\/p>\n","protected":false},"author":1,"featured_media":0,"parent":824,"menu_order":0,"comment_status":"closed","ping_status":"closed","template":"elementor_header_footer","meta":{"ngg_post_thumbnail":0,"footnotes":""},"class_list":["post-3573","page","type-page","status-publish","hentry"],"yoast_head":"<!-- This site is optimized with the Yoast SEO plugin v24.3 - https:\/\/yoast.com\/wordpress\/plugins\/seo\/ -->\n<title>Heavy Combi - KEOX<\/title>\n<meta name=\"robots\" content=\"index, follow, max-snippet:-1, max-image-preview:large, max-video-preview:-1\" \/>\n<link rel=\"canonical\" href=\"https:\/\/keox.fi\/sv\/produkter\/kombinationer-for-avloppsunderhall\/heavy-combi-sv\/\" \/>\n<meta property=\"og:locale\" content=\"sv_SE\" \/>\n<meta property=\"og:type\" content=\"article\" \/>\n<meta property=\"og:title\" content=\"Heavy Combi - KEOX\" \/>\n<meta property=\"og:description\" content=\"Heavy Combi sugtrycksfordon En kombinationsenhet i tungviktsklassen, precis som namnet antyder IL En vakuumbil med rostfri tank som kan anpassas efter kundens behov. IL BYTEPLATTFORM Det \u00e4r inte alltid vettigt att utrusta en bil f\u00f6r endast en anv\u00e4ndning, i s\u00e5 fall \u00e4r valet en sugtank med en utbytbar pall eller en kombination av sug\/tryck.\" \/>\n<meta property=\"og:url\" content=\"https:\/\/keox.fi\/sv\/produkter\/kombinationer-for-avloppsunderhall\/heavy-combi-sv\/\" \/>\n<meta property=\"og:site_name\" content=\"KEOX\" \/>\n<meta property=\"article:publisher\" content=\"https:\/\/www.facebook.com\/KeoxOy\/\" \/>\n<meta property=\"article:modified_time\" content=\"2026-02-20T08:38:52+00:00\" \/>\n<meta property=\"og:image\" content=\"https:\/\/keox.fi\/wp-content\/uploads\/2020\/03\/IL-vac.jpg\" \/>\n\t<meta property=\"og:image:width\" content=\"650\" \/>\n\t<meta property=\"og:image:height\" content=\"272\" \/>\n\t<meta property=\"og:image:type\" content=\"image\/jpeg\" \/>\n<meta name=\"twitter:card\" content=\"summary_large_image\" \/>\n<meta name=\"twitter:label1\" content=\"Ber\u00e4knad l\u00e4stid\" \/>\n\t<meta name=\"twitter:data1\" content=\"1 minut\" \/>\n<script type=\"application\/ld+json\" class=\"yoast-schema-graph\">{\"@context\":\"https:\/\/schema.org\",\"@graph\":[{\"@type\":\"WebPage\",\"@id\":\"https:\/\/keox.fi\/sv\/produkter\/kombinationer-for-avloppsunderhall\/heavy-combi-sv\/\",\"url\":\"https:\/\/keox.fi\/sv\/produkter\/kombinationer-for-avloppsunderhall\/heavy-combi-sv\/\",\"name\":\"Heavy Combi - KEOX\",\"isPartOf\":{\"@id\":\"https:\/\/keox.fi\/no\/#website\"},\"primaryImageOfPage\":{\"@id\":\"https:\/\/keox.fi\/sv\/produkter\/kombinationer-for-avloppsunderhall\/heavy-combi-sv\/#primaryimage\"},\"image\":{\"@id\":\"https:\/\/keox.fi\/sv\/produkter\/kombinationer-for-avloppsunderhall\/heavy-combi-sv\/#primaryimage\"},\"thumbnailUrl\":\"https:\/\/keox.fi\/wp-content\/uploads\/2020\/03\/IL-vac.jpg\",\"datePublished\":\"2026-02-20T08:14:58+00:00\",\"dateModified\":\"2026-02-20T08:38:52+00:00\",\"breadcrumb\":{\"@id\":\"https:\/\/keox.fi\/sv\/produkter\/kombinationer-for-avloppsunderhall\/heavy-combi-sv\/#breadcrumb\"},\"inLanguage\":\"sv-SE\",\"potentialAction\":[{\"@type\":\"ReadAction\",\"target\":[\"https:\/\/keox.fi\/sv\/produkter\/kombinationer-for-avloppsunderhall\/heavy-combi-sv\/\"]}]},{\"@type\":\"ImageObject\",\"inLanguage\":\"sv-SE\",\"@id\":\"https:\/\/keox.fi\/sv\/produkter\/kombinationer-for-avloppsunderhall\/heavy-combi-sv\/#primaryimage\",\"url\":\"https:\/\/keox.fi\/wp-content\/uploads\/2020\/03\/IL-vac.jpg\",\"contentUrl\":\"https:\/\/keox.fi\/wp-content\/uploads\/2020\/03\/IL-vac.jpg\"},{\"@type\":\"BreadcrumbList\",\"@id\":\"https:\/\/keox.fi\/sv\/produkter\/kombinationer-for-avloppsunderhall\/heavy-combi-sv\/#breadcrumb\",\"itemListElement\":[{\"@type\":\"ListItem\",\"position\":1,\"name\":\"Etusivu\",\"item\":\"https:\/\/keox.fi\/sv\/framsida\/\"},{\"@type\":\"ListItem\",\"position\":2,\"name\":\"Produkter\",\"item\":\"https:\/\/keox.fi\/sv\/produkter\/\"},{\"@type\":\"ListItem\",\"position\":3,\"name\":\"Kombinationer f\u00f6r avloppsunderh\u00e5ll\",\"item\":\"https:\/\/keox.fi\/sv\/produkter\/kombinationer-for-avloppsunderhall\/\"},{\"@type\":\"ListItem\",\"position\":4,\"name\":\"Heavy Combi\"}]},{\"@type\":\"WebSite\",\"@id\":\"https:\/\/keox.fi\/no\/#website\",\"url\":\"https:\/\/keox.fi\/no\/\",\"name\":\"KEOX\",\"description\":\"Palvelemme monipuolisesti\",\"publisher\":{\"@id\":\"https:\/\/keox.fi\/no\/#organization\"},\"potentialAction\":[{\"@type\":\"SearchAction\",\"target\":{\"@type\":\"EntryPoint\",\"urlTemplate\":\"https:\/\/keox.fi\/no\/?s={search_term_string}\"},\"query-input\":{\"@type\":\"PropertyValueSpecification\",\"valueRequired\":true,\"valueName\":\"search_term_string\"}}],\"inLanguage\":\"sv-SE\"},{\"@type\":\"Organization\",\"@id\":\"https:\/\/keox.fi\/no\/#organization\",\"name\":\"Keox Oy\",\"url\":\"https:\/\/keox.fi\/no\/\",\"logo\":{\"@type\":\"ImageObject\",\"inLanguage\":\"sv-SE\",\"@id\":\"https:\/\/keox.fi\/no\/#\/schema\/logo\/image\/\",\"url\":\"https:\/\/keox.fi\/wp-content\/uploads\/2019\/12\/logo-pos.png\",\"contentUrl\":\"https:\/\/keox.fi\/wp-content\/uploads\/2019\/12\/logo-pos.png\",\"width\":3479,\"height\":3479,\"caption\":\"Keox Oy\"},\"image\":{\"@id\":\"https:\/\/keox.fi\/no\/#\/schema\/logo\/image\/\"},\"sameAs\":[\"https:\/\/www.facebook.com\/KeoxOy\/\",\"https:\/\/www.linkedin.com\/company\/25030509\",\"https:\/\/www.youtube.com\/channel\/UCU54gMqjcR5mvbKJz4gAoAg\"]}]}<\/script>\n<!-- \/ Yoast SEO plugin. -->","yoast_head_json":{"title":"Heavy Combi - KEOX","robots":{"index":"index","follow":"follow","max-snippet":"max-snippet:-1","max-image-preview":"max-image-preview:large","max-video-preview":"max-video-preview:-1"},"canonical":"https:\/\/keox.fi\/sv\/produkter\/kombinationer-for-avloppsunderhall\/heavy-combi-sv\/","og_locale":"sv_SE","og_type":"article","og_title":"Heavy Combi - KEOX","og_description":"Heavy Combi sugtrycksfordon En kombinationsenhet i tungviktsklassen, precis som namnet antyder IL En vakuumbil med rostfri tank som kan anpassas efter kundens behov. IL BYTEPLATTFORM Det \u00e4r inte alltid vettigt att utrusta en bil f\u00f6r endast en anv\u00e4ndning, i s\u00e5 fall \u00e4r valet en sugtank med en utbytbar pall eller en kombination av sug\/tryck.","og_url":"https:\/\/keox.fi\/sv\/produkter\/kombinationer-for-avloppsunderhall\/heavy-combi-sv\/","og_site_name":"KEOX","article_publisher":"https:\/\/www.facebook.com\/KeoxOy\/","article_modified_time":"2026-02-20T08:38:52+00:00","og_image":[{"width":650,"height":272,"url":"https:\/\/keox.fi\/wp-content\/uploads\/2020\/03\/IL-vac.jpg","type":"image\/jpeg"}],"twitter_card":"summary_large_image","twitter_misc":{"Ber\u00e4knad l\u00e4stid":"1 minut"},"schema":{"@context":"https:\/\/schema.org","@graph":[{"@type":"WebPage","@id":"https:\/\/keox.fi\/sv\/produkter\/kombinationer-for-avloppsunderhall\/heavy-combi-sv\/","url":"https:\/\/keox.fi\/sv\/produkter\/kombinationer-for-avloppsunderhall\/heavy-combi-sv\/","name":"Heavy Combi - KEOX","isPartOf":{"@id":"https:\/\/keox.fi\/no\/#website"},"primaryImageOfPage":{"@id":"https:\/\/keox.fi\/sv\/produkter\/kombinationer-for-avloppsunderhall\/heavy-combi-sv\/#primaryimage"},"image":{"@id":"https:\/\/keox.fi\/sv\/produkter\/kombinationer-for-avloppsunderhall\/heavy-combi-sv\/#primaryimage"},"thumbnailUrl":"https:\/\/keox.fi\/wp-content\/uploads\/2020\/03\/IL-vac.jpg","datePublished":"2026-02-20T08:14:58+00:00","dateModified":"2026-02-20T08:38:52+00:00","breadcrumb":{"@id":"https:\/\/keox.fi\/sv\/produkter\/kombinationer-for-avloppsunderhall\/heavy-combi-sv\/#breadcrumb"},"inLanguage":"sv-SE","potentialAction":[{"@type":"ReadAction","target":["https:\/\/keox.fi\/sv\/produkter\/kombinationer-for-avloppsunderhall\/heavy-combi-sv\/"]}]},{"@type":"ImageObject","inLanguage":"sv-SE","@id":"https:\/\/keox.fi\/sv\/produkter\/kombinationer-for-avloppsunderhall\/heavy-combi-sv\/#primaryimage","url":"https:\/\/keox.fi\/wp-content\/uploads\/2020\/03\/IL-vac.jpg","contentUrl":"https:\/\/keox.fi\/wp-content\/uploads\/2020\/03\/IL-vac.jpg"},{"@type":"BreadcrumbList","@id":"https:\/\/keox.fi\/sv\/produkter\/kombinationer-for-avloppsunderhall\/heavy-combi-sv\/#breadcrumb","itemListElement":[{"@type":"ListItem","position":1,"name":"Etusivu","item":"https:\/\/keox.fi\/sv\/framsida\/"},{"@type":"ListItem","position":2,"name":"Produkter","item":"https:\/\/keox.fi\/sv\/produkter\/"},{"@type":"ListItem","position":3,"name":"Kombinationer f\u00f6r avloppsunderh\u00e5ll","item":"https:\/\/keox.fi\/sv\/produkter\/kombinationer-for-avloppsunderhall\/"},{"@type":"ListItem","position":4,"name":"Heavy Combi"}]},{"@type":"WebSite","@id":"https:\/\/keox.fi\/no\/#website","url":"https:\/\/keox.fi\/no\/","name":"KEOX","description":"Palvelemme monipuolisesti","publisher":{"@id":"https:\/\/keox.fi\/no\/#organization"},"potentialAction":[{"@type":"SearchAction","target":{"@type":"EntryPoint","urlTemplate":"https:\/\/keox.fi\/no\/?s={search_term_string}"},"query-input":{"@type":"PropertyValueSpecification","valueRequired":true,"valueName":"search_term_string"}}],"inLanguage":"sv-SE"},{"@type":"Organization","@id":"https:\/\/keox.fi\/no\/#organization","name":"Keox Oy","url":"https:\/\/keox.fi\/no\/","logo":{"@type":"ImageObject","inLanguage":"sv-SE","@id":"https:\/\/keox.fi\/no\/#\/schema\/logo\/image\/","url":"https:\/\/keox.fi\/wp-content\/uploads\/2019\/12\/logo-pos.png","contentUrl":"https:\/\/keox.fi\/wp-content\/uploads\/2019\/12\/logo-pos.png","width":3479,"height":3479,"caption":"Keox Oy"},"image":{"@id":"https:\/\/keox.fi\/no\/#\/schema\/logo\/image\/"},"sameAs":["https:\/\/www.facebook.com\/KeoxOy\/","https:\/\/www.linkedin.com\/company\/25030509","https:\/\/www.youtube.com\/channel\/UCU54gMqjcR5mvbKJz4gAoAg"]}]}},"_links":{"self":[{"href":"https:\/\/keox.fi\/sv\/wp-json\/wp\/v2\/pages\/3573"}],"collection":[{"href":"https:\/\/keox.fi\/sv\/wp-json\/wp\/v2\/pages"}],"about":[{"href":"https:\/\/keox.fi\/sv\/wp-json\/wp\/v2\/types\/page"}],"author":[{"embeddable":true,"href":"https:\/\/keox.fi\/sv\/wp-json\/wp\/v2\/users\/1"}],"replies":[{"embeddable":true,"href":"https:\/\/keox.fi\/sv\/wp-json\/wp\/v2\/comments?post=3573"}],"version-history":[{"count":8,"href":"https:\/\/keox.fi\/sv\/wp-json\/wp\/v2\/pages\/3573\/revisions"}],"predecessor-version":[{"id":3614,"href":"https:\/\/keox.fi\/sv\/wp-json\/wp\/v2\/pages\/3573\/revisions\/3614"}],"up":[{"embeddable":true,"href":"https:\/\/keox.fi\/sv\/wp-json\/wp\/v2\/pages\/824"}],"wp:attachment":[{"href":"https:\/\/keox.fi\/sv\/wp-json\/wp\/v2\/media?parent=3573"}],"curies":[{"name":"wp","href":"https:\/\/api.w.org\/{rel}","templated":true}]}}