{"id":3447,"date":"2026-02-16T09:29:00","date_gmt":"2026-02-16T07:29:00","guid":{"rendered":"https:\/\/keox.fi\/?page_id=3447"},"modified":"2026-02-16T09:32:51","modified_gmt":"2026-02-16T07:32:51","slug":"kundehistorier","status":"publish","type":"page","link":"https:\/\/keox.fi\/no\/kundehistorier\/","title":{"rendered":"Kundehistorier"},"content":{"rendered":"\t\t<div data-elementor-type=\"wp-page\" data-elementor-id=\"3447\" class=\"elementor elementor-3447\" data-elementor-post-type=\"page\">\n\t\t\t\t<div class=\"elementor-element elementor-element-b718872 e-flex e-con-boxed e-con e-parent\" data-id=\"b718872\" data-element_type=\"container\" data-settings=\"{&quot;background_background&quot;:&quot;classic&quot;}\">\n\t\t\t\t\t<div class=\"e-con-inner\">\n\t\t\t\t<div class=\"elementor-element elementor-element-b3aadf6 elementor-widget elementor-widget-heading\" data-id=\"b3aadf6\" data-element_type=\"widget\" data-widget_type=\"heading.default\">\n\t\t\t\t<div class=\"elementor-widget-container\">\n\t\t\t<h2 class=\"elementor-heading-title elementor-size-default\">Kundehistorier<\/h2>\t\t<\/div>\n\t\t\t\t<\/div>\n\t\t\t\t\t<\/div>\n\t\t\t\t<\/div>\n\t\t<div class=\"elementor-element elementor-element-50a0ed0 e-con-full e-flex e-con e-parent\" data-id=\"50a0ed0\" data-element_type=\"container\" data-settings=\"{&quot;background_background&quot;:&quot;classic&quot;}\">\n\t\t<div class=\"elementor-element elementor-element-a6265ff e-con-full e-flex e-con e-child\" data-id=\"a6265ff\" data-element_type=\"container\">\n\t\t\t\t<div class=\"elementor-element elementor-element-78490fc elementor-grid-3 elementor-grid-tablet-2 elementor-grid-mobile-1 elementor-posts--thumbnail-top elementor-card-shadow-yes elementor-posts__hover-gradient elementor-widget elementor-widget-posts\" data-id=\"78490fc\" data-element_type=\"widget\" data-settings=\"{&quot;pagination_type&quot;:&quot;numbers_and_prev_next&quot;,&quot;cards_columns&quot;:&quot;3&quot;,&quot;cards_columns_tablet&quot;:&quot;2&quot;,&quot;cards_columns_mobile&quot;:&quot;1&quot;,&quot;cards_row_gap&quot;:{&quot;unit&quot;:&quot;px&quot;,&quot;size&quot;:35,&quot;sizes&quot;:[]},&quot;cards_row_gap_tablet&quot;:{&quot;unit&quot;:&quot;px&quot;,&quot;size&quot;:&quot;&quot;,&quot;sizes&quot;:[]},&quot;cards_row_gap_mobile&quot;:{&quot;unit&quot;:&quot;px&quot;,&quot;size&quot;:&quot;&quot;,&quot;sizes&quot;:[]}}\" data-widget_type=\"posts.cards\">\n\t\t\t\t<div class=\"elementor-widget-container\">\n\t\t\t\t\t<div class=\"elementor-posts-container elementor-posts elementor-posts--skin-cards elementor-grid\">\n\t\t\t\t<article class=\"elementor-post elementor-grid-item post-1213 post type-post status-publish format-standard has-post-thumbnail hentry category-kundehistorier\">\n\t\t\t<div class=\"elementor-post__card\">\n\t\t\t\t<a class=\"elementor-post__thumbnail__link\" href=\"https:\/\/keox.fi\/no\/kundehistorier\/geesinknorba\/\" tabindex=\"-1\" ><div class=\"elementor-post__thumbnail\"><img fetchpriority=\"high\" decoding=\"async\" width=\"800\" height=\"194\" src=\"https:\/\/keox.fi\/wp-content\/uploads\/2017\/01\/Geesinknorba-820x199.jpg\" class=\"attachment-large size-large wp-image-263\" alt=\"\" srcset=\"https:\/\/keox.fi\/wp-content\/uploads\/2017\/01\/Geesinknorba-820x199.jpg 820w, https:\/\/keox.fi\/wp-content\/uploads\/2017\/01\/Geesinknorba-640x156.jpg 640w, https:\/\/keox.fi\/wp-content\/uploads\/2017\/01\/Geesinknorba-768x187.jpg 768w, https:\/\/keox.fi\/wp-content\/uploads\/2017\/01\/Geesinknorba.jpg 1600w\" sizes=\"(max-width: 800px) 100vw, 800px\" \/><\/div><\/a>\n\t\t\t\t<div class=\"elementor-post__text\">\n\t\t\t\t<h3 class=\"elementor-post__title\">\n\t\t\t<a href=\"https:\/\/keox.fi\/no\/kundehistorier\/geesinknorba\/\" >\n\t\t\t\tGeesinknorba\t\t\t<\/a>\n\t\t<\/h3>\n\t\t\t\t<div class=\"elementor-post__excerpt\">\n\t\t\t<p>Euro-utslippsgrensene for lastebiler ble strengere h\u00f8sten 2014. Reduksjonen av utslippet av partikler, nitrogenoksid og hydrokarbon virket inn p\u00e5 eksosanleggene p\u00e5 bilene. For avfallsh\u00e5ndteringsbilene betydde forandringen<\/p>\n\t\t<\/div>\n\t\t\n\t\t<a class=\"elementor-post__read-more\" href=\"https:\/\/keox.fi\/no\/kundehistorier\/geesinknorba\/\" aria-label=\"Read more about Geesinknorba\" tabindex=\"-1\" >\n\t\t\tLue lis\u00e4\u00e4 \u00bb\t\t<\/a>\n\n\t\t\t\t<\/div>\n\t\t\t\t\t<\/div>\n\t\t<\/article>\n\t\t\t\t<\/div>\n\t\t\n\t\t\t\t<\/div>\n\t\t\t\t<\/div>\n\t\t\t\t<\/div>\n\t\t\t\t<\/div>\n\t\t\t\t<\/div>\n\t\t","protected":false},"excerpt":{"rendered":"<p>Kundehistorier<\/p>\n","protected":false},"author":1,"featured_media":0,"parent":0,"menu_order":0,"comment_status":"closed","ping_status":"closed","template":"elementor_header_footer","meta":{"ngg_post_thumbnail":0,"footnotes":""},"class_list":["post-3447","page","type-page","status-publish","hentry"],"yoast_head":"<!-- This site is optimized with the Yoast SEO plugin v24.3 - https:\/\/yoast.com\/wordpress\/plugins\/seo\/ -->\n<title>Kundehistorier - KEOX<\/title>\n<meta name=\"robots\" content=\"index, follow, max-snippet:-1, max-image-preview:large, max-video-preview:-1\" \/>\n<link rel=\"canonical\" href=\"https:\/\/keox.fi\/no\/kundehistorier\/\" \/>\n<meta property=\"og:locale\" content=\"en_US\" \/>\n<meta property=\"og:type\" content=\"article\" \/>\n<meta property=\"og:title\" content=\"Kundehistorier - KEOX\" \/>\n<meta property=\"og:description\" content=\"Kundehistorier\" \/>\n<meta property=\"og:url\" content=\"https:\/\/keox.fi\/no\/kundehistorier\/\" \/>\n<meta property=\"og:site_name\" content=\"KEOX\" \/>\n<meta property=\"article:publisher\" content=\"https:\/\/www.facebook.com\/KeoxOy\/\" \/>\n<meta property=\"article:modified_time\" content=\"2026-02-16T07:32:51+00:00\" \/>\n<meta name=\"twitter:card\" content=\"summary_large_image\" \/>\n<meta name=\"twitter:label1\" content=\"Est. reading time\" \/>\n\t<meta name=\"twitter:data1\" content=\"1 minute\" \/>\n<script type=\"application\/ld+json\" class=\"yoast-schema-graph\">{\"@context\":\"https:\/\/schema.org\",\"@graph\":[{\"@type\":\"WebPage\",\"@id\":\"https:\/\/keox.fi\/no\/kundehistorier\/\",\"url\":\"https:\/\/keox.fi\/no\/kundehistorier\/\",\"name\":\"Kundehistorier - KEOX\",\"isPartOf\":{\"@id\":\"https:\/\/keox.fi\/no\/#website\"},\"datePublished\":\"2026-02-16T07:29:00+00:00\",\"dateModified\":\"2026-02-16T07:32:51+00:00\",\"breadcrumb\":{\"@id\":\"https:\/\/keox.fi\/no\/kundehistorier\/#breadcrumb\"},\"inLanguage\":\"no\",\"potentialAction\":[{\"@type\":\"ReadAction\",\"target\":[\"https:\/\/keox.fi\/no\/kundehistorier\/\"]}]},{\"@type\":\"BreadcrumbList\",\"@id\":\"https:\/\/keox.fi\/no\/kundehistorier\/#breadcrumb\",\"itemListElement\":[{\"@type\":\"ListItem\",\"position\":1,\"name\":\"Etusivu\",\"item\":\"https:\/\/keox.fi\/no\/forsiden\/\"},{\"@type\":\"ListItem\",\"position\":2,\"name\":\"Kundehistorier\"}]},{\"@type\":\"WebSite\",\"@id\":\"https:\/\/keox.fi\/no\/#website\",\"url\":\"https:\/\/keox.fi\/no\/\",\"name\":\"KEOX\",\"description\":\"Palvelemme monipuolisesti\",\"publisher\":{\"@id\":\"https:\/\/keox.fi\/no\/#organization\"},\"potentialAction\":[{\"@type\":\"SearchAction\",\"target\":{\"@type\":\"EntryPoint\",\"urlTemplate\":\"https:\/\/keox.fi\/no\/?s={search_term_string}\"},\"query-input\":{\"@type\":\"PropertyValueSpecification\",\"valueRequired\":true,\"valueName\":\"search_term_string\"}}],\"inLanguage\":\"no\"},{\"@type\":\"Organization\",\"@id\":\"https:\/\/keox.fi\/no\/#organization\",\"name\":\"Keox Oy\",\"url\":\"https:\/\/keox.fi\/no\/\",\"logo\":{\"@type\":\"ImageObject\",\"inLanguage\":\"no\",\"@id\":\"https:\/\/keox.fi\/no\/#\/schema\/logo\/image\/\",\"url\":\"https:\/\/keox.fi\/wp-content\/uploads\/2019\/12\/logo-pos.png\",\"contentUrl\":\"https:\/\/keox.fi\/wp-content\/uploads\/2019\/12\/logo-pos.png\",\"width\":3479,\"height\":3479,\"caption\":\"Keox Oy\"},\"image\":{\"@id\":\"https:\/\/keox.fi\/no\/#\/schema\/logo\/image\/\"},\"sameAs\":[\"https:\/\/www.facebook.com\/KeoxOy\/\",\"https:\/\/www.linkedin.com\/company\/25030509\",\"https:\/\/www.youtube.com\/channel\/UCU54gMqjcR5mvbKJz4gAoAg\"]}]}<\/script>\n<!-- \/ Yoast SEO plugin. -->","yoast_head_json":{"title":"Kundehistorier - KEOX","robots":{"index":"index","follow":"follow","max-snippet":"max-snippet:-1","max-image-preview":"max-image-preview:large","max-video-preview":"max-video-preview:-1"},"canonical":"https:\/\/keox.fi\/no\/kundehistorier\/","og_locale":"en_US","og_type":"article","og_title":"Kundehistorier - KEOX","og_description":"Kundehistorier","og_url":"https:\/\/keox.fi\/no\/kundehistorier\/","og_site_name":"KEOX","article_publisher":"https:\/\/www.facebook.com\/KeoxOy\/","article_modified_time":"2026-02-16T07:32:51+00:00","twitter_card":"summary_large_image","twitter_misc":{"Est. reading time":"1 minute"},"schema":{"@context":"https:\/\/schema.org","@graph":[{"@type":"WebPage","@id":"https:\/\/keox.fi\/no\/kundehistorier\/","url":"https:\/\/keox.fi\/no\/kundehistorier\/","name":"Kundehistorier - KEOX","isPartOf":{"@id":"https:\/\/keox.fi\/no\/#website"},"datePublished":"2026-02-16T07:29:00+00:00","dateModified":"2026-02-16T07:32:51+00:00","breadcrumb":{"@id":"https:\/\/keox.fi\/no\/kundehistorier\/#breadcrumb"},"inLanguage":"no","potentialAction":[{"@type":"ReadAction","target":["https:\/\/keox.fi\/no\/kundehistorier\/"]}]},{"@type":"BreadcrumbList","@id":"https:\/\/keox.fi\/no\/kundehistorier\/#breadcrumb","itemListElement":[{"@type":"ListItem","position":1,"name":"Etusivu","item":"https:\/\/keox.fi\/no\/forsiden\/"},{"@type":"ListItem","position":2,"name":"Kundehistorier"}]},{"@type":"WebSite","@id":"https:\/\/keox.fi\/no\/#website","url":"https:\/\/keox.fi\/no\/","name":"KEOX","description":"Palvelemme monipuolisesti","publisher":{"@id":"https:\/\/keox.fi\/no\/#organization"},"potentialAction":[{"@type":"SearchAction","target":{"@type":"EntryPoint","urlTemplate":"https:\/\/keox.fi\/no\/?s={search_term_string}"},"query-input":{"@type":"PropertyValueSpecification","valueRequired":true,"valueName":"search_term_string"}}],"inLanguage":"no"},{"@type":"Organization","@id":"https:\/\/keox.fi\/no\/#organization","name":"Keox Oy","url":"https:\/\/keox.fi\/no\/","logo":{"@type":"ImageObject","inLanguage":"no","@id":"https:\/\/keox.fi\/no\/#\/schema\/logo\/image\/","url":"https:\/\/keox.fi\/wp-content\/uploads\/2019\/12\/logo-pos.png","contentUrl":"https:\/\/keox.fi\/wp-content\/uploads\/2019\/12\/logo-pos.png","width":3479,"height":3479,"caption":"Keox Oy"},"image":{"@id":"https:\/\/keox.fi\/no\/#\/schema\/logo\/image\/"},"sameAs":["https:\/\/www.facebook.com\/KeoxOy\/","https:\/\/www.linkedin.com\/company\/25030509","https:\/\/www.youtube.com\/channel\/UCU54gMqjcR5mvbKJz4gAoAg"]}]}},"_links":{"self":[{"href":"https:\/\/keox.fi\/no\/wp-json\/wp\/v2\/pages\/3447"}],"collection":[{"href":"https:\/\/keox.fi\/no\/wp-json\/wp\/v2\/pages"}],"about":[{"href":"https:\/\/keox.fi\/no\/wp-json\/wp\/v2\/types\/page"}],"author":[{"embeddable":true,"href":"https:\/\/keox.fi\/no\/wp-json\/wp\/v2\/users\/1"}],"replies":[{"embeddable":true,"href":"https:\/\/keox.fi\/no\/wp-json\/wp\/v2\/comments?post=3447"}],"version-history":[{"count":4,"href":"https:\/\/keox.fi\/no\/wp-json\/wp\/v2\/pages\/3447\/revisions"}],"predecessor-version":[{"id":3452,"href":"https:\/\/keox.fi\/no\/wp-json\/wp\/v2\/pages\/3447\/revisions\/3452"}],"wp:attachment":[{"href":"https:\/\/keox.fi\/no\/wp-json\/wp\/v2\/media?parent=3447"}],"curies":[{"name":"wp","href":"https:\/\/api.w.org\/{rel}","templated":true}]}}