{"id":1865,"date":"2020-04-30T14:09:07","date_gmt":"2020-04-30T12:09:07","guid":{"rendered":"https:\/\/keox.fi\/produkter\/kombibiler\/heavy-combi\/"},"modified":"2025-01-31T13:46:59","modified_gmt":"2025-01-31T11:46:59","slug":"heavy-combi","status":"publish","type":"page","link":"https:\/\/keox.fi\/no\/produkter\/kombibiler\/heavy-combi\/","title":{"rendered":"Heavy Combi"},"content":{"rendered":"\t\t<div data-elementor-type=\"wp-page\" data-elementor-id=\"1865\" class=\"elementor elementor-1865\" data-elementor-post-type=\"page\">\n\t\t\t\t<div class=\"elementor-element elementor-element-4a7b28f e-flex e-con-boxed e-con e-parent\" data-id=\"4a7b28f\" data-element_type=\"container\" data-settings=\"{&quot;background_background&quot;:&quot;classic&quot;}\">\n\t\t\t\t\t<div class=\"e-con-inner\">\n\t\t\t\t<div class=\"elementor-element elementor-element-8dfedab elementor-widget elementor-widget-heading\" data-id=\"8dfedab\" data-element_type=\"widget\" data-widget_type=\"heading.default\">\n\t\t\t\t<div class=\"elementor-widget-container\">\n\t\t\t<h2 class=\"elementor-heading-title elementor-size-default\">Heavy Combi<\/h2>\t\t<\/div>\n\t\t\t\t<\/div>\n\t\t\t\t<div class=\"elementor-element elementor-element-c301ae9 elementor-widget elementor-widget-text-editor\" data-id=\"c301ae9\" data-element_type=\"widget\" data-widget_type=\"text-editor.default\">\n\t\t\t\t<div class=\"elementor-widget-container\">\n\t\t\t\t\t\t\t<p>V\u00e5r kraftigste kombinasjonsmaskin med st\u00f8rre pumper for tungt arbeid<\/p>\t\t\t\t\t\t<\/div>\n\t\t\t\t<\/div>\n\t\t\t\t\t<\/div>\n\t\t\t\t<\/div>\n\t\t<div class=\"elementor-element elementor-element-57a4384 e-con-full e-flex e-con e-parent\" data-id=\"57a4384\" data-element_type=\"container\" data-settings=\"{&quot;background_background&quot;:&quot;classic&quot;}\">\n\t\t<div class=\"elementor-element elementor-element-3738c7b e-con-full e-flex e-con e-child\" data-id=\"3738c7b\" data-element_type=\"container\">\n\t\t<div class=\"elementor-element elementor-element-27af921 e-grid e-con-full e-con e-child\" data-id=\"27af921\" data-element_type=\"container\">\n\t\t<div class=\"elementor-element elementor-element-d034b54 e-con-full e-flex e-con e-child\" data-id=\"d034b54\" data-element_type=\"container\">\n\t\t\t\t<div class=\"elementor-element elementor-element-99f8164 elementor-widget__width-inherit elementor-widget elementor-widget-image\" data-id=\"99f8164\" data-element_type=\"widget\" data-widget_type=\"image.default\">\n\t\t\t\t<div class=\"elementor-widget-container\">\n\t\t\t\t\t\t\t\t\t\t\t\t\t<img fetchpriority=\"high\" decoding=\"async\" width=\"650\" height=\"272\" src=\"https:\/\/keox.fi\/wp-content\/uploads\/2020\/03\/IL-vac.jpg\" class=\"attachment-full size-full wp-image-1740\" alt=\"\" srcset=\"https:\/\/keox.fi\/wp-content\/uploads\/2020\/03\/IL-vac.jpg 650w, https:\/\/keox.fi\/wp-content\/uploads\/2020\/03\/IL-vac-640x268.jpg 640w\" sizes=\"(max-width: 650px) 100vw, 650px\" \/>\t\t\t\t\t\t\t\t\t\t\t\t\t<\/div>\n\t\t\t\t<\/div>\n\t\t\t\t<div class=\"elementor-element elementor-element-6f2674e elementor-widget elementor-widget-heading\" data-id=\"6f2674e\" data-element_type=\"widget\" data-widget_type=\"heading.default\">\n\t\t\t\t<div class=\"elementor-widget-container\">\n\t\t\t<h2 class=\"elementor-heading-title elementor-size-default\">IL<\/h2>\t\t<\/div>\n\t\t\t\t<\/div>\n\t\t\t\t<div class=\"elementor-element elementor-element-cef8ae0 elementor-widget__width-initial elementor-widget elementor-widget-text-editor\" data-id=\"cef8ae0\" data-element_type=\"widget\" data-widget_type=\"text-editor.default\">\n\t\t\t\t<div class=\"elementor-widget-container\">\n\t\t\t\t\t\t\t<p>En vakuumbil med rustfri tank som kan tilpasses etter kundens behov.<\/p>\t\t\t\t\t\t<\/div>\n\t\t\t\t<\/div>\n\t\t\t\t<\/div>\n\t\t<div class=\"elementor-element elementor-element-d53e888 e-con-full e-flex e-con e-child\" data-id=\"d53e888\" data-element_type=\"container\">\n\t\t\t\t<div class=\"elementor-element elementor-element-60aeb03 elementor-widget__width-inherit elementor-widget elementor-widget-image\" data-id=\"60aeb03\" data-element_type=\"widget\" data-widget_type=\"image.default\">\n\t\t\t\t<div class=\"elementor-widget-container\">\n\t\t\t\t\t\t\t\t\t\t\t\t\t<img decoding=\"async\" width=\"650\" height=\"272\" src=\"https:\/\/keox.fi\/wp-content\/uploads\/2020\/03\/demountable-vehicle.jpg\" class=\"attachment-full size-full wp-image-1741\" alt=\"\" srcset=\"https:\/\/keox.fi\/wp-content\/uploads\/2020\/03\/demountable-vehicle.jpg 650w, https:\/\/keox.fi\/wp-content\/uploads\/2020\/03\/demountable-vehicle-640x268.jpg 640w\" sizes=\"(max-width: 650px) 100vw, 650px\" \/>\t\t\t\t\t\t\t\t\t\t\t\t\t<\/div>\n\t\t\t\t<\/div>\n\t\t\t\t<div class=\"elementor-element elementor-element-0869627 elementor-widget elementor-widget-heading\" data-id=\"0869627\" data-element_type=\"widget\" data-widget_type=\"heading.default\">\n\t\t\t\t<div class=\"elementor-widget-container\">\n\t\t\t<h2 class=\"elementor-heading-title elementor-size-default\">IL BYTEPLATTFORM<\/h2>\t\t<\/div>\n\t\t\t\t<\/div>\n\t\t\t\t<div class=\"elementor-element elementor-element-8a5a23c elementor-widget__width-initial elementor-widget elementor-widget-text-editor\" data-id=\"8a5a23c\" data-element_type=\"widget\" data-widget_type=\"text-editor.default\">\n\t\t\t\t<div class=\"elementor-widget-container\">\n\t\t\t\t\t\t\t<p>Det er ikke alltid fornuftig \u00e5 utstyre en bil for kun \u00e9n bruk, i s\u00e5 fall er valget en sugetank med en utskiftbar pall eller en kombinasjon av sug\/trykk.<\/p>\t\t\t\t\t\t<\/div>\n\t\t\t\t<\/div>\n\t\t\t\t<\/div>\n\t\t\t\t<\/div>\n\t\t\t\t<\/div>\n\t\t\t\t<\/div>\n\t\t\t\t<\/div>\n\t\t","protected":false},"excerpt":{"rendered":"<p>Heavy Combi V\u00e5r kraftigste kombinasjonsmaskin med st\u00f8rre pumper for tungt arbeid IL En vakuumbil med rustfri tank som kan tilpasses etter kundens behov. IL BYTEPLATTFORM Det er ikke alltid fornuftig \u00e5 utstyre en bil for kun \u00e9n bruk, i s\u00e5 fall er valget en sugetank med en utskiftbar pall eller en kombinasjon av sug\/trykk.<\/p>\n","protected":false},"author":1,"featured_media":0,"parent":1289,"menu_order":0,"comment_status":"closed","ping_status":"closed","template":"elementor_header_footer","meta":{"ngg_post_thumbnail":0,"footnotes":""},"class_list":["post-1865","page","type-page","status-publish","hentry"],"yoast_head":"<!-- This site is optimized with the Yoast SEO plugin v24.3 - https:\/\/yoast.com\/wordpress\/plugins\/seo\/ -->\n<title>Heavy Combi - KEOX<\/title>\n<meta name=\"robots\" content=\"index, follow, max-snippet:-1, max-image-preview:large, max-video-preview:-1\" \/>\n<link rel=\"canonical\" href=\"https:\/\/keox.fi\/no\/produkter\/kombibiler\/heavy-combi\/\" \/>\n<meta property=\"og:locale\" content=\"en_US\" \/>\n<meta property=\"og:type\" content=\"article\" \/>\n<meta property=\"og:title\" content=\"Heavy Combi - KEOX\" \/>\n<meta property=\"og:description\" content=\"Heavy Combi V\u00e5r kraftigste kombinasjonsmaskin med st\u00f8rre pumper for tungt arbeid IL En vakuumbil med rustfri tank som kan tilpasses etter kundens behov. IL BYTEPLATTFORM Det er ikke alltid fornuftig \u00e5 utstyre en bil for kun \u00e9n bruk, i s\u00e5 fall er valget en sugetank med en utskiftbar pall eller en kombinasjon av sug\/trykk.\" \/>\n<meta property=\"og:url\" content=\"https:\/\/keox.fi\/no\/produkter\/kombibiler\/heavy-combi\/\" \/>\n<meta property=\"og:site_name\" content=\"KEOX\" \/>\n<meta property=\"article:publisher\" content=\"https:\/\/www.facebook.com\/KeoxOy\/\" \/>\n<meta property=\"article:modified_time\" content=\"2025-01-31T11:46:59+00:00\" \/>\n<meta property=\"og:image\" content=\"https:\/\/keox.fi\/wp-content\/uploads\/2020\/03\/IL-vac.jpg\" \/>\n\t<meta property=\"og:image:width\" content=\"650\" \/>\n\t<meta property=\"og:image:height\" content=\"272\" \/>\n\t<meta property=\"og:image:type\" content=\"image\/jpeg\" \/>\n<meta name=\"twitter:card\" content=\"summary_large_image\" \/>\n<script type=\"application\/ld+json\" class=\"yoast-schema-graph\">{\"@context\":\"https:\/\/schema.org\",\"@graph\":[{\"@type\":\"WebPage\",\"@id\":\"https:\/\/keox.fi\/no\/produkter\/kombibiler\/heavy-combi\/\",\"url\":\"https:\/\/keox.fi\/no\/produkter\/kombibiler\/heavy-combi\/\",\"name\":\"Heavy Combi - KEOX\",\"isPartOf\":{\"@id\":\"https:\/\/keox.fi\/no\/#website\"},\"primaryImageOfPage\":{\"@id\":\"https:\/\/keox.fi\/no\/produkter\/kombibiler\/heavy-combi\/#primaryimage\"},\"image\":{\"@id\":\"https:\/\/keox.fi\/no\/produkter\/kombibiler\/heavy-combi\/#primaryimage\"},\"thumbnailUrl\":\"https:\/\/keox.fi\/wp-content\/uploads\/2020\/03\/IL-vac.jpg\",\"datePublished\":\"2020-04-30T12:09:07+00:00\",\"dateModified\":\"2025-01-31T11:46:59+00:00\",\"breadcrumb\":{\"@id\":\"https:\/\/keox.fi\/no\/produkter\/kombibiler\/heavy-combi\/#breadcrumb\"},\"inLanguage\":\"no\",\"potentialAction\":[{\"@type\":\"ReadAction\",\"target\":[\"https:\/\/keox.fi\/no\/produkter\/kombibiler\/heavy-combi\/\"]}]},{\"@type\":\"ImageObject\",\"inLanguage\":\"no\",\"@id\":\"https:\/\/keox.fi\/no\/produkter\/kombibiler\/heavy-combi\/#primaryimage\",\"url\":\"https:\/\/keox.fi\/wp-content\/uploads\/2020\/03\/IL-vac.jpg\",\"contentUrl\":\"https:\/\/keox.fi\/wp-content\/uploads\/2020\/03\/IL-vac.jpg\"},{\"@type\":\"BreadcrumbList\",\"@id\":\"https:\/\/keox.fi\/no\/produkter\/kombibiler\/heavy-combi\/#breadcrumb\",\"itemListElement\":[{\"@type\":\"ListItem\",\"position\":1,\"name\":\"Etusivu\",\"item\":\"https:\/\/keox.fi\/no\/forsiden\/\"},{\"@type\":\"ListItem\",\"position\":2,\"name\":\"Produkter\",\"item\":\"https:\/\/keox.fi\/no\/produkter\/\"},{\"@type\":\"ListItem\",\"position\":3,\"name\":\"Kombibiler\",\"item\":\"https:\/\/keox.fi\/no\/produkter\/kombibiler\/\"},{\"@type\":\"ListItem\",\"position\":4,\"name\":\"Heavy Combi\"}]},{\"@type\":\"WebSite\",\"@id\":\"https:\/\/keox.fi\/no\/#website\",\"url\":\"https:\/\/keox.fi\/no\/\",\"name\":\"KEOX\",\"description\":\"Palvelemme monipuolisesti\",\"publisher\":{\"@id\":\"https:\/\/keox.fi\/no\/#organization\"},\"potentialAction\":[{\"@type\":\"SearchAction\",\"target\":{\"@type\":\"EntryPoint\",\"urlTemplate\":\"https:\/\/keox.fi\/no\/?s={search_term_string}\"},\"query-input\":{\"@type\":\"PropertyValueSpecification\",\"valueRequired\":true,\"valueName\":\"search_term_string\"}}],\"inLanguage\":\"no\"},{\"@type\":\"Organization\",\"@id\":\"https:\/\/keox.fi\/no\/#organization\",\"name\":\"Keox Oy\",\"url\":\"https:\/\/keox.fi\/no\/\",\"logo\":{\"@type\":\"ImageObject\",\"inLanguage\":\"no\",\"@id\":\"https:\/\/keox.fi\/no\/#\/schema\/logo\/image\/\",\"url\":\"https:\/\/keox.fi\/wp-content\/uploads\/2019\/12\/logo-pos.png\",\"contentUrl\":\"https:\/\/keox.fi\/wp-content\/uploads\/2019\/12\/logo-pos.png\",\"width\":3479,\"height\":3479,\"caption\":\"Keox Oy\"},\"image\":{\"@id\":\"https:\/\/keox.fi\/no\/#\/schema\/logo\/image\/\"},\"sameAs\":[\"https:\/\/www.facebook.com\/KeoxOy\/\",\"https:\/\/www.linkedin.com\/company\/25030509\",\"https:\/\/www.youtube.com\/channel\/UCU54gMqjcR5mvbKJz4gAoAg\"]}]}<\/script>\n<!-- \/ Yoast SEO plugin. -->","yoast_head_json":{"title":"Heavy Combi - KEOX","robots":{"index":"index","follow":"follow","max-snippet":"max-snippet:-1","max-image-preview":"max-image-preview:large","max-video-preview":"max-video-preview:-1"},"canonical":"https:\/\/keox.fi\/no\/produkter\/kombibiler\/heavy-combi\/","og_locale":"en_US","og_type":"article","og_title":"Heavy Combi - KEOX","og_description":"Heavy Combi V\u00e5r kraftigste kombinasjonsmaskin med st\u00f8rre pumper for tungt arbeid IL En vakuumbil med rustfri tank som kan tilpasses etter kundens behov. IL BYTEPLATTFORM Det er ikke alltid fornuftig \u00e5 utstyre en bil for kun \u00e9n bruk, i s\u00e5 fall er valget en sugetank med en utskiftbar pall eller en kombinasjon av sug\/trykk.","og_url":"https:\/\/keox.fi\/no\/produkter\/kombibiler\/heavy-combi\/","og_site_name":"KEOX","article_publisher":"https:\/\/www.facebook.com\/KeoxOy\/","article_modified_time":"2025-01-31T11:46:59+00:00","og_image":[{"width":650,"height":272,"url":"https:\/\/keox.fi\/wp-content\/uploads\/2020\/03\/IL-vac.jpg","type":"image\/jpeg"}],"twitter_card":"summary_large_image","schema":{"@context":"https:\/\/schema.org","@graph":[{"@type":"WebPage","@id":"https:\/\/keox.fi\/no\/produkter\/kombibiler\/heavy-combi\/","url":"https:\/\/keox.fi\/no\/produkter\/kombibiler\/heavy-combi\/","name":"Heavy Combi - KEOX","isPartOf":{"@id":"https:\/\/keox.fi\/no\/#website"},"primaryImageOfPage":{"@id":"https:\/\/keox.fi\/no\/produkter\/kombibiler\/heavy-combi\/#primaryimage"},"image":{"@id":"https:\/\/keox.fi\/no\/produkter\/kombibiler\/heavy-combi\/#primaryimage"},"thumbnailUrl":"https:\/\/keox.fi\/wp-content\/uploads\/2020\/03\/IL-vac.jpg","datePublished":"2020-04-30T12:09:07+00:00","dateModified":"2025-01-31T11:46:59+00:00","breadcrumb":{"@id":"https:\/\/keox.fi\/no\/produkter\/kombibiler\/heavy-combi\/#breadcrumb"},"inLanguage":"no","potentialAction":[{"@type":"ReadAction","target":["https:\/\/keox.fi\/no\/produkter\/kombibiler\/heavy-combi\/"]}]},{"@type":"ImageObject","inLanguage":"no","@id":"https:\/\/keox.fi\/no\/produkter\/kombibiler\/heavy-combi\/#primaryimage","url":"https:\/\/keox.fi\/wp-content\/uploads\/2020\/03\/IL-vac.jpg","contentUrl":"https:\/\/keox.fi\/wp-content\/uploads\/2020\/03\/IL-vac.jpg"},{"@type":"BreadcrumbList","@id":"https:\/\/keox.fi\/no\/produkter\/kombibiler\/heavy-combi\/#breadcrumb","itemListElement":[{"@type":"ListItem","position":1,"name":"Etusivu","item":"https:\/\/keox.fi\/no\/forsiden\/"},{"@type":"ListItem","position":2,"name":"Produkter","item":"https:\/\/keox.fi\/no\/produkter\/"},{"@type":"ListItem","position":3,"name":"Kombibiler","item":"https:\/\/keox.fi\/no\/produkter\/kombibiler\/"},{"@type":"ListItem","position":4,"name":"Heavy Combi"}]},{"@type":"WebSite","@id":"https:\/\/keox.fi\/no\/#website","url":"https:\/\/keox.fi\/no\/","name":"KEOX","description":"Palvelemme monipuolisesti","publisher":{"@id":"https:\/\/keox.fi\/no\/#organization"},"potentialAction":[{"@type":"SearchAction","target":{"@type":"EntryPoint","urlTemplate":"https:\/\/keox.fi\/no\/?s={search_term_string}"},"query-input":{"@type":"PropertyValueSpecification","valueRequired":true,"valueName":"search_term_string"}}],"inLanguage":"no"},{"@type":"Organization","@id":"https:\/\/keox.fi\/no\/#organization","name":"Keox Oy","url":"https:\/\/keox.fi\/no\/","logo":{"@type":"ImageObject","inLanguage":"no","@id":"https:\/\/keox.fi\/no\/#\/schema\/logo\/image\/","url":"https:\/\/keox.fi\/wp-content\/uploads\/2019\/12\/logo-pos.png","contentUrl":"https:\/\/keox.fi\/wp-content\/uploads\/2019\/12\/logo-pos.png","width":3479,"height":3479,"caption":"Keox Oy"},"image":{"@id":"https:\/\/keox.fi\/no\/#\/schema\/logo\/image\/"},"sameAs":["https:\/\/www.facebook.com\/KeoxOy\/","https:\/\/www.linkedin.com\/company\/25030509","https:\/\/www.youtube.com\/channel\/UCU54gMqjcR5mvbKJz4gAoAg"]}]}},"_links":{"self":[{"href":"https:\/\/keox.fi\/no\/wp-json\/wp\/v2\/pages\/1865"}],"collection":[{"href":"https:\/\/keox.fi\/no\/wp-json\/wp\/v2\/pages"}],"about":[{"href":"https:\/\/keox.fi\/no\/wp-json\/wp\/v2\/types\/page"}],"author":[{"embeddable":true,"href":"https:\/\/keox.fi\/no\/wp-json\/wp\/v2\/users\/1"}],"replies":[{"embeddable":true,"href":"https:\/\/keox.fi\/no\/wp-json\/wp\/v2\/comments?post=1865"}],"version-history":[{"count":9,"href":"https:\/\/keox.fi\/no\/wp-json\/wp\/v2\/pages\/1865\/revisions"}],"predecessor-version":[{"id":3384,"href":"https:\/\/keox.fi\/no\/wp-json\/wp\/v2\/pages\/1865\/revisions\/3384"}],"up":[{"embeddable":true,"href":"https:\/\/keox.fi\/no\/wp-json\/wp\/v2\/pages\/1289"}],"wp:attachment":[{"href":"https:\/\/keox.fi\/no\/wp-json\/wp\/v2\/media?parent=1865"}],"curies":[{"name":"wp","href":"https:\/\/api.w.org\/{rel}","templated":true}]}}