{"id":1292,"date":"2019-10-11T12:03:29","date_gmt":"2019-10-11T10:03:29","guid":{"rendered":"https:\/\/keox.fi\/?page_id=1292"},"modified":"2025-01-31T13:47:05","modified_gmt":"2025-01-31T11:47:05","slug":"keox-152-rst","status":"publish","type":"page","link":"https:\/\/keox.fi\/no\/produkter\/kombibiler\/keox-152-rst\/","title":{"rendered":"Large Combi"},"content":{"rendered":"\t\t<div data-elementor-type=\"wp-page\" data-elementor-id=\"1292\" class=\"elementor elementor-1292\" data-elementor-post-type=\"page\">\n\t\t\t\t<div class=\"elementor-element elementor-element-4e4effa e-flex e-con-boxed e-con e-parent\" data-id=\"4e4effa\" data-element_type=\"container\" data-settings=\"{&quot;background_background&quot;:&quot;classic&quot;}\">\n\t\t\t\t\t<div class=\"e-con-inner\">\n\t\t\t\t<div class=\"elementor-element elementor-element-6036a9e elementor-widget elementor-widget-heading\" data-id=\"6036a9e\" data-element_type=\"widget\" data-widget_type=\"heading.default\">\n\t\t\t\t<div class=\"elementor-widget-container\">\n\t\t\t<h2 class=\"elementor-heading-title elementor-size-default\">Large Combi <\/h2>\t\t<\/div>\n\t\t\t\t<\/div>\n\t\t\t\t<div class=\"elementor-element elementor-element-fa30332 elementor-widget elementor-widget-text-editor\" data-id=\"fa30332\" data-element_type=\"widget\" data-widget_type=\"text-editor.default\">\n\t\t\t\t<div class=\"elementor-widget-container\">\n\t\t\t\t\t\t\t<p>Suge-\/trykkkombinasjonsanordningene i en st\u00f8rre kategori h\u00e5ndterer jobben effektivt<\/p>\t\t\t\t\t\t<\/div>\n\t\t\t\t<\/div>\n\t\t\t\t\t<\/div>\n\t\t\t\t<\/div>\n\t\t<div class=\"elementor-element elementor-element-3cfeae2 e-con-full e-flex e-con e-parent\" data-id=\"3cfeae2\" data-element_type=\"container\" data-settings=\"{&quot;background_background&quot;:&quot;classic&quot;}\">\n\t\t<div class=\"elementor-element elementor-element-2c5797f e-con-full e-flex e-con e-child\" data-id=\"2c5797f\" data-element_type=\"container\">\n\t\t\t\t<div class=\"elementor-element elementor-element-05d44a6 elementor-widget elementor-widget-heading\" data-id=\"05d44a6\" data-element_type=\"widget\" data-widget_type=\"heading.default\">\n\t\t\t\t<div class=\"elementor-widget-container\">\n\t\t\t<h2 class=\"elementor-heading-title elementor-size-default\">Tekniske spesifikasjoner<\/h2>\t\t<\/div>\n\t\t\t\t<\/div>\n\t\t\t\t<div class=\"elementor-element elementor-element-d784043 elementor-widget elementor-widget-text-editor\" data-id=\"d784043\" data-element_type=\"widget\" data-widget_type=\"text-editor.default\">\n\t\t\t\t<div class=\"elementor-widget-container\">\n\t\t\t\t\t\t\t<ul><li>God brukskvalitet<\/li><li>Sm\u00e5 effekttap<\/li><li>Lave driftsturtall<\/li><li>Minimaliserte utslipp<\/li><li>Optimal vektfordeling<\/li><li>Varme- og lydisolert pumperom<\/li><li>Driftsikker ogs\u00e5 ved lave temperaturer<\/li><li>Automatiserte funksjoner<\/li><li>Tankens materiale i RST<\/li><li>Kan skreddersys i stor grad etter kundens behov<\/li><\/ul><p><strong>Valgfritt ekstrautstyr<\/strong><\/p><ul><li>Lagertrommel hydraulisk<\/li><li>Vendbar lagertrommel<\/li><li>Gjennomsugende hydraulisk trommel<\/li><li>Radiokontroll<\/li><li>Sugepumpe<\/li><li>ADR-utstyr<\/li><li>Flompumpe<\/li><\/ul><p><strong>LAST NED PDF-BROSJYRE:\u00a0<\/strong><a href=\"https:\/\/keox.fi\/wp-content\/uploads\/2019\/10\/152-esite.pdf\">KEOX 15+2 RST<\/a><\/p>\t\t\t\t\t\t<\/div>\n\t\t\t\t<\/div>\n\t\t\t\t<\/div>\n\t\t<div class=\"elementor-element elementor-element-0a26037 e-con-full e-flex e-con e-child\" data-id=\"0a26037\" data-element_type=\"container\">\n\t\t\t\t<div class=\"elementor-element elementor-element-1c65d0c elementor-widget elementor-widget-image\" data-id=\"1c65d0c\" data-element_type=\"widget\" data-widget_type=\"image.default\">\n\t\t\t\t<div class=\"elementor-widget-container\">\n\t\t\t\t\t\t\t\t\t\t\t\t\t<img decoding=\"async\" src=\"https:\/\/keox.fi\/wp-content\/uploads\/elementor\/thumbs\/Eerolat-oiau56gjbrpax17tku3huev0m4cc9qu7rk7g3172xg.jpg\" title=\"imupaineauto-15+2\" alt=\"imupaineauto-15+2\" loading=\"lazy\" \/>\t\t\t\t\t\t\t\t\t\t\t\t\t<\/div>\n\t\t\t\t<\/div>\n\t\t\t\t<\/div>\n\t\t\t\t<\/div>\n\t\t\t\t<\/div>\n\t\t","protected":false},"excerpt":{"rendered":"<p>Large Combi Suge-\/trykkkombinasjonsanordningene i en st\u00f8rre kategori h\u00e5ndterer jobben effektivt Tekniske spesifikasjoner God brukskvalitet Sm\u00e5 effekttap Lave driftsturtall Minimaliserte utslipp Optimal vektfordeling Varme- og lydisolert pumperom Driftsikker ogs\u00e5 ved lave temperaturer Automatiserte funksjoner Tankens materiale i RST Kan skreddersys i stor grad etter kundens behov Valgfritt ekstrautstyr Lagertrommel hydraulisk Vendbar lagertrommel Gjennomsugende hydraulisk trommel Radiokontroll [&hellip;]<\/p>\n","protected":false},"author":2,"featured_media":0,"parent":1289,"menu_order":1,"comment_status":"closed","ping_status":"closed","template":"elementor_header_footer","meta":{"ngg_post_thumbnail":0,"footnotes":""},"class_list":["post-1292","page","type-page","status-publish","hentry"],"yoast_head":"<!-- This site is optimized with the Yoast SEO plugin v24.3 - https:\/\/yoast.com\/wordpress\/plugins\/seo\/ -->\n<title>Large Combi - KEOX<\/title>\n<meta name=\"robots\" content=\"index, follow, max-snippet:-1, max-image-preview:large, max-video-preview:-1\" \/>\n<link rel=\"canonical\" href=\"https:\/\/keox.fi\/tuotteet\/imupaineautot\/large-combi\/\" \/>\n<meta property=\"og:locale\" content=\"en_US\" \/>\n<meta property=\"og:type\" content=\"article\" \/>\n<meta property=\"og:title\" content=\"Large Combi - KEOX\" \/>\n<meta property=\"og:description\" content=\"Large Combi Suge-\/trykkkombinasjonsanordningene i en st\u00f8rre kategori h\u00e5ndterer jobben effektivt Tekniske spesifikasjoner God brukskvalitet Sm\u00e5 effekttap Lave driftsturtall Minimaliserte utslipp Optimal vektfordeling Varme- og lydisolert pumperom Driftsikker ogs\u00e5 ved lave temperaturer Automatiserte funksjoner Tankens materiale i RST Kan skreddersys i stor grad etter kundens behov Valgfritt ekstrautstyr Lagertrommel hydraulisk Vendbar lagertrommel Gjennomsugende hydraulisk trommel Radiokontroll [&hellip;]\" \/>\n<meta property=\"og:url\" content=\"https:\/\/keox.fi\/tuotteet\/imupaineautot\/large-combi\/\" \/>\n<meta property=\"og:site_name\" content=\"KEOX\" \/>\n<meta property=\"article:publisher\" content=\"https:\/\/www.facebook.com\/KeoxOy\/\" \/>\n<meta property=\"article:modified_time\" content=\"2025-01-31T11:47:05+00:00\" \/>\n<meta property=\"og:image\" content=\"https:\/\/keox.fi\/wp-content\/uploads\/elementor\/thumbs\/Eerolat-oiau56gjbrpax17tku3huev0m4cc9qu7rk7g3172xg.jpg\" \/>\n<meta name=\"twitter:card\" content=\"summary_large_image\" \/>\n<script type=\"application\/ld+json\" class=\"yoast-schema-graph\">{\"@context\":\"https:\/\/schema.org\",\"@graph\":[{\"@type\":\"WebPage\",\"@id\":\"https:\/\/keox.fi\/tuotteet\/imupaineautot\/large-combi\/\",\"url\":\"https:\/\/keox.fi\/tuotteet\/imupaineautot\/large-combi\/\",\"name\":\"Large Combi - KEOX\",\"isPartOf\":{\"@id\":\"https:\/\/keox.fi\/no\/#website\"},\"primaryImageOfPage\":{\"@id\":\"https:\/\/keox.fi\/tuotteet\/imupaineautot\/large-combi\/#primaryimage\"},\"image\":{\"@id\":\"https:\/\/keox.fi\/tuotteet\/imupaineautot\/large-combi\/#primaryimage\"},\"thumbnailUrl\":\"https:\/\/keox.fi\/wp-content\/uploads\/elementor\/thumbs\/Eerolat-oiau56gjbrpax17tku3huev0m4cc9qu7rk7g3172xg.jpg\",\"datePublished\":\"2019-10-11T10:03:29+00:00\",\"dateModified\":\"2025-01-31T11:47:05+00:00\",\"breadcrumb\":{\"@id\":\"https:\/\/keox.fi\/tuotteet\/imupaineautot\/large-combi\/#breadcrumb\"},\"inLanguage\":\"no\",\"potentialAction\":[{\"@type\":\"ReadAction\",\"target\":[\"https:\/\/keox.fi\/tuotteet\/imupaineautot\/large-combi\/\"]}]},{\"@type\":\"ImageObject\",\"inLanguage\":\"no\",\"@id\":\"https:\/\/keox.fi\/tuotteet\/imupaineautot\/large-combi\/#primaryimage\",\"url\":\"https:\/\/keox.fi\/wp-content\/uploads\/elementor\/thumbs\/Eerolat-oiau56gjbrpax17tku3huev0m4cc9qu7rk7g3172xg.jpg\",\"contentUrl\":\"https:\/\/keox.fi\/wp-content\/uploads\/elementor\/thumbs\/Eerolat-oiau56gjbrpax17tku3huev0m4cc9qu7rk7g3172xg.jpg\"},{\"@type\":\"BreadcrumbList\",\"@id\":\"https:\/\/keox.fi\/tuotteet\/imupaineautot\/large-combi\/#breadcrumb\",\"itemListElement\":[{\"@type\":\"ListItem\",\"position\":1,\"name\":\"Etusivu\",\"item\":\"https:\/\/keox.fi\/no\/forsiden\/\"},{\"@type\":\"ListItem\",\"position\":2,\"name\":\"Produkter\",\"item\":\"https:\/\/keox.fi\/no\/produkter\/\"},{\"@type\":\"ListItem\",\"position\":3,\"name\":\"Kombibiler\",\"item\":\"https:\/\/keox.fi\/no\/produkter\/kombibiler\/\"},{\"@type\":\"ListItem\",\"position\":4,\"name\":\"Large Combi\"}]},{\"@type\":\"WebSite\",\"@id\":\"https:\/\/keox.fi\/no\/#website\",\"url\":\"https:\/\/keox.fi\/no\/\",\"name\":\"KEOX\",\"description\":\"Palvelemme monipuolisesti\",\"publisher\":{\"@id\":\"https:\/\/keox.fi\/no\/#organization\"},\"potentialAction\":[{\"@type\":\"SearchAction\",\"target\":{\"@type\":\"EntryPoint\",\"urlTemplate\":\"https:\/\/keox.fi\/no\/?s={search_term_string}\"},\"query-input\":{\"@type\":\"PropertyValueSpecification\",\"valueRequired\":true,\"valueName\":\"search_term_string\"}}],\"inLanguage\":\"no\"},{\"@type\":\"Organization\",\"@id\":\"https:\/\/keox.fi\/no\/#organization\",\"name\":\"Keox Oy\",\"url\":\"https:\/\/keox.fi\/no\/\",\"logo\":{\"@type\":\"ImageObject\",\"inLanguage\":\"no\",\"@id\":\"https:\/\/keox.fi\/no\/#\/schema\/logo\/image\/\",\"url\":\"https:\/\/keox.fi\/wp-content\/uploads\/2019\/12\/logo-pos.png\",\"contentUrl\":\"https:\/\/keox.fi\/wp-content\/uploads\/2019\/12\/logo-pos.png\",\"width\":3479,\"height\":3479,\"caption\":\"Keox Oy\"},\"image\":{\"@id\":\"https:\/\/keox.fi\/no\/#\/schema\/logo\/image\/\"},\"sameAs\":[\"https:\/\/www.facebook.com\/KeoxOy\/\",\"https:\/\/www.linkedin.com\/company\/25030509\",\"https:\/\/www.youtube.com\/channel\/UCU54gMqjcR5mvbKJz4gAoAg\"]}]}<\/script>\n<!-- \/ Yoast SEO plugin. -->","yoast_head_json":{"title":"Large Combi - KEOX","robots":{"index":"index","follow":"follow","max-snippet":"max-snippet:-1","max-image-preview":"max-image-preview:large","max-video-preview":"max-video-preview:-1"},"canonical":"https:\/\/keox.fi\/tuotteet\/imupaineautot\/large-combi\/","og_locale":"en_US","og_type":"article","og_title":"Large Combi - KEOX","og_description":"Large Combi Suge-\/trykkkombinasjonsanordningene i en st\u00f8rre kategori h\u00e5ndterer jobben effektivt Tekniske spesifikasjoner God brukskvalitet Sm\u00e5 effekttap Lave driftsturtall Minimaliserte utslipp Optimal vektfordeling Varme- og lydisolert pumperom Driftsikker ogs\u00e5 ved lave temperaturer Automatiserte funksjoner Tankens materiale i RST Kan skreddersys i stor grad etter kundens behov Valgfritt ekstrautstyr Lagertrommel hydraulisk Vendbar lagertrommel Gjennomsugende hydraulisk trommel Radiokontroll [&hellip;]","og_url":"https:\/\/keox.fi\/tuotteet\/imupaineautot\/large-combi\/","og_site_name":"KEOX","article_publisher":"https:\/\/www.facebook.com\/KeoxOy\/","article_modified_time":"2025-01-31T11:47:05+00:00","og_image":[{"url":"https:\/\/keox.fi\/wp-content\/uploads\/elementor\/thumbs\/Eerolat-oiau56gjbrpax17tku3huev0m4cc9qu7rk7g3172xg.jpg","type":"","width":"","height":""}],"twitter_card":"summary_large_image","schema":{"@context":"https:\/\/schema.org","@graph":[{"@type":"WebPage","@id":"https:\/\/keox.fi\/tuotteet\/imupaineautot\/large-combi\/","url":"https:\/\/keox.fi\/tuotteet\/imupaineautot\/large-combi\/","name":"Large Combi - KEOX","isPartOf":{"@id":"https:\/\/keox.fi\/no\/#website"},"primaryImageOfPage":{"@id":"https:\/\/keox.fi\/tuotteet\/imupaineautot\/large-combi\/#primaryimage"},"image":{"@id":"https:\/\/keox.fi\/tuotteet\/imupaineautot\/large-combi\/#primaryimage"},"thumbnailUrl":"https:\/\/keox.fi\/wp-content\/uploads\/elementor\/thumbs\/Eerolat-oiau56gjbrpax17tku3huev0m4cc9qu7rk7g3172xg.jpg","datePublished":"2019-10-11T10:03:29+00:00","dateModified":"2025-01-31T11:47:05+00:00","breadcrumb":{"@id":"https:\/\/keox.fi\/tuotteet\/imupaineautot\/large-combi\/#breadcrumb"},"inLanguage":"no","potentialAction":[{"@type":"ReadAction","target":["https:\/\/keox.fi\/tuotteet\/imupaineautot\/large-combi\/"]}]},{"@type":"ImageObject","inLanguage":"no","@id":"https:\/\/keox.fi\/tuotteet\/imupaineautot\/large-combi\/#primaryimage","url":"https:\/\/keox.fi\/wp-content\/uploads\/elementor\/thumbs\/Eerolat-oiau56gjbrpax17tku3huev0m4cc9qu7rk7g3172xg.jpg","contentUrl":"https:\/\/keox.fi\/wp-content\/uploads\/elementor\/thumbs\/Eerolat-oiau56gjbrpax17tku3huev0m4cc9qu7rk7g3172xg.jpg"},{"@type":"BreadcrumbList","@id":"https:\/\/keox.fi\/tuotteet\/imupaineautot\/large-combi\/#breadcrumb","itemListElement":[{"@type":"ListItem","position":1,"name":"Etusivu","item":"https:\/\/keox.fi\/no\/forsiden\/"},{"@type":"ListItem","position":2,"name":"Produkter","item":"https:\/\/keox.fi\/no\/produkter\/"},{"@type":"ListItem","position":3,"name":"Kombibiler","item":"https:\/\/keox.fi\/no\/produkter\/kombibiler\/"},{"@type":"ListItem","position":4,"name":"Large Combi"}]},{"@type":"WebSite","@id":"https:\/\/keox.fi\/no\/#website","url":"https:\/\/keox.fi\/no\/","name":"KEOX","description":"Palvelemme monipuolisesti","publisher":{"@id":"https:\/\/keox.fi\/no\/#organization"},"potentialAction":[{"@type":"SearchAction","target":{"@type":"EntryPoint","urlTemplate":"https:\/\/keox.fi\/no\/?s={search_term_string}"},"query-input":{"@type":"PropertyValueSpecification","valueRequired":true,"valueName":"search_term_string"}}],"inLanguage":"no"},{"@type":"Organization","@id":"https:\/\/keox.fi\/no\/#organization","name":"Keox Oy","url":"https:\/\/keox.fi\/no\/","logo":{"@type":"ImageObject","inLanguage":"no","@id":"https:\/\/keox.fi\/no\/#\/schema\/logo\/image\/","url":"https:\/\/keox.fi\/wp-content\/uploads\/2019\/12\/logo-pos.png","contentUrl":"https:\/\/keox.fi\/wp-content\/uploads\/2019\/12\/logo-pos.png","width":3479,"height":3479,"caption":"Keox Oy"},"image":{"@id":"https:\/\/keox.fi\/no\/#\/schema\/logo\/image\/"},"sameAs":["https:\/\/www.facebook.com\/KeoxOy\/","https:\/\/www.linkedin.com\/company\/25030509","https:\/\/www.youtube.com\/channel\/UCU54gMqjcR5mvbKJz4gAoAg"]}]}},"_links":{"self":[{"href":"https:\/\/keox.fi\/no\/wp-json\/wp\/v2\/pages\/1292"}],"collection":[{"href":"https:\/\/keox.fi\/no\/wp-json\/wp\/v2\/pages"}],"about":[{"href":"https:\/\/keox.fi\/no\/wp-json\/wp\/v2\/types\/page"}],"author":[{"embeddable":true,"href":"https:\/\/keox.fi\/no\/wp-json\/wp\/v2\/users\/2"}],"replies":[{"embeddable":true,"href":"https:\/\/keox.fi\/no\/wp-json\/wp\/v2\/comments?post=1292"}],"version-history":[{"count":11,"href":"https:\/\/keox.fi\/no\/wp-json\/wp\/v2\/pages\/1292\/revisions"}],"predecessor-version":[{"id":3385,"href":"https:\/\/keox.fi\/no\/wp-json\/wp\/v2\/pages\/1292\/revisions\/3385"}],"up":[{"embeddable":true,"href":"https:\/\/keox.fi\/no\/wp-json\/wp\/v2\/pages\/1289"}],"wp:attachment":[{"href":"https:\/\/keox.fi\/no\/wp-json\/wp\/v2\/media?parent=1292"}],"curies":[{"name":"wp","href":"https:\/\/api.w.org\/{rel}","templated":true}]}}