{"id":1267,"date":"2019-10-11T09:53:42","date_gmt":"2019-10-11T07:53:42","guid":{"rendered":"https:\/\/keox.fi\/?page_id=1267"},"modified":"2025-01-31T13:46:24","modified_gmt":"2025-01-31T11:46:24","slug":"om-oss","status":"publish","type":"page","link":"https:\/\/keox.fi\/no\/om-oss\/","title":{"rendered":"Om oss"},"content":{"rendered":"\t\t<div data-elementor-type=\"wp-page\" data-elementor-id=\"1267\" class=\"elementor elementor-1267\" data-elementor-post-type=\"page\">\n\t\t\t\t<div class=\"elementor-element elementor-element-cff4296 e-flex e-con-boxed e-con e-parent\" data-id=\"cff4296\" data-element_type=\"container\" data-settings=\"{&quot;background_background&quot;:&quot;classic&quot;}\">\n\t\t\t\t\t<div class=\"e-con-inner\">\n\t\t\t\t<div class=\"elementor-element elementor-element-b3a37d6 elementor-widget elementor-widget-heading\" data-id=\"b3a37d6\" data-element_type=\"widget\" data-widget_type=\"heading.default\">\n\t\t\t\t<div class=\"elementor-widget-container\">\n\t\t\t<h2 class=\"elementor-heading-title elementor-size-default\">Om oss<\/h2>\t\t<\/div>\n\t\t\t\t<\/div>\n\t\t\t\t\t<\/div>\n\t\t\t\t<\/div>\n\t\t<div class=\"elementor-element elementor-element-3127900 e-con-full e-flex e-con e-parent\" data-id=\"3127900\" data-element_type=\"container\" data-settings=\"{&quot;background_background&quot;:&quot;classic&quot;}\">\n\t\t<div class=\"elementor-element elementor-element-8720ce6 e-con-full e-flex e-con e-child\" data-id=\"8720ce6\" data-element_type=\"container\">\n\t\t\t\t<div class=\"elementor-element elementor-element-5e5c69c elementor-widget elementor-widget-heading\" data-id=\"5e5c69c\" data-element_type=\"widget\" data-widget_type=\"heading.default\">\n\t\t\t\t<div class=\"elementor-widget-container\">\n\t\t\t<h2 class=\"elementor-heading-title elementor-size-default\">Keox oy<\/h2>\t\t<\/div>\n\t\t\t\t<\/div>\n\t\t\t\t<\/div>\n\t\t<div class=\"elementor-element elementor-element-a5feee9 e-con-full e-flex e-con e-child\" data-id=\"a5feee9\" data-element_type=\"container\">\n\t\t\t\t<div class=\"elementor-element elementor-element-25bc6d2 elementor-widget elementor-widget-text-editor\" data-id=\"25bc6d2\" data-element_type=\"widget\" data-widget_type=\"text-editor.default\">\n\t\t\t\t<div class=\"elementor-widget-container\">\n\t\t\t\t\t\t\t<p>Keox Oy er en pioner innen kommunalteknikk som ble grunnlagt i 2007. Keox Oy produserer innovative produkter etter kundenes individuelle behov, og tilbyr fleksible, kundevennlige tjenester for akt\u00f8rer i renovasjonsbransjen. Produktene v\u00e5re er moderne, kostnadseffektive og enkle \u00e5 bruke.<\/p><p>Vi lager overbygget til et valgt underlag etter kundenes \u00f8nsker. Skli kan vi forsikre oss om at produktene p\u00e5 best mulig m\u00e5te svarer til bruksform\u00e5lene. V\u00e5re sakkyndige ingeni\u00f8rer og mont\u00f8rer kan ogs\u00e5 oppfylle mer krevende \u00f8nsker.<\/p><p>Vi tar ogs\u00e5 hensyn til milj\u00f8et i produktene v\u00e5re, og vi \u00f8nsker \u00e5 satse p\u00e5 en renere fremtid n\u00e5r det gjelder innsamling av avfall. V\u00e5re kombikj\u00f8ret\u00f8y sparer for eksempel drivstoffkostnader n\u00e5r man kan utf\u00f8re flere oppgaver med samme bil. Dette har direkte innvirkning p\u00e5 det totale utslippet.<\/p><p>I tillegg til selve overbyggene p\u00e5 kj\u00f8ret\u00f8y, utvikler og produserer vi ogs\u00e5 ekstrautstyr til overbyggene, som for eksempel v\u00e5r egne avfallsdunkvasker. Vi moderniserer eldre kj\u00f8ret\u00f8y og tilbyr servicetjenester. Smidighet, fleksibelhet og produktutvikling er ogs\u00e5 v\u00e5re st\u00f8rste fordeler.<\/p><p>Du finner oss i Laukaa, litt nord for Jyv\u00e4skyl\u00e4 i Finland.<\/p><p>\u00a0<\/p><p>Velkommen innom!<\/p>\t\t\t\t\t\t<\/div>\n\t\t\t\t<\/div>\n\t\t\t\t<\/div>\n\t\t\t\t<\/div>\n\t\t\t\t<\/div>\n\t\t","protected":false},"excerpt":{"rendered":"<p>Om oss Keox oy Keox Oy er en pioner innen kommunalteknikk som ble grunnlagt i 2007. Keox Oy produserer innovative produkter etter kundenes individuelle behov, og tilbyr fleksible, kundevennlige tjenester for akt\u00f8rer i renovasjonsbransjen. Produktene v\u00e5re er moderne, kostnadseffektive og enkle \u00e5 bruke. Vi lager overbygget til et valgt underlag etter kundenes \u00f8nsker. Skli kan [&hellip;]<\/p>\n","protected":false},"author":2,"featured_media":0,"parent":0,"menu_order":0,"comment_status":"closed","ping_status":"closed","template":"elementor_header_footer","meta":{"ngg_post_thumbnail":0,"footnotes":""},"class_list":["post-1267","page","type-page","status-publish","hentry"],"yoast_head":"<!-- This site is optimized with the Yoast SEO plugin v24.3 - https:\/\/yoast.com\/wordpress\/plugins\/seo\/ -->\n<title>Om oss - KEOX<\/title>\n<meta name=\"robots\" content=\"index, follow, max-snippet:-1, max-image-preview:large, max-video-preview:-1\" \/>\n<link rel=\"canonical\" href=\"https:\/\/keox.fi\/no\/om-oss\/\" \/>\n<meta property=\"og:locale\" content=\"en_US\" \/>\n<meta property=\"og:type\" content=\"article\" \/>\n<meta property=\"og:title\" content=\"Om oss - KEOX\" \/>\n<meta property=\"og:description\" content=\"Om oss Keox oy Keox Oy er en pioner innen kommunalteknikk som ble grunnlagt i 2007. Keox Oy produserer innovative produkter etter kundenes individuelle behov, og tilbyr fleksible, kundevennlige tjenester for akt\u00f8rer i renovasjonsbransjen. Produktene v\u00e5re er moderne, kostnadseffektive og enkle \u00e5 bruke. Vi lager overbygget til et valgt underlag etter kundenes \u00f8nsker. Skli kan [&hellip;]\" \/>\n<meta property=\"og:url\" content=\"https:\/\/keox.fi\/no\/om-oss\/\" \/>\n<meta property=\"og:site_name\" content=\"KEOX\" \/>\n<meta property=\"article:publisher\" content=\"https:\/\/www.facebook.com\/KeoxOy\/\" \/>\n<meta property=\"article:modified_time\" content=\"2025-01-31T11:46:24+00:00\" \/>\n<meta name=\"twitter:card\" content=\"summary_large_image\" \/>\n<meta name=\"twitter:label1\" content=\"Est. reading time\" \/>\n\t<meta name=\"twitter:data1\" content=\"1 minute\" \/>\n<script type=\"application\/ld+json\" class=\"yoast-schema-graph\">{\"@context\":\"https:\/\/schema.org\",\"@graph\":[{\"@type\":\"WebPage\",\"@id\":\"https:\/\/keox.fi\/no\/om-oss\/\",\"url\":\"https:\/\/keox.fi\/no\/om-oss\/\",\"name\":\"Om oss - KEOX\",\"isPartOf\":{\"@id\":\"https:\/\/keox.fi\/no\/#website\"},\"datePublished\":\"2019-10-11T07:53:42+00:00\",\"dateModified\":\"2025-01-31T11:46:24+00:00\",\"breadcrumb\":{\"@id\":\"https:\/\/keox.fi\/no\/om-oss\/#breadcrumb\"},\"inLanguage\":\"no\",\"potentialAction\":[{\"@type\":\"ReadAction\",\"target\":[\"https:\/\/keox.fi\/no\/om-oss\/\"]}]},{\"@type\":\"BreadcrumbList\",\"@id\":\"https:\/\/keox.fi\/no\/om-oss\/#breadcrumb\",\"itemListElement\":[{\"@type\":\"ListItem\",\"position\":1,\"name\":\"Etusivu\",\"item\":\"https:\/\/keox.fi\/no\/forsiden\/\"},{\"@type\":\"ListItem\",\"position\":2,\"name\":\"Om oss\"}]},{\"@type\":\"WebSite\",\"@id\":\"https:\/\/keox.fi\/no\/#website\",\"url\":\"https:\/\/keox.fi\/no\/\",\"name\":\"KEOX\",\"description\":\"Palvelemme monipuolisesti\",\"publisher\":{\"@id\":\"https:\/\/keox.fi\/no\/#organization\"},\"potentialAction\":[{\"@type\":\"SearchAction\",\"target\":{\"@type\":\"EntryPoint\",\"urlTemplate\":\"https:\/\/keox.fi\/no\/?s={search_term_string}\"},\"query-input\":{\"@type\":\"PropertyValueSpecification\",\"valueRequired\":true,\"valueName\":\"search_term_string\"}}],\"inLanguage\":\"no\"},{\"@type\":\"Organization\",\"@id\":\"https:\/\/keox.fi\/no\/#organization\",\"name\":\"Keox Oy\",\"url\":\"https:\/\/keox.fi\/no\/\",\"logo\":{\"@type\":\"ImageObject\",\"inLanguage\":\"no\",\"@id\":\"https:\/\/keox.fi\/no\/#\/schema\/logo\/image\/\",\"url\":\"https:\/\/keox.fi\/wp-content\/uploads\/2019\/12\/logo-pos.png\",\"contentUrl\":\"https:\/\/keox.fi\/wp-content\/uploads\/2019\/12\/logo-pos.png\",\"width\":3479,\"height\":3479,\"caption\":\"Keox Oy\"},\"image\":{\"@id\":\"https:\/\/keox.fi\/no\/#\/schema\/logo\/image\/\"},\"sameAs\":[\"https:\/\/www.facebook.com\/KeoxOy\/\",\"https:\/\/www.linkedin.com\/company\/25030509\",\"https:\/\/www.youtube.com\/channel\/UCU54gMqjcR5mvbKJz4gAoAg\"]}]}<\/script>\n<!-- \/ Yoast SEO plugin. -->","yoast_head_json":{"title":"Om oss - KEOX","robots":{"index":"index","follow":"follow","max-snippet":"max-snippet:-1","max-image-preview":"max-image-preview:large","max-video-preview":"max-video-preview:-1"},"canonical":"https:\/\/keox.fi\/no\/om-oss\/","og_locale":"en_US","og_type":"article","og_title":"Om oss - KEOX","og_description":"Om oss Keox oy Keox Oy er en pioner innen kommunalteknikk som ble grunnlagt i 2007. Keox Oy produserer innovative produkter etter kundenes individuelle behov, og tilbyr fleksible, kundevennlige tjenester for akt\u00f8rer i renovasjonsbransjen. Produktene v\u00e5re er moderne, kostnadseffektive og enkle \u00e5 bruke. Vi lager overbygget til et valgt underlag etter kundenes \u00f8nsker. Skli kan [&hellip;]","og_url":"https:\/\/keox.fi\/no\/om-oss\/","og_site_name":"KEOX","article_publisher":"https:\/\/www.facebook.com\/KeoxOy\/","article_modified_time":"2025-01-31T11:46:24+00:00","twitter_card":"summary_large_image","twitter_misc":{"Est. reading time":"1 minute"},"schema":{"@context":"https:\/\/schema.org","@graph":[{"@type":"WebPage","@id":"https:\/\/keox.fi\/no\/om-oss\/","url":"https:\/\/keox.fi\/no\/om-oss\/","name":"Om oss - KEOX","isPartOf":{"@id":"https:\/\/keox.fi\/no\/#website"},"datePublished":"2019-10-11T07:53:42+00:00","dateModified":"2025-01-31T11:46:24+00:00","breadcrumb":{"@id":"https:\/\/keox.fi\/no\/om-oss\/#breadcrumb"},"inLanguage":"no","potentialAction":[{"@type":"ReadAction","target":["https:\/\/keox.fi\/no\/om-oss\/"]}]},{"@type":"BreadcrumbList","@id":"https:\/\/keox.fi\/no\/om-oss\/#breadcrumb","itemListElement":[{"@type":"ListItem","position":1,"name":"Etusivu","item":"https:\/\/keox.fi\/no\/forsiden\/"},{"@type":"ListItem","position":2,"name":"Om oss"}]},{"@type":"WebSite","@id":"https:\/\/keox.fi\/no\/#website","url":"https:\/\/keox.fi\/no\/","name":"KEOX","description":"Palvelemme monipuolisesti","publisher":{"@id":"https:\/\/keox.fi\/no\/#organization"},"potentialAction":[{"@type":"SearchAction","target":{"@type":"EntryPoint","urlTemplate":"https:\/\/keox.fi\/no\/?s={search_term_string}"},"query-input":{"@type":"PropertyValueSpecification","valueRequired":true,"valueName":"search_term_string"}}],"inLanguage":"no"},{"@type":"Organization","@id":"https:\/\/keox.fi\/no\/#organization","name":"Keox Oy","url":"https:\/\/keox.fi\/no\/","logo":{"@type":"ImageObject","inLanguage":"no","@id":"https:\/\/keox.fi\/no\/#\/schema\/logo\/image\/","url":"https:\/\/keox.fi\/wp-content\/uploads\/2019\/12\/logo-pos.png","contentUrl":"https:\/\/keox.fi\/wp-content\/uploads\/2019\/12\/logo-pos.png","width":3479,"height":3479,"caption":"Keox Oy"},"image":{"@id":"https:\/\/keox.fi\/no\/#\/schema\/logo\/image\/"},"sameAs":["https:\/\/www.facebook.com\/KeoxOy\/","https:\/\/www.linkedin.com\/company\/25030509","https:\/\/www.youtube.com\/channel\/UCU54gMqjcR5mvbKJz4gAoAg"]}]}},"_links":{"self":[{"href":"https:\/\/keox.fi\/no\/wp-json\/wp\/v2\/pages\/1267"}],"collection":[{"href":"https:\/\/keox.fi\/no\/wp-json\/wp\/v2\/pages"}],"about":[{"href":"https:\/\/keox.fi\/no\/wp-json\/wp\/v2\/types\/page"}],"author":[{"embeddable":true,"href":"https:\/\/keox.fi\/no\/wp-json\/wp\/v2\/users\/2"}],"replies":[{"embeddable":true,"href":"https:\/\/keox.fi\/no\/wp-json\/wp\/v2\/comments?post=1267"}],"version-history":[{"count":7,"href":"https:\/\/keox.fi\/no\/wp-json\/wp\/v2\/pages\/1267\/revisions"}],"predecessor-version":[{"id":3376,"href":"https:\/\/keox.fi\/no\/wp-json\/wp\/v2\/pages\/1267\/revisions\/3376"}],"wp:attachment":[{"href":"https:\/\/keox.fi\/no\/wp-json\/wp\/v2\/media?parent=1267"}],"curies":[{"name":"wp","href":"https:\/\/api.w.org\/{rel}","templated":true}]}}