{"id":1261,"date":"2019-10-11T09:37:01","date_gmt":"2019-10-11T07:37:01","guid":{"rendered":"https:\/\/keox.fi\/?page_id=1261"},"modified":"2026-02-16T09:38:10","modified_gmt":"2026-02-16T07:38:10","slug":"tjenester","status":"publish","type":"page","link":"https:\/\/keox.fi\/no\/tjenester\/","title":{"rendered":"Tjenester"},"content":{"rendered":"\t\t<div data-elementor-type=\"wp-page\" data-elementor-id=\"1261\" class=\"elementor elementor-1261\" data-elementor-post-type=\"page\">\n\t\t\t\t<div class=\"elementor-element elementor-element-6a957ffa e-flex e-con-boxed e-con e-parent\" data-id=\"6a957ffa\" data-element_type=\"container\" data-settings=\"{&quot;background_background&quot;:&quot;classic&quot;}\">\n\t\t\t\t\t<div class=\"e-con-inner\">\n\t\t\t\t<div class=\"elementor-element elementor-element-3e23daf5 elementor-widget elementor-widget-heading\" data-id=\"3e23daf5\" data-element_type=\"widget\" data-widget_type=\"heading.default\">\n\t\t\t\t<div class=\"elementor-widget-container\">\n\t\t\t<h1 class=\"elementor-heading-title elementor-size-default\">Tjenester<\/h1>\t\t<\/div>\n\t\t\t\t<\/div>\n\t\t\t\t<div class=\"elementor-element elementor-element-f52cc06 elementor-widget elementor-widget-text-editor\" data-id=\"f52cc06\" data-element_type=\"widget\" data-widget_type=\"text-editor.default\">\n\t\t\t\t<div class=\"elementor-widget-container\">\n\t\t\t\t\t\t\t<p>KEOX Oy tilbyr moderniserings-, samt service- og reparasjonstjenester for spesialkj\u00f8ret\u00f8y innen industri og kommunalteknikk, og sikrer effektiv drift av kj\u00f8ret\u00f8yparken din.<\/p>\t\t\t\t\t\t<\/div>\n\t\t\t\t<\/div>\n\t\t\t\t\t<\/div>\n\t\t\t\t<\/div>\n\t\t<div class=\"elementor-element elementor-element-380a3511 e-con-full e-flex e-con e-parent\" data-id=\"380a3511\" data-element_type=\"container\" data-settings=\"{&quot;background_background&quot;:&quot;classic&quot;}\">\n\t\t<div class=\"elementor-element elementor-element-38e3be85 e-con-full e-flex e-con e-child\" data-id=\"38e3be85\" data-element_type=\"container\">\n\t\t<div class=\"elementor-element elementor-element-7341a2b8 e-grid e-con-full e-con e-child\" data-id=\"7341a2b8\" data-element_type=\"container\">\n\t\t<div class=\"elementor-element elementor-element-70676ae9 e-con-full e-flex e-con e-child\" data-id=\"70676ae9\" data-element_type=\"container\">\n\t\t\t\t<div class=\"elementor-element elementor-element-369aa762 elementor-widget__width-inherit elementor-widget elementor-widget-image\" data-id=\"369aa762\" data-element_type=\"widget\" data-widget_type=\"image.default\">\n\t\t\t\t<div class=\"elementor-widget-container\">\n\t\t\t\t\t\t\t\t\t\t\t\t\t\t<a href=\"https:\/\/keox.fi\/no\/tjenester\/modernisering\/\">\n\t\t\t\t\t\t\t<img decoding=\"async\" src=\"https:\/\/keox.fi\/wp-content\/uploads\/elementor\/thumbs\/Modernisointi1-e1521537360741-oiau5iofsm6lkk2cxk23rxm0pz4bbp5wqq6lcl7xq4.jpg\" title=\"Modernisointi1\" alt=\"&quot;Ajoneuvon modernisointi nykyaikaisilla ratkaisuilla ja teknologialla.&quot;\" loading=\"lazy\" \/>\t\t\t\t\t\t\t\t<\/a>\n\t\t\t\t\t\t\t\t\t\t\t\t\t<\/div>\n\t\t\t\t<\/div>\n\t\t\t\t<div class=\"elementor-element elementor-element-37fee9ff elementor-widget elementor-widget-heading\" data-id=\"37fee9ff\" data-element_type=\"widget\" data-widget_type=\"heading.default\">\n\t\t\t\t<div class=\"elementor-widget-container\">\n\t\t\t<h2 class=\"elementor-heading-title elementor-size-default\"><a href=\"https:\/\/keox.fi\/no\/tjenester\/modernisering\/\">MODERNISERING<\/a><\/h2>\t\t<\/div>\n\t\t\t\t<\/div>\n\t\t\t\t<div class=\"elementor-element elementor-element-54e1f027 elementor-widget__width-initial elementor-widget elementor-widget-text-editor\" data-id=\"54e1f027\" data-element_type=\"widget\" data-widget_type=\"text-editor.default\">\n\t\t\t\t<div class=\"elementor-widget-container\">\n\t\t\t\t\t\t\t<p>N\u00e5r understellets kilometer er oppbrukt eller teknikken er utdatert, kan det v\u00e6re verdt \u00e5 vurdere modernisering av det gamle som et alternativ til et nytt kj\u00f8ret\u00f8y.<\/p>\t\t\t\t\t\t<\/div>\n\t\t\t\t<\/div>\n\t\t\t\t<\/div>\n\t\t<div class=\"elementor-element elementor-element-49ecd287 e-con-full e-flex e-con e-child\" data-id=\"49ecd287\" data-element_type=\"container\">\n\t\t\t\t<div class=\"elementor-element elementor-element-3319e6cc elementor-widget__width-inherit elementor-widget elementor-widget-image\" data-id=\"3319e6cc\" data-element_type=\"widget\" data-widget_type=\"image.default\">\n\t\t\t\t<div class=\"elementor-widget-container\">\n\t\t\t\t\t\t\t\t\t\t\t\t\t\t<a href=\"https:\/\/keox.fi\/no\/tjenester\/vedlikeholds-og-reparasjonstjenester\/\">\n\t\t\t\t\t\t\t<img decoding=\"async\" src=\"https:\/\/keox.fi\/wp-content\/uploads\/elementor\/thumbs\/HuoltoPieni-oiau5ndmqsd16lvj6438mefbowh5e6okfdg0qz0yv0.jpg\" title=\"HuoltoPieni\" alt=\"Ajoneuvon huolto- ja korjauspalvelut teollisuuden ja kunnallistekniikan tarpeisiin.\" loading=\"lazy\" \/>\t\t\t\t\t\t\t\t<\/a>\n\t\t\t\t\t\t\t\t\t\t\t\t\t<\/div>\n\t\t\t\t<\/div>\n\t\t\t\t<div class=\"elementor-element elementor-element-1db59c32 elementor-widget elementor-widget-heading\" data-id=\"1db59c32\" data-element_type=\"widget\" data-widget_type=\"heading.default\">\n\t\t\t\t<div class=\"elementor-widget-container\">\n\t\t\t<h2 class=\"elementor-heading-title elementor-size-default\"><a href=\"https:\/\/keox.fi\/no\/tjenester\/vedlikeholds-og-reparasjonstjenester\/\">Vedlikeholds- og reparasjonstjenester<\/a><\/h2>\t\t<\/div>\n\t\t\t\t<\/div>\n\t\t\t\t<div class=\"elementor-element elementor-element-1c6076fa elementor-widget__width-initial elementor-widget elementor-widget-text-editor\" data-id=\"1c6076fa\" data-element_type=\"widget\" data-widget_type=\"text-editor.default\">\n\t\t\t\t<div class=\"elementor-widget-container\">\n\t\t\t\t\t\t\t<p>Vi utf\u00f8rer service og reparasjoner p\u00e5 spesialkj\u00f8ret\u00f8y innen industri og kommunalteknikk med tilleggsutstyr. Gjennom oss f\u00e5r du tjenester og reservedeler til nesten alle merker.<\/p>\t\t\t\t\t\t<\/div>\n\t\t\t\t<\/div>\n\t\t\t\t<\/div>\n\t\t\t\t<\/div>\n\t\t\t\t<\/div>\n\t\t\t\t<\/div>\n\t\t\t\t<\/div>\n\t\t","protected":false},"excerpt":{"rendered":"<p>Tjenester KEOX Oy tilbyr moderniserings-, samt service- og reparasjonstjenester for spesialkj\u00f8ret\u00f8y innen industri og kommunalteknikk, og sikrer effektiv drift av kj\u00f8ret\u00f8yparken din. MODERNISERING N\u00e5r understellets kilometer er oppbrukt eller teknikken er utdatert, kan det v\u00e6re verdt \u00e5 vurdere modernisering av det gamle som et alternativ til et nytt kj\u00f8ret\u00f8y. Vedlikeholds- og reparasjonstjenester Vi utf\u00f8rer service [&hellip;]<\/p>\n","protected":false},"author":2,"featured_media":0,"parent":0,"menu_order":0,"comment_status":"closed","ping_status":"closed","template":"elementor_header_footer","meta":{"ngg_post_thumbnail":0,"footnotes":""},"class_list":["post-1261","page","type-page","status-publish","hentry"],"yoast_head":"<!-- This site is optimized with the Yoast SEO plugin v24.3 - https:\/\/yoast.com\/wordpress\/plugins\/seo\/ -->\n<title>Tjenester - KEOX<\/title>\n<meta name=\"robots\" content=\"index, follow, max-snippet:-1, max-image-preview:large, max-video-preview:-1\" \/>\n<link rel=\"canonical\" href=\"https:\/\/keox.fi\/no\/tjenester\/\" \/>\n<meta property=\"og:locale\" content=\"en_US\" \/>\n<meta property=\"og:type\" content=\"article\" \/>\n<meta property=\"og:title\" content=\"Tjenester - KEOX\" \/>\n<meta property=\"og:description\" content=\"Tjenester KEOX Oy tilbyr moderniserings-, samt service- og reparasjonstjenester for spesialkj\u00f8ret\u00f8y innen industri og kommunalteknikk, og sikrer effektiv drift av kj\u00f8ret\u00f8yparken din. MODERNISERING N\u00e5r understellets kilometer er oppbrukt eller teknikken er utdatert, kan det v\u00e6re verdt \u00e5 vurdere modernisering av det gamle som et alternativ til et nytt kj\u00f8ret\u00f8y. Vedlikeholds- og reparasjonstjenester Vi utf\u00f8rer service [&hellip;]\" \/>\n<meta property=\"og:url\" content=\"https:\/\/keox.fi\/no\/tjenester\/\" \/>\n<meta property=\"og:site_name\" content=\"KEOX\" \/>\n<meta property=\"article:publisher\" content=\"https:\/\/www.facebook.com\/KeoxOy\/\" \/>\n<meta property=\"article:modified_time\" content=\"2026-02-16T07:38:10+00:00\" \/>\n<meta property=\"og:image\" content=\"https:\/\/keox.fi\/wp-content\/uploads\/elementor\/thumbs\/Modernisointi1-e1521537360741-oiau5iofsm6lkk2cxk23rxm0pz4bbp5wqq6lcl7wf6.jpg\" \/>\n<meta name=\"twitter:card\" content=\"summary_large_image\" \/>\n<meta name=\"twitter:label1\" content=\"Est. reading time\" \/>\n\t<meta name=\"twitter:data1\" content=\"1 minute\" \/>\n<script type=\"application\/ld+json\" class=\"yoast-schema-graph\">{\"@context\":\"https:\/\/schema.org\",\"@graph\":[{\"@type\":\"WebPage\",\"@id\":\"https:\/\/keox.fi\/no\/tjenester\/\",\"url\":\"https:\/\/keox.fi\/no\/tjenester\/\",\"name\":\"Tjenester - KEOX\",\"isPartOf\":{\"@id\":\"https:\/\/keox.fi\/no\/#website\"},\"primaryImageOfPage\":{\"@id\":\"https:\/\/keox.fi\/no\/tjenester\/#primaryimage\"},\"image\":{\"@id\":\"https:\/\/keox.fi\/no\/tjenester\/#primaryimage\"},\"thumbnailUrl\":\"https:\/\/keox.fi\/wp-content\/uploads\/elementor\/thumbs\/Modernisointi1-e1521537360741-oiau5iofsm6lkk2cxk23rxm0pz4bbp5wqq6lcl7wf6.jpg\",\"datePublished\":\"2019-10-11T07:37:01+00:00\",\"dateModified\":\"2026-02-16T07:38:10+00:00\",\"breadcrumb\":{\"@id\":\"https:\/\/keox.fi\/no\/tjenester\/#breadcrumb\"},\"inLanguage\":\"no\",\"potentialAction\":[{\"@type\":\"ReadAction\",\"target\":[\"https:\/\/keox.fi\/no\/tjenester\/\"]}]},{\"@type\":\"ImageObject\",\"inLanguage\":\"no\",\"@id\":\"https:\/\/keox.fi\/no\/tjenester\/#primaryimage\",\"url\":\"https:\/\/keox.fi\/wp-content\/uploads\/elementor\/thumbs\/Modernisointi1-e1521537360741-oiau5iofsm6lkk2cxk23rxm0pz4bbp5wqq6lcl7wf6.jpg\",\"contentUrl\":\"https:\/\/keox.fi\/wp-content\/uploads\/elementor\/thumbs\/Modernisointi1-e1521537360741-oiau5iofsm6lkk2cxk23rxm0pz4bbp5wqq6lcl7wf6.jpg\"},{\"@type\":\"BreadcrumbList\",\"@id\":\"https:\/\/keox.fi\/no\/tjenester\/#breadcrumb\",\"itemListElement\":[{\"@type\":\"ListItem\",\"position\":1,\"name\":\"Etusivu\",\"item\":\"https:\/\/keox.fi\/no\/forsiden\/\"},{\"@type\":\"ListItem\",\"position\":2,\"name\":\"Tjenester\"}]},{\"@type\":\"WebSite\",\"@id\":\"https:\/\/keox.fi\/no\/#website\",\"url\":\"https:\/\/keox.fi\/no\/\",\"name\":\"KEOX\",\"description\":\"Palvelemme monipuolisesti\",\"publisher\":{\"@id\":\"https:\/\/keox.fi\/no\/#organization\"},\"potentialAction\":[{\"@type\":\"SearchAction\",\"target\":{\"@type\":\"EntryPoint\",\"urlTemplate\":\"https:\/\/keox.fi\/no\/?s={search_term_string}\"},\"query-input\":{\"@type\":\"PropertyValueSpecification\",\"valueRequired\":true,\"valueName\":\"search_term_string\"}}],\"inLanguage\":\"no\"},{\"@type\":\"Organization\",\"@id\":\"https:\/\/keox.fi\/no\/#organization\",\"name\":\"Keox Oy\",\"url\":\"https:\/\/keox.fi\/no\/\",\"logo\":{\"@type\":\"ImageObject\",\"inLanguage\":\"no\",\"@id\":\"https:\/\/keox.fi\/no\/#\/schema\/logo\/image\/\",\"url\":\"https:\/\/keox.fi\/wp-content\/uploads\/2019\/12\/logo-pos.png\",\"contentUrl\":\"https:\/\/keox.fi\/wp-content\/uploads\/2019\/12\/logo-pos.png\",\"width\":3479,\"height\":3479,\"caption\":\"Keox Oy\"},\"image\":{\"@id\":\"https:\/\/keox.fi\/no\/#\/schema\/logo\/image\/\"},\"sameAs\":[\"https:\/\/www.facebook.com\/KeoxOy\/\",\"https:\/\/www.linkedin.com\/company\/25030509\",\"https:\/\/www.youtube.com\/channel\/UCU54gMqjcR5mvbKJz4gAoAg\"]}]}<\/script>\n<!-- \/ Yoast SEO plugin. -->","yoast_head_json":{"title":"Tjenester - KEOX","robots":{"index":"index","follow":"follow","max-snippet":"max-snippet:-1","max-image-preview":"max-image-preview:large","max-video-preview":"max-video-preview:-1"},"canonical":"https:\/\/keox.fi\/no\/tjenester\/","og_locale":"en_US","og_type":"article","og_title":"Tjenester - KEOX","og_description":"Tjenester KEOX Oy tilbyr moderniserings-, samt service- og reparasjonstjenester for spesialkj\u00f8ret\u00f8y innen industri og kommunalteknikk, og sikrer effektiv drift av kj\u00f8ret\u00f8yparken din. MODERNISERING N\u00e5r understellets kilometer er oppbrukt eller teknikken er utdatert, kan det v\u00e6re verdt \u00e5 vurdere modernisering av det gamle som et alternativ til et nytt kj\u00f8ret\u00f8y. Vedlikeholds- og reparasjonstjenester Vi utf\u00f8rer service [&hellip;]","og_url":"https:\/\/keox.fi\/no\/tjenester\/","og_site_name":"KEOX","article_publisher":"https:\/\/www.facebook.com\/KeoxOy\/","article_modified_time":"2026-02-16T07:38:10+00:00","og_image":[{"url":"https:\/\/keox.fi\/wp-content\/uploads\/elementor\/thumbs\/Modernisointi1-e1521537360741-oiau5iofsm6lkk2cxk23rxm0pz4bbp5wqq6lcl7wf6.jpg","type":"","width":"","height":""}],"twitter_card":"summary_large_image","twitter_misc":{"Est. reading time":"1 minute"},"schema":{"@context":"https:\/\/schema.org","@graph":[{"@type":"WebPage","@id":"https:\/\/keox.fi\/no\/tjenester\/","url":"https:\/\/keox.fi\/no\/tjenester\/","name":"Tjenester - KEOX","isPartOf":{"@id":"https:\/\/keox.fi\/no\/#website"},"primaryImageOfPage":{"@id":"https:\/\/keox.fi\/no\/tjenester\/#primaryimage"},"image":{"@id":"https:\/\/keox.fi\/no\/tjenester\/#primaryimage"},"thumbnailUrl":"https:\/\/keox.fi\/wp-content\/uploads\/elementor\/thumbs\/Modernisointi1-e1521537360741-oiau5iofsm6lkk2cxk23rxm0pz4bbp5wqq6lcl7wf6.jpg","datePublished":"2019-10-11T07:37:01+00:00","dateModified":"2026-02-16T07:38:10+00:00","breadcrumb":{"@id":"https:\/\/keox.fi\/no\/tjenester\/#breadcrumb"},"inLanguage":"no","potentialAction":[{"@type":"ReadAction","target":["https:\/\/keox.fi\/no\/tjenester\/"]}]},{"@type":"ImageObject","inLanguage":"no","@id":"https:\/\/keox.fi\/no\/tjenester\/#primaryimage","url":"https:\/\/keox.fi\/wp-content\/uploads\/elementor\/thumbs\/Modernisointi1-e1521537360741-oiau5iofsm6lkk2cxk23rxm0pz4bbp5wqq6lcl7wf6.jpg","contentUrl":"https:\/\/keox.fi\/wp-content\/uploads\/elementor\/thumbs\/Modernisointi1-e1521537360741-oiau5iofsm6lkk2cxk23rxm0pz4bbp5wqq6lcl7wf6.jpg"},{"@type":"BreadcrumbList","@id":"https:\/\/keox.fi\/no\/tjenester\/#breadcrumb","itemListElement":[{"@type":"ListItem","position":1,"name":"Etusivu","item":"https:\/\/keox.fi\/no\/forsiden\/"},{"@type":"ListItem","position":2,"name":"Tjenester"}]},{"@type":"WebSite","@id":"https:\/\/keox.fi\/no\/#website","url":"https:\/\/keox.fi\/no\/","name":"KEOX","description":"Palvelemme monipuolisesti","publisher":{"@id":"https:\/\/keox.fi\/no\/#organization"},"potentialAction":[{"@type":"SearchAction","target":{"@type":"EntryPoint","urlTemplate":"https:\/\/keox.fi\/no\/?s={search_term_string}"},"query-input":{"@type":"PropertyValueSpecification","valueRequired":true,"valueName":"search_term_string"}}],"inLanguage":"no"},{"@type":"Organization","@id":"https:\/\/keox.fi\/no\/#organization","name":"Keox Oy","url":"https:\/\/keox.fi\/no\/","logo":{"@type":"ImageObject","inLanguage":"no","@id":"https:\/\/keox.fi\/no\/#\/schema\/logo\/image\/","url":"https:\/\/keox.fi\/wp-content\/uploads\/2019\/12\/logo-pos.png","contentUrl":"https:\/\/keox.fi\/wp-content\/uploads\/2019\/12\/logo-pos.png","width":3479,"height":3479,"caption":"Keox Oy"},"image":{"@id":"https:\/\/keox.fi\/no\/#\/schema\/logo\/image\/"},"sameAs":["https:\/\/www.facebook.com\/KeoxOy\/","https:\/\/www.linkedin.com\/company\/25030509","https:\/\/www.youtube.com\/channel\/UCU54gMqjcR5mvbKJz4gAoAg"]}]}},"_links":{"self":[{"href":"https:\/\/keox.fi\/no\/wp-json\/wp\/v2\/pages\/1261"}],"collection":[{"href":"https:\/\/keox.fi\/no\/wp-json\/wp\/v2\/pages"}],"about":[{"href":"https:\/\/keox.fi\/no\/wp-json\/wp\/v2\/types\/page"}],"author":[{"embeddable":true,"href":"https:\/\/keox.fi\/no\/wp-json\/wp\/v2\/users\/2"}],"replies":[{"embeddable":true,"href":"https:\/\/keox.fi\/no\/wp-json\/wp\/v2\/comments?post=1261"}],"version-history":[{"count":12,"href":"https:\/\/keox.fi\/no\/wp-json\/wp\/v2\/pages\/1261\/revisions"}],"predecessor-version":[{"id":3463,"href":"https:\/\/keox.fi\/no\/wp-json\/wp\/v2\/pages\/1261\/revisions\/3463"}],"wp:attachment":[{"href":"https:\/\/keox.fi\/no\/wp-json\/wp\/v2\/media?parent=1261"}],"curies":[{"name":"wp","href":"https:\/\/api.w.org\/{rel}","templated":true}]}}