{"id":1259,"date":"2019-10-11T09:10:42","date_gmt":"2019-10-11T07:10:42","guid":{"rendered":"https:\/\/keox.fi\/?page_id=1259"},"modified":"2026-02-20T09:49:43","modified_gmt":"2026-02-20T07:49:43","slug":"kildesortering","status":"publish","type":"page","link":"https:\/\/keox.fi\/no\/produkter\/kildesortering\/","title":{"rendered":"Kildesortering"},"content":{"rendered":"\t\t<div data-elementor-type=\"wp-page\" data-elementor-id=\"1259\" class=\"elementor elementor-1259\" data-elementor-post-type=\"page\">\n\t\t\t\t<div class=\"elementor-element elementor-element-d8f9caa e-flex e-con-boxed e-con e-parent\" data-id=\"d8f9caa\" data-element_type=\"container\" data-settings=\"{&quot;background_background&quot;:&quot;classic&quot;}\">\n\t\t\t\t\t<div class=\"e-con-inner\">\n\t\t\t\t<div class=\"elementor-element elementor-element-5fc2965 elementor-widget elementor-widget-heading\" data-id=\"5fc2965\" data-element_type=\"widget\" data-widget_type=\"heading.default\">\n\t\t\t\t<div class=\"elementor-widget-container\">\n\t\t\t<h2 class=\"elementor-heading-title elementor-size-default\">Kildesortering<\/h2>\t\t<\/div>\n\t\t\t\t<\/div>\n\t\t\t\t\t<\/div>\n\t\t\t\t<\/div>\n\t\t<div class=\"elementor-element elementor-element-e728242 e-con-full e-flex e-con e-parent\" data-id=\"e728242\" data-element_type=\"container\" data-settings=\"{&quot;background_background&quot;:&quot;classic&quot;}\">\n\t\t<div class=\"elementor-element elementor-element-0a3f3cd e-con-full e-flex e-con e-child\" data-id=\"0a3f3cd\" data-element_type=\"container\">\n\t\t\t\t<div class=\"elementor-element elementor-element-fbae611 elementor-widget elementor-widget-heading\" data-id=\"fbae611\" data-element_type=\"widget\" data-widget_type=\"heading.default\">\n\t\t\t\t<div class=\"elementor-widget-container\">\n\t\t\t<h2 class=\"elementor-heading-title elementor-size-default\">Keox RLH<\/h2>\t\t<\/div>\n\t\t\t\t<\/div>\n\t\t\t\t<\/div>\n\t\t<div class=\"elementor-element elementor-element-7942a38 e-con-full e-flex e-con e-child\" data-id=\"7942a38\" data-element_type=\"container\">\n\t\t\t\t<div class=\"elementor-element elementor-element-e7968e7 elementor-widget elementor-widget-text-editor\" data-id=\"e7968e7\" data-element_type=\"widget\" data-widget_type=\"text-editor.default\">\n\t\t\t\t<div class=\"elementor-widget-container\">\n\t\t\t\t\t\t\t<p>Enheten, som er beregnet til innsamling av kildesorterte materialer, reduserer renovasjonsfirmaenes investeringskostnader med opp 50 %, samtidig som den gj\u00f8r transporten og t\u00f8mmingen av kildesortert avfall betydelig mer effektiv.<\/p>\t\t\t\t\t\t<\/div>\n\t\t\t\t<\/div>\n\t\t\t\t<div class=\"elementor-element elementor-element-b5c852d elementor-widget elementor-widget-text-editor\" data-id=\"b5c852d\" data-element_type=\"widget\" data-widget_type=\"text-editor.default\">\n\t\t\t\t<div class=\"elementor-widget-container\">\n\t\t\t\t\t\t\t<p>Keox RLH kan monteres p\u00e5 nesten alle underlag, uavhengig av modell og merke. RLH kan ogs\u00e5 fint skreddersys etter kundens behov. Beholderen kan deles i opp til fire avdelinger, som for eksempel til glass, papir, metall og bioavfall. Keox RHL utstyrt med fire forskjellige avdelinger er en sv\u00e6rt kostnadseffektiv m\u00e5te \u00e5 samle inn t\u00f8rravfall p\u00e5. Du kan utf\u00f8re innsamlingen av forskjellige t\u00f8rravfallstyper effektivt med bare \u00e9n bil. En heis som beveger seg sideveis kan fordele avfallet i deres egne avdelinger. Det er ikke alltid det l\u00f8nner seg \u00e5 utstyre bilen til bare ett bruk, og biler som utstyrt med vekselflak kan ogs\u00e5 brukes til andre oppgaver.<\/p>\t\t\t\t\t\t<\/div>\n\t\t\t\t<\/div>\n\t\t\t\t<\/div>\n\t\t\t\t<\/div>\n\t\t<div class=\"elementor-element elementor-element-c4f2e3c e-con-full e-flex e-con e-parent\" data-id=\"c4f2e3c\" data-element_type=\"container\" data-settings=\"{&quot;background_background&quot;:&quot;classic&quot;}\">\n\t\t<div class=\"elementor-element elementor-element-91b647b e-con-full e-flex e-con e-child\" data-id=\"91b647b\" data-element_type=\"container\">\n\t\t\t\t<div class=\"elementor-element elementor-element-e900e7d elementor-widget elementor-widget-heading\" data-id=\"e900e7d\" data-element_type=\"widget\" data-widget_type=\"heading.default\">\n\t\t\t\t<div class=\"elementor-widget-container\">\n\t\t\t<h2 class=\"elementor-heading-title elementor-size-default\">tekniske spesifikasjoner<\/h2>\t\t<\/div>\n\t\t\t\t<\/div>\n\t\t\t\t<div class=\"elementor-element elementor-element-3b85114 elementor-widget elementor-widget-text-editor\" data-id=\"3b85114\" data-element_type=\"widget\" data-widget_type=\"text-editor.default\">\n\t\t\t\t<div class=\"elementor-widget-container\">\n\t\t\t\t\t\t\t<ul><li>Volum: 15 m\u00b3<\/li><li>Passer til innsamling av bioavfall, metall, glass, papir og energiavfall.<\/li><li>Kan deles inn i flere avdelinger<\/li><li>Man kan montere Euro6 p\u00e5 gassdrevne underlag uten \u00e5 forandre p\u00e5 underlaget<\/li><li>Kan ogs\u00e5 monteres som vekselflaktilpasset<\/li><li>Rask og enkel styring<\/li><li>En p\u00e5litelig heis som beveger seg sideveis<\/li><li>T\u00f8mming bak med tipp<\/li><li>Veieenhet kan monteres<\/li><li>Ikke avhengig av underlaget<\/li><li>Dunkteller<\/li><li>I Fe eller RST<\/li><li>Passende avfallsdunker 60-660L etter standardene EN 840-1 og EN 840-2<\/li><\/ul><p><strong>LAST NED PDF-BROSJYRE:<\/strong> <a href=\"https:\/\/keox.fi\/wp-content\/uploads\/2017\/11\/Keox-RLH.pdf\">Keox RLH<\/a><\/p><p><strong>LAST NED PDF-BROSJYRE (3D): <a href=\"https:\/\/keox.fi\/wp-content\/uploads\/2017\/11\/Keox-RHL.pdf\">Keox RHL<\/a><\/strong><\/p>\t\t\t\t\t\t<\/div>\n\t\t\t\t<\/div>\n\t\t\t\t<\/div>\n\t\t<div class=\"elementor-element elementor-element-5fa5b7f e-con-full e-flex e-con e-child\" data-id=\"5fa5b7f\" data-element_type=\"container\">\n\t\t\t\t<div class=\"elementor-element elementor-element-c5f29c7 elementor-widget elementor-widget-image\" data-id=\"c5f29c7\" data-element_type=\"widget\" data-widget_type=\"image.default\">\n\t\t\t\t<div class=\"elementor-widget-container\">\n\t\t\t\t\t\t\t\t\t\t\t\t\t<img fetchpriority=\"high\" decoding=\"async\" width=\"1021\" height=\"759\" src=\"https:\/\/keox.fi\/wp-content\/uploads\/2017\/11\/V\u00e4liosastot2.png\" class=\"attachment-full size-full wp-image-492\" alt=\"\" srcset=\"https:\/\/keox.fi\/wp-content\/uploads\/2017\/11\/V\u00e4liosastot2.png 1021w, https:\/\/keox.fi\/wp-content\/uploads\/2017\/11\/V\u00e4liosastot2-640x476.png 640w, https:\/\/keox.fi\/wp-content\/uploads\/2017\/11\/V\u00e4liosastot2-768x571.png 768w, https:\/\/keox.fi\/wp-content\/uploads\/2017\/11\/V\u00e4liosastot2-820x610.png 820w\" sizes=\"(max-width: 1021px) 100vw, 1021px\" \/>\t\t\t\t\t\t\t\t\t\t\t\t\t<\/div>\n\t\t\t\t<\/div>\n\t\t\t\t<div class=\"elementor-element elementor-element-668679d elementor-widget elementor-widget-image\" data-id=\"668679d\" data-element_type=\"widget\" data-widget_type=\"image.default\">\n\t\t\t\t<div class=\"elementor-widget-container\">\n\t\t\t\t\t\t\t\t\t\t\t\t\t<img decoding=\"async\" width=\"800\" height=\"905\" src=\"https:\/\/keox.fi\/wp-content\/uploads\/2017\/11\/Piirustus-parisiin-vehkeest\u00e42.jpg\" class=\"attachment-full size-full wp-image-409\" alt=\"\" srcset=\"https:\/\/keox.fi\/wp-content\/uploads\/2017\/11\/Piirustus-parisiin-vehkeest\u00e42.jpg 800w, https:\/\/keox.fi\/wp-content\/uploads\/2017\/11\/Piirustus-parisiin-vehkeest\u00e42-566x640.jpg 566w, https:\/\/keox.fi\/wp-content\/uploads\/2017\/11\/Piirustus-parisiin-vehkeest\u00e42-768x869.jpg 768w, https:\/\/keox.fi\/wp-content\/uploads\/2017\/11\/Piirustus-parisiin-vehkeest\u00e42-725x820.jpg 725w\" sizes=\"(max-width: 800px) 100vw, 800px\" \/>\t\t\t\t\t\t\t\t\t\t\t\t\t<\/div>\n\t\t\t\t<\/div>\n\t\t\t\t<\/div>\n\t\t\t\t<\/div>\n\t\t\t\t<\/div>\n\t\t","protected":false},"excerpt":{"rendered":"<p>Enheten, som er beregnet til innsamling av kildesorterte materialer, reduserer renovasjonsfirmaenes investeringskostnader med opp 50 %, samtidig som den gj\u00f8r transporten og t\u00f8mmingen av kildesortert avfall betydelig mer effektiv.<\/p>\n","protected":false},"author":2,"featured_media":491,"parent":1215,"menu_order":4,"comment_status":"closed","ping_status":"closed","template":"elementor_header_footer","meta":{"ngg_post_thumbnail":0,"footnotes":""},"class_list":["post-1259","page","type-page","status-publish","has-post-thumbnail","hentry"],"yoast_head":"<!-- This site is optimized with the Yoast SEO plugin v24.3 - https:\/\/yoast.com\/wordpress\/plugins\/seo\/ -->\n<title>Kildesortering - KEOX<\/title>\n<meta name=\"robots\" content=\"index, follow, max-snippet:-1, max-image-preview:large, max-video-preview:-1\" \/>\n<link rel=\"canonical\" href=\"https:\/\/keox.fi\/no\/produkter\/kildesortering\/\" \/>\n<meta property=\"og:locale\" content=\"en_US\" \/>\n<meta property=\"og:type\" content=\"article\" \/>\n<meta property=\"og:title\" content=\"Kildesortering - KEOX\" \/>\n<meta property=\"og:description\" content=\"Enheten, som er beregnet til innsamling av kildesorterte materialer, reduserer renovasjonsfirmaenes investeringskostnader med opp 50 %, samtidig som den gj\u00f8r transporten og t\u00f8mmingen av kildesortert avfall betydelig mer effektiv.\" \/>\n<meta property=\"og:url\" content=\"https:\/\/keox.fi\/no\/produkter\/kildesortering\/\" \/>\n<meta property=\"og:site_name\" content=\"KEOX\" \/>\n<meta property=\"article:publisher\" content=\"https:\/\/www.facebook.com\/KeoxOy\/\" \/>\n<meta property=\"article:modified_time\" content=\"2026-02-20T07:49:43+00:00\" \/>\n<meta property=\"og:image\" content=\"https:\/\/keox.fi\/wp-content\/uploads\/2017\/11\/Keox-RHL-e1524561741434.png\" \/>\n\t<meta property=\"og:image:width\" content=\"1345\" \/>\n\t<meta property=\"og:image:height\" content=\"363\" \/>\n\t<meta property=\"og:image:type\" content=\"image\/png\" \/>\n<meta name=\"twitter:card\" content=\"summary_large_image\" \/>\n<meta name=\"twitter:label1\" content=\"Est. reading time\" \/>\n\t<meta name=\"twitter:data1\" content=\"2 minutes\" \/>\n<script type=\"application\/ld+json\" class=\"yoast-schema-graph\">{\"@context\":\"https:\/\/schema.org\",\"@graph\":[{\"@type\":\"WebPage\",\"@id\":\"https:\/\/keox.fi\/no\/produkter\/kildesortering\/\",\"url\":\"https:\/\/keox.fi\/no\/produkter\/kildesortering\/\",\"name\":\"Kildesortering - KEOX\",\"isPartOf\":{\"@id\":\"https:\/\/keox.fi\/no\/#website\"},\"primaryImageOfPage\":{\"@id\":\"https:\/\/keox.fi\/no\/produkter\/kildesortering\/#primaryimage\"},\"image\":{\"@id\":\"https:\/\/keox.fi\/no\/produkter\/kildesortering\/#primaryimage\"},\"thumbnailUrl\":\"https:\/\/keox.fi\/wp-content\/uploads\/2017\/11\/Keox-RHL-e1524561741434.png\",\"datePublished\":\"2019-10-11T07:10:42+00:00\",\"dateModified\":\"2026-02-20T07:49:43+00:00\",\"breadcrumb\":{\"@id\":\"https:\/\/keox.fi\/no\/produkter\/kildesortering\/#breadcrumb\"},\"inLanguage\":\"no\",\"potentialAction\":[{\"@type\":\"ReadAction\",\"target\":[\"https:\/\/keox.fi\/no\/produkter\/kildesortering\/\"]}]},{\"@type\":\"ImageObject\",\"inLanguage\":\"no\",\"@id\":\"https:\/\/keox.fi\/no\/produkter\/kildesortering\/#primaryimage\",\"url\":\"https:\/\/keox.fi\/wp-content\/uploads\/2017\/11\/Keox-RHL-e1524561741434.png\",\"contentUrl\":\"https:\/\/keox.fi\/wp-content\/uploads\/2017\/11\/Keox-RHL-e1524561741434.png\",\"width\":1345,\"height\":363},{\"@type\":\"BreadcrumbList\",\"@id\":\"https:\/\/keox.fi\/no\/produkter\/kildesortering\/#breadcrumb\",\"itemListElement\":[{\"@type\":\"ListItem\",\"position\":1,\"name\":\"Etusivu\",\"item\":\"https:\/\/keox.fi\/no\/forsiden\/\"},{\"@type\":\"ListItem\",\"position\":2,\"name\":\"Produkter\",\"item\":\"https:\/\/keox.fi\/no\/produkter\/\"},{\"@type\":\"ListItem\",\"position\":3,\"name\":\"Kildesortering\"}]},{\"@type\":\"WebSite\",\"@id\":\"https:\/\/keox.fi\/no\/#website\",\"url\":\"https:\/\/keox.fi\/no\/\",\"name\":\"KEOX\",\"description\":\"Palvelemme monipuolisesti\",\"publisher\":{\"@id\":\"https:\/\/keox.fi\/no\/#organization\"},\"potentialAction\":[{\"@type\":\"SearchAction\",\"target\":{\"@type\":\"EntryPoint\",\"urlTemplate\":\"https:\/\/keox.fi\/no\/?s={search_term_string}\"},\"query-input\":{\"@type\":\"PropertyValueSpecification\",\"valueRequired\":true,\"valueName\":\"search_term_string\"}}],\"inLanguage\":\"no\"},{\"@type\":\"Organization\",\"@id\":\"https:\/\/keox.fi\/no\/#organization\",\"name\":\"Keox Oy\",\"url\":\"https:\/\/keox.fi\/no\/\",\"logo\":{\"@type\":\"ImageObject\",\"inLanguage\":\"no\",\"@id\":\"https:\/\/keox.fi\/no\/#\/schema\/logo\/image\/\",\"url\":\"https:\/\/keox.fi\/wp-content\/uploads\/2019\/12\/logo-pos.png\",\"contentUrl\":\"https:\/\/keox.fi\/wp-content\/uploads\/2019\/12\/logo-pos.png\",\"width\":3479,\"height\":3479,\"caption\":\"Keox Oy\"},\"image\":{\"@id\":\"https:\/\/keox.fi\/no\/#\/schema\/logo\/image\/\"},\"sameAs\":[\"https:\/\/www.facebook.com\/KeoxOy\/\",\"https:\/\/www.linkedin.com\/company\/25030509\",\"https:\/\/www.youtube.com\/channel\/UCU54gMqjcR5mvbKJz4gAoAg\"]}]}<\/script>\n<!-- \/ Yoast SEO plugin. -->","yoast_head_json":{"title":"Kildesortering - KEOX","robots":{"index":"index","follow":"follow","max-snippet":"max-snippet:-1","max-image-preview":"max-image-preview:large","max-video-preview":"max-video-preview:-1"},"canonical":"https:\/\/keox.fi\/no\/produkter\/kildesortering\/","og_locale":"en_US","og_type":"article","og_title":"Kildesortering - KEOX","og_description":"Enheten, som er beregnet til innsamling av kildesorterte materialer, reduserer renovasjonsfirmaenes investeringskostnader med opp 50 %, samtidig som den gj\u00f8r transporten og t\u00f8mmingen av kildesortert avfall betydelig mer effektiv.","og_url":"https:\/\/keox.fi\/no\/produkter\/kildesortering\/","og_site_name":"KEOX","article_publisher":"https:\/\/www.facebook.com\/KeoxOy\/","article_modified_time":"2026-02-20T07:49:43+00:00","og_image":[{"width":1345,"height":363,"url":"https:\/\/keox.fi\/wp-content\/uploads\/2017\/11\/Keox-RHL-e1524561741434.png","type":"image\/png"}],"twitter_card":"summary_large_image","twitter_misc":{"Est. reading time":"2 minutes"},"schema":{"@context":"https:\/\/schema.org","@graph":[{"@type":"WebPage","@id":"https:\/\/keox.fi\/no\/produkter\/kildesortering\/","url":"https:\/\/keox.fi\/no\/produkter\/kildesortering\/","name":"Kildesortering - KEOX","isPartOf":{"@id":"https:\/\/keox.fi\/no\/#website"},"primaryImageOfPage":{"@id":"https:\/\/keox.fi\/no\/produkter\/kildesortering\/#primaryimage"},"image":{"@id":"https:\/\/keox.fi\/no\/produkter\/kildesortering\/#primaryimage"},"thumbnailUrl":"https:\/\/keox.fi\/wp-content\/uploads\/2017\/11\/Keox-RHL-e1524561741434.png","datePublished":"2019-10-11T07:10:42+00:00","dateModified":"2026-02-20T07:49:43+00:00","breadcrumb":{"@id":"https:\/\/keox.fi\/no\/produkter\/kildesortering\/#breadcrumb"},"inLanguage":"no","potentialAction":[{"@type":"ReadAction","target":["https:\/\/keox.fi\/no\/produkter\/kildesortering\/"]}]},{"@type":"ImageObject","inLanguage":"no","@id":"https:\/\/keox.fi\/no\/produkter\/kildesortering\/#primaryimage","url":"https:\/\/keox.fi\/wp-content\/uploads\/2017\/11\/Keox-RHL-e1524561741434.png","contentUrl":"https:\/\/keox.fi\/wp-content\/uploads\/2017\/11\/Keox-RHL-e1524561741434.png","width":1345,"height":363},{"@type":"BreadcrumbList","@id":"https:\/\/keox.fi\/no\/produkter\/kildesortering\/#breadcrumb","itemListElement":[{"@type":"ListItem","position":1,"name":"Etusivu","item":"https:\/\/keox.fi\/no\/forsiden\/"},{"@type":"ListItem","position":2,"name":"Produkter","item":"https:\/\/keox.fi\/no\/produkter\/"},{"@type":"ListItem","position":3,"name":"Kildesortering"}]},{"@type":"WebSite","@id":"https:\/\/keox.fi\/no\/#website","url":"https:\/\/keox.fi\/no\/","name":"KEOX","description":"Palvelemme monipuolisesti","publisher":{"@id":"https:\/\/keox.fi\/no\/#organization"},"potentialAction":[{"@type":"SearchAction","target":{"@type":"EntryPoint","urlTemplate":"https:\/\/keox.fi\/no\/?s={search_term_string}"},"query-input":{"@type":"PropertyValueSpecification","valueRequired":true,"valueName":"search_term_string"}}],"inLanguage":"no"},{"@type":"Organization","@id":"https:\/\/keox.fi\/no\/#organization","name":"Keox Oy","url":"https:\/\/keox.fi\/no\/","logo":{"@type":"ImageObject","inLanguage":"no","@id":"https:\/\/keox.fi\/no\/#\/schema\/logo\/image\/","url":"https:\/\/keox.fi\/wp-content\/uploads\/2019\/12\/logo-pos.png","contentUrl":"https:\/\/keox.fi\/wp-content\/uploads\/2019\/12\/logo-pos.png","width":3479,"height":3479,"caption":"Keox Oy"},"image":{"@id":"https:\/\/keox.fi\/no\/#\/schema\/logo\/image\/"},"sameAs":["https:\/\/www.facebook.com\/KeoxOy\/","https:\/\/www.linkedin.com\/company\/25030509","https:\/\/www.youtube.com\/channel\/UCU54gMqjcR5mvbKJz4gAoAg"]}]}},"_links":{"self":[{"href":"https:\/\/keox.fi\/no\/wp-json\/wp\/v2\/pages\/1259"}],"collection":[{"href":"https:\/\/keox.fi\/no\/wp-json\/wp\/v2\/pages"}],"about":[{"href":"https:\/\/keox.fi\/no\/wp-json\/wp\/v2\/types\/page"}],"author":[{"embeddable":true,"href":"https:\/\/keox.fi\/no\/wp-json\/wp\/v2\/users\/2"}],"replies":[{"embeddable":true,"href":"https:\/\/keox.fi\/no\/wp-json\/wp\/v2\/comments?post=1259"}],"version-history":[{"count":9,"href":"https:\/\/keox.fi\/no\/wp-json\/wp\/v2\/pages\/1259\/revisions"}],"predecessor-version":[{"id":3565,"href":"https:\/\/keox.fi\/no\/wp-json\/wp\/v2\/pages\/1259\/revisions\/3565"}],"up":[{"embeddable":true,"href":"https:\/\/keox.fi\/no\/wp-json\/wp\/v2\/pages\/1215"}],"wp:featuredmedia":[{"embeddable":true,"href":"https:\/\/keox.fi\/no\/wp-json\/wp\/v2\/media\/491"}],"wp:attachment":[{"href":"https:\/\/keox.fi\/no\/wp-json\/wp\/v2\/media?parent=1259"}],"curies":[{"name":"wp","href":"https:\/\/api.w.org\/{rel}","templated":true}]}}