{"id":1256,"date":"2019-10-11T08:43:46","date_gmt":"2019-10-11T06:43:46","guid":{"rendered":"https:\/\/keox.fi\/?page_id=1256"},"modified":"2025-01-31T13:47:28","modified_gmt":"2025-01-31T11:47:28","slug":"keoxer-l","status":"publish","type":"page","link":"https:\/\/keox.fi\/no\/produkter\/avfallsdunkvaskere\/keoxer-l\/","title":{"rendered":"KEOXER L"},"content":{"rendered":"\t\t<div data-elementor-type=\"wp-page\" data-elementor-id=\"1256\" class=\"elementor elementor-1256\" data-elementor-post-type=\"page\">\n\t\t\t\t<div class=\"elementor-element elementor-element-932779a e-flex e-con-boxed e-con e-parent\" data-id=\"932779a\" data-element_type=\"container\" data-settings=\"{&quot;background_background&quot;:&quot;classic&quot;}\">\n\t\t\t\t\t<div class=\"e-con-inner\">\n\t\t\t\t<div class=\"elementor-element elementor-element-03f3ecf elementor-widget elementor-widget-heading\" data-id=\"03f3ecf\" data-element_type=\"widget\" data-widget_type=\"heading.default\">\n\t\t\t\t<div class=\"elementor-widget-container\">\n\t\t\t<h2 class=\"elementor-heading-title elementor-size-default\">Keoxer L<\/h2>\t\t<\/div>\n\t\t\t\t<\/div>\n\t\t\t\t<div class=\"elementor-element elementor-element-9f559d3 elementor-widget elementor-widget-text-editor\" data-id=\"9f559d3\" data-element_type=\"widget\" data-widget_type=\"text-editor.default\">\n\t\t\t\t<div class=\"elementor-widget-container\">\n\t\t\t\t\t\t\t<p>Keoxer L er en enhet som festes til renovasjonsbilen, som vasker avfallsdunken samtidig som f\u00f8reren t\u00f8mmer neste dunk. Slik kan den samme bilen kostnadseffektivt utf\u00f8re t\u00f8mmingen og vaskingen i samme runde, og man trenger ikke et ekstra kj\u00f8ret\u00f8y. Enheten har 100 % resirkulering av vannet, og dette gj\u00f8r det mulig \u00e5 bruke en stor mengde vann i vaskeprosessen, slik at vaskeresultatet og kapasiteten blir maksimal. Med Keoxer L kan man vaske opp til hundrevis av s\u00f8ppeldunker om dagen.<\/p>\t\t\t\t\t\t<\/div>\n\t\t\t\t<\/div>\n\t\t\t\t\t<\/div>\n\t\t\t\t<\/div>\n\t\t<div class=\"elementor-element elementor-element-2a3de28 e-con-full e-flex e-con e-parent\" data-id=\"2a3de28\" data-element_type=\"container\" data-settings=\"{&quot;background_background&quot;:&quot;classic&quot;}\">\n\t\t<div class=\"elementor-element elementor-element-c7ba364 e-con-full e-flex e-con e-child\" data-id=\"c7ba364\" data-element_type=\"container\">\n\t\t\t\t<div class=\"elementor-element elementor-element-e651370 elementor-widget elementor-widget-heading\" data-id=\"e651370\" data-element_type=\"widget\" data-widget_type=\"heading.default\">\n\t\t\t\t<div class=\"elementor-widget-container\">\n\t\t\t<h2 class=\"elementor-heading-title elementor-size-default\">tekniske spesifikasjoner<\/h2>\t\t<\/div>\n\t\t\t\t<\/div>\n\t\t\t\t<div class=\"elementor-element elementor-element-4b37a46 elementor-widget elementor-widget-text-editor\" data-id=\"4b37a46\" data-element_type=\"widget\" data-widget_type=\"text-editor.default\">\n\t\t\t\t<div class=\"elementor-widget-container\">\n\t\t\t\t\t\t\t<ul><li>Resirkulering av vannet, som filtreres og varmes opp til 60 \u2070C.<\/li><li>T\u00f8mming og vask av avfallsdunken ved samme bes\u00f8k<\/li><li>Kapasitet ca 300 vasker med samme vann<\/li><li>Utvendig og innvendig vask av dunken<\/li><li>Dunken vaskes inni enheten, ingen milj\u00f8belastninger<\/li><li>Vasken kan ogs\u00e5 utf\u00f8res under kalde forhold<\/li><li>Monteres til renovasjonsbilen, er ikke avhengig av merke, kan ogs\u00e5 monteres p\u00e5 eldre renovasjonsbiler<\/li><li>Man kan bruke vann fra naturen og ved behov ogs\u00e5 sj\u00f8vann<\/li><li>Materiale RST<\/li><li>Enkle vedlikeholdstiltak<\/li><li>Desinfiseringsmiddelbeholder med pistol<\/li><\/ul>\t\t\t\t\t\t<\/div>\n\t\t\t\t<\/div>\n\t\t\t\t<div class=\"elementor-element elementor-element-e52cb59 elementor-widget elementor-widget-heading\" data-id=\"e52cb59\" data-element_type=\"widget\" data-widget_type=\"heading.default\">\n\t\t\t\t<div class=\"elementor-widget-container\">\n\t\t\t<h2 class=\"elementor-heading-title elementor-size-default\">VALGFRITT EKSTRAUTSTYR<\/h2>\t\t<\/div>\n\t\t\t\t<\/div>\n\t\t\t\t<div class=\"elementor-element elementor-element-e93e735 elementor-widget elementor-widget-text-editor\" data-id=\"e93e735\" data-element_type=\"widget\" data-widget_type=\"text-editor.default\">\n\t\t\t\t<div class=\"elementor-widget-container\">\n\t\t\t\t\t\t\t<ul><li>Flyttbar pumpe og filter for inntak av vann<\/li><li>Vaskepistol med slange for rengj\u00f8ring av omgivelsene<\/li><\/ul><p>\u00a0<\/p><p><strong>LAST NED PDF-BROSJYRE:<\/strong> <a href=\"https:\/\/keox.fi\/wp-content\/uploads\/2018\/01\/Keoxer.pdf\">Keoxer L<\/a><\/p>\t\t\t\t\t\t<\/div>\n\t\t\t\t<\/div>\n\t\t\t\t<\/div>\n\t\t<div class=\"elementor-element elementor-element-cc12f88 e-con-full e-flex e-con e-child\" data-id=\"cc12f88\" data-element_type=\"container\">\n\t\t\t\t<div class=\"elementor-element elementor-element-d4655af elementor-widget elementor-widget-image\" data-id=\"d4655af\" data-element_type=\"widget\" data-widget_type=\"image.default\">\n\t\t\t\t<div class=\"elementor-widget-container\">\n\t\t\t\t\t\t\t\t\t\t\t\t\t<img decoding=\"async\" src=\"https:\/\/keox.fi\/wp-content\/uploads\/elementor\/thumbs\/Keoxer-kuva-e1728987808845-qvla664l6fajjobf1cpge6eo8pz8jf23z06amvvs7o.jpg\" title=\"Keoxer kuva\" alt=\"Keoxer kuva\" loading=\"lazy\" \/>\t\t\t\t\t\t\t\t\t\t\t\t\t<\/div>\n\t\t\t\t<\/div>\n\t\t\t\t<\/div>\n\t\t\t\t<\/div>\n\t\t\t\t<\/div>\n\t\t","protected":false},"excerpt":{"rendered":"<p>Keoxer L monteres mellom komprimatoren og f\u00f8rerhuset p\u00e5 renovasjonsbilen. Vaskeren vasker avfallsdunken samtidig som f\u00f8reren t\u00f8mmer neste dunk. Slik kan den samme bilen utf\u00f8re t\u00f8mmingen og vaskingen i samme runde, og man trenger ikke et ekstra kj\u00f8ret\u00f8y.<\/p>\n","protected":false},"author":2,"featured_media":0,"parent":1250,"menu_order":1,"comment_status":"closed","ping_status":"closed","template":"elementor_header_footer","meta":{"ngg_post_thumbnail":0,"footnotes":""},"class_list":["post-1256","page","type-page","status-publish","hentry"],"yoast_head":"<!-- This site is optimized with the Yoast SEO plugin v24.3 - https:\/\/yoast.com\/wordpress\/plugins\/seo\/ -->\n<title>KEOXER L - KEOX<\/title>\n<meta name=\"robots\" content=\"index, follow, max-snippet:-1, max-image-preview:large, max-video-preview:-1\" \/>\n<link rel=\"canonical\" href=\"https:\/\/keox.fi\/tuotteet\/jateastiapesurit\/keoxer\/\" \/>\n<meta property=\"og:locale\" content=\"en_US\" \/>\n<meta property=\"og:type\" content=\"article\" \/>\n<meta property=\"og:title\" content=\"KEOXER L - KEOX\" \/>\n<meta property=\"og:description\" content=\"Keoxer L monteres mellom komprimatoren og f\u00f8rerhuset p\u00e5 renovasjonsbilen. Vaskeren vasker avfallsdunken samtidig som f\u00f8reren t\u00f8mmer neste dunk. Slik kan den samme bilen utf\u00f8re t\u00f8mmingen og vaskingen i samme runde, og man trenger ikke et ekstra kj\u00f8ret\u00f8y.\" \/>\n<meta property=\"og:url\" content=\"https:\/\/keox.fi\/tuotteet\/jateastiapesurit\/keoxer\/\" \/>\n<meta property=\"og:site_name\" content=\"KEOX\" \/>\n<meta property=\"article:publisher\" content=\"https:\/\/www.facebook.com\/KeoxOy\/\" \/>\n<meta property=\"article:modified_time\" content=\"2025-01-31T11:47:28+00:00\" \/>\n<meta property=\"og:image\" content=\"https:\/\/keox.fi\/wp-content\/uploads\/elementor\/thumbs\/Keoxer-kuva-e1728987808845-qvla664l6fajjobf1cpge6eo8pz8jf23z06amvvs7o.jpg\" \/>\n<meta name=\"twitter:card\" content=\"summary_large_image\" \/>\n<meta name=\"twitter:label1\" content=\"Est. reading time\" \/>\n\t<meta name=\"twitter:data1\" content=\"1 minute\" \/>\n<script type=\"application\/ld+json\" class=\"yoast-schema-graph\">{\"@context\":\"https:\/\/schema.org\",\"@graph\":[{\"@type\":\"WebPage\",\"@id\":\"https:\/\/keox.fi\/tuotteet\/jateastiapesurit\/keoxer\/\",\"url\":\"https:\/\/keox.fi\/tuotteet\/jateastiapesurit\/keoxer\/\",\"name\":\"KEOXER L - KEOX\",\"isPartOf\":{\"@id\":\"https:\/\/keox.fi\/no\/#website\"},\"primaryImageOfPage\":{\"@id\":\"https:\/\/keox.fi\/tuotteet\/jateastiapesurit\/keoxer\/#primaryimage\"},\"image\":{\"@id\":\"https:\/\/keox.fi\/tuotteet\/jateastiapesurit\/keoxer\/#primaryimage\"},\"thumbnailUrl\":\"https:\/\/keox.fi\/wp-content\/uploads\/elementor\/thumbs\/Keoxer-kuva-e1728987808845-qvla664l6fajjobf1cpge6eo8pz8jf23z06amvvs7o.jpg\",\"datePublished\":\"2019-10-11T06:43:46+00:00\",\"dateModified\":\"2025-01-31T11:47:28+00:00\",\"breadcrumb\":{\"@id\":\"https:\/\/keox.fi\/tuotteet\/jateastiapesurit\/keoxer\/#breadcrumb\"},\"inLanguage\":\"no\",\"potentialAction\":[{\"@type\":\"ReadAction\",\"target\":[\"https:\/\/keox.fi\/tuotteet\/jateastiapesurit\/keoxer\/\"]}]},{\"@type\":\"ImageObject\",\"inLanguage\":\"no\",\"@id\":\"https:\/\/keox.fi\/tuotteet\/jateastiapesurit\/keoxer\/#primaryimage\",\"url\":\"https:\/\/keox.fi\/wp-content\/uploads\/elementor\/thumbs\/Keoxer-kuva-e1728987808845-qvla664l6fajjobf1cpge6eo8pz8jf23z06amvvs7o.jpg\",\"contentUrl\":\"https:\/\/keox.fi\/wp-content\/uploads\/elementor\/thumbs\/Keoxer-kuva-e1728987808845-qvla664l6fajjobf1cpge6eo8pz8jf23z06amvvs7o.jpg\"},{\"@type\":\"BreadcrumbList\",\"@id\":\"https:\/\/keox.fi\/tuotteet\/jateastiapesurit\/keoxer\/#breadcrumb\",\"itemListElement\":[{\"@type\":\"ListItem\",\"position\":1,\"name\":\"Etusivu\",\"item\":\"https:\/\/keox.fi\/no\/forsiden\/\"},{\"@type\":\"ListItem\",\"position\":2,\"name\":\"Produkter\",\"item\":\"https:\/\/keox.fi\/no\/produkter\/\"},{\"@type\":\"ListItem\",\"position\":3,\"name\":\"Avfallsdunkvaskere\",\"item\":\"https:\/\/keox.fi\/tuotteet\/jateastiapesurit\/\"},{\"@type\":\"ListItem\",\"position\":4,\"name\":\"KEOXER L\"}]},{\"@type\":\"WebSite\",\"@id\":\"https:\/\/keox.fi\/no\/#website\",\"url\":\"https:\/\/keox.fi\/no\/\",\"name\":\"KEOX\",\"description\":\"Palvelemme monipuolisesti\",\"publisher\":{\"@id\":\"https:\/\/keox.fi\/no\/#organization\"},\"potentialAction\":[{\"@type\":\"SearchAction\",\"target\":{\"@type\":\"EntryPoint\",\"urlTemplate\":\"https:\/\/keox.fi\/no\/?s={search_term_string}\"},\"query-input\":{\"@type\":\"PropertyValueSpecification\",\"valueRequired\":true,\"valueName\":\"search_term_string\"}}],\"inLanguage\":\"no\"},{\"@type\":\"Organization\",\"@id\":\"https:\/\/keox.fi\/no\/#organization\",\"name\":\"Keox Oy\",\"url\":\"https:\/\/keox.fi\/no\/\",\"logo\":{\"@type\":\"ImageObject\",\"inLanguage\":\"no\",\"@id\":\"https:\/\/keox.fi\/no\/#\/schema\/logo\/image\/\",\"url\":\"https:\/\/keox.fi\/wp-content\/uploads\/2019\/12\/logo-pos.png\",\"contentUrl\":\"https:\/\/keox.fi\/wp-content\/uploads\/2019\/12\/logo-pos.png\",\"width\":3479,\"height\":3479,\"caption\":\"Keox Oy\"},\"image\":{\"@id\":\"https:\/\/keox.fi\/no\/#\/schema\/logo\/image\/\"},\"sameAs\":[\"https:\/\/www.facebook.com\/KeoxOy\/\",\"https:\/\/www.linkedin.com\/company\/25030509\",\"https:\/\/www.youtube.com\/channel\/UCU54gMqjcR5mvbKJz4gAoAg\"]}]}<\/script>\n<!-- \/ Yoast SEO plugin. -->","yoast_head_json":{"title":"KEOXER L - KEOX","robots":{"index":"index","follow":"follow","max-snippet":"max-snippet:-1","max-image-preview":"max-image-preview:large","max-video-preview":"max-video-preview:-1"},"canonical":"https:\/\/keox.fi\/tuotteet\/jateastiapesurit\/keoxer\/","og_locale":"en_US","og_type":"article","og_title":"KEOXER L - KEOX","og_description":"Keoxer L monteres mellom komprimatoren og f\u00f8rerhuset p\u00e5 renovasjonsbilen. Vaskeren vasker avfallsdunken samtidig som f\u00f8reren t\u00f8mmer neste dunk. Slik kan den samme bilen utf\u00f8re t\u00f8mmingen og vaskingen i samme runde, og man trenger ikke et ekstra kj\u00f8ret\u00f8y.","og_url":"https:\/\/keox.fi\/tuotteet\/jateastiapesurit\/keoxer\/","og_site_name":"KEOX","article_publisher":"https:\/\/www.facebook.com\/KeoxOy\/","article_modified_time":"2025-01-31T11:47:28+00:00","og_image":[{"url":"https:\/\/keox.fi\/wp-content\/uploads\/elementor\/thumbs\/Keoxer-kuva-e1728987808845-qvla664l6fajjobf1cpge6eo8pz8jf23z06amvvs7o.jpg","type":"","width":"","height":""}],"twitter_card":"summary_large_image","twitter_misc":{"Est. reading time":"1 minute"},"schema":{"@context":"https:\/\/schema.org","@graph":[{"@type":"WebPage","@id":"https:\/\/keox.fi\/tuotteet\/jateastiapesurit\/keoxer\/","url":"https:\/\/keox.fi\/tuotteet\/jateastiapesurit\/keoxer\/","name":"KEOXER L - KEOX","isPartOf":{"@id":"https:\/\/keox.fi\/no\/#website"},"primaryImageOfPage":{"@id":"https:\/\/keox.fi\/tuotteet\/jateastiapesurit\/keoxer\/#primaryimage"},"image":{"@id":"https:\/\/keox.fi\/tuotteet\/jateastiapesurit\/keoxer\/#primaryimage"},"thumbnailUrl":"https:\/\/keox.fi\/wp-content\/uploads\/elementor\/thumbs\/Keoxer-kuva-e1728987808845-qvla664l6fajjobf1cpge6eo8pz8jf23z06amvvs7o.jpg","datePublished":"2019-10-11T06:43:46+00:00","dateModified":"2025-01-31T11:47:28+00:00","breadcrumb":{"@id":"https:\/\/keox.fi\/tuotteet\/jateastiapesurit\/keoxer\/#breadcrumb"},"inLanguage":"no","potentialAction":[{"@type":"ReadAction","target":["https:\/\/keox.fi\/tuotteet\/jateastiapesurit\/keoxer\/"]}]},{"@type":"ImageObject","inLanguage":"no","@id":"https:\/\/keox.fi\/tuotteet\/jateastiapesurit\/keoxer\/#primaryimage","url":"https:\/\/keox.fi\/wp-content\/uploads\/elementor\/thumbs\/Keoxer-kuva-e1728987808845-qvla664l6fajjobf1cpge6eo8pz8jf23z06amvvs7o.jpg","contentUrl":"https:\/\/keox.fi\/wp-content\/uploads\/elementor\/thumbs\/Keoxer-kuva-e1728987808845-qvla664l6fajjobf1cpge6eo8pz8jf23z06amvvs7o.jpg"},{"@type":"BreadcrumbList","@id":"https:\/\/keox.fi\/tuotteet\/jateastiapesurit\/keoxer\/#breadcrumb","itemListElement":[{"@type":"ListItem","position":1,"name":"Etusivu","item":"https:\/\/keox.fi\/no\/forsiden\/"},{"@type":"ListItem","position":2,"name":"Produkter","item":"https:\/\/keox.fi\/no\/produkter\/"},{"@type":"ListItem","position":3,"name":"Avfallsdunkvaskere","item":"https:\/\/keox.fi\/tuotteet\/jateastiapesurit\/"},{"@type":"ListItem","position":4,"name":"KEOXER L"}]},{"@type":"WebSite","@id":"https:\/\/keox.fi\/no\/#website","url":"https:\/\/keox.fi\/no\/","name":"KEOX","description":"Palvelemme monipuolisesti","publisher":{"@id":"https:\/\/keox.fi\/no\/#organization"},"potentialAction":[{"@type":"SearchAction","target":{"@type":"EntryPoint","urlTemplate":"https:\/\/keox.fi\/no\/?s={search_term_string}"},"query-input":{"@type":"PropertyValueSpecification","valueRequired":true,"valueName":"search_term_string"}}],"inLanguage":"no"},{"@type":"Organization","@id":"https:\/\/keox.fi\/no\/#organization","name":"Keox Oy","url":"https:\/\/keox.fi\/no\/","logo":{"@type":"ImageObject","inLanguage":"no","@id":"https:\/\/keox.fi\/no\/#\/schema\/logo\/image\/","url":"https:\/\/keox.fi\/wp-content\/uploads\/2019\/12\/logo-pos.png","contentUrl":"https:\/\/keox.fi\/wp-content\/uploads\/2019\/12\/logo-pos.png","width":3479,"height":3479,"caption":"Keox Oy"},"image":{"@id":"https:\/\/keox.fi\/no\/#\/schema\/logo\/image\/"},"sameAs":["https:\/\/www.facebook.com\/KeoxOy\/","https:\/\/www.linkedin.com\/company\/25030509","https:\/\/www.youtube.com\/channel\/UCU54gMqjcR5mvbKJz4gAoAg"]}]}},"_links":{"self":[{"href":"https:\/\/keox.fi\/no\/wp-json\/wp\/v2\/pages\/1256"}],"collection":[{"href":"https:\/\/keox.fi\/no\/wp-json\/wp\/v2\/pages"}],"about":[{"href":"https:\/\/keox.fi\/no\/wp-json\/wp\/v2\/types\/page"}],"author":[{"embeddable":true,"href":"https:\/\/keox.fi\/no\/wp-json\/wp\/v2\/users\/2"}],"replies":[{"embeddable":true,"href":"https:\/\/keox.fi\/no\/wp-json\/wp\/v2\/comments?post=1256"}],"version-history":[{"count":6,"href":"https:\/\/keox.fi\/no\/wp-json\/wp\/v2\/pages\/1256\/revisions"}],"predecessor-version":[{"id":3391,"href":"https:\/\/keox.fi\/no\/wp-json\/wp\/v2\/pages\/1256\/revisions\/3391"}],"up":[{"embeddable":true,"href":"https:\/\/keox.fi\/no\/wp-json\/wp\/v2\/pages\/1250"}],"wp:attachment":[{"href":"https:\/\/keox.fi\/no\/wp-json\/wp\/v2\/media?parent=1256"}],"curies":[{"name":"wp","href":"https:\/\/api.w.org\/{rel}","templated":true}]}}