{"id":1241,"date":"2019-10-10T16:31:39","date_gmt":"2019-10-10T14:31:39","guid":{"rendered":"https:\/\/keox.fi\/?page_id=1241"},"modified":"2025-01-31T13:45:44","modified_gmt":"2025-01-31T11:45:44","slug":"keox-9000-14-rst","status":"publish","type":"page","link":"https:\/\/keox.fi\/no\/produkter\/torrsugere\/keox-9000-14-rst\/","title":{"rendered":"Keox 9000 14 RST NO"},"content":{"rendered":"\t\t<div data-elementor-type=\"wp-page\" data-elementor-id=\"1241\" class=\"elementor elementor-1241\" data-elementor-post-type=\"page\">\n\t\t\t\t<div class=\"elementor-element elementor-element-8354224 e-flex e-con-boxed e-con e-parent\" data-id=\"8354224\" data-element_type=\"container\" data-settings=\"{&quot;background_background&quot;:&quot;classic&quot;}\">\n\t\t\t\t\t<div class=\"e-con-inner\">\n\t\t\t\t<div class=\"elementor-element elementor-element-775d927 elementor-widget elementor-widget-heading\" data-id=\"775d927\" data-element_type=\"widget\" data-widget_type=\"heading.default\">\n\t\t\t\t<div class=\"elementor-widget-container\">\n\t\t\t<h2 class=\"elementor-heading-title elementor-size-default\">Keox 9000<\/h2>\t\t<\/div>\n\t\t\t\t<\/div>\n\t\t\t\t\t<\/div>\n\t\t\t\t<\/div>\n\t\t<div class=\"elementor-element elementor-element-dec53fd e-con-full e-flex e-con e-parent\" data-id=\"dec53fd\" data-element_type=\"container\" data-settings=\"{&quot;background_background&quot;:&quot;classic&quot;}\">\n\t\t<div class=\"elementor-element elementor-element-da47728 e-con-full e-flex e-con e-child\" data-id=\"da47728\" data-element_type=\"container\">\n\t\t\t\t<div class=\"elementor-element elementor-element-049f1e0 elementor-widget elementor-widget-heading\" data-id=\"049f1e0\" data-element_type=\"widget\" data-widget_type=\"heading.default\">\n\t\t\t\t<div class=\"elementor-widget-container\">\n\t\t\t<h2 class=\"elementor-heading-title elementor-size-default\">KEOX 9000<\/h2>\t\t<\/div>\n\t\t\t\t<\/div>\n\t\t\t\t<div class=\"elementor-element elementor-element-35e7103 elementor-widget elementor-widget-heading\" data-id=\"35e7103\" data-element_type=\"widget\" data-widget_type=\"heading.default\">\n\t\t\t\t<div class=\"elementor-widget-container\">\n\t\t\t<h2 class=\"elementor-heading-title elementor-size-default\">suurtehoimuri<\/h2>\t\t<\/div>\n\t\t\t\t<\/div>\n\t\t\t\t<\/div>\n\t\t<div class=\"elementor-element elementor-element-6a8e7b6 e-con-full e-flex e-con e-child\" data-id=\"6a8e7b6\" data-element_type=\"container\">\n\t\t\t\t<div class=\"elementor-element elementor-element-60546a1 elementor-widget elementor-widget-text-editor\" data-id=\"60546a1\" data-element_type=\"widget\" data-widget_type=\"text-editor.default\">\n\t\t\t\t<div class=\"elementor-widget-container\">\n\t\t\t\t\t\t\t<p>Keox 9000 malli on saatavilla kolmessa versiossa: kiinte\u00e4 auton p\u00e4\u00e4ll\u00e4, puoliper\u00e4vaunu ja vaihtolavasovitus. Yksinkertainen hallintaj\u00e4rjestelm\u00e4, jota on helppo k\u00e4ytt\u00e4\u00e4 ja huoltaa. Suodattimet on sijoitettu siten, ett\u00e4 ne viev\u00e4t kuormatilaa vain 1m3, eik\u00e4 niit\u00e4 puhdistettaessa tarvitse ry\u00f6mi\u00e4 tai kiipeill\u00e4. Laitteeseen on saatavilla monia vakiovarusteita ja lis\u00e4laitteita asiakkaan toiveiden mukaan.<\/p>\t\t\t\t\t\t<\/div>\n\t\t\t\t<\/div>\n\t\t\t\t<\/div>\n\t\t\t\t<\/div>\n\t\t<div class=\"elementor-element elementor-element-f907fcc e-con-full e-flex e-con e-parent\" data-id=\"f907fcc\" data-element_type=\"container\" data-settings=\"{&quot;background_background&quot;:&quot;classic&quot;}\">\n\t\t<div class=\"elementor-element elementor-element-61d69cc e-con-full e-flex e-con e-child\" data-id=\"61d69cc\" data-element_type=\"container\">\n\t\t\t\t<div class=\"elementor-element elementor-element-2cd2196 elementor-widget elementor-widget-heading\" data-id=\"2cd2196\" data-element_type=\"widget\" data-widget_type=\"heading.default\">\n\t\t\t\t<div class=\"elementor-widget-container\">\n\t\t\t<h2 class=\"elementor-heading-title elementor-size-default\">TEKNISET TIEDOT<\/h2>\t\t<\/div>\n\t\t\t\t<\/div>\n\t\t\t\t<div class=\"elementor-element elementor-element-73a4647 elementor-widget elementor-widget-text-editor\" data-id=\"73a4647\" data-element_type=\"widget\" data-widget_type=\"text-editor.default\">\n\t\t\t\t<div class=\"elementor-widget-container\">\n\t\t\t\t\t\t\t<ul><li>Hibon ilmaj\u00e4\u00e4hdytteinen kiertom\u00e4nt\u00e4pumppu SIAV 8702 9000 m\u00b3\/h, 224 kW<\/li><li>Helppok\u00e4ytt\u00f6inen hallintaj\u00e4rjestelm\u00e4<\/li><li>S\u00e4ili\u00f6st\u00f6n mitoitus asiakkaan toiveet huomioiden<\/li><li>Hydraulikippi tyhjennykseen<\/li><li>Tilavat letkujen s\u00e4ilytystasot molemmilla sivuilla<\/li><li>Pienet tehoh\u00e4vi\u00f6t<\/li><li>Alhaiset k\u00e4ytt\u00f6kierrokset<\/li><li>Minimoidut p\u00e4\u00e4st\u00f6t<\/li><li>Suodattimien helppo puhdistus<\/li><li>Painetiivis suodintila optimaalisen puhalluksen saavuttamiseksi<\/li><li>Puhallukseen p\u00f6ly\u00e4misen esto vesisumulla<\/li><li>Ty\u00f6naikainen puhdistus automatiikalla nappia painamalla<\/li><\/ul>\t\t\t\t\t\t<\/div>\n\t\t\t\t<\/div>\n\t\t\t\t<div class=\"elementor-element elementor-element-0f614c7 elementor-widget elementor-widget-heading\" data-id=\"0f614c7\" data-element_type=\"widget\" data-widget_type=\"heading.default\">\n\t\t\t\t<div class=\"elementor-widget-container\">\n\t\t\t<h2 class=\"elementor-heading-title elementor-size-default\">Suodatinj\u00e4rjestelm\u00e4<\/h2>\t\t<\/div>\n\t\t\t\t<\/div>\n\t\t\t\t<div class=\"elementor-element elementor-element-5c67f5d elementor-widget elementor-widget-text-editor\" data-id=\"5c67f5d\" data-element_type=\"widget\" data-widget_type=\"text-editor.default\">\n\t\t\t\t<div class=\"elementor-widget-container\">\n\t\t\t\t\t\t\t<ul><li>Imuilmasuodattimet 12 pussia x 2 s\u00e4ili\u00f6n sivulla<\/li><li>Molemmilla puolilla, tyhjennysluukut s\u00e4il\u00f6n sis\u00e4ll\u00e4, huolto-\/puhdistusluukut sivulla (mahdollistaa suodattimien helpon pesun purkamatta)<\/li><li>Turvasuodinpaketti 3 kpl suodattimia<\/li><\/ul>\t\t\t\t\t\t<\/div>\n\t\t\t\t<\/div>\n\t\t\t\t<div class=\"elementor-element elementor-element-caaaac5 elementor-widget elementor-widget-heading\" data-id=\"caaaac5\" data-element_type=\"widget\" data-widget_type=\"heading.default\">\n\t\t\t\t<div class=\"elementor-widget-container\">\n\t\t\t<h2 class=\"elementor-heading-title elementor-size-default\">Valittavia lis\u00e4varusteita<\/h2>\t\t<\/div>\n\t\t\t\t<\/div>\n\t\t\t\t<div class=\"elementor-element elementor-element-d14b2d9 elementor-widget elementor-widget-text-editor\" data-id=\"d14b2d9\" data-element_type=\"widget\" data-widget_type=\"text-editor.default\">\n\t\t\t\t<div class=\"elementor-widget-container\">\n\t\t\t\t\t\t\t<ul><li>Radiolaite, toiminnot valittavissa asiakkaan tarpeen mukaan<\/li><li>Kierrosluvun s\u00e4\u00e4t\u00f6<\/li><li>Pumppujen kierrosluku- ja k\u00e4ytt\u00f6tuntimittarit<\/li><li>Ledimajakat, sijoitus asiakkaan toiveiden mukaan<\/li><li>Imupuomi 6\u201d letkulla<\/li><li>Ohjauskeskus<\/li><li>P\u00e4\u00e4llirakenteessa oma s\u00e4hk\u00f6j\u00e4rjestelm\u00e4<\/li><li>Letkukoukut<\/li><li>Puhallusyhteen viereen k\u00e4sik\u00e4ytt\u00f6inen j\u00e4\u00e4ns\u00e4rkij\u00e4<\/li><li>Paineilmakela<\/li><li>Maadoituskela<\/li><li>T\u00e4rylaite<\/li><li>Lapiolle, rautakangelle ja tikapuille telineet<\/li><li>Sammutin<br \/><br \/><\/li><\/ul><p><strong>LATAA PDF ESITE:<\/strong> <a href=\"https:\/\/keox.fi\/wp-content\/uploads\/2017\/12\/Keox-Suurtehoimuri-1.pdf\">Keox Suurtehoimuri<\/a><\/p>\t\t\t\t\t\t<\/div>\n\t\t\t\t<\/div>\n\t\t\t\t<\/div>\n\t\t<div class=\"elementor-element elementor-element-355040d e-con-full e-flex e-con e-child\" data-id=\"355040d\" data-element_type=\"container\">\n\t\t\t\t<div class=\"elementor-element elementor-element-f507ad6 elementor-widget elementor-widget-image\" data-id=\"f507ad6\" data-element_type=\"widget\" data-widget_type=\"image.default\">\n\t\t\t\t<div class=\"elementor-widget-container\">\n\t\t\t\t\t\t\t\t\t\t\t\t\t<img fetchpriority=\"high\" decoding=\"async\" width=\"1450\" height=\"780\" src=\"https:\/\/keox.fi\/wp-content\/uploads\/2016\/10\/15-12111-Layout.jpg\" class=\"attachment-full size-full wp-image-343\" alt=\"\" srcset=\"https:\/\/keox.fi\/wp-content\/uploads\/2016\/10\/15-12111-Layout.jpg 1450w, https:\/\/keox.fi\/wp-content\/uploads\/2016\/10\/15-12111-Layout-640x344.jpg 640w, https:\/\/keox.fi\/wp-content\/uploads\/2016\/10\/15-12111-Layout-768x413.jpg 768w, https:\/\/keox.fi\/wp-content\/uploads\/2016\/10\/15-12111-Layout-820x441.jpg 820w\" sizes=\"(max-width: 1450px) 100vw, 1450px\" \/>\t\t\t\t\t\t\t\t\t\t\t\t\t<\/div>\n\t\t\t\t<\/div>\n\t\t\t\t<\/div>\n\t\t\t\t<\/div>\n\t\t\t\t<\/div>\n\t\t","protected":false},"excerpt":{"rendered":"<p>Til suging av t\u00f8rre og v\u00e5te stoffer samt til bl\u00e5sing av t\u00f8rre kornaktige stoffer. Keox 9000 er en enhet planlagt for behovene i industrien, som kan suge og behandle store mengder finkornede materialer samt slam og v\u00e6ske.<\/p>\n","protected":false},"author":2,"featured_media":0,"parent":1227,"menu_order":0,"comment_status":"closed","ping_status":"closed","template":"elementor_header_footer","meta":{"ngg_post_thumbnail":0,"footnotes":""},"class_list":["post-1241","page","type-page","status-publish","hentry"],"yoast_head":"<!-- This site is optimized with the Yoast SEO plugin v24.3 - https:\/\/yoast.com\/wordpress\/plugins\/seo\/ -->\n<title>Keox 9000 14 RST NO - KEOX<\/title>\n<meta name=\"robots\" content=\"index, follow, max-snippet:-1, max-image-preview:large, max-video-preview:-1\" \/>\n<link rel=\"canonical\" href=\"https:\/\/keox.fi\/tuotteet\/kuivaimurit\/keox-9000\/\" \/>\n<meta property=\"og:locale\" content=\"en_US\" \/>\n<meta property=\"og:type\" content=\"article\" \/>\n<meta property=\"og:title\" content=\"Keox 9000 14 RST NO - KEOX\" \/>\n<meta property=\"og:description\" content=\"Til suging av t\u00f8rre og v\u00e5te stoffer samt til bl\u00e5sing av t\u00f8rre kornaktige stoffer. Keox 9000 er en enhet planlagt for behovene i industrien, som kan suge og behandle store mengder finkornede materialer samt slam og v\u00e6ske.\" \/>\n<meta property=\"og:url\" content=\"https:\/\/keox.fi\/tuotteet\/kuivaimurit\/keox-9000\/\" \/>\n<meta property=\"og:site_name\" content=\"KEOX\" \/>\n<meta property=\"article:publisher\" content=\"https:\/\/www.facebook.com\/KeoxOy\/\" \/>\n<meta property=\"article:modified_time\" content=\"2025-01-31T11:45:44+00:00\" \/>\n<meta property=\"og:image\" content=\"https:\/\/keox.fi\/wp-content\/uploads\/2016\/10\/IMG_0800_Nettisivuille-820x461.jpg\" \/>\n<meta name=\"twitter:card\" content=\"summary_large_image\" \/>\n<meta name=\"twitter:label1\" content=\"Est. reading time\" \/>\n\t<meta name=\"twitter:data1\" content=\"1 minute\" \/>\n<script type=\"application\/ld+json\" class=\"yoast-schema-graph\">{\"@context\":\"https:\/\/schema.org\",\"@graph\":[{\"@type\":\"WebPage\",\"@id\":\"https:\/\/keox.fi\/tuotteet\/kuivaimurit\/keox-9000\/\",\"url\":\"https:\/\/keox.fi\/tuotteet\/kuivaimurit\/keox-9000\/\",\"name\":\"Keox 9000 14 RST NO - KEOX\",\"isPartOf\":{\"@id\":\"https:\/\/keox.fi\/no\/#website\"},\"primaryImageOfPage\":{\"@id\":\"https:\/\/keox.fi\/tuotteet\/kuivaimurit\/keox-9000\/#primaryimage\"},\"image\":{\"@id\":\"https:\/\/keox.fi\/tuotteet\/kuivaimurit\/keox-9000\/#primaryimage\"},\"thumbnailUrl\":\"https:\/\/keox.fi\/wp-content\/uploads\/2016\/10\/IMG_0800_Nettisivuille-820x461.jpg\",\"datePublished\":\"2019-10-10T14:31:39+00:00\",\"dateModified\":\"2025-01-31T11:45:44+00:00\",\"breadcrumb\":{\"@id\":\"https:\/\/keox.fi\/tuotteet\/kuivaimurit\/keox-9000\/#breadcrumb\"},\"inLanguage\":\"no\",\"potentialAction\":[{\"@type\":\"ReadAction\",\"target\":[\"https:\/\/keox.fi\/tuotteet\/kuivaimurit\/keox-9000\/\"]}]},{\"@type\":\"ImageObject\",\"inLanguage\":\"no\",\"@id\":\"https:\/\/keox.fi\/tuotteet\/kuivaimurit\/keox-9000\/#primaryimage\",\"url\":\"https:\/\/keox.fi\/wp-content\/uploads\/2016\/10\/IMG_0800_Nettisivuille-820x461.jpg\",\"contentUrl\":\"https:\/\/keox.fi\/wp-content\/uploads\/2016\/10\/IMG_0800_Nettisivuille-820x461.jpg\"},{\"@type\":\"BreadcrumbList\",\"@id\":\"https:\/\/keox.fi\/tuotteet\/kuivaimurit\/keox-9000\/#breadcrumb\",\"itemListElement\":[{\"@type\":\"ListItem\",\"position\":1,\"name\":\"Etusivu\",\"item\":\"https:\/\/keox.fi\/no\/forsiden\/\"},{\"@type\":\"ListItem\",\"position\":2,\"name\":\"Produkter\",\"item\":\"https:\/\/keox.fi\/no\/produkter\/\"},{\"@type\":\"ListItem\",\"position\":3,\"name\":\"Yksityinen: T\u00f8rrsugere\",\"item\":\"https:\/\/keox.fi\/?page_id=36\"},{\"@type\":\"ListItem\",\"position\":4,\"name\":\"Keox 9000 14 RST NO\"}]},{\"@type\":\"WebSite\",\"@id\":\"https:\/\/keox.fi\/no\/#website\",\"url\":\"https:\/\/keox.fi\/no\/\",\"name\":\"KEOX\",\"description\":\"Palvelemme monipuolisesti\",\"publisher\":{\"@id\":\"https:\/\/keox.fi\/no\/#organization\"},\"potentialAction\":[{\"@type\":\"SearchAction\",\"target\":{\"@type\":\"EntryPoint\",\"urlTemplate\":\"https:\/\/keox.fi\/no\/?s={search_term_string}\"},\"query-input\":{\"@type\":\"PropertyValueSpecification\",\"valueRequired\":true,\"valueName\":\"search_term_string\"}}],\"inLanguage\":\"no\"},{\"@type\":\"Organization\",\"@id\":\"https:\/\/keox.fi\/no\/#organization\",\"name\":\"Keox Oy\",\"url\":\"https:\/\/keox.fi\/no\/\",\"logo\":{\"@type\":\"ImageObject\",\"inLanguage\":\"no\",\"@id\":\"https:\/\/keox.fi\/no\/#\/schema\/logo\/image\/\",\"url\":\"https:\/\/keox.fi\/wp-content\/uploads\/2019\/12\/logo-pos.png\",\"contentUrl\":\"https:\/\/keox.fi\/wp-content\/uploads\/2019\/12\/logo-pos.png\",\"width\":3479,\"height\":3479,\"caption\":\"Keox Oy\"},\"image\":{\"@id\":\"https:\/\/keox.fi\/no\/#\/schema\/logo\/image\/\"},\"sameAs\":[\"https:\/\/www.facebook.com\/KeoxOy\/\",\"https:\/\/www.linkedin.com\/company\/25030509\",\"https:\/\/www.youtube.com\/channel\/UCU54gMqjcR5mvbKJz4gAoAg\"]}]}<\/script>\n<!-- \/ Yoast SEO plugin. -->","yoast_head_json":{"title":"Keox 9000 14 RST NO - KEOX","robots":{"index":"index","follow":"follow","max-snippet":"max-snippet:-1","max-image-preview":"max-image-preview:large","max-video-preview":"max-video-preview:-1"},"canonical":"https:\/\/keox.fi\/tuotteet\/kuivaimurit\/keox-9000\/","og_locale":"en_US","og_type":"article","og_title":"Keox 9000 14 RST NO - KEOX","og_description":"Til suging av t\u00f8rre og v\u00e5te stoffer samt til bl\u00e5sing av t\u00f8rre kornaktige stoffer. Keox 9000 er en enhet planlagt for behovene i industrien, som kan suge og behandle store mengder finkornede materialer samt slam og v\u00e6ske.","og_url":"https:\/\/keox.fi\/tuotteet\/kuivaimurit\/keox-9000\/","og_site_name":"KEOX","article_publisher":"https:\/\/www.facebook.com\/KeoxOy\/","article_modified_time":"2025-01-31T11:45:44+00:00","og_image":[{"url":"https:\/\/keox.fi\/wp-content\/uploads\/2016\/10\/IMG_0800_Nettisivuille-820x461.jpg","type":"","width":"","height":""}],"twitter_card":"summary_large_image","twitter_misc":{"Est. reading time":"1 minute"},"schema":{"@context":"https:\/\/schema.org","@graph":[{"@type":"WebPage","@id":"https:\/\/keox.fi\/tuotteet\/kuivaimurit\/keox-9000\/","url":"https:\/\/keox.fi\/tuotteet\/kuivaimurit\/keox-9000\/","name":"Keox 9000 14 RST NO - KEOX","isPartOf":{"@id":"https:\/\/keox.fi\/no\/#website"},"primaryImageOfPage":{"@id":"https:\/\/keox.fi\/tuotteet\/kuivaimurit\/keox-9000\/#primaryimage"},"image":{"@id":"https:\/\/keox.fi\/tuotteet\/kuivaimurit\/keox-9000\/#primaryimage"},"thumbnailUrl":"https:\/\/keox.fi\/wp-content\/uploads\/2016\/10\/IMG_0800_Nettisivuille-820x461.jpg","datePublished":"2019-10-10T14:31:39+00:00","dateModified":"2025-01-31T11:45:44+00:00","breadcrumb":{"@id":"https:\/\/keox.fi\/tuotteet\/kuivaimurit\/keox-9000\/#breadcrumb"},"inLanguage":"no","potentialAction":[{"@type":"ReadAction","target":["https:\/\/keox.fi\/tuotteet\/kuivaimurit\/keox-9000\/"]}]},{"@type":"ImageObject","inLanguage":"no","@id":"https:\/\/keox.fi\/tuotteet\/kuivaimurit\/keox-9000\/#primaryimage","url":"https:\/\/keox.fi\/wp-content\/uploads\/2016\/10\/IMG_0800_Nettisivuille-820x461.jpg","contentUrl":"https:\/\/keox.fi\/wp-content\/uploads\/2016\/10\/IMG_0800_Nettisivuille-820x461.jpg"},{"@type":"BreadcrumbList","@id":"https:\/\/keox.fi\/tuotteet\/kuivaimurit\/keox-9000\/#breadcrumb","itemListElement":[{"@type":"ListItem","position":1,"name":"Etusivu","item":"https:\/\/keox.fi\/no\/forsiden\/"},{"@type":"ListItem","position":2,"name":"Produkter","item":"https:\/\/keox.fi\/no\/produkter\/"},{"@type":"ListItem","position":3,"name":"Yksityinen: T\u00f8rrsugere","item":"https:\/\/keox.fi\/?page_id=36"},{"@type":"ListItem","position":4,"name":"Keox 9000 14 RST NO"}]},{"@type":"WebSite","@id":"https:\/\/keox.fi\/no\/#website","url":"https:\/\/keox.fi\/no\/","name":"KEOX","description":"Palvelemme monipuolisesti","publisher":{"@id":"https:\/\/keox.fi\/no\/#organization"},"potentialAction":[{"@type":"SearchAction","target":{"@type":"EntryPoint","urlTemplate":"https:\/\/keox.fi\/no\/?s={search_term_string}"},"query-input":{"@type":"PropertyValueSpecification","valueRequired":true,"valueName":"search_term_string"}}],"inLanguage":"no"},{"@type":"Organization","@id":"https:\/\/keox.fi\/no\/#organization","name":"Keox Oy","url":"https:\/\/keox.fi\/no\/","logo":{"@type":"ImageObject","inLanguage":"no","@id":"https:\/\/keox.fi\/no\/#\/schema\/logo\/image\/","url":"https:\/\/keox.fi\/wp-content\/uploads\/2019\/12\/logo-pos.png","contentUrl":"https:\/\/keox.fi\/wp-content\/uploads\/2019\/12\/logo-pos.png","width":3479,"height":3479,"caption":"Keox Oy"},"image":{"@id":"https:\/\/keox.fi\/no\/#\/schema\/logo\/image\/"},"sameAs":["https:\/\/www.facebook.com\/KeoxOy\/","https:\/\/www.linkedin.com\/company\/25030509","https:\/\/www.youtube.com\/channel\/UCU54gMqjcR5mvbKJz4gAoAg"]}]}},"_links":{"self":[{"href":"https:\/\/keox.fi\/no\/wp-json\/wp\/v2\/pages\/1241"}],"collection":[{"href":"https:\/\/keox.fi\/no\/wp-json\/wp\/v2\/pages"}],"about":[{"href":"https:\/\/keox.fi\/no\/wp-json\/wp\/v2\/types\/page"}],"author":[{"embeddable":true,"href":"https:\/\/keox.fi\/no\/wp-json\/wp\/v2\/users\/2"}],"replies":[{"embeddable":true,"href":"https:\/\/keox.fi\/no\/wp-json\/wp\/v2\/comments?post=1241"}],"version-history":[{"count":4,"href":"https:\/\/keox.fi\/no\/wp-json\/wp\/v2\/pages\/1241\/revisions"}],"predecessor-version":[{"id":3369,"href":"https:\/\/keox.fi\/no\/wp-json\/wp\/v2\/pages\/1241\/revisions\/3369"}],"up":[{"embeddable":true,"href":"https:\/\/keox.fi\/no\/wp-json\/wp\/v2\/pages\/1227"}],"wp:attachment":[{"href":"https:\/\/keox.fi\/no\/wp-json\/wp\/v2\/media?parent=1241"}],"curies":[{"name":"wp","href":"https:\/\/api.w.org\/{rel}","templated":true}]}}