{"id":1231,"date":"2019-10-10T16:11:54","date_gmt":"2019-10-10T14:11:54","guid":{"rendered":"https:\/\/keox.fi\/?page_id=1231"},"modified":"2025-01-31T13:45:47","modified_gmt":"2025-01-31T11:45:47","slug":"keox-7500","status":"publish","type":"page","link":"https:\/\/keox.fi\/no\/produkter\/torrsugere\/keox-7500\/","title":{"rendered":"Keox 7500"},"content":{"rendered":"\t\t<div data-elementor-type=\"wp-page\" data-elementor-id=\"1231\" class=\"elementor elementor-1231\" data-elementor-post-type=\"page\">\n\t\t\t\t<div class=\"elementor-element elementor-element-1fb6e25 e-flex e-con-boxed e-con e-parent\" data-id=\"1fb6e25\" data-element_type=\"container\" data-settings=\"{&quot;background_background&quot;:&quot;classic&quot;}\">\n\t\t\t\t\t<div class=\"e-con-inner\">\n\t\t\t\t<div class=\"elementor-element elementor-element-2f5d2e0 elementor-widget elementor-widget-heading\" data-id=\"2f5d2e0\" data-element_type=\"widget\" data-widget_type=\"heading.default\">\n\t\t\t\t<div class=\"elementor-widget-container\">\n\t\t\t<h2 class=\"elementor-heading-title elementor-size-default\">Keox 7500<\/h2>\t\t<\/div>\n\t\t\t\t<\/div>\n\t\t\t\t<div class=\"elementor-element elementor-element-d3a863c elementor-widget elementor-widget-text-editor\" data-id=\"d3a863c\" data-element_type=\"widget\" data-widget_type=\"text-editor.default\">\n\t\t\t\t<div class=\"elementor-widget-container\">\n\t\t\t\t\t\t\t<p>Keox 7500 on t\u00e4ysikokoinen yhdistelm\u00e4laite, joka hoitaa yleisimm\u00e4t kuivaimuty\u00f6t. Laite soveltuu nestem\u00e4isten ja kuivien aineiden imemiseen ja puhaltamiseen.<\/p>\t\t\t\t\t\t<\/div>\n\t\t\t\t<\/div>\n\t\t\t\t\t<\/div>\n\t\t\t\t<\/div>\n\t\t<div class=\"elementor-element elementor-element-5082302 e-con-full e-flex e-con e-parent\" data-id=\"5082302\" data-element_type=\"container\" data-settings=\"{&quot;background_background&quot;:&quot;classic&quot;}\">\n\t\t<div class=\"elementor-element elementor-element-e548944 e-con-full e-flex e-con e-child\" data-id=\"e548944\" data-element_type=\"container\">\n\t\t\t\t<div class=\"elementor-element elementor-element-82c4b66 elementor-widget elementor-widget-heading\" data-id=\"82c4b66\" data-element_type=\"widget\" data-widget_type=\"heading.default\">\n\t\t\t\t<div class=\"elementor-widget-container\">\n\t\t\t<h2 class=\"elementor-heading-title elementor-size-default\">TEKNISET TIEDOT<\/h2>\t\t<\/div>\n\t\t\t\t<\/div>\n\t\t\t\t<div class=\"elementor-element elementor-element-9986c9f elementor-widget elementor-widget-text-editor\" data-id=\"9986c9f\" data-element_type=\"widget\" data-widget_type=\"text-editor.default\">\n\t\t\t\t<div class=\"elementor-widget-container\">\n\t\t\t\t\t\t\t<ul><li>S\u00e4ili\u00f6st\u00f6n mitoitus asiakkaan toiveet huomioiden<\/li><li>Hydraulikippi tyhjennykseen<\/li><li>Tilavat letkujen s\u00e4ilytystasot molemmilla sivuilla<\/li><li>Pienet tehoh\u00e4vi\u00f6t<\/li><li>Alhaiset k\u00e4ytt\u00f6kierrokset<\/li><li>Minimoidut p\u00e4\u00e4st\u00f6t<\/li><li>Suodattimien helppo puhdistus<\/li><li>Radiolaite<\/li><\/ul>\t\t\t\t\t\t<\/div>\n\t\t\t\t<\/div>\n\t\t\t\t<div class=\"elementor-element elementor-element-f05b01b elementor-widget elementor-widget-heading\" data-id=\"f05b01b\" data-element_type=\"widget\" data-widget_type=\"heading.default\">\n\t\t\t\t<div class=\"elementor-widget-container\">\n\t\t\t<h2 class=\"elementor-heading-title elementor-size-default\">Valittavia lis\u00e4varusteita<\/h2>\t\t<\/div>\n\t\t\t\t<\/div>\n\t\t\t\t<div class=\"elementor-element elementor-element-e6b175c elementor-widget elementor-widget-text-editor\" data-id=\"e6b175c\" data-element_type=\"widget\" data-widget_type=\"text-editor.default\">\n\t\t\t\t<div class=\"elementor-widget-container\">\n\t\t\t\t\t\t\t<ul><li>Ty\u00f6valot toivotuissa paikoissa<\/li><li>Roikkavalokela<\/li><li>Maadoitusjohtokela<\/li><li>Paineilmakela<\/li><li>Majakat s\u00e4ili\u00f6n takaosassa<\/li><li>Letkuhyllyt molemmilla sivuilla<\/li><li>Varastokela 6\u201d letkuille s\u00e4ili\u00f6n takana<\/li><li>Hydraulis\u00e4ili\u00f6 valmiina alustassa<\/li><li>Apuhydrauliikan pumppu<\/li><\/ul><p><strong><br \/>LATAA PDF ESITE: <\/strong><a href=\"https:\/\/keox.fi\/wp-content\/uploads\/2017\/12\/Keox-7500-2.pdf\">Keox 7500<\/a><\/p>\t\t\t\t\t\t<\/div>\n\t\t\t\t<\/div>\n\t\t\t\t<\/div>\n\t\t<div class=\"elementor-element elementor-element-56acbe9 e-con-full e-flex e-con e-child\" data-id=\"56acbe9\" data-element_type=\"container\">\n\t\t\t\t<div class=\"elementor-element elementor-element-e246ea5 elementor-widget elementor-widget-image\" data-id=\"e246ea5\" data-element_type=\"widget\" data-widget_type=\"image.default\">\n\t\t\t\t<div class=\"elementor-widget-container\">\n\t\t\t\t\t\t\t\t\t\t\t\t\t<img decoding=\"async\" src=\"https:\/\/keox.fi\/wp-content\/uploads\/elementor\/thumbs\/listakuva_imuautot-oiau3m27xpk3kfhqq5pvot3cz02bfwmbjt2bafipas.jpg\" title=\"Imuautot\" alt=\"Imuautot\" loading=\"lazy\" \/>\t\t\t\t\t\t\t\t\t\t\t\t\t<\/div>\n\t\t\t\t<\/div>\n\t\t\t\t<\/div>\n\t\t\t\t<\/div>\n\t\t\t\t<\/div>\n\t\t","protected":false},"excerpt":{"rendered":"<p>Keox Hybrid er en kombienhet i full st\u00f8rrelse, som ogs\u00e5 kan ta seg av de mest vanlige t\u00f8rrsugingsjobbene. Til suging og bl\u00e5sing av flytende og t\u00f8rre stoffer. Maksimal kapasitet, nyttelast og h\u00e5ndterbarhet samt et lavere drivstofforbruk.<\/p>\n","protected":false},"author":2,"featured_media":0,"parent":1227,"menu_order":0,"comment_status":"closed","ping_status":"closed","template":"elementor_header_footer","meta":{"ngg_post_thumbnail":0,"footnotes":""},"class_list":["post-1231","page","type-page","status-publish","hentry"],"yoast_head":"<!-- This site is optimized with the Yoast SEO plugin v24.3 - https:\/\/yoast.com\/wordpress\/plugins\/seo\/ -->\n<title>Keox 7500 - KEOX<\/title>\n<meta name=\"robots\" content=\"index, follow, max-snippet:-1, max-image-preview:large, max-video-preview:-1\" \/>\n<link rel=\"canonical\" href=\"https:\/\/keox.fi\/tuotteet\/kuivaimurit\/keox-7500-hybrid\/\" \/>\n<meta property=\"og:locale\" content=\"en_US\" \/>\n<meta property=\"og:type\" content=\"article\" \/>\n<meta property=\"og:title\" content=\"Keox 7500 - KEOX\" \/>\n<meta property=\"og:description\" content=\"Keox Hybrid er en kombienhet i full st\u00f8rrelse, som ogs\u00e5 kan ta seg av de mest vanlige t\u00f8rrsugingsjobbene. Til suging og bl\u00e5sing av flytende og t\u00f8rre stoffer. Maksimal kapasitet, nyttelast og h\u00e5ndterbarhet samt et lavere drivstofforbruk.\" \/>\n<meta property=\"og:url\" content=\"https:\/\/keox.fi\/tuotteet\/kuivaimurit\/keox-7500-hybrid\/\" \/>\n<meta property=\"og:site_name\" content=\"KEOX\" \/>\n<meta property=\"article:publisher\" content=\"https:\/\/www.facebook.com\/KeoxOy\/\" \/>\n<meta property=\"article:modified_time\" content=\"2025-01-31T11:45:47+00:00\" \/>\n<meta property=\"og:image\" content=\"https:\/\/keox.fi\/wp-content\/uploads\/2016\/10\/listakuva_imuautot-820x460.jpg\" \/>\n<meta name=\"twitter:card\" content=\"summary_large_image\" \/>\n<meta name=\"twitter:label1\" content=\"Est. reading time\" \/>\n\t<meta name=\"twitter:data1\" content=\"1 minute\" \/>\n<script type=\"application\/ld+json\" class=\"yoast-schema-graph\">{\"@context\":\"https:\/\/schema.org\",\"@graph\":[{\"@type\":\"WebPage\",\"@id\":\"https:\/\/keox.fi\/tuotteet\/kuivaimurit\/keox-7500-hybrid\/\",\"url\":\"https:\/\/keox.fi\/tuotteet\/kuivaimurit\/keox-7500-hybrid\/\",\"name\":\"Keox 7500 - KEOX\",\"isPartOf\":{\"@id\":\"https:\/\/keox.fi\/no\/#website\"},\"primaryImageOfPage\":{\"@id\":\"https:\/\/keox.fi\/tuotteet\/kuivaimurit\/keox-7500-hybrid\/#primaryimage\"},\"image\":{\"@id\":\"https:\/\/keox.fi\/tuotteet\/kuivaimurit\/keox-7500-hybrid\/#primaryimage\"},\"thumbnailUrl\":\"https:\/\/keox.fi\/wp-content\/uploads\/2016\/10\/listakuva_imuautot-820x460.jpg\",\"datePublished\":\"2019-10-10T14:11:54+00:00\",\"dateModified\":\"2025-01-31T11:45:47+00:00\",\"breadcrumb\":{\"@id\":\"https:\/\/keox.fi\/tuotteet\/kuivaimurit\/keox-7500-hybrid\/#breadcrumb\"},\"inLanguage\":\"no\",\"potentialAction\":[{\"@type\":\"ReadAction\",\"target\":[\"https:\/\/keox.fi\/tuotteet\/kuivaimurit\/keox-7500-hybrid\/\"]}]},{\"@type\":\"ImageObject\",\"inLanguage\":\"no\",\"@id\":\"https:\/\/keox.fi\/tuotteet\/kuivaimurit\/keox-7500-hybrid\/#primaryimage\",\"url\":\"https:\/\/keox.fi\/wp-content\/uploads\/2016\/10\/listakuva_imuautot-820x460.jpg\",\"contentUrl\":\"https:\/\/keox.fi\/wp-content\/uploads\/2016\/10\/listakuva_imuautot-820x460.jpg\"},{\"@type\":\"BreadcrumbList\",\"@id\":\"https:\/\/keox.fi\/tuotteet\/kuivaimurit\/keox-7500-hybrid\/#breadcrumb\",\"itemListElement\":[{\"@type\":\"ListItem\",\"position\":1,\"name\":\"Etusivu\",\"item\":\"https:\/\/keox.fi\/no\/forsiden\/\"},{\"@type\":\"ListItem\",\"position\":2,\"name\":\"Produkter\",\"item\":\"https:\/\/keox.fi\/no\/produkter\/\"},{\"@type\":\"ListItem\",\"position\":3,\"name\":\"Yksityinen: T\u00f8rrsugere\",\"item\":\"https:\/\/keox.fi\/?page_id=36\"},{\"@type\":\"ListItem\",\"position\":4,\"name\":\"Keox 7500\"}]},{\"@type\":\"WebSite\",\"@id\":\"https:\/\/keox.fi\/no\/#website\",\"url\":\"https:\/\/keox.fi\/no\/\",\"name\":\"KEOX\",\"description\":\"Palvelemme monipuolisesti\",\"publisher\":{\"@id\":\"https:\/\/keox.fi\/no\/#organization\"},\"potentialAction\":[{\"@type\":\"SearchAction\",\"target\":{\"@type\":\"EntryPoint\",\"urlTemplate\":\"https:\/\/keox.fi\/no\/?s={search_term_string}\"},\"query-input\":{\"@type\":\"PropertyValueSpecification\",\"valueRequired\":true,\"valueName\":\"search_term_string\"}}],\"inLanguage\":\"no\"},{\"@type\":\"Organization\",\"@id\":\"https:\/\/keox.fi\/no\/#organization\",\"name\":\"Keox Oy\",\"url\":\"https:\/\/keox.fi\/no\/\",\"logo\":{\"@type\":\"ImageObject\",\"inLanguage\":\"no\",\"@id\":\"https:\/\/keox.fi\/no\/#\/schema\/logo\/image\/\",\"url\":\"https:\/\/keox.fi\/wp-content\/uploads\/2019\/12\/logo-pos.png\",\"contentUrl\":\"https:\/\/keox.fi\/wp-content\/uploads\/2019\/12\/logo-pos.png\",\"width\":3479,\"height\":3479,\"caption\":\"Keox Oy\"},\"image\":{\"@id\":\"https:\/\/keox.fi\/no\/#\/schema\/logo\/image\/\"},\"sameAs\":[\"https:\/\/www.facebook.com\/KeoxOy\/\",\"https:\/\/www.linkedin.com\/company\/25030509\",\"https:\/\/www.youtube.com\/channel\/UCU54gMqjcR5mvbKJz4gAoAg\"]}]}<\/script>\n<!-- \/ Yoast SEO plugin. -->","yoast_head_json":{"title":"Keox 7500 - KEOX","robots":{"index":"index","follow":"follow","max-snippet":"max-snippet:-1","max-image-preview":"max-image-preview:large","max-video-preview":"max-video-preview:-1"},"canonical":"https:\/\/keox.fi\/tuotteet\/kuivaimurit\/keox-7500-hybrid\/","og_locale":"en_US","og_type":"article","og_title":"Keox 7500 - KEOX","og_description":"Keox Hybrid er en kombienhet i full st\u00f8rrelse, som ogs\u00e5 kan ta seg av de mest vanlige t\u00f8rrsugingsjobbene. Til suging og bl\u00e5sing av flytende og t\u00f8rre stoffer. Maksimal kapasitet, nyttelast og h\u00e5ndterbarhet samt et lavere drivstofforbruk.","og_url":"https:\/\/keox.fi\/tuotteet\/kuivaimurit\/keox-7500-hybrid\/","og_site_name":"KEOX","article_publisher":"https:\/\/www.facebook.com\/KeoxOy\/","article_modified_time":"2025-01-31T11:45:47+00:00","og_image":[{"url":"https:\/\/keox.fi\/wp-content\/uploads\/2016\/10\/listakuva_imuautot-820x460.jpg","type":"","width":"","height":""}],"twitter_card":"summary_large_image","twitter_misc":{"Est. reading time":"1 minute"},"schema":{"@context":"https:\/\/schema.org","@graph":[{"@type":"WebPage","@id":"https:\/\/keox.fi\/tuotteet\/kuivaimurit\/keox-7500-hybrid\/","url":"https:\/\/keox.fi\/tuotteet\/kuivaimurit\/keox-7500-hybrid\/","name":"Keox 7500 - KEOX","isPartOf":{"@id":"https:\/\/keox.fi\/no\/#website"},"primaryImageOfPage":{"@id":"https:\/\/keox.fi\/tuotteet\/kuivaimurit\/keox-7500-hybrid\/#primaryimage"},"image":{"@id":"https:\/\/keox.fi\/tuotteet\/kuivaimurit\/keox-7500-hybrid\/#primaryimage"},"thumbnailUrl":"https:\/\/keox.fi\/wp-content\/uploads\/2016\/10\/listakuva_imuautot-820x460.jpg","datePublished":"2019-10-10T14:11:54+00:00","dateModified":"2025-01-31T11:45:47+00:00","breadcrumb":{"@id":"https:\/\/keox.fi\/tuotteet\/kuivaimurit\/keox-7500-hybrid\/#breadcrumb"},"inLanguage":"no","potentialAction":[{"@type":"ReadAction","target":["https:\/\/keox.fi\/tuotteet\/kuivaimurit\/keox-7500-hybrid\/"]}]},{"@type":"ImageObject","inLanguage":"no","@id":"https:\/\/keox.fi\/tuotteet\/kuivaimurit\/keox-7500-hybrid\/#primaryimage","url":"https:\/\/keox.fi\/wp-content\/uploads\/2016\/10\/listakuva_imuautot-820x460.jpg","contentUrl":"https:\/\/keox.fi\/wp-content\/uploads\/2016\/10\/listakuva_imuautot-820x460.jpg"},{"@type":"BreadcrumbList","@id":"https:\/\/keox.fi\/tuotteet\/kuivaimurit\/keox-7500-hybrid\/#breadcrumb","itemListElement":[{"@type":"ListItem","position":1,"name":"Etusivu","item":"https:\/\/keox.fi\/no\/forsiden\/"},{"@type":"ListItem","position":2,"name":"Produkter","item":"https:\/\/keox.fi\/no\/produkter\/"},{"@type":"ListItem","position":3,"name":"Yksityinen: T\u00f8rrsugere","item":"https:\/\/keox.fi\/?page_id=36"},{"@type":"ListItem","position":4,"name":"Keox 7500"}]},{"@type":"WebSite","@id":"https:\/\/keox.fi\/no\/#website","url":"https:\/\/keox.fi\/no\/","name":"KEOX","description":"Palvelemme monipuolisesti","publisher":{"@id":"https:\/\/keox.fi\/no\/#organization"},"potentialAction":[{"@type":"SearchAction","target":{"@type":"EntryPoint","urlTemplate":"https:\/\/keox.fi\/no\/?s={search_term_string}"},"query-input":{"@type":"PropertyValueSpecification","valueRequired":true,"valueName":"search_term_string"}}],"inLanguage":"no"},{"@type":"Organization","@id":"https:\/\/keox.fi\/no\/#organization","name":"Keox Oy","url":"https:\/\/keox.fi\/no\/","logo":{"@type":"ImageObject","inLanguage":"no","@id":"https:\/\/keox.fi\/no\/#\/schema\/logo\/image\/","url":"https:\/\/keox.fi\/wp-content\/uploads\/2019\/12\/logo-pos.png","contentUrl":"https:\/\/keox.fi\/wp-content\/uploads\/2019\/12\/logo-pos.png","width":3479,"height":3479,"caption":"Keox Oy"},"image":{"@id":"https:\/\/keox.fi\/no\/#\/schema\/logo\/image\/"},"sameAs":["https:\/\/www.facebook.com\/KeoxOy\/","https:\/\/www.linkedin.com\/company\/25030509","https:\/\/www.youtube.com\/channel\/UCU54gMqjcR5mvbKJz4gAoAg"]}]}},"_links":{"self":[{"href":"https:\/\/keox.fi\/no\/wp-json\/wp\/v2\/pages\/1231"}],"collection":[{"href":"https:\/\/keox.fi\/no\/wp-json\/wp\/v2\/pages"}],"about":[{"href":"https:\/\/keox.fi\/no\/wp-json\/wp\/v2\/types\/page"}],"author":[{"embeddable":true,"href":"https:\/\/keox.fi\/no\/wp-json\/wp\/v2\/users\/2"}],"replies":[{"embeddable":true,"href":"https:\/\/keox.fi\/no\/wp-json\/wp\/v2\/comments?post=1231"}],"version-history":[{"count":5,"href":"https:\/\/keox.fi\/no\/wp-json\/wp\/v2\/pages\/1231\/revisions"}],"predecessor-version":[{"id":3370,"href":"https:\/\/keox.fi\/no\/wp-json\/wp\/v2\/pages\/1231\/revisions\/3370"}],"up":[{"embeddable":true,"href":"https:\/\/keox.fi\/no\/wp-json\/wp\/v2\/pages\/1227"}],"wp:attachment":[{"href":"https:\/\/keox.fi\/no\/wp-json\/wp\/v2\/media?parent=1231"}],"curies":[{"name":"wp","href":"https:\/\/api.w.org\/{rel}","templated":true}]}}