{"id":1229,"date":"2019-10-10T16:07:24","date_gmt":"2019-10-10T14:07:24","guid":{"rendered":"https:\/\/keox.fi\/?page_id=1229"},"modified":"2025-01-31T13:45:40","modified_gmt":"2025-01-31T11:45:40","slug":"keox-asbest-13","status":"publish","type":"page","link":"https:\/\/keox.fi\/no\/produkter\/torrsugere\/keox-asbest-13\/","title":{"rendered":"Keox Asbest 13"},"content":{"rendered":"\t\t<div data-elementor-type=\"wp-page\" data-elementor-id=\"1229\" class=\"elementor elementor-1229\" data-elementor-post-type=\"page\">\n\t\t\t\t<div class=\"elementor-element elementor-element-ef75e64 e-flex e-con-boxed e-con e-parent\" data-id=\"ef75e64\" data-element_type=\"container\" data-settings=\"{&quot;background_background&quot;:&quot;classic&quot;}\">\n\t\t\t\t\t<div class=\"e-con-inner\">\n\t\t\t\t<div class=\"elementor-element elementor-element-e875255 elementor-widget elementor-widget-heading\" data-id=\"e875255\" data-element_type=\"widget\" data-widget_type=\"heading.default\">\n\t\t\t\t<div class=\"elementor-widget-container\">\n\t\t\t<h2 class=\"elementor-heading-title elementor-size-default\">Asbestin imus\u00e4ili\u00f6<\/h2>\t\t<\/div>\n\t\t\t\t<\/div>\n\t\t\t\t<div class=\"elementor-element elementor-element-686ac4d elementor-widget elementor-widget-text-editor\" data-id=\"686ac4d\" data-element_type=\"widget\" data-widget_type=\"text-editor.default\">\n\t\t\t\t<div class=\"elementor-widget-container\">\n\t\t\t\t\t\t\t<p>Tuomme uutuutena markkinoille patentoidun pakkaavan asbestin imus\u00e4ili\u00f6n. S\u00e4ili\u00f6ss\u00e4 on tyhjennykseen erikois tyhjennysyhde, josta s\u00e4ili\u00f6n sis\u00e4lt\u00f6 valuu suoraan muovisukkaan. Asbesti imus\u00e4ili\u00f6n k\u00e4yt\u00f6ll\u00e4 s\u00e4\u00e4st\u00e4t runsaasti aikaa purkuty\u00f6maalla sek\u00e4 suoritat kaatopaikalla kuorman purkamisen p\u00f6lytt\u00f6m\u00e4sti<\/p><p>Laitteen HEPA-suodatin est\u00e4\u00e4 asbestihiukkasten p\u00e4\u00e4syn kuivaimuriin. Ennen HEPA-suodatinta on 15 kpl pussisuotimia kevent\u00e4m\u00e4ss\u00e4 hiukkasuodattimen kuormitusta.<\/p><p>\u00a0<\/p>\t\t\t\t\t\t<\/div>\n\t\t\t\t<\/div>\n\t\t\t\t\t<\/div>\n\t\t\t\t<\/div>\n\t\t<div class=\"elementor-element elementor-element-0e07076 e-con-full e-flex e-con e-parent\" data-id=\"0e07076\" data-element_type=\"container\" data-settings=\"{&quot;background_background&quot;:&quot;classic&quot;}\">\n\t\t<div class=\"elementor-element elementor-element-e590289 e-con-full e-flex e-con e-child\" data-id=\"e590289\" data-element_type=\"container\">\n\t\t\t\t<div class=\"elementor-element elementor-element-318f5bb elementor-widget elementor-widget-heading\" data-id=\"318f5bb\" data-element_type=\"widget\" data-widget_type=\"heading.default\">\n\t\t\t\t<div class=\"elementor-widget-container\">\n\t\t\t<h2 class=\"elementor-heading-title elementor-size-default\">Keox Asbest<\/h2>\t\t<\/div>\n\t\t\t\t<\/div>\n\t\t\t\t<div class=\"elementor-element elementor-element-a51480e elementor-widget elementor-widget-text-editor\" data-id=\"a51480e\" data-element_type=\"widget\" data-widget_type=\"text-editor.default\">\n\t\t\t\t<div class=\"elementor-widget-container\">\n\t\t\t\t\t\t\t<ul><li>S\u00e4ili\u00f6n etuosassa esisuodatinkammio, jossa 15 kpl pussisuotimia.<\/li><li>S\u00e4ili\u00f6n alareunassa 6\u201d imuyhteell\u00e4 varustettu HEPA-suodatinkammio.<\/li><li>S\u00e4ili\u00f6n sis\u00e4ll\u00e4 on painovoimalla aukeava luukku, joka suojaa suodatinpusseja betonilohkareiden iskuilta.<\/li><li>Ennen imuty\u00f6n aloitusta muovisukka rullataan putken p\u00e4\u00e4lle ja sen p\u00e4\u00e4 sidotaan<\/li><li>Tyhjent\u00e4ess\u00e4 avataan luukku ja valutetaan kippaamalla s\u00e4ili\u00f6n sis\u00e4lt\u00f6<\/li><li>S\u00e4ili\u00f6n tyhjennytty\u00e4 sidotaan sukka nippusiteill\u00e4, ja j\u00e4te on valmiina paketissa<\/li><li>Vaihtolavatoteutus<\/li><li>S\u00e4ili\u00f6n koko asiakkaan valittavissa<\/li><li>Tyhjennysluukku: Hydraulinen, koko p\u00e4\u00e4ty aukeava, purkuputki 800 luukulla<\/li><\/ul>\t\t\t\t\t\t<\/div>\n\t\t\t\t<\/div>\n\t\t\t\t<div class=\"elementor-element elementor-element-7a38f7b elementor-widget elementor-widget-heading\" data-id=\"7a38f7b\" data-element_type=\"widget\" data-widget_type=\"heading.default\">\n\t\t\t\t<div class=\"elementor-widget-container\">\n\t\t\t<h2 class=\"elementor-heading-title elementor-size-default\">Keox Asbest<\/h2>\t\t<\/div>\n\t\t\t\t<\/div>\n\t\t\t\t<div class=\"elementor-element elementor-element-fba02dd elementor-widget elementor-widget-text-editor\" data-id=\"fba02dd\" data-element_type=\"widget\" data-widget_type=\"text-editor.default\">\n\t\t\t\t<div class=\"elementor-widget-container\">\n\t\t\t\t\t\t\t<ul><li>Imusuodatin 14 h\u00e4kki\u00e4 s\u00e4il\u00f6n etup\u00e4\u00e4dyss\u00e4 painovoimaisella luukulla<\/li><li>Asbesti suodatin omassa kammiossa s\u00e4ili\u00f6n sivulla<\/li><li>Takaisinvirtausventtiili suodattimien puhdistukselle<\/li><li>Hydrauli pikaliittimet<\/li><li>T\u00e4ry<\/li><\/ul><p><strong><br \/>LATAA PDF ESITE:\u00a0<\/strong><a href=\"https:\/\/keox.fi\/wp-content\/uploads\/2017\/12\/Keox-Asbest-3.pdf\">Keox Asbest<\/a><\/p>\t\t\t\t\t\t<\/div>\n\t\t\t\t<\/div>\n\t\t\t\t<\/div>\n\t\t<div class=\"elementor-element elementor-element-6f6955f e-con-full e-flex e-con e-child\" data-id=\"6f6955f\" data-element_type=\"container\">\n\t\t\t\t<div class=\"elementor-element elementor-element-170acbb elementor-widget elementor-widget-image\" data-id=\"170acbb\" data-element_type=\"widget\" data-widget_type=\"image.default\">\n\t\t\t\t<div class=\"elementor-widget-container\">\n\t\t\t\t\t\t\t\t\t\t\t\t\t<img decoding=\"async\" src=\"https:\/\/keox.fi\/wp-content\/uploads\/elementor\/thumbs\/Asbesti2-oiau5gsrey3ggqsswgke3u935cxdmez9gzdsd2rr10.jpg\" title=\"Asbesti2\" alt=\"Asbesti2\" loading=\"lazy\" \/>\t\t\t\t\t\t\t\t\t\t\t\t\t<\/div>\n\t\t\t\t<\/div>\n\t\t\t\t<\/div>\n\t\t\t\t<\/div>\n\t\t\t\t<\/div>\n\t\t","protected":false},"excerpt":{"rendered":"<p>Som en nyhet kommer Keox ut p\u00e5 markedet med en patentsikret komprimerende sugetank for asbest. Tanken har en spesialtapp for t\u00f8mming, og herfra renner innholdet direkte ut i en plaststr\u00f8mpe. Ved \u00e5 bruke sugetanken for asbest, sparer du rikelig med tid p\u00e5 riveplassen samt n\u00e5r du skal t\u00f8mme lasten uten st\u00f8ving p\u00e5 avfallsstasjonen.<\/p>\n","protected":false},"author":2,"featured_media":0,"parent":1227,"menu_order":0,"comment_status":"closed","ping_status":"closed","template":"elementor_header_footer","meta":{"ngg_post_thumbnail":0,"footnotes":""},"class_list":["post-1229","page","type-page","status-publish","hentry"],"yoast_head":"<!-- This site is optimized with the Yoast SEO plugin v24.3 - https:\/\/yoast.com\/wordpress\/plugins\/seo\/ -->\n<title>Keox Asbest 13 - KEOX<\/title>\n<meta name=\"robots\" content=\"index, follow, max-snippet:-1, max-image-preview:large, max-video-preview:-1\" \/>\n<link rel=\"canonical\" href=\"https:\/\/keox.fi\/tuotteet\/kuivaimurit\/keox-asbest-13\/\" \/>\n<meta property=\"og:locale\" content=\"en_US\" \/>\n<meta property=\"og:type\" content=\"article\" \/>\n<meta property=\"og:title\" content=\"Keox Asbest 13 - KEOX\" \/>\n<meta property=\"og:description\" content=\"Som en nyhet kommer Keox ut p\u00e5 markedet med en patentsikret komprimerende sugetank for asbest. Tanken har en spesialtapp for t\u00f8mming, og herfra renner innholdet direkte ut i en plaststr\u00f8mpe. Ved \u00e5 bruke sugetanken for asbest, sparer du rikelig med tid p\u00e5 riveplassen samt n\u00e5r du skal t\u00f8mme lasten uten st\u00f8ving p\u00e5 avfallsstasjonen.\" \/>\n<meta property=\"og:url\" content=\"https:\/\/keox.fi\/tuotteet\/kuivaimurit\/keox-asbest-13\/\" \/>\n<meta property=\"og:site_name\" content=\"KEOX\" \/>\n<meta property=\"article:publisher\" content=\"https:\/\/www.facebook.com\/KeoxOy\/\" \/>\n<meta property=\"article:modified_time\" content=\"2025-01-31T11:45:40+00:00\" \/>\n<meta property=\"og:image\" content=\"https:\/\/keox.fi\/wp-content\/uploads\/2016\/10\/Asbesti2-820x461.jpg\" \/>\n<meta name=\"twitter:card\" content=\"summary_large_image\" \/>\n<meta name=\"twitter:label1\" content=\"Est. reading time\" \/>\n\t<meta name=\"twitter:data1\" content=\"1 minute\" \/>\n<script type=\"application\/ld+json\" class=\"yoast-schema-graph\">{\"@context\":\"https:\/\/schema.org\",\"@graph\":[{\"@type\":\"WebPage\",\"@id\":\"https:\/\/keox.fi\/tuotteet\/kuivaimurit\/keox-asbest-13\/\",\"url\":\"https:\/\/keox.fi\/tuotteet\/kuivaimurit\/keox-asbest-13\/\",\"name\":\"Keox Asbest 13 - KEOX\",\"isPartOf\":{\"@id\":\"https:\/\/keox.fi\/no\/#website\"},\"primaryImageOfPage\":{\"@id\":\"https:\/\/keox.fi\/tuotteet\/kuivaimurit\/keox-asbest-13\/#primaryimage\"},\"image\":{\"@id\":\"https:\/\/keox.fi\/tuotteet\/kuivaimurit\/keox-asbest-13\/#primaryimage\"},\"thumbnailUrl\":\"https:\/\/keox.fi\/wp-content\/uploads\/2016\/10\/Asbesti2-820x461.jpg\",\"datePublished\":\"2019-10-10T14:07:24+00:00\",\"dateModified\":\"2025-01-31T11:45:40+00:00\",\"breadcrumb\":{\"@id\":\"https:\/\/keox.fi\/tuotteet\/kuivaimurit\/keox-asbest-13\/#breadcrumb\"},\"inLanguage\":\"no\",\"potentialAction\":[{\"@type\":\"ReadAction\",\"target\":[\"https:\/\/keox.fi\/tuotteet\/kuivaimurit\/keox-asbest-13\/\"]}]},{\"@type\":\"ImageObject\",\"inLanguage\":\"no\",\"@id\":\"https:\/\/keox.fi\/tuotteet\/kuivaimurit\/keox-asbest-13\/#primaryimage\",\"url\":\"https:\/\/keox.fi\/wp-content\/uploads\/2016\/10\/Asbesti2-820x461.jpg\",\"contentUrl\":\"https:\/\/keox.fi\/wp-content\/uploads\/2016\/10\/Asbesti2-820x461.jpg\"},{\"@type\":\"BreadcrumbList\",\"@id\":\"https:\/\/keox.fi\/tuotteet\/kuivaimurit\/keox-asbest-13\/#breadcrumb\",\"itemListElement\":[{\"@type\":\"ListItem\",\"position\":1,\"name\":\"Etusivu\",\"item\":\"https:\/\/keox.fi\/no\/forsiden\/\"},{\"@type\":\"ListItem\",\"position\":2,\"name\":\"Produkter\",\"item\":\"https:\/\/keox.fi\/no\/produkter\/\"},{\"@type\":\"ListItem\",\"position\":3,\"name\":\"Yksityinen: T\u00f8rrsugere\",\"item\":\"https:\/\/keox.fi\/?page_id=36\"},{\"@type\":\"ListItem\",\"position\":4,\"name\":\"Keox Asbest 13\"}]},{\"@type\":\"WebSite\",\"@id\":\"https:\/\/keox.fi\/no\/#website\",\"url\":\"https:\/\/keox.fi\/no\/\",\"name\":\"KEOX\",\"description\":\"Palvelemme monipuolisesti\",\"publisher\":{\"@id\":\"https:\/\/keox.fi\/no\/#organization\"},\"potentialAction\":[{\"@type\":\"SearchAction\",\"target\":{\"@type\":\"EntryPoint\",\"urlTemplate\":\"https:\/\/keox.fi\/no\/?s={search_term_string}\"},\"query-input\":{\"@type\":\"PropertyValueSpecification\",\"valueRequired\":true,\"valueName\":\"search_term_string\"}}],\"inLanguage\":\"no\"},{\"@type\":\"Organization\",\"@id\":\"https:\/\/keox.fi\/no\/#organization\",\"name\":\"Keox Oy\",\"url\":\"https:\/\/keox.fi\/no\/\",\"logo\":{\"@type\":\"ImageObject\",\"inLanguage\":\"no\",\"@id\":\"https:\/\/keox.fi\/no\/#\/schema\/logo\/image\/\",\"url\":\"https:\/\/keox.fi\/wp-content\/uploads\/2019\/12\/logo-pos.png\",\"contentUrl\":\"https:\/\/keox.fi\/wp-content\/uploads\/2019\/12\/logo-pos.png\",\"width\":3479,\"height\":3479,\"caption\":\"Keox Oy\"},\"image\":{\"@id\":\"https:\/\/keox.fi\/no\/#\/schema\/logo\/image\/\"},\"sameAs\":[\"https:\/\/www.facebook.com\/KeoxOy\/\",\"https:\/\/www.linkedin.com\/company\/25030509\",\"https:\/\/www.youtube.com\/channel\/UCU54gMqjcR5mvbKJz4gAoAg\"]}]}<\/script>\n<!-- \/ Yoast SEO plugin. -->","yoast_head_json":{"title":"Keox Asbest 13 - KEOX","robots":{"index":"index","follow":"follow","max-snippet":"max-snippet:-1","max-image-preview":"max-image-preview:large","max-video-preview":"max-video-preview:-1"},"canonical":"https:\/\/keox.fi\/tuotteet\/kuivaimurit\/keox-asbest-13\/","og_locale":"en_US","og_type":"article","og_title":"Keox Asbest 13 - KEOX","og_description":"Som en nyhet kommer Keox ut p\u00e5 markedet med en patentsikret komprimerende sugetank for asbest. Tanken har en spesialtapp for t\u00f8mming, og herfra renner innholdet direkte ut i en plaststr\u00f8mpe. Ved \u00e5 bruke sugetanken for asbest, sparer du rikelig med tid p\u00e5 riveplassen samt n\u00e5r du skal t\u00f8mme lasten uten st\u00f8ving p\u00e5 avfallsstasjonen.","og_url":"https:\/\/keox.fi\/tuotteet\/kuivaimurit\/keox-asbest-13\/","og_site_name":"KEOX","article_publisher":"https:\/\/www.facebook.com\/KeoxOy\/","article_modified_time":"2025-01-31T11:45:40+00:00","og_image":[{"url":"https:\/\/keox.fi\/wp-content\/uploads\/2016\/10\/Asbesti2-820x461.jpg","type":"","width":"","height":""}],"twitter_card":"summary_large_image","twitter_misc":{"Est. reading time":"1 minute"},"schema":{"@context":"https:\/\/schema.org","@graph":[{"@type":"WebPage","@id":"https:\/\/keox.fi\/tuotteet\/kuivaimurit\/keox-asbest-13\/","url":"https:\/\/keox.fi\/tuotteet\/kuivaimurit\/keox-asbest-13\/","name":"Keox Asbest 13 - KEOX","isPartOf":{"@id":"https:\/\/keox.fi\/no\/#website"},"primaryImageOfPage":{"@id":"https:\/\/keox.fi\/tuotteet\/kuivaimurit\/keox-asbest-13\/#primaryimage"},"image":{"@id":"https:\/\/keox.fi\/tuotteet\/kuivaimurit\/keox-asbest-13\/#primaryimage"},"thumbnailUrl":"https:\/\/keox.fi\/wp-content\/uploads\/2016\/10\/Asbesti2-820x461.jpg","datePublished":"2019-10-10T14:07:24+00:00","dateModified":"2025-01-31T11:45:40+00:00","breadcrumb":{"@id":"https:\/\/keox.fi\/tuotteet\/kuivaimurit\/keox-asbest-13\/#breadcrumb"},"inLanguage":"no","potentialAction":[{"@type":"ReadAction","target":["https:\/\/keox.fi\/tuotteet\/kuivaimurit\/keox-asbest-13\/"]}]},{"@type":"ImageObject","inLanguage":"no","@id":"https:\/\/keox.fi\/tuotteet\/kuivaimurit\/keox-asbest-13\/#primaryimage","url":"https:\/\/keox.fi\/wp-content\/uploads\/2016\/10\/Asbesti2-820x461.jpg","contentUrl":"https:\/\/keox.fi\/wp-content\/uploads\/2016\/10\/Asbesti2-820x461.jpg"},{"@type":"BreadcrumbList","@id":"https:\/\/keox.fi\/tuotteet\/kuivaimurit\/keox-asbest-13\/#breadcrumb","itemListElement":[{"@type":"ListItem","position":1,"name":"Etusivu","item":"https:\/\/keox.fi\/no\/forsiden\/"},{"@type":"ListItem","position":2,"name":"Produkter","item":"https:\/\/keox.fi\/no\/produkter\/"},{"@type":"ListItem","position":3,"name":"Yksityinen: T\u00f8rrsugere","item":"https:\/\/keox.fi\/?page_id=36"},{"@type":"ListItem","position":4,"name":"Keox Asbest 13"}]},{"@type":"WebSite","@id":"https:\/\/keox.fi\/no\/#website","url":"https:\/\/keox.fi\/no\/","name":"KEOX","description":"Palvelemme monipuolisesti","publisher":{"@id":"https:\/\/keox.fi\/no\/#organization"},"potentialAction":[{"@type":"SearchAction","target":{"@type":"EntryPoint","urlTemplate":"https:\/\/keox.fi\/no\/?s={search_term_string}"},"query-input":{"@type":"PropertyValueSpecification","valueRequired":true,"valueName":"search_term_string"}}],"inLanguage":"no"},{"@type":"Organization","@id":"https:\/\/keox.fi\/no\/#organization","name":"Keox Oy","url":"https:\/\/keox.fi\/no\/","logo":{"@type":"ImageObject","inLanguage":"no","@id":"https:\/\/keox.fi\/no\/#\/schema\/logo\/image\/","url":"https:\/\/keox.fi\/wp-content\/uploads\/2019\/12\/logo-pos.png","contentUrl":"https:\/\/keox.fi\/wp-content\/uploads\/2019\/12\/logo-pos.png","width":3479,"height":3479,"caption":"Keox Oy"},"image":{"@id":"https:\/\/keox.fi\/no\/#\/schema\/logo\/image\/"},"sameAs":["https:\/\/www.facebook.com\/KeoxOy\/","https:\/\/www.linkedin.com\/company\/25030509","https:\/\/www.youtube.com\/channel\/UCU54gMqjcR5mvbKJz4gAoAg"]}]}},"_links":{"self":[{"href":"https:\/\/keox.fi\/no\/wp-json\/wp\/v2\/pages\/1229"}],"collection":[{"href":"https:\/\/keox.fi\/no\/wp-json\/wp\/v2\/pages"}],"about":[{"href":"https:\/\/keox.fi\/no\/wp-json\/wp\/v2\/types\/page"}],"author":[{"embeddable":true,"href":"https:\/\/keox.fi\/no\/wp-json\/wp\/v2\/users\/2"}],"replies":[{"embeddable":true,"href":"https:\/\/keox.fi\/no\/wp-json\/wp\/v2\/comments?post=1229"}],"version-history":[{"count":5,"href":"https:\/\/keox.fi\/no\/wp-json\/wp\/v2\/pages\/1229\/revisions"}],"predecessor-version":[{"id":3368,"href":"https:\/\/keox.fi\/no\/wp-json\/wp\/v2\/pages\/1229\/revisions\/3368"}],"up":[{"embeddable":true,"href":"https:\/\/keox.fi\/no\/wp-json\/wp\/v2\/pages\/1227"}],"wp:attachment":[{"href":"https:\/\/keox.fi\/no\/wp-json\/wp\/v2\/media?parent=1229"}],"curies":[{"name":"wp","href":"https:\/\/api.w.org\/{rel}","templated":true}]}}