{"id":1225,"date":"2019-10-10T15:55:39","date_gmt":"2019-10-10T13:55:39","guid":{"rendered":"https:\/\/keox.fi\/?page_id=1225"},"modified":"2026-02-20T09:48:22","modified_gmt":"2026-02-20T07:48:22","slug":"il15vl","status":"publish","type":"page","link":"https:\/\/keox.fi\/no\/produkter\/sugebiler\/il15vl\/","title":{"rendered":"IL15VL"},"content":{"rendered":"\t\t<div data-elementor-type=\"wp-page\" data-elementor-id=\"1225\" class=\"elementor elementor-1225\" data-elementor-post-type=\"page\">\n\t\t\t\t<div class=\"elementor-element elementor-element-e06e09b e-flex e-con-boxed e-con e-parent\" data-id=\"e06e09b\" data-element_type=\"container\" data-settings=\"{&quot;background_background&quot;:&quot;classic&quot;}\">\n\t\t\t\t\t<div class=\"e-con-inner\">\n\t\t\t\t<div class=\"elementor-element elementor-element-2b79ecd elementor-widget elementor-widget-heading\" data-id=\"2b79ecd\" data-element_type=\"widget\" data-widget_type=\"heading.default\">\n\t\t\t\t<div class=\"elementor-widget-container\">\n\t\t\t<h2 class=\"elementor-heading-title elementor-size-default\">Vekselflaktilpassede sugetanker<\/h2>\t\t<\/div>\n\t\t\t\t<\/div>\n\t\t\t\t\t<\/div>\n\t\t\t\t<\/div>\n\t\t<div class=\"elementor-element elementor-element-a7c0d68 e-con-full e-flex e-con e-parent\" data-id=\"a7c0d68\" data-element_type=\"container\" data-settings=\"{&quot;background_background&quot;:&quot;classic&quot;}\">\n\t\t<div class=\"elementor-element elementor-element-5dadfea e-con-full e-flex e-con e-child\" data-id=\"5dadfea\" data-element_type=\"container\">\n\t\t\t\t<div class=\"elementor-element elementor-element-725206b elementor-widget elementor-widget-heading\" data-id=\"725206b\" data-element_type=\"widget\" data-widget_type=\"heading.default\">\n\t\t\t\t<div class=\"elementor-widget-container\">\n\t\t\t<h2 class=\"elementor-heading-title elementor-size-default\">IL VL<\/h2>\t\t<\/div>\n\t\t\t\t<\/div>\n\t\t\t\t<\/div>\n\t\t<div class=\"elementor-element elementor-element-697d7e7 e-con-full e-flex e-con e-child\" data-id=\"697d7e7\" data-element_type=\"container\">\n\t\t\t\t<div class=\"elementor-element elementor-element-530cc7d elementor-widget elementor-widget-text-editor\" data-id=\"530cc7d\" data-element_type=\"widget\" data-widget_type=\"text-editor.default\">\n\t\t\t\t<div class=\"elementor-widget-container\">\n\t\t\t\t\t\t\t<p>Det er ikke alltid det er fornuftig \u00e5 utstyre en bil til bare ett bestemt bruk, og da er en vekselflaktilpasset sugetank eller en suge-\/trykkombinasjon det rette alternativet.<\/p>\t\t\t\t\t\t<\/div>\n\t\t\t\t<\/div>\n\t\t\t\t<div class=\"elementor-element elementor-element-bed4c9d elementor-widget elementor-widget-text-editor\" data-id=\"bed4c9d\" data-element_type=\"widget\" data-widget_type=\"text-editor.default\">\n\t\t\t\t<div class=\"elementor-widget-container\">\n\t\t\t\t\t\t\t<p>Vi vil forsikre oss om at utstyret ditt er i effektiv bruk. Vi kan ogs\u00e5 tilby nesten det samme utstyret som en vekselflaktilpasset suge-\/trykkombinasjon. Brukskvaliteten og frostbestanden til disse er i toppklasse. V\u00e5rt utvalg dekker alt fra rimelige sugetanker til fullt utstyrte suge- og trykkombinasjoner.<\/p>\t\t\t\t\t\t<\/div>\n\t\t\t\t<\/div>\n\t\t\t\t<\/div>\n\t\t\t\t<\/div>\n\t\t<div class=\"elementor-element elementor-element-50d02e8 e-con-full e-flex e-con e-parent\" data-id=\"50d02e8\" data-element_type=\"container\" data-settings=\"{&quot;background_background&quot;:&quot;classic&quot;}\">\n\t\t<div class=\"elementor-element elementor-element-fb142b1 e-con-full e-flex e-con e-child\" data-id=\"fb142b1\" data-element_type=\"container\">\n\t\t\t\t<div class=\"elementor-element elementor-element-6adfa6e elementor-widget elementor-widget-heading\" data-id=\"6adfa6e\" data-element_type=\"widget\" data-widget_type=\"heading.default\">\n\t\t\t\t<div class=\"elementor-widget-container\">\n\t\t\t<h2 class=\"elementor-heading-title elementor-size-default\">Tekniske data (13 modeller)<\/h2>\t\t<\/div>\n\t\t\t\t<\/div>\n\t\t\t\t<div class=\"elementor-element elementor-element-10046fb elementor-widget elementor-widget-text-editor\" data-id=\"10046fb\" data-element_type=\"widget\" data-widget_type=\"text-editor.default\">\n\t\t\t\t<div class=\"elementor-widget-container\">\n\t\t\t\t\t\t\t<ul><li>God brukskvalitet<\/li><li>Tankens st\u00f8rrelse etter kundens behov<\/li><li>Sm\u00e5 effekttap<\/li><li>Lave driftsturtall<\/li><li>Minimaliserte utslipp<\/li><li>Optimal vektfordeling<\/li><li>Driftsikker ogs\u00e5 ved lave temperaturer<\/li><li>Kan skreddersys i stor grad etter kundens behov<\/li><\/ul><p><strong>Valgfritt ekstrautstyr<\/strong><\/p><ul><li>Lagertrommel hydraulisk<\/li><li>Vendbar lagertrommel<\/li><li>Gjennomsugende hydraulisk trommel<\/li><li>Radiokontroll<\/li><li>Sugepumpe<\/li><li>ADR-utstyr<\/li><li>Flompumpe<\/li><li>Varme- og lydisolert pumperom<\/li><li>Bakdel som kan \u00e5pens helt<\/li><li>Ventilvarmere<\/li><li>Senkerull<\/li><li>RST tank<\/li><\/ul><p><strong>LAST NED PDF-BROSJYRE:\u00a0<\/strong><a href=\"https:\/\/keox.fi\/wp-content\/uploads\/2018\/01\/Keox-IL16VL-1.pdf\">Keox IL16VL<\/a><\/p>\t\t\t\t\t\t<\/div>\n\t\t\t\t<\/div>\n\t\t\t\t<\/div>\n\t\t<div class=\"elementor-element elementor-element-2fcb4bb e-con-full e-flex e-con e-child\" data-id=\"2fcb4bb\" data-element_type=\"container\">\n\t\t\t\t<div class=\"elementor-element elementor-element-06c395b elementor-widget elementor-widget-image\" data-id=\"06c395b\" data-element_type=\"widget\" data-widget_type=\"image.default\">\n\t\t\t\t<div class=\"elementor-widget-container\">\n\t\t\t\t\t\t\t\t\t\t\t\t\t<img decoding=\"async\" src=\"https:\/\/keox.fi\/wp-content\/uploads\/elementor\/thumbs\/demountable-vac-1-scaled-e1728892961767-qvjddpm9737h8jiete1lnlqdnu4lvcotto81rhr3is.jpg\" title=\"demountable-vac\" alt=\"Vaihtolavasovitteinen imu-\/paine-yhdistelm\u00e4, joka tarjoaa monik\u00e4ytt\u00f6isyytt\u00e4, tehokkuutta ja pakkasenkestoa teollisuuden ja ymp\u00e4rist\u00f6huollon tarpeisiin.\" loading=\"lazy\" \/>\t\t\t\t\t\t\t\t\t\t\t\t\t<\/div>\n\t\t\t\t<\/div>\n\t\t\t\t<\/div>\n\t\t\t\t<\/div>\n\t\t\t\t<\/div>\n\t\t","protected":false},"excerpt":{"rendered":"<p>Det er ikke alltid det er fornuftig \u00e5 utstyre en bil til bare ett bestemt bruk, og da er en vekselflaktilpasset sugetank eller en suge-\/trykkombinasjon det rette alternativet.<\/p>\n","protected":false},"author":2,"featured_media":0,"parent":1220,"menu_order":0,"comment_status":"closed","ping_status":"closed","template":"elementor_header_footer","meta":{"ngg_post_thumbnail":0,"footnotes":""},"class_list":["post-1225","page","type-page","status-publish","hentry"],"yoast_head":"<!-- This site is optimized with the Yoast SEO plugin v24.3 - https:\/\/yoast.com\/wordpress\/plugins\/seo\/ -->\n<title>IL15VL - KEOX<\/title>\n<meta name=\"robots\" content=\"index, follow, max-snippet:-1, max-image-preview:large, max-video-preview:-1\" \/>\n<link rel=\"canonical\" href=\"https:\/\/keox.fi\/no\/produkter\/sugebiler\/il15vl\/\" \/>\n<meta property=\"og:locale\" content=\"en_US\" \/>\n<meta property=\"og:type\" content=\"article\" \/>\n<meta property=\"og:title\" content=\"IL15VL - KEOX\" \/>\n<meta property=\"og:description\" content=\"Det er ikke alltid det er fornuftig \u00e5 utstyre en bil til bare ett bestemt bruk, og da er en vekselflaktilpasset sugetank eller en suge-\/trykkombinasjon det rette alternativet.\" \/>\n<meta property=\"og:url\" content=\"https:\/\/keox.fi\/no\/produkter\/sugebiler\/il15vl\/\" \/>\n<meta property=\"og:site_name\" content=\"KEOX\" \/>\n<meta property=\"article:publisher\" content=\"https:\/\/www.facebook.com\/KeoxOy\/\" \/>\n<meta property=\"article:modified_time\" content=\"2026-02-20T07:48:22+00:00\" \/>\n<meta property=\"og:image\" content=\"https:\/\/keox.fi\/wp-content\/uploads\/elementor\/thumbs\/demountable-vac-1-scaled-e1728892961767-qvjddpm9737h8jiete1lnlqdnu4lvcotto81rhr3is.jpg\" \/>\n<meta name=\"twitter:card\" content=\"summary_large_image\" \/>\n<meta name=\"twitter:label1\" content=\"Est. reading time\" \/>\n\t<meta name=\"twitter:data1\" content=\"2 minutes\" \/>\n<script type=\"application\/ld+json\" class=\"yoast-schema-graph\">{\"@context\":\"https:\/\/schema.org\",\"@graph\":[{\"@type\":\"WebPage\",\"@id\":\"https:\/\/keox.fi\/no\/produkter\/sugebiler\/il15vl\/\",\"url\":\"https:\/\/keox.fi\/no\/produkter\/sugebiler\/il15vl\/\",\"name\":\"IL15VL - KEOX\",\"isPartOf\":{\"@id\":\"https:\/\/keox.fi\/no\/#website\"},\"primaryImageOfPage\":{\"@id\":\"https:\/\/keox.fi\/no\/produkter\/sugebiler\/il15vl\/#primaryimage\"},\"image\":{\"@id\":\"https:\/\/keox.fi\/no\/produkter\/sugebiler\/il15vl\/#primaryimage\"},\"thumbnailUrl\":\"https:\/\/keox.fi\/wp-content\/uploads\/elementor\/thumbs\/demountable-vac-1-scaled-e1728892961767-qvjddpm9737h8jiete1lnlqdnu4lvcotto81rhr3is.jpg\",\"datePublished\":\"2019-10-10T13:55:39+00:00\",\"dateModified\":\"2026-02-20T07:48:22+00:00\",\"breadcrumb\":{\"@id\":\"https:\/\/keox.fi\/no\/produkter\/sugebiler\/il15vl\/#breadcrumb\"},\"inLanguage\":\"no\",\"potentialAction\":[{\"@type\":\"ReadAction\",\"target\":[\"https:\/\/keox.fi\/no\/produkter\/sugebiler\/il15vl\/\"]}]},{\"@type\":\"ImageObject\",\"inLanguage\":\"no\",\"@id\":\"https:\/\/keox.fi\/no\/produkter\/sugebiler\/il15vl\/#primaryimage\",\"url\":\"https:\/\/keox.fi\/wp-content\/uploads\/elementor\/thumbs\/demountable-vac-1-scaled-e1728892961767-qvjddpm9737h8jiete1lnlqdnu4lvcotto81rhr3is.jpg\",\"contentUrl\":\"https:\/\/keox.fi\/wp-content\/uploads\/elementor\/thumbs\/demountable-vac-1-scaled-e1728892961767-qvjddpm9737h8jiete1lnlqdnu4lvcotto81rhr3is.jpg\"},{\"@type\":\"BreadcrumbList\",\"@id\":\"https:\/\/keox.fi\/no\/produkter\/sugebiler\/il15vl\/#breadcrumb\",\"itemListElement\":[{\"@type\":\"ListItem\",\"position\":1,\"name\":\"Etusivu\",\"item\":\"https:\/\/keox.fi\/no\/forsiden\/\"},{\"@type\":\"ListItem\",\"position\":2,\"name\":\"Produkter\",\"item\":\"https:\/\/keox.fi\/no\/produkter\/\"},{\"@type\":\"ListItem\",\"position\":3,\"name\":\"Sugebiler\",\"item\":\"https:\/\/keox.fi\/no\/produkter\/sugebiler\/\"},{\"@type\":\"ListItem\",\"position\":4,\"name\":\"IL15VL\"}]},{\"@type\":\"WebSite\",\"@id\":\"https:\/\/keox.fi\/no\/#website\",\"url\":\"https:\/\/keox.fi\/no\/\",\"name\":\"KEOX\",\"description\":\"Palvelemme monipuolisesti\",\"publisher\":{\"@id\":\"https:\/\/keox.fi\/no\/#organization\"},\"potentialAction\":[{\"@type\":\"SearchAction\",\"target\":{\"@type\":\"EntryPoint\",\"urlTemplate\":\"https:\/\/keox.fi\/no\/?s={search_term_string}\"},\"query-input\":{\"@type\":\"PropertyValueSpecification\",\"valueRequired\":true,\"valueName\":\"search_term_string\"}}],\"inLanguage\":\"no\"},{\"@type\":\"Organization\",\"@id\":\"https:\/\/keox.fi\/no\/#organization\",\"name\":\"Keox Oy\",\"url\":\"https:\/\/keox.fi\/no\/\",\"logo\":{\"@type\":\"ImageObject\",\"inLanguage\":\"no\",\"@id\":\"https:\/\/keox.fi\/no\/#\/schema\/logo\/image\/\",\"url\":\"https:\/\/keox.fi\/wp-content\/uploads\/2019\/12\/logo-pos.png\",\"contentUrl\":\"https:\/\/keox.fi\/wp-content\/uploads\/2019\/12\/logo-pos.png\",\"width\":3479,\"height\":3479,\"caption\":\"Keox Oy\"},\"image\":{\"@id\":\"https:\/\/keox.fi\/no\/#\/schema\/logo\/image\/\"},\"sameAs\":[\"https:\/\/www.facebook.com\/KeoxOy\/\",\"https:\/\/www.linkedin.com\/company\/25030509\",\"https:\/\/www.youtube.com\/channel\/UCU54gMqjcR5mvbKJz4gAoAg\"]}]}<\/script>\n<!-- \/ Yoast SEO plugin. -->","yoast_head_json":{"title":"IL15VL - KEOX","robots":{"index":"index","follow":"follow","max-snippet":"max-snippet:-1","max-image-preview":"max-image-preview:large","max-video-preview":"max-video-preview:-1"},"canonical":"https:\/\/keox.fi\/no\/produkter\/sugebiler\/il15vl\/","og_locale":"en_US","og_type":"article","og_title":"IL15VL - KEOX","og_description":"Det er ikke alltid det er fornuftig \u00e5 utstyre en bil til bare ett bestemt bruk, og da er en vekselflaktilpasset sugetank eller en suge-\/trykkombinasjon det rette alternativet.","og_url":"https:\/\/keox.fi\/no\/produkter\/sugebiler\/il15vl\/","og_site_name":"KEOX","article_publisher":"https:\/\/www.facebook.com\/KeoxOy\/","article_modified_time":"2026-02-20T07:48:22+00:00","og_image":[{"url":"https:\/\/keox.fi\/wp-content\/uploads\/elementor\/thumbs\/demountable-vac-1-scaled-e1728892961767-qvjddpm9737h8jiete1lnlqdnu4lvcotto81rhr3is.jpg","type":"","width":"","height":""}],"twitter_card":"summary_large_image","twitter_misc":{"Est. reading time":"2 minutes"},"schema":{"@context":"https:\/\/schema.org","@graph":[{"@type":"WebPage","@id":"https:\/\/keox.fi\/no\/produkter\/sugebiler\/il15vl\/","url":"https:\/\/keox.fi\/no\/produkter\/sugebiler\/il15vl\/","name":"IL15VL - KEOX","isPartOf":{"@id":"https:\/\/keox.fi\/no\/#website"},"primaryImageOfPage":{"@id":"https:\/\/keox.fi\/no\/produkter\/sugebiler\/il15vl\/#primaryimage"},"image":{"@id":"https:\/\/keox.fi\/no\/produkter\/sugebiler\/il15vl\/#primaryimage"},"thumbnailUrl":"https:\/\/keox.fi\/wp-content\/uploads\/elementor\/thumbs\/demountable-vac-1-scaled-e1728892961767-qvjddpm9737h8jiete1lnlqdnu4lvcotto81rhr3is.jpg","datePublished":"2019-10-10T13:55:39+00:00","dateModified":"2026-02-20T07:48:22+00:00","breadcrumb":{"@id":"https:\/\/keox.fi\/no\/produkter\/sugebiler\/il15vl\/#breadcrumb"},"inLanguage":"no","potentialAction":[{"@type":"ReadAction","target":["https:\/\/keox.fi\/no\/produkter\/sugebiler\/il15vl\/"]}]},{"@type":"ImageObject","inLanguage":"no","@id":"https:\/\/keox.fi\/no\/produkter\/sugebiler\/il15vl\/#primaryimage","url":"https:\/\/keox.fi\/wp-content\/uploads\/elementor\/thumbs\/demountable-vac-1-scaled-e1728892961767-qvjddpm9737h8jiete1lnlqdnu4lvcotto81rhr3is.jpg","contentUrl":"https:\/\/keox.fi\/wp-content\/uploads\/elementor\/thumbs\/demountable-vac-1-scaled-e1728892961767-qvjddpm9737h8jiete1lnlqdnu4lvcotto81rhr3is.jpg"},{"@type":"BreadcrumbList","@id":"https:\/\/keox.fi\/no\/produkter\/sugebiler\/il15vl\/#breadcrumb","itemListElement":[{"@type":"ListItem","position":1,"name":"Etusivu","item":"https:\/\/keox.fi\/no\/forsiden\/"},{"@type":"ListItem","position":2,"name":"Produkter","item":"https:\/\/keox.fi\/no\/produkter\/"},{"@type":"ListItem","position":3,"name":"Sugebiler","item":"https:\/\/keox.fi\/no\/produkter\/sugebiler\/"},{"@type":"ListItem","position":4,"name":"IL15VL"}]},{"@type":"WebSite","@id":"https:\/\/keox.fi\/no\/#website","url":"https:\/\/keox.fi\/no\/","name":"KEOX","description":"Palvelemme monipuolisesti","publisher":{"@id":"https:\/\/keox.fi\/no\/#organization"},"potentialAction":[{"@type":"SearchAction","target":{"@type":"EntryPoint","urlTemplate":"https:\/\/keox.fi\/no\/?s={search_term_string}"},"query-input":{"@type":"PropertyValueSpecification","valueRequired":true,"valueName":"search_term_string"}}],"inLanguage":"no"},{"@type":"Organization","@id":"https:\/\/keox.fi\/no\/#organization","name":"Keox Oy","url":"https:\/\/keox.fi\/no\/","logo":{"@type":"ImageObject","inLanguage":"no","@id":"https:\/\/keox.fi\/no\/#\/schema\/logo\/image\/","url":"https:\/\/keox.fi\/wp-content\/uploads\/2019\/12\/logo-pos.png","contentUrl":"https:\/\/keox.fi\/wp-content\/uploads\/2019\/12\/logo-pos.png","width":3479,"height":3479,"caption":"Keox Oy"},"image":{"@id":"https:\/\/keox.fi\/no\/#\/schema\/logo\/image\/"},"sameAs":["https:\/\/www.facebook.com\/KeoxOy\/","https:\/\/www.linkedin.com\/company\/25030509","https:\/\/www.youtube.com\/channel\/UCU54gMqjcR5mvbKJz4gAoAg"]}]}},"_links":{"self":[{"href":"https:\/\/keox.fi\/no\/wp-json\/wp\/v2\/pages\/1225"}],"collection":[{"href":"https:\/\/keox.fi\/no\/wp-json\/wp\/v2\/pages"}],"about":[{"href":"https:\/\/keox.fi\/no\/wp-json\/wp\/v2\/types\/page"}],"author":[{"embeddable":true,"href":"https:\/\/keox.fi\/no\/wp-json\/wp\/v2\/users\/2"}],"replies":[{"embeddable":true,"href":"https:\/\/keox.fi\/no\/wp-json\/wp\/v2\/comments?post=1225"}],"version-history":[{"count":11,"href":"https:\/\/keox.fi\/no\/wp-json\/wp\/v2\/pages\/1225\/revisions"}],"predecessor-version":[{"id":3559,"href":"https:\/\/keox.fi\/no\/wp-json\/wp\/v2\/pages\/1225\/revisions\/3559"}],"up":[{"embeddable":true,"href":"https:\/\/keox.fi\/no\/wp-json\/wp\/v2\/pages\/1220"}],"wp:attachment":[{"href":"https:\/\/keox.fi\/no\/wp-json\/wp\/v2\/media?parent=1225"}],"curies":[{"name":"wp","href":"https:\/\/api.w.org\/{rel}","templated":true}]}}