{"id":1222,"date":"2019-10-10T15:49:06","date_gmt":"2019-10-10T13:49:06","guid":{"rendered":"https:\/\/keox.fi\/?page_id=1222"},"modified":"2025-01-31T13:46:46","modified_gmt":"2025-01-31T11:46:46","slug":"il","status":"publish","type":"page","link":"https:\/\/keox.fi\/no\/produkter\/sugebiler\/il\/","title":{"rendered":"IL"},"content":{"rendered":"\t\t<div data-elementor-type=\"wp-page\" data-elementor-id=\"1222\" class=\"elementor elementor-1222\" data-elementor-post-type=\"page\">\n\t\t\t\t<div class=\"elementor-element elementor-element-5794052 e-flex e-con-boxed e-con e-parent\" data-id=\"5794052\" data-element_type=\"container\" data-settings=\"{&quot;background_background&quot;:&quot;classic&quot;}\">\n\t\t\t\t\t<div class=\"e-con-inner\">\n\t\t\t\t<div class=\"elementor-element elementor-element-72eaf9f elementor-widget elementor-widget-heading\" data-id=\"72eaf9f\" data-element_type=\"widget\" data-widget_type=\"heading.default\">\n\t\t\t\t<div class=\"elementor-widget-container\">\n\t\t\t<h2 class=\"elementor-heading-title elementor-size-default\">IL sugebil<\/h2>\t\t<\/div>\n\t\t\t\t<\/div>\n\t\t\t\t\t<\/div>\n\t\t\t\t<\/div>\n\t\t<div class=\"elementor-element elementor-element-4dac8ae e-con-full e-flex e-con e-parent\" data-id=\"4dac8ae\" data-element_type=\"container\" data-settings=\"{&quot;background_background&quot;:&quot;classic&quot;}\">\n\t\t<div class=\"elementor-element elementor-element-3631272 e-con-full e-flex e-con e-child\" data-id=\"3631272\" data-element_type=\"container\">\n\t\t\t\t<div class=\"elementor-element elementor-element-044abce elementor-widget elementor-widget-heading\" data-id=\"044abce\" data-element_type=\"widget\" data-widget_type=\"heading.default\">\n\t\t\t\t<div class=\"elementor-widget-container\">\n\t\t\t<h2 class=\"elementor-heading-title elementor-size-default\">IL 16<\/h2>\t\t<\/div>\n\t\t\t\t<\/div>\n\t\t\t\t<\/div>\n\t\t<div class=\"elementor-element elementor-element-32e30ba e-con-full e-flex e-con e-child\" data-id=\"32e30ba\" data-element_type=\"container\">\n\t\t\t\t<div class=\"elementor-element elementor-element-dbaed52 elementor-widget elementor-widget-text-editor\" data-id=\"dbaed52\" data-element_type=\"widget\" data-widget_type=\"text-editor.default\">\n\t\t\t\t<div class=\"elementor-widget-container\">\n\t\t\t\t\t\t\t<p>Keox produserer sugebiler til avl\u00f8psvedlikehold p\u00e5 spesialbestilling etter kundens \u00f8nsker. Slik forsikrer vi oss om at kj\u00f8ret\u00f8yene v\u00e5re passer til akkurat den bruken de er beregnet til p\u00e5 aller beste m\u00e5te. Suging med sugebilen passer til flytting og fjerning av flytende materialer. V\u00e5re sugebiler passer til behovene i industrien, kraftverk, bygninger samt i kommunalteknikken.<\/p>\t\t\t\t\t\t<\/div>\n\t\t\t\t<\/div>\n\t\t\t\t<\/div>\n\t\t\t\t<\/div>\n\t\t<div class=\"elementor-element elementor-element-ea4297c e-con-full e-flex e-con e-parent\" data-id=\"ea4297c\" data-element_type=\"container\" data-settings=\"{&quot;background_background&quot;:&quot;classic&quot;}\">\n\t\t<div class=\"elementor-element elementor-element-48beb81 e-con-full e-flex e-con e-child\" data-id=\"48beb81\" data-element_type=\"container\">\n\t\t\t\t<div class=\"elementor-element elementor-element-bd335bf elementor-widget elementor-widget-heading\" data-id=\"bd335bf\" data-element_type=\"widget\" data-widget_type=\"heading.default\">\n\t\t\t\t<div class=\"elementor-widget-container\">\n\t\t\t<h2 class=\"elementor-heading-title elementor-size-default\">Tekniske data (16 modell)<\/h2>\t\t<\/div>\n\t\t\t\t<\/div>\n\t\t\t\t<div class=\"elementor-element elementor-element-69fbc0b elementor-widget elementor-widget-text-editor\" data-id=\"69fbc0b\" data-element_type=\"widget\" data-widget_type=\"text-editor.default\">\n\t\t\t\t<div class=\"elementor-widget-container\">\n\t\t\t\t\t\t\t<ul><li><ul><li>God brukskvalitet<\/li><li>Sm\u00e5 effekttap<\/li><li>Lave driftsturtall<\/li><li>Minimaliserte utslipp<\/li><li>Tankens st\u00f8rrelse etter kundens behov<\/li><li>Optimal vektfordeling<\/li><li>Driftsikker ogs\u00e5 ved lave temperaturer<\/li><li>Automatiserte funksjoner<\/li><li>Tankens materiale i RST<\/li><li>Kan skreddersys i stor grad etter kundens behov<\/li><\/ul><p><strong>Valgfritt ekstrautstyr<\/strong><\/p><ul><li>Lagertrommel hydraulisk<\/li><li>Vendbar lagertrommel<\/li><li>Gjennomsugende hydraulisk trommel<\/li><li>Radiokontroll<\/li><li>Sugepumpe<\/li><li>ADR-utstyr<\/li><li>Flompumpe<\/li><li>Varme- og lydisolert pumperom<\/li><li>Bakdel som kan \u00e5pens helt<\/li><li>Ventilvarmere<\/li><\/ul><p><strong>LAST NED PDF-BROSJYRE: <\/strong><a href=\"https:\/\/keox.fi\/wp-content\/uploads\/2018\/01\/Keox-IL16RST-2.pdf\">Keox IL16RST<\/a><\/p><\/li><\/ul>\t\t\t\t\t\t<\/div>\n\t\t\t\t<\/div>\n\t\t\t\t<\/div>\n\t\t<div class=\"elementor-element elementor-element-a370adc e-con-full e-flex e-con e-child\" data-id=\"a370adc\" data-element_type=\"container\">\n\t\t\t\t<div class=\"elementor-element elementor-element-20fb92a elementor-widget elementor-widget-image\" data-id=\"20fb92a\" data-element_type=\"widget\" data-widget_type=\"image.default\">\n\t\t\t\t<div class=\"elementor-widget-container\">\n\t\t\t\t\t\t\t\t\t\t\t\t\t<img decoding=\"async\" src=\"https:\/\/keox.fi\/wp-content\/uploads\/elementor\/thumbs\/il-vacuum-truck-on2ztqa6c3fut9z8moxjw881ot9i492v3ydy0q29p0.jpg\" title=\"il-vacuum-truck\" alt=\"il-vacuum-truck\" loading=\"lazy\" \/>\t\t\t\t\t\t\t\t\t\t\t\t\t<\/div>\n\t\t\t\t<\/div>\n\t\t\t\t<\/div>\n\t\t\t\t<\/div>\n\t\t\t\t<\/div>\n\t\t","protected":false},"excerpt":{"rendered":"<p>Asiakkaan tarpeen mukaan r\u00e4\u00e4t\u00e4l\u00f6it\u00e4viss\u00e4 oleva RST-s\u00e4ili\u00f6llinen imuauto.<\/p>\n","protected":false},"author":2,"featured_media":0,"parent":1220,"menu_order":0,"comment_status":"closed","ping_status":"closed","template":"elementor_header_footer","meta":{"ngg_post_thumbnail":0,"footnotes":""},"class_list":["post-1222","page","type-page","status-publish","hentry"],"yoast_head":"<!-- This site is optimized with the Yoast SEO plugin v24.3 - https:\/\/yoast.com\/wordpress\/plugins\/seo\/ -->\n<title>IL - KEOX<\/title>\n<meta name=\"robots\" content=\"index, follow, max-snippet:-1, max-image-preview:large, max-video-preview:-1\" \/>\n<link rel=\"canonical\" href=\"https:\/\/keox.fi\/no\/produkter\/sugebiler\/il\/\" \/>\n<meta property=\"og:locale\" content=\"en_US\" \/>\n<meta property=\"og:type\" content=\"article\" \/>\n<meta property=\"og:title\" content=\"IL - KEOX\" \/>\n<meta property=\"og:description\" content=\"Asiakkaan tarpeen mukaan r\u00e4\u00e4t\u00e4l\u00f6it\u00e4viss\u00e4 oleva RST-s\u00e4ili\u00f6llinen imuauto.\" \/>\n<meta property=\"og:url\" content=\"https:\/\/keox.fi\/no\/produkter\/sugebiler\/il\/\" \/>\n<meta property=\"og:site_name\" content=\"KEOX\" \/>\n<meta property=\"article:publisher\" content=\"https:\/\/www.facebook.com\/KeoxOy\/\" \/>\n<meta property=\"article:modified_time\" content=\"2025-01-31T11:46:46+00:00\" \/>\n<meta property=\"og:image\" content=\"https:\/\/keox.fi\/wp-content\/uploads\/elementor\/thumbs\/il-vacuum-truck-on2ztqa6c3fut9z8moxjw881ot9i492v3ydy0q29p0.jpg\" \/>\n<meta name=\"twitter:card\" content=\"summary_large_image\" \/>\n<meta name=\"twitter:label1\" content=\"Est. reading time\" \/>\n\t<meta name=\"twitter:data1\" content=\"1 minute\" \/>\n<script type=\"application\/ld+json\" class=\"yoast-schema-graph\">{\"@context\":\"https:\/\/schema.org\",\"@graph\":[{\"@type\":\"WebPage\",\"@id\":\"https:\/\/keox.fi\/no\/produkter\/sugebiler\/il\/\",\"url\":\"https:\/\/keox.fi\/no\/produkter\/sugebiler\/il\/\",\"name\":\"IL - KEOX\",\"isPartOf\":{\"@id\":\"https:\/\/keox.fi\/no\/#website\"},\"primaryImageOfPage\":{\"@id\":\"https:\/\/keox.fi\/no\/produkter\/sugebiler\/il\/#primaryimage\"},\"image\":{\"@id\":\"https:\/\/keox.fi\/no\/produkter\/sugebiler\/il\/#primaryimage\"},\"thumbnailUrl\":\"https:\/\/keox.fi\/wp-content\/uploads\/elementor\/thumbs\/il-vacuum-truck-on2ztqa6c3fut9z8moxjw881ot9i492v3ydy0q29p0.jpg\",\"datePublished\":\"2019-10-10T13:49:06+00:00\",\"dateModified\":\"2025-01-31T11:46:46+00:00\",\"breadcrumb\":{\"@id\":\"https:\/\/keox.fi\/no\/produkter\/sugebiler\/il\/#breadcrumb\"},\"inLanguage\":\"no\",\"potentialAction\":[{\"@type\":\"ReadAction\",\"target\":[\"https:\/\/keox.fi\/no\/produkter\/sugebiler\/il\/\"]}]},{\"@type\":\"ImageObject\",\"inLanguage\":\"no\",\"@id\":\"https:\/\/keox.fi\/no\/produkter\/sugebiler\/il\/#primaryimage\",\"url\":\"https:\/\/keox.fi\/wp-content\/uploads\/elementor\/thumbs\/il-vacuum-truck-on2ztqa6c3fut9z8moxjw881ot9i492v3ydy0q29p0.jpg\",\"contentUrl\":\"https:\/\/keox.fi\/wp-content\/uploads\/elementor\/thumbs\/il-vacuum-truck-on2ztqa6c3fut9z8moxjw881ot9i492v3ydy0q29p0.jpg\"},{\"@type\":\"BreadcrumbList\",\"@id\":\"https:\/\/keox.fi\/no\/produkter\/sugebiler\/il\/#breadcrumb\",\"itemListElement\":[{\"@type\":\"ListItem\",\"position\":1,\"name\":\"Etusivu\",\"item\":\"https:\/\/keox.fi\/no\/forsiden\/\"},{\"@type\":\"ListItem\",\"position\":2,\"name\":\"Produkter\",\"item\":\"https:\/\/keox.fi\/no\/produkter\/\"},{\"@type\":\"ListItem\",\"position\":3,\"name\":\"Sugebiler\",\"item\":\"https:\/\/keox.fi\/no\/produkter\/sugebiler\/\"},{\"@type\":\"ListItem\",\"position\":4,\"name\":\"IL\"}]},{\"@type\":\"WebSite\",\"@id\":\"https:\/\/keox.fi\/no\/#website\",\"url\":\"https:\/\/keox.fi\/no\/\",\"name\":\"KEOX\",\"description\":\"Palvelemme monipuolisesti\",\"publisher\":{\"@id\":\"https:\/\/keox.fi\/no\/#organization\"},\"potentialAction\":[{\"@type\":\"SearchAction\",\"target\":{\"@type\":\"EntryPoint\",\"urlTemplate\":\"https:\/\/keox.fi\/no\/?s={search_term_string}\"},\"query-input\":{\"@type\":\"PropertyValueSpecification\",\"valueRequired\":true,\"valueName\":\"search_term_string\"}}],\"inLanguage\":\"no\"},{\"@type\":\"Organization\",\"@id\":\"https:\/\/keox.fi\/no\/#organization\",\"name\":\"Keox Oy\",\"url\":\"https:\/\/keox.fi\/no\/\",\"logo\":{\"@type\":\"ImageObject\",\"inLanguage\":\"no\",\"@id\":\"https:\/\/keox.fi\/no\/#\/schema\/logo\/image\/\",\"url\":\"https:\/\/keox.fi\/wp-content\/uploads\/2019\/12\/logo-pos.png\",\"contentUrl\":\"https:\/\/keox.fi\/wp-content\/uploads\/2019\/12\/logo-pos.png\",\"width\":3479,\"height\":3479,\"caption\":\"Keox Oy\"},\"image\":{\"@id\":\"https:\/\/keox.fi\/no\/#\/schema\/logo\/image\/\"},\"sameAs\":[\"https:\/\/www.facebook.com\/KeoxOy\/\",\"https:\/\/www.linkedin.com\/company\/25030509\",\"https:\/\/www.youtube.com\/channel\/UCU54gMqjcR5mvbKJz4gAoAg\"]}]}<\/script>\n<!-- \/ Yoast SEO plugin. -->","yoast_head_json":{"title":"IL - KEOX","robots":{"index":"index","follow":"follow","max-snippet":"max-snippet:-1","max-image-preview":"max-image-preview:large","max-video-preview":"max-video-preview:-1"},"canonical":"https:\/\/keox.fi\/no\/produkter\/sugebiler\/il\/","og_locale":"en_US","og_type":"article","og_title":"IL - KEOX","og_description":"Asiakkaan tarpeen mukaan r\u00e4\u00e4t\u00e4l\u00f6it\u00e4viss\u00e4 oleva RST-s\u00e4ili\u00f6llinen imuauto.","og_url":"https:\/\/keox.fi\/no\/produkter\/sugebiler\/il\/","og_site_name":"KEOX","article_publisher":"https:\/\/www.facebook.com\/KeoxOy\/","article_modified_time":"2025-01-31T11:46:46+00:00","og_image":[{"url":"https:\/\/keox.fi\/wp-content\/uploads\/elementor\/thumbs\/il-vacuum-truck-on2ztqa6c3fut9z8moxjw881ot9i492v3ydy0q29p0.jpg","type":"","width":"","height":""}],"twitter_card":"summary_large_image","twitter_misc":{"Est. reading time":"1 minute"},"schema":{"@context":"https:\/\/schema.org","@graph":[{"@type":"WebPage","@id":"https:\/\/keox.fi\/no\/produkter\/sugebiler\/il\/","url":"https:\/\/keox.fi\/no\/produkter\/sugebiler\/il\/","name":"IL - KEOX","isPartOf":{"@id":"https:\/\/keox.fi\/no\/#website"},"primaryImageOfPage":{"@id":"https:\/\/keox.fi\/no\/produkter\/sugebiler\/il\/#primaryimage"},"image":{"@id":"https:\/\/keox.fi\/no\/produkter\/sugebiler\/il\/#primaryimage"},"thumbnailUrl":"https:\/\/keox.fi\/wp-content\/uploads\/elementor\/thumbs\/il-vacuum-truck-on2ztqa6c3fut9z8moxjw881ot9i492v3ydy0q29p0.jpg","datePublished":"2019-10-10T13:49:06+00:00","dateModified":"2025-01-31T11:46:46+00:00","breadcrumb":{"@id":"https:\/\/keox.fi\/no\/produkter\/sugebiler\/il\/#breadcrumb"},"inLanguage":"no","potentialAction":[{"@type":"ReadAction","target":["https:\/\/keox.fi\/no\/produkter\/sugebiler\/il\/"]}]},{"@type":"ImageObject","inLanguage":"no","@id":"https:\/\/keox.fi\/no\/produkter\/sugebiler\/il\/#primaryimage","url":"https:\/\/keox.fi\/wp-content\/uploads\/elementor\/thumbs\/il-vacuum-truck-on2ztqa6c3fut9z8moxjw881ot9i492v3ydy0q29p0.jpg","contentUrl":"https:\/\/keox.fi\/wp-content\/uploads\/elementor\/thumbs\/il-vacuum-truck-on2ztqa6c3fut9z8moxjw881ot9i492v3ydy0q29p0.jpg"},{"@type":"BreadcrumbList","@id":"https:\/\/keox.fi\/no\/produkter\/sugebiler\/il\/#breadcrumb","itemListElement":[{"@type":"ListItem","position":1,"name":"Etusivu","item":"https:\/\/keox.fi\/no\/forsiden\/"},{"@type":"ListItem","position":2,"name":"Produkter","item":"https:\/\/keox.fi\/no\/produkter\/"},{"@type":"ListItem","position":3,"name":"Sugebiler","item":"https:\/\/keox.fi\/no\/produkter\/sugebiler\/"},{"@type":"ListItem","position":4,"name":"IL"}]},{"@type":"WebSite","@id":"https:\/\/keox.fi\/no\/#website","url":"https:\/\/keox.fi\/no\/","name":"KEOX","description":"Palvelemme monipuolisesti","publisher":{"@id":"https:\/\/keox.fi\/no\/#organization"},"potentialAction":[{"@type":"SearchAction","target":{"@type":"EntryPoint","urlTemplate":"https:\/\/keox.fi\/no\/?s={search_term_string}"},"query-input":{"@type":"PropertyValueSpecification","valueRequired":true,"valueName":"search_term_string"}}],"inLanguage":"no"},{"@type":"Organization","@id":"https:\/\/keox.fi\/no\/#organization","name":"Keox Oy","url":"https:\/\/keox.fi\/no\/","logo":{"@type":"ImageObject","inLanguage":"no","@id":"https:\/\/keox.fi\/no\/#\/schema\/logo\/image\/","url":"https:\/\/keox.fi\/wp-content\/uploads\/2019\/12\/logo-pos.png","contentUrl":"https:\/\/keox.fi\/wp-content\/uploads\/2019\/12\/logo-pos.png","width":3479,"height":3479,"caption":"Keox Oy"},"image":{"@id":"https:\/\/keox.fi\/no\/#\/schema\/logo\/image\/"},"sameAs":["https:\/\/www.facebook.com\/KeoxOy\/","https:\/\/www.linkedin.com\/company\/25030509","https:\/\/www.youtube.com\/channel\/UCU54gMqjcR5mvbKJz4gAoAg"]}]}},"_links":{"self":[{"href":"https:\/\/keox.fi\/no\/wp-json\/wp\/v2\/pages\/1222"}],"collection":[{"href":"https:\/\/keox.fi\/no\/wp-json\/wp\/v2\/pages"}],"about":[{"href":"https:\/\/keox.fi\/no\/wp-json\/wp\/v2\/types\/page"}],"author":[{"embeddable":true,"href":"https:\/\/keox.fi\/no\/wp-json\/wp\/v2\/users\/2"}],"replies":[{"embeddable":true,"href":"https:\/\/keox.fi\/no\/wp-json\/wp\/v2\/comments?post=1222"}],"version-history":[{"count":9,"href":"https:\/\/keox.fi\/no\/wp-json\/wp\/v2\/pages\/1222\/revisions"}],"predecessor-version":[{"id":3381,"href":"https:\/\/keox.fi\/no\/wp-json\/wp\/v2\/pages\/1222\/revisions\/3381"}],"up":[{"embeddable":true,"href":"https:\/\/keox.fi\/no\/wp-json\/wp\/v2\/pages\/1220"}],"wp:attachment":[{"href":"https:\/\/keox.fi\/no\/wp-json\/wp\/v2\/media?parent=1222"}],"curies":[{"name":"wp","href":"https:\/\/api.w.org\/{rel}","templated":true}]}}