{"id":1220,"date":"2019-10-10T15:43:56","date_gmt":"2019-10-10T13:43:56","guid":{"rendered":"https:\/\/keox.fi\/?page_id=1220"},"modified":"2026-02-16T09:19:05","modified_gmt":"2026-02-16T07:19:05","slug":"sugebiler","status":"publish","type":"page","link":"https:\/\/keox.fi\/no\/produkter\/sugebiler\/","title":{"rendered":"Sugebiler"},"content":{"rendered":"\t\t<div data-elementor-type=\"wp-page\" data-elementor-id=\"1220\" class=\"elementor elementor-1220\" data-elementor-post-type=\"page\">\n\t\t\t\t<div class=\"elementor-element elementor-element-ff45590 e-flex e-con-boxed e-con e-parent\" data-id=\"ff45590\" data-element_type=\"container\" data-settings=\"{&quot;background_background&quot;:&quot;classic&quot;}\">\n\t\t\t\t\t<div class=\"e-con-inner\">\n\t\t\t\t<div class=\"elementor-element elementor-element-33afad17 elementor-widget elementor-widget-heading\" data-id=\"33afad17\" data-element_type=\"widget\" data-widget_type=\"heading.default\">\n\t\t\t\t<div class=\"elementor-widget-container\">\n\t\t\t<h2 class=\"elementor-heading-title elementor-size-default\">Sugebiler<\/h2>\t\t<\/div>\n\t\t\t\t<\/div>\n\t\t\t\t<div class=\"elementor-element elementor-element-077f617 elementor-widget elementor-widget-text-editor\" data-id=\"077f617\" data-element_type=\"widget\" data-widget_type=\"text-editor.default\">\n\t\t\t\t<div class=\"elementor-widget-container\">\n\t\t\t\t\t\t\t<p data-start=\"98\" data-end=\"230\"><strong>Sugelbiler er utviklet for effektiv transport og fjerning av t\u00f8rre og flytende materialer, tilpasset kundens behov.<\/strong><\/p>\t\t\t\t\t\t<\/div>\n\t\t\t\t<\/div>\n\t\t\t\t\t<\/div>\n\t\t\t\t<\/div>\n\t\t<div class=\"elementor-element elementor-element-493c58fb e-con-full e-flex e-con e-parent\" data-id=\"493c58fb\" data-element_type=\"container\" data-settings=\"{&quot;background_background&quot;:&quot;classic&quot;}\">\n\t\t<div class=\"elementor-element elementor-element-47d0c25e e-con-full e-flex e-con e-child\" data-id=\"47d0c25e\" data-element_type=\"container\">\n\t\t\t\t<div class=\"elementor-element elementor-element-7b00776c elementor-widget elementor-widget-heading\" data-id=\"7b00776c\" data-element_type=\"widget\" data-widget_type=\"heading.default\">\n\t\t\t\t<div class=\"elementor-widget-container\">\n\t\t\t<h2 class=\"elementor-heading-title elementor-size-default\">V\u00e5re sugebiler gj\u00f8r det tunge arbeidet uansett forhold<\/h2>\t\t<\/div>\n\t\t\t\t<\/div>\n\t\t\t\t<\/div>\n\t\t<div class=\"elementor-element elementor-element-6d4185a6 e-con-full e-flex e-con e-child\" data-id=\"6d4185a6\" data-element_type=\"container\">\n\t\t\t\t<div class=\"elementor-element elementor-element-0bed0fb elementor-widget elementor-widget-text-editor\" data-id=\"0bed0fb\" data-element_type=\"widget\" data-widget_type=\"text-editor.default\">\n\t\t\t\t<div class=\"elementor-widget-container\">\n\t\t\t\t\t\t\t<p data-start=\"300\" data-end=\"491\">St\u00f8vsuging med sugebil egner seg b\u00e5de for transport og fjerning av t\u00f8rre og flytende materialer. V\u00e5re sugebiler tilpasses individuelt for \u00e5 passe best mulig til arbeidet de er ment for.<br data-start=\"483\" data-end=\"486\" \/>Vi produserer ogs\u00e5 versjoner med krokcontainer.<\/p>\t\t\t\t\t\t<\/div>\n\t\t\t\t<\/div>\n\t\t\t\t<\/div>\n\t\t\t\t<\/div>\n\t\t<div class=\"elementor-element elementor-element-83c7323 e-con-full e-flex e-con e-parent\" data-id=\"83c7323\" data-element_type=\"container\" data-settings=\"{&quot;background_background&quot;:&quot;classic&quot;}\">\n\t\t<div class=\"elementor-element elementor-element-58bb4f3 e-con-full e-flex e-con e-child\" data-id=\"58bb4f3\" data-element_type=\"container\">\n\t\t<div class=\"elementor-element elementor-element-5c12210 e-grid e-con-full e-con e-child\" data-id=\"5c12210\" data-element_type=\"container\">\n\t\t<div class=\"elementor-element elementor-element-e4eaf7c e-con-full e-flex e-con e-child\" data-id=\"e4eaf7c\" data-element_type=\"container\">\n\t\t\t\t<div class=\"elementor-element elementor-element-ebd79ca elementor-widget__width-inherit elementor-widget elementor-widget-image\" data-id=\"ebd79ca\" data-element_type=\"widget\" data-widget_type=\"image.default\">\n\t\t\t\t<div class=\"elementor-widget-container\">\n\t\t\t\t\t\t\t\t\t\t\t\t\t\t<a href=\"https:\/\/keox.fi\/no\/produkter\/sugebiler\/il\/\">\n\t\t\t\t\t\t\t<img fetchpriority=\"high\" decoding=\"async\" width=\"650\" height=\"272\" src=\"https:\/\/keox.fi\/wp-content\/uploads\/2020\/03\/IL-vac.jpg\" class=\"attachment-full size-full wp-image-1740\" alt=\"\" srcset=\"https:\/\/keox.fi\/wp-content\/uploads\/2020\/03\/IL-vac.jpg 650w, https:\/\/keox.fi\/wp-content\/uploads\/2020\/03\/IL-vac-640x268.jpg 640w\" sizes=\"(max-width: 650px) 100vw, 650px\" \/>\t\t\t\t\t\t\t\t<\/a>\n\t\t\t\t\t\t\t\t\t\t\t\t\t<\/div>\n\t\t\t\t<\/div>\n\t\t\t\t<div class=\"elementor-element elementor-element-393a626 elementor-widget elementor-widget-heading\" data-id=\"393a626\" data-element_type=\"widget\" data-widget_type=\"heading.default\">\n\t\t\t\t<div class=\"elementor-widget-container\">\n\t\t\t<h2 class=\"elementor-heading-title elementor-size-default\"><a href=\"https:\/\/keox.fi\/no\/produkter\/sugebiler\/il\/\">IL<\/a><\/h2>\t\t<\/div>\n\t\t\t\t<\/div>\n\t\t\t\t<div class=\"elementor-element elementor-element-361eefc elementor-widget__width-initial elementor-widget elementor-widget-text-editor\" data-id=\"361eefc\" data-element_type=\"widget\" data-widget_type=\"text-editor.default\">\n\t\t\t\t<div class=\"elementor-widget-container\">\n\t\t\t\t\t\t\t<p>En sugebil med rustfri tank som kan tilpasses etter kundens behov.<\/p>\t\t\t\t\t\t<\/div>\n\t\t\t\t<\/div>\n\t\t\t\t<\/div>\n\t\t<div class=\"elementor-element elementor-element-c1352f9 e-con-full e-flex e-con e-child\" data-id=\"c1352f9\" data-element_type=\"container\">\n\t\t\t\t<div class=\"elementor-element elementor-element-12ff7fc elementor-widget__width-inherit elementor-widget elementor-widget-image\" data-id=\"12ff7fc\" data-element_type=\"widget\" data-widget_type=\"image.default\">\n\t\t\t\t<div class=\"elementor-widget-container\">\n\t\t\t\t\t\t\t\t\t\t\t\t\t\t<a href=\"https:\/\/keox.fi\/no\/produkter\/sugebiler\/il15vl\/\">\n\t\t\t\t\t\t\t<img decoding=\"async\" width=\"650\" height=\"272\" src=\"https:\/\/keox.fi\/wp-content\/uploads\/2020\/03\/demountable-vehicle.jpg\" class=\"attachment-full size-full wp-image-1741\" alt=\"\" srcset=\"https:\/\/keox.fi\/wp-content\/uploads\/2020\/03\/demountable-vehicle.jpg 650w, https:\/\/keox.fi\/wp-content\/uploads\/2020\/03\/demountable-vehicle-640x268.jpg 640w\" sizes=\"(max-width: 650px) 100vw, 650px\" \/>\t\t\t\t\t\t\t\t<\/a>\n\t\t\t\t\t\t\t\t\t\t\t\t\t<\/div>\n\t\t\t\t<\/div>\n\t\t\t\t<div class=\"elementor-element elementor-element-ffa65a5 elementor-widget elementor-widget-heading\" data-id=\"ffa65a5\" data-element_type=\"widget\" data-widget_type=\"heading.default\">\n\t\t\t\t<div class=\"elementor-widget-container\">\n\t\t\t<h2 class=\"elementor-heading-title elementor-size-default\"><a href=\"https:\/\/keox.fi\/no\/produkter\/sugebiler\/il15vl\/\">IL15VL<\/a><\/h2>\t\t<\/div>\n\t\t\t\t<\/div>\n\t\t\t\t<div class=\"elementor-element elementor-element-2461bf9 elementor-widget__width-initial elementor-widget elementor-widget-text-editor\" data-id=\"2461bf9\" data-element_type=\"widget\" data-widget_type=\"text-editor.default\">\n\t\t\t\t<div class=\"elementor-widget-container\">\n\t\t\t\t\t\t\t<p>Det er ikke alltid fornuftig \u00e5 utstyre bilen kun for \u00e9n bruk, da er valget en sugetank med krokcontainerl\u00f8sning eller en kombinasjon av sug og trykk.<\/p>\t\t\t\t\t\t<\/div>\n\t\t\t\t<\/div>\n\t\t\t\t<\/div>\n\t\t\t\t<\/div>\n\t\t\t\t<\/div>\n\t\t\t\t<\/div>\n\t\t\t\t<\/div>\n\t\t","protected":false},"excerpt":{"rendered":"<p>De skreddersydde sugebilene v\u00e5re tilbyr kundene en kompromissl\u00f8s kvalitet i det daglige arbeidet ute i feltet.  Slik forsikrer vi oss om at kj\u00f8ret\u00f8yene v\u00e5re passer til akkurat den bruken de er beregnet til p\u00e5 aller beste m\u00e5te.<\/p>\n","protected":false},"author":2,"featured_media":198,"parent":1215,"menu_order":0,"comment_status":"closed","ping_status":"closed","template":"elementor_header_footer","meta":{"ngg_post_thumbnail":0,"footnotes":""},"class_list":["post-1220","page","type-page","status-publish","has-post-thumbnail","hentry"],"yoast_head":"<!-- This site is optimized with the Yoast SEO plugin v24.3 - https:\/\/yoast.com\/wordpress\/plugins\/seo\/ -->\n<title>Sugebiler - KEOX<\/title>\n<meta name=\"robots\" content=\"index, follow, max-snippet:-1, max-image-preview:large, max-video-preview:-1\" \/>\n<link rel=\"canonical\" href=\"https:\/\/keox.fi\/no\/produkter\/sugebiler\/\" \/>\n<meta property=\"og:locale\" content=\"en_US\" \/>\n<meta property=\"og:type\" content=\"article\" \/>\n<meta property=\"og:title\" content=\"Sugebiler - KEOX\" \/>\n<meta property=\"og:description\" content=\"De skreddersydde sugebilene v\u00e5re tilbyr kundene en kompromissl\u00f8s kvalitet i det daglige arbeidet ute i feltet. Slik forsikrer vi oss om at kj\u00f8ret\u00f8yene v\u00e5re passer til akkurat den bruken de er beregnet til p\u00e5 aller beste m\u00e5te.\" \/>\n<meta property=\"og:url\" content=\"https:\/\/keox.fi\/no\/produkter\/sugebiler\/\" \/>\n<meta property=\"og:site_name\" content=\"KEOX\" \/>\n<meta property=\"article:publisher\" content=\"https:\/\/www.facebook.com\/KeoxOy\/\" \/>\n<meta property=\"article:modified_time\" content=\"2026-02-16T07:19:05+00:00\" \/>\n<meta property=\"og:image\" content=\"https:\/\/keox.fi\/wp-content\/uploads\/2016\/10\/Yla\u0308banneriin-imuautot.jpg\" \/>\n\t<meta property=\"og:image:width\" content=\"1920\" \/>\n\t<meta property=\"og:image:height\" content=\"430\" \/>\n\t<meta property=\"og:image:type\" content=\"image\/jpeg\" \/>\n<meta name=\"twitter:card\" content=\"summary_large_image\" \/>\n<meta name=\"twitter:label1\" content=\"Est. reading time\" \/>\n\t<meta name=\"twitter:data1\" content=\"2 minutes\" \/>\n<script type=\"application\/ld+json\" class=\"yoast-schema-graph\">{\"@context\":\"https:\/\/schema.org\",\"@graph\":[{\"@type\":\"WebPage\",\"@id\":\"https:\/\/keox.fi\/no\/produkter\/sugebiler\/\",\"url\":\"https:\/\/keox.fi\/no\/produkter\/sugebiler\/\",\"name\":\"Sugebiler - KEOX\",\"isPartOf\":{\"@id\":\"https:\/\/keox.fi\/no\/#website\"},\"primaryImageOfPage\":{\"@id\":\"https:\/\/keox.fi\/no\/produkter\/sugebiler\/#primaryimage\"},\"image\":{\"@id\":\"https:\/\/keox.fi\/no\/produkter\/sugebiler\/#primaryimage\"},\"thumbnailUrl\":\"https:\/\/keox.fi\/wp-content\/uploads\/2016\/10\/Yla\u0308banneriin-imuautot.jpg\",\"datePublished\":\"2019-10-10T13:43:56+00:00\",\"dateModified\":\"2026-02-16T07:19:05+00:00\",\"breadcrumb\":{\"@id\":\"https:\/\/keox.fi\/no\/produkter\/sugebiler\/#breadcrumb\"},\"inLanguage\":\"no\",\"potentialAction\":[{\"@type\":\"ReadAction\",\"target\":[\"https:\/\/keox.fi\/no\/produkter\/sugebiler\/\"]}]},{\"@type\":\"ImageObject\",\"inLanguage\":\"no\",\"@id\":\"https:\/\/keox.fi\/no\/produkter\/sugebiler\/#primaryimage\",\"url\":\"https:\/\/keox.fi\/wp-content\/uploads\/2016\/10\/Yla\u0308banneriin-imuautot.jpg\",\"contentUrl\":\"https:\/\/keox.fi\/wp-content\/uploads\/2016\/10\/Yla\u0308banneriin-imuautot.jpg\",\"width\":1920,\"height\":430},{\"@type\":\"BreadcrumbList\",\"@id\":\"https:\/\/keox.fi\/no\/produkter\/sugebiler\/#breadcrumb\",\"itemListElement\":[{\"@type\":\"ListItem\",\"position\":1,\"name\":\"Etusivu\",\"item\":\"https:\/\/keox.fi\/no\/forsiden\/\"},{\"@type\":\"ListItem\",\"position\":2,\"name\":\"Produkter\",\"item\":\"https:\/\/keox.fi\/no\/produkter\/\"},{\"@type\":\"ListItem\",\"position\":3,\"name\":\"Sugebiler\"}]},{\"@type\":\"WebSite\",\"@id\":\"https:\/\/keox.fi\/no\/#website\",\"url\":\"https:\/\/keox.fi\/no\/\",\"name\":\"KEOX\",\"description\":\"Palvelemme monipuolisesti\",\"publisher\":{\"@id\":\"https:\/\/keox.fi\/no\/#organization\"},\"potentialAction\":[{\"@type\":\"SearchAction\",\"target\":{\"@type\":\"EntryPoint\",\"urlTemplate\":\"https:\/\/keox.fi\/no\/?s={search_term_string}\"},\"query-input\":{\"@type\":\"PropertyValueSpecification\",\"valueRequired\":true,\"valueName\":\"search_term_string\"}}],\"inLanguage\":\"no\"},{\"@type\":\"Organization\",\"@id\":\"https:\/\/keox.fi\/no\/#organization\",\"name\":\"Keox Oy\",\"url\":\"https:\/\/keox.fi\/no\/\",\"logo\":{\"@type\":\"ImageObject\",\"inLanguage\":\"no\",\"@id\":\"https:\/\/keox.fi\/no\/#\/schema\/logo\/image\/\",\"url\":\"https:\/\/keox.fi\/wp-content\/uploads\/2019\/12\/logo-pos.png\",\"contentUrl\":\"https:\/\/keox.fi\/wp-content\/uploads\/2019\/12\/logo-pos.png\",\"width\":3479,\"height\":3479,\"caption\":\"Keox Oy\"},\"image\":{\"@id\":\"https:\/\/keox.fi\/no\/#\/schema\/logo\/image\/\"},\"sameAs\":[\"https:\/\/www.facebook.com\/KeoxOy\/\",\"https:\/\/www.linkedin.com\/company\/25030509\",\"https:\/\/www.youtube.com\/channel\/UCU54gMqjcR5mvbKJz4gAoAg\"]}]}<\/script>\n<!-- \/ Yoast SEO plugin. -->","yoast_head_json":{"title":"Sugebiler - KEOX","robots":{"index":"index","follow":"follow","max-snippet":"max-snippet:-1","max-image-preview":"max-image-preview:large","max-video-preview":"max-video-preview:-1"},"canonical":"https:\/\/keox.fi\/no\/produkter\/sugebiler\/","og_locale":"en_US","og_type":"article","og_title":"Sugebiler - KEOX","og_description":"De skreddersydde sugebilene v\u00e5re tilbyr kundene en kompromissl\u00f8s kvalitet i det daglige arbeidet ute i feltet. Slik forsikrer vi oss om at kj\u00f8ret\u00f8yene v\u00e5re passer til akkurat den bruken de er beregnet til p\u00e5 aller beste m\u00e5te.","og_url":"https:\/\/keox.fi\/no\/produkter\/sugebiler\/","og_site_name":"KEOX","article_publisher":"https:\/\/www.facebook.com\/KeoxOy\/","article_modified_time":"2026-02-16T07:19:05+00:00","og_image":[{"width":1920,"height":430,"url":"https:\/\/keox.fi\/wp-content\/uploads\/2016\/10\/Yla\u0308banneriin-imuautot.jpg","type":"image\/jpeg"}],"twitter_card":"summary_large_image","twitter_misc":{"Est. reading time":"2 minutes"},"schema":{"@context":"https:\/\/schema.org","@graph":[{"@type":"WebPage","@id":"https:\/\/keox.fi\/no\/produkter\/sugebiler\/","url":"https:\/\/keox.fi\/no\/produkter\/sugebiler\/","name":"Sugebiler - KEOX","isPartOf":{"@id":"https:\/\/keox.fi\/no\/#website"},"primaryImageOfPage":{"@id":"https:\/\/keox.fi\/no\/produkter\/sugebiler\/#primaryimage"},"image":{"@id":"https:\/\/keox.fi\/no\/produkter\/sugebiler\/#primaryimage"},"thumbnailUrl":"https:\/\/keox.fi\/wp-content\/uploads\/2016\/10\/Yla\u0308banneriin-imuautot.jpg","datePublished":"2019-10-10T13:43:56+00:00","dateModified":"2026-02-16T07:19:05+00:00","breadcrumb":{"@id":"https:\/\/keox.fi\/no\/produkter\/sugebiler\/#breadcrumb"},"inLanguage":"no","potentialAction":[{"@type":"ReadAction","target":["https:\/\/keox.fi\/no\/produkter\/sugebiler\/"]}]},{"@type":"ImageObject","inLanguage":"no","@id":"https:\/\/keox.fi\/no\/produkter\/sugebiler\/#primaryimage","url":"https:\/\/keox.fi\/wp-content\/uploads\/2016\/10\/Yla\u0308banneriin-imuautot.jpg","contentUrl":"https:\/\/keox.fi\/wp-content\/uploads\/2016\/10\/Yla\u0308banneriin-imuautot.jpg","width":1920,"height":430},{"@type":"BreadcrumbList","@id":"https:\/\/keox.fi\/no\/produkter\/sugebiler\/#breadcrumb","itemListElement":[{"@type":"ListItem","position":1,"name":"Etusivu","item":"https:\/\/keox.fi\/no\/forsiden\/"},{"@type":"ListItem","position":2,"name":"Produkter","item":"https:\/\/keox.fi\/no\/produkter\/"},{"@type":"ListItem","position":3,"name":"Sugebiler"}]},{"@type":"WebSite","@id":"https:\/\/keox.fi\/no\/#website","url":"https:\/\/keox.fi\/no\/","name":"KEOX","description":"Palvelemme monipuolisesti","publisher":{"@id":"https:\/\/keox.fi\/no\/#organization"},"potentialAction":[{"@type":"SearchAction","target":{"@type":"EntryPoint","urlTemplate":"https:\/\/keox.fi\/no\/?s={search_term_string}"},"query-input":{"@type":"PropertyValueSpecification","valueRequired":true,"valueName":"search_term_string"}}],"inLanguage":"no"},{"@type":"Organization","@id":"https:\/\/keox.fi\/no\/#organization","name":"Keox Oy","url":"https:\/\/keox.fi\/no\/","logo":{"@type":"ImageObject","inLanguage":"no","@id":"https:\/\/keox.fi\/no\/#\/schema\/logo\/image\/","url":"https:\/\/keox.fi\/wp-content\/uploads\/2019\/12\/logo-pos.png","contentUrl":"https:\/\/keox.fi\/wp-content\/uploads\/2019\/12\/logo-pos.png","width":3479,"height":3479,"caption":"Keox Oy"},"image":{"@id":"https:\/\/keox.fi\/no\/#\/schema\/logo\/image\/"},"sameAs":["https:\/\/www.facebook.com\/KeoxOy\/","https:\/\/www.linkedin.com\/company\/25030509","https:\/\/www.youtube.com\/channel\/UCU54gMqjcR5mvbKJz4gAoAg"]}]}},"_links":{"self":[{"href":"https:\/\/keox.fi\/no\/wp-json\/wp\/v2\/pages\/1220"}],"collection":[{"href":"https:\/\/keox.fi\/no\/wp-json\/wp\/v2\/pages"}],"about":[{"href":"https:\/\/keox.fi\/no\/wp-json\/wp\/v2\/types\/page"}],"author":[{"embeddable":true,"href":"https:\/\/keox.fi\/no\/wp-json\/wp\/v2\/users\/2"}],"replies":[{"embeddable":true,"href":"https:\/\/keox.fi\/no\/wp-json\/wp\/v2\/comments?post=1220"}],"version-history":[{"count":7,"href":"https:\/\/keox.fi\/no\/wp-json\/wp\/v2\/pages\/1220\/revisions"}],"predecessor-version":[{"id":3443,"href":"https:\/\/keox.fi\/no\/wp-json\/wp\/v2\/pages\/1220\/revisions\/3443"}],"up":[{"embeddable":true,"href":"https:\/\/keox.fi\/no\/wp-json\/wp\/v2\/pages\/1215"}],"wp:featuredmedia":[{"embeddable":true,"href":"https:\/\/keox.fi\/no\/wp-json\/wp\/v2\/media\/198"}],"wp:attachment":[{"href":"https:\/\/keox.fi\/no\/wp-json\/wp\/v2\/media?parent=1220"}],"curies":[{"name":"wp","href":"https:\/\/api.w.org\/{rel}","templated":true}]}}