{"id":1217,"date":"2019-10-10T15:25:33","date_gmt":"2019-10-10T13:25:33","guid":{"rendered":"https:\/\/keox.fi\/?page_id=1217"},"modified":"2025-01-31T13:47:14","modified_gmt":"2025-01-31T11:47:14","slug":"mikroaggregat","status":"publish","type":"page","link":"https:\/\/keox.fi\/no\/produkter\/kombibiler\/mikroaggregat\/","title":{"rendered":"Mikroaggregat"},"content":{"rendered":"<h2>Mikroaggregat<\/h2>\n<h4>Mikroaggregatene inneholder effektive suge- og trykkenheter samt n\u00f8dvendig utstyr i en liten st\u00f8rrelse, og derfor er de ideelle til servicetiltak i bakg\u00e5rder og hagekummer, hvor man ikke kommer til med store biler.<\/h4>\n<p>Den lille st\u00f8rrelsen betyr likevel ogs\u00e5 at man n\u00f8dvendigvis ikke f\u00e5r tilstrekkelig effekt til pumpen av underlaget. Derfor leverer vi mikroaggregatene med egen dieselmotor. Takket v\u00e6re den egne motoren kan man ogs\u00e5 montere aggregatet p\u00e5 en tilhenger.<\/p>\n<p><img fetchpriority=\"high\" decoding=\"async\" class=\"size-large wp-image-202 aligncenter\" src=\"https:\/\/keox.fi\/wp-content\/uploads\/2016\/10\/KEOX-11.7.2016-016-820x461.jpg\" alt=\"\" width=\"820\" height=\"461\" srcset=\"https:\/\/keox.fi\/wp-content\/uploads\/2016\/10\/KEOX-11.7.2016-016-820x461.jpg 820w, https:\/\/keox.fi\/wp-content\/uploads\/2016\/10\/KEOX-11.7.2016-016-640x360.jpg 640w, https:\/\/keox.fi\/wp-content\/uploads\/2016\/10\/KEOX-11.7.2016-016-768x432.jpg 768w, https:\/\/keox.fi\/wp-content\/uploads\/2016\/10\/KEOX-11.7.2016-016.jpg 1200w\" sizes=\"(max-width: 820px) 100vw, 820px\" \/><\/p>\n<h2>KEOX IVL MICRO<\/h2>\n<ul>\n<li>Materiale: RST<\/li>\n<li>Utstyrt med vannsystemer for spyling og \u00e5pning av avl\u00f8p<\/li>\n<li>Dimensjonering av beholder for vann\/slam med hensyn til kundens behov<\/li>\n<li>Ogs\u00e5 st\u00f8rre sugemengder ved hjelp av overf\u00f8ringspumpe<\/li>\n<li>Passer til mindre rom<\/li>\n<li>Praktisk i byenes sentrumsomr\u00e5der<\/li>\n<li>Effektiv med hensyn til brukskostnader<\/li>\n<li>Tining og rensing av r\u00f8r med varmt vann<\/li>\n<li>Hydraulisk lagringstrommel<\/li>\n<\/ul>\n<h3>Valgfritt ekstrautstyr<\/h3>\n<ul>\n<li>Gjennomsugende hydraulisk trommel<\/li>\n<li>Dieseldreven brenner til oppvarming av vann, 110 kW, 30 l<\/li>\n<li>Valgfri radiostyringsenhet<\/li>\n<\/ul>\n<p><strong>LAST NED PDF-BROSJYRE:<\/strong>&nbsp;<a href=\"https:\/\/keox.fi\/wp-content\/uploads\/2016\/10\/Keox-IVL-Micro.pdf\">Keox IVL Micro<\/a><\/p>\n<p><img decoding=\"async\" class=\"size-large wp-image-321 aligncenter\" src=\"https:\/\/keox.fi\/wp-content\/uploads\/2016\/10\/GA1A2700Nettisivut-820x547.jpg\" alt=\"\" width=\"820\" height=\"547\" srcset=\"https:\/\/keox.fi\/wp-content\/uploads\/2016\/10\/GA1A2700Nettisivut-820x547.jpg 820w, https:\/\/keox.fi\/wp-content\/uploads\/2016\/10\/GA1A2700Nettisivut-640x427.jpg 640w, https:\/\/keox.fi\/wp-content\/uploads\/2016\/10\/GA1A2700Nettisivut-768x512.jpg 768w, https:\/\/keox.fi\/wp-content\/uploads\/2016\/10\/GA1A2700Nettisivut.jpg 1200w\" sizes=\"(max-width: 820px) 100vw, 820px\" \/><\/p>\n<p><img decoding=\"async\" class=\"size-large wp-image-326 aligncenter\" src=\"https:\/\/keox.fi\/wp-content\/uploads\/2016\/10\/Parikuva-820x547.jpg\" alt=\"\" width=\"820\" height=\"547\" srcset=\"https:\/\/keox.fi\/wp-content\/uploads\/2016\/10\/Parikuva-820x547.jpg 820w, https:\/\/keox.fi\/wp-content\/uploads\/2016\/10\/Parikuva-640x427.jpg 640w, https:\/\/keox.fi\/wp-content\/uploads\/2016\/10\/Parikuva-768x512.jpg 768w, https:\/\/keox.fi\/wp-content\/uploads\/2016\/10\/Parikuva.jpg 1200w\" sizes=\"(max-width: 820px) 100vw, 820px\" \/><\/p>\n<p><img loading=\"lazy\" decoding=\"async\" class=\"size-large wp-image-324 aligncenter\" src=\"https:\/\/keox.fi\/wp-content\/uploads\/2016\/10\/Sivusta_sisuksilla-820x434.jpg\" alt=\"\" width=\"820\" height=\"434\" srcset=\"https:\/\/keox.fi\/wp-content\/uploads\/2016\/10\/Sivusta_sisuksilla-820x434.jpg 820w, https:\/\/keox.fi\/wp-content\/uploads\/2016\/10\/Sivusta_sisuksilla-640x339.jpg 640w, https:\/\/keox.fi\/wp-content\/uploads\/2016\/10\/Sivusta_sisuksilla-768x406.jpg 768w, https:\/\/keox.fi\/wp-content\/uploads\/2016\/10\/Sivusta_sisuksilla.jpg 1200w\" sizes=\"(max-width: 820px) 100vw, 820px\" \/><\/p>\n","protected":false},"excerpt":{"rendered":"<p>Mikroaggregatene er verkt\u00f8y av stor kaliber i en liten st\u00f8rrelse. De inneholder effektive suge- og trykkenheter samt n\u00f8dvendig utstyr i en liten st\u00f8rrelse, slik at man kommer til der det ikke er plass til store biler.<\/p>\n","protected":false},"author":2,"featured_media":0,"parent":1289,"menu_order":5,"comment_status":"closed","ping_status":"closed","template":"","meta":{"ngg_post_thumbnail":0,"footnotes":""},"class_list":["post-1217","page","type-page","status-publish","hentry"],"yoast_head":"<!-- This site is optimized with the Yoast SEO plugin v24.3 - https:\/\/yoast.com\/wordpress\/plugins\/seo\/ -->\n<title>Mikroaggregat - KEOX<\/title>\n<meta name=\"robots\" content=\"index, follow, max-snippet:-1, max-image-preview:large, max-video-preview:-1\" \/>\n<link rel=\"canonical\" href=\"https:\/\/keox.fi\/?page_id=32\" \/>\n<meta property=\"og:locale\" content=\"en_US\" \/>\n<meta property=\"og:type\" content=\"article\" \/>\n<meta property=\"og:title\" content=\"Mikroaggregat - KEOX\" \/>\n<meta property=\"og:description\" content=\"Mikroaggregatene er verkt\u00f8y av stor kaliber i en liten st\u00f8rrelse. De inneholder effektive suge- og trykkenheter samt n\u00f8dvendig utstyr i en liten st\u00f8rrelse, slik at man kommer til der det ikke er plass til store biler.\" \/>\n<meta property=\"og:url\" content=\"https:\/\/keox.fi\/?page_id=32\" \/>\n<meta property=\"og:site_name\" content=\"KEOX\" \/>\n<meta property=\"article:publisher\" content=\"https:\/\/www.facebook.com\/KeoxOy\/\" \/>\n<meta property=\"article:modified_time\" content=\"2025-01-31T11:47:14+00:00\" \/>\n<meta property=\"og:image\" content=\"https:\/\/keox.fi\/wp-content\/uploads\/2016\/10\/KEOX-11.7.2016-016.jpg\" \/>\n\t<meta property=\"og:image:width\" content=\"1200\" \/>\n\t<meta property=\"og:image:height\" content=\"675\" \/>\n\t<meta property=\"og:image:type\" content=\"image\/jpeg\" \/>\n<meta name=\"twitter:card\" content=\"summary_large_image\" \/>\n<meta name=\"twitter:label1\" content=\"Est. reading time\" \/>\n\t<meta name=\"twitter:data1\" content=\"1 minute\" \/>\n<script type=\"application\/ld+json\" class=\"yoast-schema-graph\">{\"@context\":\"https:\/\/schema.org\",\"@graph\":[{\"@type\":\"WebPage\",\"@id\":\"https:\/\/keox.fi\/?page_id=32\",\"url\":\"https:\/\/keox.fi\/?page_id=32\",\"name\":\"Mikroaggregat - KEOX\",\"isPartOf\":{\"@id\":\"https:\/\/keox.fi\/no\/#website\"},\"primaryImageOfPage\":{\"@id\":\"https:\/\/keox.fi\/?page_id=32#primaryimage\"},\"image\":{\"@id\":\"https:\/\/keox.fi\/?page_id=32#primaryimage\"},\"thumbnailUrl\":\"https:\/\/keox.fi\/wp-content\/uploads\/2016\/10\/KEOX-11.7.2016-016-820x461.jpg\",\"datePublished\":\"2019-10-10T13:25:33+00:00\",\"dateModified\":\"2025-01-31T11:47:14+00:00\",\"breadcrumb\":{\"@id\":\"https:\/\/keox.fi\/?page_id=32#breadcrumb\"},\"inLanguage\":\"no\",\"potentialAction\":[{\"@type\":\"ReadAction\",\"target\":[\"https:\/\/keox.fi\/?page_id=32\"]}]},{\"@type\":\"ImageObject\",\"inLanguage\":\"no\",\"@id\":\"https:\/\/keox.fi\/?page_id=32#primaryimage\",\"url\":\"https:\/\/keox.fi\/wp-content\/uploads\/2016\/10\/KEOX-11.7.2016-016-820x461.jpg\",\"contentUrl\":\"https:\/\/keox.fi\/wp-content\/uploads\/2016\/10\/KEOX-11.7.2016-016-820x461.jpg\"},{\"@type\":\"BreadcrumbList\",\"@id\":\"https:\/\/keox.fi\/?page_id=32#breadcrumb\",\"itemListElement\":[{\"@type\":\"ListItem\",\"position\":1,\"name\":\"Etusivu\",\"item\":\"https:\/\/keox.fi\/no\/forsiden\/\"},{\"@type\":\"ListItem\",\"position\":2,\"name\":\"Produkter\",\"item\":\"https:\/\/keox.fi\/no\/produkter\/\"},{\"@type\":\"ListItem\",\"position\":3,\"name\":\"Kombibiler\",\"item\":\"https:\/\/keox.fi\/no\/produkter\/kombibiler\/\"},{\"@type\":\"ListItem\",\"position\":4,\"name\":\"Mikroaggregat\"}]},{\"@type\":\"WebSite\",\"@id\":\"https:\/\/keox.fi\/no\/#website\",\"url\":\"https:\/\/keox.fi\/no\/\",\"name\":\"KEOX\",\"description\":\"Palvelemme monipuolisesti\",\"publisher\":{\"@id\":\"https:\/\/keox.fi\/no\/#organization\"},\"potentialAction\":[{\"@type\":\"SearchAction\",\"target\":{\"@type\":\"EntryPoint\",\"urlTemplate\":\"https:\/\/keox.fi\/no\/?s={search_term_string}\"},\"query-input\":{\"@type\":\"PropertyValueSpecification\",\"valueRequired\":true,\"valueName\":\"search_term_string\"}}],\"inLanguage\":\"no\"},{\"@type\":\"Organization\",\"@id\":\"https:\/\/keox.fi\/no\/#organization\",\"name\":\"Keox Oy\",\"url\":\"https:\/\/keox.fi\/no\/\",\"logo\":{\"@type\":\"ImageObject\",\"inLanguage\":\"no\",\"@id\":\"https:\/\/keox.fi\/no\/#\/schema\/logo\/image\/\",\"url\":\"https:\/\/keox.fi\/wp-content\/uploads\/2019\/12\/logo-pos.png\",\"contentUrl\":\"https:\/\/keox.fi\/wp-content\/uploads\/2019\/12\/logo-pos.png\",\"width\":3479,\"height\":3479,\"caption\":\"Keox Oy\"},\"image\":{\"@id\":\"https:\/\/keox.fi\/no\/#\/schema\/logo\/image\/\"},\"sameAs\":[\"https:\/\/www.facebook.com\/KeoxOy\/\",\"https:\/\/www.linkedin.com\/company\/25030509\",\"https:\/\/www.youtube.com\/channel\/UCU54gMqjcR5mvbKJz4gAoAg\"]}]}<\/script>\n<!-- \/ Yoast SEO plugin. -->","yoast_head_json":{"title":"Mikroaggregat - KEOX","robots":{"index":"index","follow":"follow","max-snippet":"max-snippet:-1","max-image-preview":"max-image-preview:large","max-video-preview":"max-video-preview:-1"},"canonical":"https:\/\/keox.fi\/?page_id=32","og_locale":"en_US","og_type":"article","og_title":"Mikroaggregat - KEOX","og_description":"Mikroaggregatene er verkt\u00f8y av stor kaliber i en liten st\u00f8rrelse. De inneholder effektive suge- og trykkenheter samt n\u00f8dvendig utstyr i en liten st\u00f8rrelse, slik at man kommer til der det ikke er plass til store biler.","og_url":"https:\/\/keox.fi\/?page_id=32","og_site_name":"KEOX","article_publisher":"https:\/\/www.facebook.com\/KeoxOy\/","article_modified_time":"2025-01-31T11:47:14+00:00","og_image":[{"width":1200,"height":675,"url":"https:\/\/keox.fi\/wp-content\/uploads\/2016\/10\/KEOX-11.7.2016-016.jpg","type":"image\/jpeg"}],"twitter_card":"summary_large_image","twitter_misc":{"Est. reading time":"1 minute"},"schema":{"@context":"https:\/\/schema.org","@graph":[{"@type":"WebPage","@id":"https:\/\/keox.fi\/?page_id=32","url":"https:\/\/keox.fi\/?page_id=32","name":"Mikroaggregat - KEOX","isPartOf":{"@id":"https:\/\/keox.fi\/no\/#website"},"primaryImageOfPage":{"@id":"https:\/\/keox.fi\/?page_id=32#primaryimage"},"image":{"@id":"https:\/\/keox.fi\/?page_id=32#primaryimage"},"thumbnailUrl":"https:\/\/keox.fi\/wp-content\/uploads\/2016\/10\/KEOX-11.7.2016-016-820x461.jpg","datePublished":"2019-10-10T13:25:33+00:00","dateModified":"2025-01-31T11:47:14+00:00","breadcrumb":{"@id":"https:\/\/keox.fi\/?page_id=32#breadcrumb"},"inLanguage":"no","potentialAction":[{"@type":"ReadAction","target":["https:\/\/keox.fi\/?page_id=32"]}]},{"@type":"ImageObject","inLanguage":"no","@id":"https:\/\/keox.fi\/?page_id=32#primaryimage","url":"https:\/\/keox.fi\/wp-content\/uploads\/2016\/10\/KEOX-11.7.2016-016-820x461.jpg","contentUrl":"https:\/\/keox.fi\/wp-content\/uploads\/2016\/10\/KEOX-11.7.2016-016-820x461.jpg"},{"@type":"BreadcrumbList","@id":"https:\/\/keox.fi\/?page_id=32#breadcrumb","itemListElement":[{"@type":"ListItem","position":1,"name":"Etusivu","item":"https:\/\/keox.fi\/no\/forsiden\/"},{"@type":"ListItem","position":2,"name":"Produkter","item":"https:\/\/keox.fi\/no\/produkter\/"},{"@type":"ListItem","position":3,"name":"Kombibiler","item":"https:\/\/keox.fi\/no\/produkter\/kombibiler\/"},{"@type":"ListItem","position":4,"name":"Mikroaggregat"}]},{"@type":"WebSite","@id":"https:\/\/keox.fi\/no\/#website","url":"https:\/\/keox.fi\/no\/","name":"KEOX","description":"Palvelemme monipuolisesti","publisher":{"@id":"https:\/\/keox.fi\/no\/#organization"},"potentialAction":[{"@type":"SearchAction","target":{"@type":"EntryPoint","urlTemplate":"https:\/\/keox.fi\/no\/?s={search_term_string}"},"query-input":{"@type":"PropertyValueSpecification","valueRequired":true,"valueName":"search_term_string"}}],"inLanguage":"no"},{"@type":"Organization","@id":"https:\/\/keox.fi\/no\/#organization","name":"Keox Oy","url":"https:\/\/keox.fi\/no\/","logo":{"@type":"ImageObject","inLanguage":"no","@id":"https:\/\/keox.fi\/no\/#\/schema\/logo\/image\/","url":"https:\/\/keox.fi\/wp-content\/uploads\/2019\/12\/logo-pos.png","contentUrl":"https:\/\/keox.fi\/wp-content\/uploads\/2019\/12\/logo-pos.png","width":3479,"height":3479,"caption":"Keox Oy"},"image":{"@id":"https:\/\/keox.fi\/no\/#\/schema\/logo\/image\/"},"sameAs":["https:\/\/www.facebook.com\/KeoxOy\/","https:\/\/www.linkedin.com\/company\/25030509","https:\/\/www.youtube.com\/channel\/UCU54gMqjcR5mvbKJz4gAoAg"]}]}},"_links":{"self":[{"href":"https:\/\/keox.fi\/no\/wp-json\/wp\/v2\/pages\/1217"}],"collection":[{"href":"https:\/\/keox.fi\/no\/wp-json\/wp\/v2\/pages"}],"about":[{"href":"https:\/\/keox.fi\/no\/wp-json\/wp\/v2\/types\/page"}],"author":[{"embeddable":true,"href":"https:\/\/keox.fi\/no\/wp-json\/wp\/v2\/users\/2"}],"replies":[{"embeddable":true,"href":"https:\/\/keox.fi\/no\/wp-json\/wp\/v2\/comments?post=1217"}],"version-history":[{"count":5,"href":"https:\/\/keox.fi\/no\/wp-json\/wp\/v2\/pages\/1217\/revisions"}],"predecessor-version":[{"id":3387,"href":"https:\/\/keox.fi\/no\/wp-json\/wp\/v2\/pages\/1217\/revisions\/3387"}],"up":[{"embeddable":true,"href":"https:\/\/keox.fi\/no\/wp-json\/wp\/v2\/pages\/1289"}],"wp:attachment":[{"href":"https:\/\/keox.fi\/no\/wp-json\/wp\/v2\/media?parent=1217"}],"curies":[{"name":"wp","href":"https:\/\/api.w.org\/{rel}","templated":true}]}}