{"id":737,"date":"2018-03-21T12:36:45","date_gmt":"2018-03-21T12:36:45","guid":{"rendered":"https:\/\/keox.fi\/?page_id=737"},"modified":"2026-02-20T09:30:13","modified_gmt":"2026-02-20T07:30:13","slug":"keox-il15vl","status":"publish","type":"page","link":"https:\/\/keox.fi\/en\/products\/vacuum-trucks\/keox-il15vl\/","title":{"rendered":"KEOX IL15VL"},"content":{"rendered":"\t\t<div data-elementor-type=\"wp-page\" data-elementor-id=\"737\" class=\"elementor elementor-737\" data-elementor-post-type=\"page\">\n\t\t\t\t<div class=\"elementor-element elementor-element-881eae5 e-flex e-con-boxed e-con e-parent\" data-id=\"881eae5\" data-element_type=\"container\" data-settings=\"{&quot;background_background&quot;:&quot;classic&quot;}\">\n\t\t\t\t\t<div class=\"e-con-inner\">\n\t\t\t\t<div class=\"elementor-element elementor-element-bd68148 elementor-widget elementor-widget-heading\" data-id=\"bd68148\" data-element_type=\"widget\" data-widget_type=\"heading.default\">\n\t\t\t\t<div class=\"elementor-widget-container\">\n\t\t\t<h2 class=\"elementor-heading-title elementor-size-default\">Vacuum trucks with exchange platforms<\/h2>\t\t<\/div>\n\t\t\t\t<\/div>\n\t\t\t\t\t<\/div>\n\t\t\t\t<\/div>\n\t\t<div class=\"elementor-element elementor-element-90cefd0 e-con-full e-flex e-con e-parent\" data-id=\"90cefd0\" data-element_type=\"container\" data-settings=\"{&quot;background_background&quot;:&quot;classic&quot;}\">\n\t\t<div class=\"elementor-element elementor-element-70c66ba e-con-full e-flex e-con e-child\" data-id=\"70c66ba\" data-element_type=\"container\">\n\t\t\t\t<div class=\"elementor-element elementor-element-5f21314 elementor-widget elementor-widget-heading\" data-id=\"5f21314\" data-element_type=\"widget\" data-widget_type=\"heading.default\">\n\t\t\t\t<div class=\"elementor-widget-container\">\n\t\t\t<h2 class=\"elementor-heading-title elementor-size-default\">IL VL<\/h2>\t\t<\/div>\n\t\t\t\t<\/div>\n\t\t\t\t<\/div>\n\t\t<div class=\"elementor-element elementor-element-1bf3c53 e-con-full e-flex e-con e-child\" data-id=\"1bf3c53\" data-element_type=\"container\">\n\t\t\t\t<div class=\"elementor-element elementor-element-5ca5304 elementor-widget elementor-widget-text-editor\" data-id=\"5ca5304\" data-element_type=\"widget\" data-widget_type=\"text-editor.default\">\n\t\t\t\t<div class=\"elementor-widget-container\">\n\t\t\t\t\t\t\t<p>Sometimes, it is not feasible to outfit a vehicle for a single purpose: in this case, you can choose a demountable vacuum tank or vacuum\/pressure combination.<\/p>\t\t\t\t\t\t<\/div>\n\t\t\t\t<\/div>\n\t\t\t\t<div class=\"elementor-element elementor-element-5c416b3 elementor-widget elementor-widget-text-editor\" data-id=\"5c416b3\" data-element_type=\"widget\" data-widget_type=\"text-editor.default\">\n\t\t\t\t<div class=\"elementor-widget-container\">\n\t\t\t\t\t\t\t<p>We want to ensure your equipment is used effectively. We can provide you with almost the same equipment using a demountable vacuum\/pressure combination. Usability and frost resistance are also top-class. Our range includes products from inexpensive vacuum tanks to fully equipped vacuum\/pressure combinations.<\/p>\t\t\t\t\t\t<\/div>\n\t\t\t\t<\/div>\n\t\t\t\t<\/div>\n\t\t\t\t<\/div>\n\t\t<div class=\"elementor-element elementor-element-f223596 e-con-full e-flex e-con e-parent\" data-id=\"f223596\" data-element_type=\"container\" data-settings=\"{&quot;background_background&quot;:&quot;classic&quot;}\">\n\t\t<div class=\"elementor-element elementor-element-a522e7f e-con-full e-flex e-con e-child\" data-id=\"a522e7f\" data-element_type=\"container\">\n\t\t\t\t<div class=\"elementor-element elementor-element-84e35b2 elementor-widget elementor-widget-heading\" data-id=\"84e35b2\" data-element_type=\"widget\" data-widget_type=\"heading.default\">\n\t\t\t\t<div class=\"elementor-widget-container\">\n\t\t\t<h2 class=\"elementor-heading-title elementor-size-default\">Technical Details (13 model)<\/h2>\t\t<\/div>\n\t\t\t\t<\/div>\n\t\t\t\t<div class=\"elementor-element elementor-element-def4fcf elementor-widget elementor-widget-text-editor\" data-id=\"def4fcf\" data-element_type=\"widget\" data-widget_type=\"text-editor.default\">\n\t\t\t\t<div class=\"elementor-widget-container\">\n\t\t\t\t\t\t\t<ul><li>14m\u00b3 mud tank<\/li><li>Fully opening hydraulic tailgate<\/li><li>Suctionpump Jurop PR150<\/li><li>Radio-control<\/li><li>LED work lights<\/li><li>LED beacon<\/li><li>Hose hooks<\/li><\/ul><p><!-- \/wp:list --><!-- wp:paragraph --><\/p><p>All our vehicles can be customized, <a href=\"https:\/\/keox.fi\/yhteystiedot\/\">ask us for more<\/a>.<\/p><p>Download brochure: <a href=\"https:\/\/keox.fi\/wp-content\/uploads\/2018\/03\/Keox-IL16VL-English.pdf\">Keox IL16VL English<\/a><\/p><p><!-- \/wp:paragraph --><!-- wp:paragraph --><\/p><p><a href=\"https:\/\/keox.fi\/tuotteet\">Back to products<\/a><\/p>\t\t\t\t\t\t<\/div>\n\t\t\t\t<\/div>\n\t\t\t\t<\/div>\n\t\t<div class=\"elementor-element elementor-element-c5c19a9 e-con-full e-flex e-con e-child\" data-id=\"c5c19a9\" data-element_type=\"container\">\n\t\t\t\t<div class=\"elementor-element elementor-element-59e7890 elementor-widget elementor-widget-image\" data-id=\"59e7890\" data-element_type=\"widget\" data-widget_type=\"image.default\">\n\t\t\t\t<div class=\"elementor-widget-container\">\n\t\t\t\t\t\t\t\t\t\t\t\t\t<img decoding=\"async\" src=\"https:\/\/keox.fi\/wp-content\/uploads\/elementor\/thumbs\/demountable-vac-1-scaled-e1728892961767-qvjddpm9737h8jiete1lnlqdnu4lvcotto81rhr3is.jpg\" title=\"demountable-vac\" alt=\"Vaihtolavasovitteinen imu-\/paine-yhdistelm\u00e4, joka tarjoaa monik\u00e4ytt\u00f6isyytt\u00e4, tehokkuutta ja pakkasenkestoa teollisuuden ja ymp\u00e4rist\u00f6huollon tarpeisiin.\" loading=\"lazy\" \/>\t\t\t\t\t\t\t\t\t\t\t\t\t<\/div>\n\t\t\t\t<\/div>\n\t\t\t\t<\/div>\n\t\t\t\t<\/div>\n\t\t\t\t<\/div>\n\t\t","protected":false},"excerpt":{"rendered":"<p>Sometimes, it is not feasible to outfit a vehicle for a single purpose: in this case, you can choose a demountable vacuum unit or vacuum\/pressure combination.<\/p>\n","protected":false},"author":1,"featured_media":0,"parent":733,"menu_order":0,"comment_status":"closed","ping_status":"closed","template":"elementor_header_footer","meta":{"ngg_post_thumbnail":0,"footnotes":""},"class_list":["post-737","page","type-page","status-publish","hentry"],"yoast_head":"<!-- This site is optimized with the Yoast SEO plugin v24.3 - https:\/\/yoast.com\/wordpress\/plugins\/seo\/ -->\n<title>KEOX IL15VL - KEOX<\/title>\n<meta name=\"robots\" content=\"index, follow, max-snippet:-1, max-image-preview:large, max-video-preview:-1\" \/>\n<link rel=\"canonical\" href=\"https:\/\/keox.fi\/en\/products\/vacuum-trucks\/keox-il15vl\/\" \/>\n<meta property=\"og:locale\" content=\"en_US\" \/>\n<meta property=\"og:type\" content=\"article\" \/>\n<meta property=\"og:title\" content=\"KEOX IL15VL - KEOX\" \/>\n<meta property=\"og:description\" content=\"Sometimes, it is not feasible to outfit a vehicle for a single purpose: in this case, you can choose a demountable vacuum unit or vacuum\/pressure combination.\" \/>\n<meta property=\"og:url\" content=\"https:\/\/keox.fi\/en\/products\/vacuum-trucks\/keox-il15vl\/\" \/>\n<meta property=\"og:site_name\" content=\"KEOX\" \/>\n<meta property=\"article:publisher\" content=\"https:\/\/www.facebook.com\/KeoxOy\/\" \/>\n<meta property=\"article:modified_time\" content=\"2026-02-20T07:30:13+00:00\" \/>\n<meta property=\"og:image\" content=\"https:\/\/keox.fi\/wp-content\/uploads\/elementor\/thumbs\/demountable-vac-1-scaled-e1728892961767-qvjddpm9737h8jiete1lnlqdnu4lvcotto81rhr3is.jpg\" \/>\n<meta name=\"twitter:card\" content=\"summary_large_image\" \/>\n<meta name=\"twitter:label1\" content=\"Est. reading time\" \/>\n\t<meta name=\"twitter:data1\" content=\"1 minute\" \/>\n<script type=\"application\/ld+json\" class=\"yoast-schema-graph\">{\"@context\":\"https:\/\/schema.org\",\"@graph\":[{\"@type\":\"WebPage\",\"@id\":\"https:\/\/keox.fi\/en\/products\/vacuum-trucks\/keox-il15vl\/\",\"url\":\"https:\/\/keox.fi\/en\/products\/vacuum-trucks\/keox-il15vl\/\",\"name\":\"KEOX IL15VL - KEOX\",\"isPartOf\":{\"@id\":\"https:\/\/keox.fi\/no\/#website\"},\"primaryImageOfPage\":{\"@id\":\"https:\/\/keox.fi\/en\/products\/vacuum-trucks\/keox-il15vl\/#primaryimage\"},\"image\":{\"@id\":\"https:\/\/keox.fi\/en\/products\/vacuum-trucks\/keox-il15vl\/#primaryimage\"},\"thumbnailUrl\":\"https:\/\/keox.fi\/wp-content\/uploads\/elementor\/thumbs\/demountable-vac-1-scaled-e1728892961767-qvjddpm9737h8jiete1lnlqdnu4lvcotto81rhr3is.jpg\",\"datePublished\":\"2018-03-21T12:36:45+00:00\",\"dateModified\":\"2026-02-20T07:30:13+00:00\",\"breadcrumb\":{\"@id\":\"https:\/\/keox.fi\/en\/products\/vacuum-trucks\/keox-il15vl\/#breadcrumb\"},\"inLanguage\":\"en-US\",\"potentialAction\":[{\"@type\":\"ReadAction\",\"target\":[\"https:\/\/keox.fi\/en\/products\/vacuum-trucks\/keox-il15vl\/\"]}]},{\"@type\":\"ImageObject\",\"inLanguage\":\"en-US\",\"@id\":\"https:\/\/keox.fi\/en\/products\/vacuum-trucks\/keox-il15vl\/#primaryimage\",\"url\":\"https:\/\/keox.fi\/wp-content\/uploads\/elementor\/thumbs\/demountable-vac-1-scaled-e1728892961767-qvjddpm9737h8jiete1lnlqdnu4lvcotto81rhr3is.jpg\",\"contentUrl\":\"https:\/\/keox.fi\/wp-content\/uploads\/elementor\/thumbs\/demountable-vac-1-scaled-e1728892961767-qvjddpm9737h8jiete1lnlqdnu4lvcotto81rhr3is.jpg\"},{\"@type\":\"BreadcrumbList\",\"@id\":\"https:\/\/keox.fi\/en\/products\/vacuum-trucks\/keox-il15vl\/#breadcrumb\",\"itemListElement\":[{\"@type\":\"ListItem\",\"position\":1,\"name\":\"Etusivu\",\"item\":\"https:\/\/keox.fi\/en\/home-page\/\"},{\"@type\":\"ListItem\",\"position\":2,\"name\":\"Products\",\"item\":\"https:\/\/keox.fi\/en\/products\/\"},{\"@type\":\"ListItem\",\"position\":3,\"name\":\"Vacuum trucks\",\"item\":\"https:\/\/keox.fi\/en\/products\/vacuum-trucks\/\"},{\"@type\":\"ListItem\",\"position\":4,\"name\":\"KEOX IL15VL\"}]},{\"@type\":\"WebSite\",\"@id\":\"https:\/\/keox.fi\/no\/#website\",\"url\":\"https:\/\/keox.fi\/no\/\",\"name\":\"KEOX\",\"description\":\"Palvelemme monipuolisesti\",\"publisher\":{\"@id\":\"https:\/\/keox.fi\/no\/#organization\"},\"potentialAction\":[{\"@type\":\"SearchAction\",\"target\":{\"@type\":\"EntryPoint\",\"urlTemplate\":\"https:\/\/keox.fi\/no\/?s={search_term_string}\"},\"query-input\":{\"@type\":\"PropertyValueSpecification\",\"valueRequired\":true,\"valueName\":\"search_term_string\"}}],\"inLanguage\":\"en-US\"},{\"@type\":\"Organization\",\"@id\":\"https:\/\/keox.fi\/no\/#organization\",\"name\":\"Keox Oy\",\"url\":\"https:\/\/keox.fi\/no\/\",\"logo\":{\"@type\":\"ImageObject\",\"inLanguage\":\"en-US\",\"@id\":\"https:\/\/keox.fi\/no\/#\/schema\/logo\/image\/\",\"url\":\"https:\/\/keox.fi\/wp-content\/uploads\/2019\/12\/logo-pos.png\",\"contentUrl\":\"https:\/\/keox.fi\/wp-content\/uploads\/2019\/12\/logo-pos.png\",\"width\":3479,\"height\":3479,\"caption\":\"Keox Oy\"},\"image\":{\"@id\":\"https:\/\/keox.fi\/no\/#\/schema\/logo\/image\/\"},\"sameAs\":[\"https:\/\/www.facebook.com\/KeoxOy\/\",\"https:\/\/www.linkedin.com\/company\/25030509\",\"https:\/\/www.youtube.com\/channel\/UCU54gMqjcR5mvbKJz4gAoAg\"]}]}<\/script>\n<!-- \/ Yoast SEO plugin. -->","yoast_head_json":{"title":"KEOX IL15VL - KEOX","robots":{"index":"index","follow":"follow","max-snippet":"max-snippet:-1","max-image-preview":"max-image-preview:large","max-video-preview":"max-video-preview:-1"},"canonical":"https:\/\/keox.fi\/en\/products\/vacuum-trucks\/keox-il15vl\/","og_locale":"en_US","og_type":"article","og_title":"KEOX IL15VL - KEOX","og_description":"Sometimes, it is not feasible to outfit a vehicle for a single purpose: in this case, you can choose a demountable vacuum unit or vacuum\/pressure combination.","og_url":"https:\/\/keox.fi\/en\/products\/vacuum-trucks\/keox-il15vl\/","og_site_name":"KEOX","article_publisher":"https:\/\/www.facebook.com\/KeoxOy\/","article_modified_time":"2026-02-20T07:30:13+00:00","og_image":[{"url":"https:\/\/keox.fi\/wp-content\/uploads\/elementor\/thumbs\/demountable-vac-1-scaled-e1728892961767-qvjddpm9737h8jiete1lnlqdnu4lvcotto81rhr3is.jpg","type":"","width":"","height":""}],"twitter_card":"summary_large_image","twitter_misc":{"Est. reading time":"1 minute"},"schema":{"@context":"https:\/\/schema.org","@graph":[{"@type":"WebPage","@id":"https:\/\/keox.fi\/en\/products\/vacuum-trucks\/keox-il15vl\/","url":"https:\/\/keox.fi\/en\/products\/vacuum-trucks\/keox-il15vl\/","name":"KEOX IL15VL - KEOX","isPartOf":{"@id":"https:\/\/keox.fi\/no\/#website"},"primaryImageOfPage":{"@id":"https:\/\/keox.fi\/en\/products\/vacuum-trucks\/keox-il15vl\/#primaryimage"},"image":{"@id":"https:\/\/keox.fi\/en\/products\/vacuum-trucks\/keox-il15vl\/#primaryimage"},"thumbnailUrl":"https:\/\/keox.fi\/wp-content\/uploads\/elementor\/thumbs\/demountable-vac-1-scaled-e1728892961767-qvjddpm9737h8jiete1lnlqdnu4lvcotto81rhr3is.jpg","datePublished":"2018-03-21T12:36:45+00:00","dateModified":"2026-02-20T07:30:13+00:00","breadcrumb":{"@id":"https:\/\/keox.fi\/en\/products\/vacuum-trucks\/keox-il15vl\/#breadcrumb"},"inLanguage":"en-US","potentialAction":[{"@type":"ReadAction","target":["https:\/\/keox.fi\/en\/products\/vacuum-trucks\/keox-il15vl\/"]}]},{"@type":"ImageObject","inLanguage":"en-US","@id":"https:\/\/keox.fi\/en\/products\/vacuum-trucks\/keox-il15vl\/#primaryimage","url":"https:\/\/keox.fi\/wp-content\/uploads\/elementor\/thumbs\/demountable-vac-1-scaled-e1728892961767-qvjddpm9737h8jiete1lnlqdnu4lvcotto81rhr3is.jpg","contentUrl":"https:\/\/keox.fi\/wp-content\/uploads\/elementor\/thumbs\/demountable-vac-1-scaled-e1728892961767-qvjddpm9737h8jiete1lnlqdnu4lvcotto81rhr3is.jpg"},{"@type":"BreadcrumbList","@id":"https:\/\/keox.fi\/en\/products\/vacuum-trucks\/keox-il15vl\/#breadcrumb","itemListElement":[{"@type":"ListItem","position":1,"name":"Etusivu","item":"https:\/\/keox.fi\/en\/home-page\/"},{"@type":"ListItem","position":2,"name":"Products","item":"https:\/\/keox.fi\/en\/products\/"},{"@type":"ListItem","position":3,"name":"Vacuum trucks","item":"https:\/\/keox.fi\/en\/products\/vacuum-trucks\/"},{"@type":"ListItem","position":4,"name":"KEOX IL15VL"}]},{"@type":"WebSite","@id":"https:\/\/keox.fi\/no\/#website","url":"https:\/\/keox.fi\/no\/","name":"KEOX","description":"Palvelemme monipuolisesti","publisher":{"@id":"https:\/\/keox.fi\/no\/#organization"},"potentialAction":[{"@type":"SearchAction","target":{"@type":"EntryPoint","urlTemplate":"https:\/\/keox.fi\/no\/?s={search_term_string}"},"query-input":{"@type":"PropertyValueSpecification","valueRequired":true,"valueName":"search_term_string"}}],"inLanguage":"en-US"},{"@type":"Organization","@id":"https:\/\/keox.fi\/no\/#organization","name":"Keox Oy","url":"https:\/\/keox.fi\/no\/","logo":{"@type":"ImageObject","inLanguage":"en-US","@id":"https:\/\/keox.fi\/no\/#\/schema\/logo\/image\/","url":"https:\/\/keox.fi\/wp-content\/uploads\/2019\/12\/logo-pos.png","contentUrl":"https:\/\/keox.fi\/wp-content\/uploads\/2019\/12\/logo-pos.png","width":3479,"height":3479,"caption":"Keox Oy"},"image":{"@id":"https:\/\/keox.fi\/no\/#\/schema\/logo\/image\/"},"sameAs":["https:\/\/www.facebook.com\/KeoxOy\/","https:\/\/www.linkedin.com\/company\/25030509","https:\/\/www.youtube.com\/channel\/UCU54gMqjcR5mvbKJz4gAoAg"]}]}},"_links":{"self":[{"href":"https:\/\/keox.fi\/en\/wp-json\/wp\/v2\/pages\/737"}],"collection":[{"href":"https:\/\/keox.fi\/en\/wp-json\/wp\/v2\/pages"}],"about":[{"href":"https:\/\/keox.fi\/en\/wp-json\/wp\/v2\/types\/page"}],"author":[{"embeddable":true,"href":"https:\/\/keox.fi\/en\/wp-json\/wp\/v2\/users\/1"}],"replies":[{"embeddable":true,"href":"https:\/\/keox.fi\/en\/wp-json\/wp\/v2\/comments?post=737"}],"version-history":[{"count":9,"href":"https:\/\/keox.fi\/en\/wp-json\/wp\/v2\/pages\/737\/revisions"}],"predecessor-version":[{"id":3525,"href":"https:\/\/keox.fi\/en\/wp-json\/wp\/v2\/pages\/737\/revisions\/3525"}],"up":[{"embeddable":true,"href":"https:\/\/keox.fi\/en\/wp-json\/wp\/v2\/pages\/733"}],"wp:attachment":[{"href":"https:\/\/keox.fi\/en\/wp-json\/wp\/v2\/media?parent=737"}],"curies":[{"name":"wp","href":"https:\/\/api.w.org\/{rel}","templated":true}]}}