{"id":1140,"date":"2019-10-04T10:19:37","date_gmt":"2019-10-04T08:19:37","guid":{"rendered":"https:\/\/keox.fi\/products\/combo-vacs\/ivl-63-m\/"},"modified":"2024-10-22T09:58:48","modified_gmt":"2024-10-22T07:58:48","slug":"eco-combi","status":"publish","type":"page","link":"https:\/\/keox.fi\/en\/products\/combination-vacuum-trucks\/eco-combi\/","title":{"rendered":"Eco Combi"},"content":{"rendered":"\t\t<div data-elementor-type=\"wp-page\" data-elementor-id=\"1140\" class=\"elementor elementor-1140\" data-elementor-post-type=\"page\">\n\t\t\t\t<div class=\"elementor-element elementor-element-f3b3f12 e-flex e-con-boxed e-con e-parent\" data-id=\"f3b3f12\" data-element_type=\"container\" data-settings=\"{&quot;background_background&quot;:&quot;classic&quot;}\">\n\t\t\t\t\t<div class=\"e-con-inner\">\n\t\t\t\t<div class=\"elementor-element elementor-element-d3fcc0b elementor-widget elementor-widget-heading\" data-id=\"d3fcc0b\" data-element_type=\"widget\" data-widget_type=\"heading.default\">\n\t\t\t\t<div class=\"elementor-widget-container\">\n\t\t\t<h2 class=\"elementor-heading-title elementor-size-default\">Eco Combi<\/h2>\t\t<\/div>\n\t\t\t\t<\/div>\n\t\t\t\t<div class=\"elementor-element elementor-element-c836787 elementor-widget elementor-widget-text-editor\" data-id=\"c836787\" data-element_type=\"widget\" data-widget_type=\"text-editor.default\">\n\t\t\t\t<div class=\"elementor-widget-container\">\n\t\t\t\t\t\t\t<p><strong>Medium size, maximum performance<br \/><\/strong><\/p>\n<p><!-- \/wp:heading --><!-- wp:paragraph --><\/p>\n<p>Our Eco Combi suction vehicles are all-rounders, delivering a balance of powerful suction and cleaning pumps and storage capacity.<\/p>\t\t\t\t\t\t<\/div>\n\t\t\t\t<\/div>\n\t\t\t\t\t<\/div>\n\t\t\t\t<\/div>\n\t\t<div class=\"elementor-element elementor-element-8a2a195 e-con-full e-flex e-con e-parent\" data-id=\"8a2a195\" data-element_type=\"container\" data-settings=\"{&quot;background_background&quot;:&quot;classic&quot;}\">\n\t\t<div class=\"elementor-element elementor-element-889a8d9 e-con-full e-flex e-con e-child\" data-id=\"889a8d9\" data-element_type=\"container\">\n\t\t\t\t<div class=\"elementor-element elementor-element-5139cf9 elementor-widget elementor-widget-heading\" data-id=\"5139cf9\" data-element_type=\"widget\" data-widget_type=\"heading.default\">\n\t\t\t\t<div class=\"elementor-widget-container\">\n\t\t\t<h2 class=\"elementor-heading-title elementor-size-default\">Technical specifications<\/h2>\t\t<\/div>\n\t\t\t\t<\/div>\n\t\t\t\t<div class=\"elementor-element elementor-element-9e73435 elementor-widget elementor-widget-text-editor\" data-id=\"9e73435\" data-element_type=\"widget\" data-widget_type=\"text-editor.default\">\n\t\t\t\t<div class=\"elementor-widget-container\">\n\t\t\t\t\t\t\t<ul>\n<li>\n<ul>\n<li>Chassis 16T<\/li>\n<li>Waste tank 6m\u00b3<\/li>\n<li>Water tank 3m\u00b3, surrounds the waste tank<\/li>\n<li>Vacuum pump Jurop PVT200 HDR<\/li>\n<li>Water pump Pratissoli KF 30<\/li>\n<li>Insulated equipment cabinet in front of<br \/>storage tank\n<ul>\n<li>Diesel heater &amp; fuel tank<\/li>\n<li>Hose reel: 1 pcs 1\/2\u201d in equipment cabinet, hose feeder and ported hose access to the rear of the vehicle<\/li>\n<li>Water boiler 110 kW<\/li>\n<\/ul>\n<\/li>\n<\/ul>\n<p>Since we build each combo-vac to suit unique requirements the above specifications are just one example of the possibilities in this size class.<\/p>\n<p><a href=\"https:\/\/keox.fi\/wp-content\/uploads\/2020\/03\/eco-combi-eng-web.pdf\"><strong>Download Eco Combi brochure<\/strong><\/a><\/p>\n<p><a href=\"https:\/\/keox.fi\/en\/contact-us\/\">Contact us to find out more<\/a><\/p>\n<p>\u00a0<\/p>\n<\/li>\n<\/ul>\t\t\t\t\t\t<\/div>\n\t\t\t\t<\/div>\n\t\t\t\t<\/div>\n\t\t<div class=\"elementor-element elementor-element-7732297 e-con-full e-flex e-con e-child\" data-id=\"7732297\" data-element_type=\"container\">\n\t\t\t\t<div class=\"elementor-element elementor-element-2e23c0f elementor-widget elementor-widget-image\" data-id=\"2e23c0f\" data-element_type=\"widget\" data-widget_type=\"image.default\">\n\t\t\t\t<div class=\"elementor-widget-container\">\n\t\t\t\t\t\t\t\t\t\t\t\t\t<img decoding=\"async\" src=\"https:\/\/keox.fi\/wp-content\/uploads\/elementor\/thumbs\/kippaustyhjennys-os5uy1hy1q1r0vf8zf8atjl5yibqab4muzltlh77o4.jpg\" title=\"kippaus+tyhjennys\" alt=\"Eco Combi imupaineauto ty\u00f6ss\u00e4, varusteltu tehokkailla pumpuilla ja k\u00e4yt\u00e4nn\u00f6llisill\u00e4 ominaisuuksilla teollisuuden ja kunnallistekniikan tarpeisiin.\" loading=\"lazy\" \/>\t\t\t\t\t\t\t\t\t\t\t\t\t<\/div>\n\t\t\t\t<\/div>\n\t\t\t\t<\/div>\n\t\t\t\t<\/div>\n\t\t\t\t<\/div>\n\t\t","protected":false},"excerpt":{"rendered":"<p>Eco Combi Medium size, maximum performance Our Eco Combi suction vehicles are all-rounders, delivering a balance of powerful suction and cleaning pumps and storage capacity. Technical specifications Chassis 16T Waste tank 6m\u00b3 Water tank 3m\u00b3, surrounds the waste tank Vacuum pump Jurop PVT200 HDR Water pump Pratissoli KF 30 Insulated equipment cabinet in front ofstorage [&hellip;]<\/p>\n","protected":false},"author":1,"featured_media":0,"parent":731,"menu_order":2,"comment_status":"closed","ping_status":"closed","template":"elementor_header_footer","meta":{"ngg_post_thumbnail":0,"footnotes":""},"class_list":["post-1140","page","type-page","status-publish","hentry"],"yoast_head":"<!-- This site is optimized with the Yoast SEO plugin v24.3 - https:\/\/yoast.com\/wordpress\/plugins\/seo\/ -->\n<title>Eco Combi - KEOX<\/title>\n<meta name=\"robots\" content=\"index, follow, max-snippet:-1, max-image-preview:large, max-video-preview:-1\" \/>\n<link rel=\"canonical\" href=\"https:\/\/keox.fi\/en\/products\/combination-vacuum-trucks\/eco-combi\/\" \/>\n<meta property=\"og:locale\" content=\"en_US\" \/>\n<meta property=\"og:type\" content=\"article\" \/>\n<meta property=\"og:title\" content=\"Eco Combi - KEOX\" \/>\n<meta property=\"og:description\" content=\"Eco Combi Medium size, maximum performance Our Eco Combi suction vehicles are all-rounders, delivering a balance of powerful suction and cleaning pumps and storage capacity. Technical specifications Chassis 16T Waste tank 6m\u00b3 Water tank 3m\u00b3, surrounds the waste tank Vacuum pump Jurop PVT200 HDR Water pump Pratissoli KF 30 Insulated equipment cabinet in front ofstorage [&hellip;]\" \/>\n<meta property=\"og:url\" content=\"https:\/\/keox.fi\/en\/products\/combination-vacuum-trucks\/eco-combi\/\" \/>\n<meta property=\"og:site_name\" content=\"KEOX\" \/>\n<meta property=\"article:publisher\" content=\"https:\/\/www.facebook.com\/KeoxOy\/\" \/>\n<meta property=\"article:modified_time\" content=\"2024-10-22T07:58:48+00:00\" \/>\n<meta property=\"og:image\" content=\"https:\/\/keox.fi\/wp-content\/uploads\/elementor\/thumbs\/kippaustyhjennys-os5uy1hy1q1r0vf8zf8atjl5yibqab4muzltlh77o4.jpg\" \/>\n<meta name=\"twitter:card\" content=\"summary_large_image\" \/>\n<meta name=\"twitter:label1\" content=\"Est. reading time\" \/>\n\t<meta name=\"twitter:data1\" content=\"1 minute\" \/>\n<script type=\"application\/ld+json\" class=\"yoast-schema-graph\">{\"@context\":\"https:\/\/schema.org\",\"@graph\":[{\"@type\":\"WebPage\",\"@id\":\"https:\/\/keox.fi\/en\/products\/combination-vacuum-trucks\/eco-combi\/\",\"url\":\"https:\/\/keox.fi\/en\/products\/combination-vacuum-trucks\/eco-combi\/\",\"name\":\"Eco Combi - KEOX\",\"isPartOf\":{\"@id\":\"https:\/\/keox.fi\/no\/#website\"},\"primaryImageOfPage\":{\"@id\":\"https:\/\/keox.fi\/en\/products\/combination-vacuum-trucks\/eco-combi\/#primaryimage\"},\"image\":{\"@id\":\"https:\/\/keox.fi\/en\/products\/combination-vacuum-trucks\/eco-combi\/#primaryimage\"},\"thumbnailUrl\":\"https:\/\/keox.fi\/wp-content\/uploads\/elementor\/thumbs\/kippaustyhjennys-os5uy1hy1q1r0vf8zf8atjl5yibqab4muzltlh77o4.jpg\",\"datePublished\":\"2019-10-04T08:19:37+00:00\",\"dateModified\":\"2024-10-22T07:58:48+00:00\",\"breadcrumb\":{\"@id\":\"https:\/\/keox.fi\/en\/products\/combination-vacuum-trucks\/eco-combi\/#breadcrumb\"},\"inLanguage\":\"en-US\",\"potentialAction\":[{\"@type\":\"ReadAction\",\"target\":[\"https:\/\/keox.fi\/en\/products\/combination-vacuum-trucks\/eco-combi\/\"]}]},{\"@type\":\"ImageObject\",\"inLanguage\":\"en-US\",\"@id\":\"https:\/\/keox.fi\/en\/products\/combination-vacuum-trucks\/eco-combi\/#primaryimage\",\"url\":\"https:\/\/keox.fi\/wp-content\/uploads\/elementor\/thumbs\/kippaustyhjennys-os5uy1hy1q1r0vf8zf8atjl5yibqab4muzltlh77o4.jpg\",\"contentUrl\":\"https:\/\/keox.fi\/wp-content\/uploads\/elementor\/thumbs\/kippaustyhjennys-os5uy1hy1q1r0vf8zf8atjl5yibqab4muzltlh77o4.jpg\"},{\"@type\":\"BreadcrumbList\",\"@id\":\"https:\/\/keox.fi\/en\/products\/combination-vacuum-trucks\/eco-combi\/#breadcrumb\",\"itemListElement\":[{\"@type\":\"ListItem\",\"position\":1,\"name\":\"Etusivu\",\"item\":\"https:\/\/keox.fi\/en\/home-page\/\"},{\"@type\":\"ListItem\",\"position\":2,\"name\":\"Products\",\"item\":\"https:\/\/keox.fi\/en\/products\/\"},{\"@type\":\"ListItem\",\"position\":3,\"name\":\"Combination vacuum trucks\",\"item\":\"https:\/\/keox.fi\/en\/products\/combination-vacuum-trucks\/\"},{\"@type\":\"ListItem\",\"position\":4,\"name\":\"Eco Combi\"}]},{\"@type\":\"WebSite\",\"@id\":\"https:\/\/keox.fi\/no\/#website\",\"url\":\"https:\/\/keox.fi\/no\/\",\"name\":\"KEOX\",\"description\":\"Palvelemme monipuolisesti\",\"publisher\":{\"@id\":\"https:\/\/keox.fi\/no\/#organization\"},\"potentialAction\":[{\"@type\":\"SearchAction\",\"target\":{\"@type\":\"EntryPoint\",\"urlTemplate\":\"https:\/\/keox.fi\/no\/?s={search_term_string}\"},\"query-input\":{\"@type\":\"PropertyValueSpecification\",\"valueRequired\":true,\"valueName\":\"search_term_string\"}}],\"inLanguage\":\"en-US\"},{\"@type\":\"Organization\",\"@id\":\"https:\/\/keox.fi\/no\/#organization\",\"name\":\"Keox Oy\",\"url\":\"https:\/\/keox.fi\/no\/\",\"logo\":{\"@type\":\"ImageObject\",\"inLanguage\":\"en-US\",\"@id\":\"https:\/\/keox.fi\/no\/#\/schema\/logo\/image\/\",\"url\":\"https:\/\/keox.fi\/wp-content\/uploads\/2019\/12\/logo-pos.png\",\"contentUrl\":\"https:\/\/keox.fi\/wp-content\/uploads\/2019\/12\/logo-pos.png\",\"width\":3479,\"height\":3479,\"caption\":\"Keox Oy\"},\"image\":{\"@id\":\"https:\/\/keox.fi\/no\/#\/schema\/logo\/image\/\"},\"sameAs\":[\"https:\/\/www.facebook.com\/KeoxOy\/\",\"https:\/\/www.linkedin.com\/company\/25030509\",\"https:\/\/www.youtube.com\/channel\/UCU54gMqjcR5mvbKJz4gAoAg\"]}]}<\/script>\n<!-- \/ Yoast SEO plugin. -->","yoast_head_json":{"title":"Eco Combi - KEOX","robots":{"index":"index","follow":"follow","max-snippet":"max-snippet:-1","max-image-preview":"max-image-preview:large","max-video-preview":"max-video-preview:-1"},"canonical":"https:\/\/keox.fi\/en\/products\/combination-vacuum-trucks\/eco-combi\/","og_locale":"en_US","og_type":"article","og_title":"Eco Combi - KEOX","og_description":"Eco Combi Medium size, maximum performance Our Eco Combi suction vehicles are all-rounders, delivering a balance of powerful suction and cleaning pumps and storage capacity. Technical specifications Chassis 16T Waste tank 6m\u00b3 Water tank 3m\u00b3, surrounds the waste tank Vacuum pump Jurop PVT200 HDR Water pump Pratissoli KF 30 Insulated equipment cabinet in front ofstorage [&hellip;]","og_url":"https:\/\/keox.fi\/en\/products\/combination-vacuum-trucks\/eco-combi\/","og_site_name":"KEOX","article_publisher":"https:\/\/www.facebook.com\/KeoxOy\/","article_modified_time":"2024-10-22T07:58:48+00:00","og_image":[{"url":"https:\/\/keox.fi\/wp-content\/uploads\/elementor\/thumbs\/kippaustyhjennys-os5uy1hy1q1r0vf8zf8atjl5yibqab4muzltlh77o4.jpg","type":"","width":"","height":""}],"twitter_card":"summary_large_image","twitter_misc":{"Est. reading time":"1 minute"},"schema":{"@context":"https:\/\/schema.org","@graph":[{"@type":"WebPage","@id":"https:\/\/keox.fi\/en\/products\/combination-vacuum-trucks\/eco-combi\/","url":"https:\/\/keox.fi\/en\/products\/combination-vacuum-trucks\/eco-combi\/","name":"Eco Combi - KEOX","isPartOf":{"@id":"https:\/\/keox.fi\/no\/#website"},"primaryImageOfPage":{"@id":"https:\/\/keox.fi\/en\/products\/combination-vacuum-trucks\/eco-combi\/#primaryimage"},"image":{"@id":"https:\/\/keox.fi\/en\/products\/combination-vacuum-trucks\/eco-combi\/#primaryimage"},"thumbnailUrl":"https:\/\/keox.fi\/wp-content\/uploads\/elementor\/thumbs\/kippaustyhjennys-os5uy1hy1q1r0vf8zf8atjl5yibqab4muzltlh77o4.jpg","datePublished":"2019-10-04T08:19:37+00:00","dateModified":"2024-10-22T07:58:48+00:00","breadcrumb":{"@id":"https:\/\/keox.fi\/en\/products\/combination-vacuum-trucks\/eco-combi\/#breadcrumb"},"inLanguage":"en-US","potentialAction":[{"@type":"ReadAction","target":["https:\/\/keox.fi\/en\/products\/combination-vacuum-trucks\/eco-combi\/"]}]},{"@type":"ImageObject","inLanguage":"en-US","@id":"https:\/\/keox.fi\/en\/products\/combination-vacuum-trucks\/eco-combi\/#primaryimage","url":"https:\/\/keox.fi\/wp-content\/uploads\/elementor\/thumbs\/kippaustyhjennys-os5uy1hy1q1r0vf8zf8atjl5yibqab4muzltlh77o4.jpg","contentUrl":"https:\/\/keox.fi\/wp-content\/uploads\/elementor\/thumbs\/kippaustyhjennys-os5uy1hy1q1r0vf8zf8atjl5yibqab4muzltlh77o4.jpg"},{"@type":"BreadcrumbList","@id":"https:\/\/keox.fi\/en\/products\/combination-vacuum-trucks\/eco-combi\/#breadcrumb","itemListElement":[{"@type":"ListItem","position":1,"name":"Etusivu","item":"https:\/\/keox.fi\/en\/home-page\/"},{"@type":"ListItem","position":2,"name":"Products","item":"https:\/\/keox.fi\/en\/products\/"},{"@type":"ListItem","position":3,"name":"Combination vacuum trucks","item":"https:\/\/keox.fi\/en\/products\/combination-vacuum-trucks\/"},{"@type":"ListItem","position":4,"name":"Eco Combi"}]},{"@type":"WebSite","@id":"https:\/\/keox.fi\/no\/#website","url":"https:\/\/keox.fi\/no\/","name":"KEOX","description":"Palvelemme monipuolisesti","publisher":{"@id":"https:\/\/keox.fi\/no\/#organization"},"potentialAction":[{"@type":"SearchAction","target":{"@type":"EntryPoint","urlTemplate":"https:\/\/keox.fi\/no\/?s={search_term_string}"},"query-input":{"@type":"PropertyValueSpecification","valueRequired":true,"valueName":"search_term_string"}}],"inLanguage":"en-US"},{"@type":"Organization","@id":"https:\/\/keox.fi\/no\/#organization","name":"Keox Oy","url":"https:\/\/keox.fi\/no\/","logo":{"@type":"ImageObject","inLanguage":"en-US","@id":"https:\/\/keox.fi\/no\/#\/schema\/logo\/image\/","url":"https:\/\/keox.fi\/wp-content\/uploads\/2019\/12\/logo-pos.png","contentUrl":"https:\/\/keox.fi\/wp-content\/uploads\/2019\/12\/logo-pos.png","width":3479,"height":3479,"caption":"Keox Oy"},"image":{"@id":"https:\/\/keox.fi\/no\/#\/schema\/logo\/image\/"},"sameAs":["https:\/\/www.facebook.com\/KeoxOy\/","https:\/\/www.linkedin.com\/company\/25030509","https:\/\/www.youtube.com\/channel\/UCU54gMqjcR5mvbKJz4gAoAg"]}]}},"_links":{"self":[{"href":"https:\/\/keox.fi\/en\/wp-json\/wp\/v2\/pages\/1140"}],"collection":[{"href":"https:\/\/keox.fi\/en\/wp-json\/wp\/v2\/pages"}],"about":[{"href":"https:\/\/keox.fi\/en\/wp-json\/wp\/v2\/types\/page"}],"author":[{"embeddable":true,"href":"https:\/\/keox.fi\/en\/wp-json\/wp\/v2\/users\/1"}],"replies":[{"embeddable":true,"href":"https:\/\/keox.fi\/en\/wp-json\/wp\/v2\/comments?post=1140"}],"version-history":[{"count":8,"href":"https:\/\/keox.fi\/en\/wp-json\/wp\/v2\/pages\/1140\/revisions"}],"predecessor-version":[{"id":2774,"href":"https:\/\/keox.fi\/en\/wp-json\/wp\/v2\/pages\/1140\/revisions\/2774"}],"up":[{"embeddable":true,"href":"https:\/\/keox.fi\/en\/wp-json\/wp\/v2\/pages\/731"}],"wp:attachment":[{"href":"https:\/\/keox.fi\/en\/wp-json\/wp\/v2\/media?parent=1140"}],"curies":[{"name":"wp","href":"https:\/\/api.w.org\/{rel}","templated":true}]}}